{"id":21652,"date":"2022-10-20T19:41:16","date_gmt":"2022-10-20T22:41:16","guid":{"rendered":"https:\/\/wp.ufpel.edu.br\/progep\/?page_id=21652"},"modified":"2022-12-06T09:48:21","modified_gmt":"2022-12-06T12:48:21","slug":"chamada-publica-05-2022","status":"publish","type":"page","link":"https:\/\/wp.ufpel.edu.br\/progep\/administracao-de-pessoal\/chamada-publica-remocoes\/chamada-publica-05-2022\/","title":{"rendered":"Chamada P\u00fablica 05\/2022"},"content":{"rendered":"<p><a href=\"https:\/\/wp.ufpel.edu.br\/progep\/files\/2022\/10\/SEI_UFPel-1909838-Edital-PROGEP.pdf\">Chamada P\u00fablica de Remo\u00e7\u00e3o n\u00ba 5<\/a><\/p>\n<p><a href=\"https:\/\/wp.ufpel.edu.br\/progep\/files\/2022\/11\/SEI_UFPel-1933668-Edital-PROGEP-resultado-parcial.pdf\">Resultado Parcial<\/a><\/p>\n<p><a href=\"https:\/\/wp.ufpel.edu.br\/progep\/files\/2022\/12\/SEI_UFPel-1969314-Edital-PROGEP.pdf\">Resultado Final<\/a><\/p>\n","protected":false},"excerpt":{"rendered":"<p>Chamada P\u00fablica de Remo\u00e7\u00e3o n\u00ba 5 Resultado Parcial Resultado Final<\/p>\n","protected":false},"author":52,"featured_media":0,"parent":20692,"menu_order":0,"comment_status":"closed","ping_status":"closed","template":"","meta":{"footnotes":""},"class_list":["post-21652","page","type-page","status-publish","hentry"],"_links":{"self":[{"href":"https:\/\/wp.ufpel.edu.br\/progep\/wp-json\/wp\/v2\/pages\/21652","targetHints":{"allow":["GET"]}}],"collection":[{"href":"https:\/\/wp.ufpel.edu.br\/progep\/wp-json\/wp\/v2\/pages"}],"about":[{"href":"https:\/\/wp.ufpel.edu.br\/progep\/wp-json\/wp\/v2\/types\/page"}],"author":[{"embeddable":true,"href":"https:\/\/wp.ufpel.edu.br\/progep\/wp-json\/wp\/v2\/users\/52"}],"replies":[{"embeddable":true,"href":"https:\/\/wp.ufpel.edu.br\/progep\/wp-json\/wp\/v2\/comments?post=21652"}],"version-history":[{"count":5,"href":"https:\/\/wp.ufpel.edu.br\/progep\/wp-json\/wp\/v2\/pages\/21652\/revisions"}],"predecessor-version":[{"id":21946,"href":"https:\/\/wp.ufpel.edu.br\/progep\/wp-json\/wp\/v2\/pages\/21652\/revisions\/21946"}],"up":[{"embeddable":true,"href":"https:\/\/wp.ufpel.edu.br\/progep\/wp-json\/wp\/v2\/pages\/20692"}],"wp:attachment":[{"href":"https:\/\/wp.ufpel.edu.br\/progep\/wp-json\/wp\/v2\/media?parent=21652"}],"curies":[{"name":"wp","href":"https:\/\/api.w.org\/{rel}","templated":true}]}}