{"id":21583,"date":"2022-10-19T08:54:16","date_gmt":"2022-10-19T11:54:16","guid":{"rendered":"https:\/\/wp.ufpel.edu.br\/progep\/?page_id=21583"},"modified":"2022-11-08T18:46:56","modified_gmt":"2022-11-08T21:46:56","slug":"chamada-publica-no04","status":"publish","type":"page","link":"https:\/\/wp.ufpel.edu.br\/progep\/administracao-de-pessoal\/chamada-publica-remocoes\/chamada-publica-no04\/","title":{"rendered":"Chamada P\u00fablica 04\/2022"},"content":{"rendered":"<p><a href=\"https:\/\/wp.ufpel.edu.br\/progep\/files\/2022\/10\/SEI_UFPel-1906282-Edital-PROGEP.pdf\">Chamada P\u00fablica de Remo\u00e7\u00e3o n\u00ba 04<\/a><\/p>\n<p><a href=\"https:\/\/wp.ufpel.edu.br\/progep\/files\/2022\/11\/SEI_UFPel-1923829-Edital-PROGEP.pdf\">Resultado Parcial<\/a><\/p>\n<p><a href=\"https:\/\/wp.ufpel.edu.br\/progep\/files\/2022\/11\/SEI_UFPel-1933695-Edital-PROGEP-resultado-final.pdf\">Resultado Final<\/a><\/p>\n","protected":false},"excerpt":{"rendered":"<p>Chamada P\u00fablica de Remo\u00e7\u00e3o n\u00ba 04 Resultado Parcial Resultado Final<\/p>\n","protected":false},"author":52,"featured_media":0,"parent":20692,"menu_order":0,"comment_status":"closed","ping_status":"closed","template":"","meta":{"footnotes":""},"class_list":["post-21583","page","type-page","status-publish","hentry"],"_links":{"self":[{"href":"https:\/\/wp.ufpel.edu.br\/progep\/wp-json\/wp\/v2\/pages\/21583","targetHints":{"allow":["GET"]}}],"collection":[{"href":"https:\/\/wp.ufpel.edu.br\/progep\/wp-json\/wp\/v2\/pages"}],"about":[{"href":"https:\/\/wp.ufpel.edu.br\/progep\/wp-json\/wp\/v2\/types\/page"}],"author":[{"embeddable":true,"href":"https:\/\/wp.ufpel.edu.br\/progep\/wp-json\/wp\/v2\/users\/52"}],"replies":[{"embeddable":true,"href":"https:\/\/wp.ufpel.edu.br\/progep\/wp-json\/wp\/v2\/comments?post=21583"}],"version-history":[{"count":5,"href":"https:\/\/wp.ufpel.edu.br\/progep\/wp-json\/wp\/v2\/pages\/21583\/revisions"}],"predecessor-version":[{"id":21766,"href":"https:\/\/wp.ufpel.edu.br\/progep\/wp-json\/wp\/v2\/pages\/21583\/revisions\/21766"}],"up":[{"embeddable":true,"href":"https:\/\/wp.ufpel.edu.br\/progep\/wp-json\/wp\/v2\/pages\/20692"}],"wp:attachment":[{"href":"https:\/\/wp.ufpel.edu.br\/progep\/wp-json\/wp\/v2\/media?parent=21583"}],"curies":[{"name":"wp","href":"https:\/\/api.w.org\/{rel}","templated":true}]}}