{"id":21547,"date":"2022-10-18T08:55:45","date_gmt":"2022-10-18T11:55:45","guid":{"rendered":"https:\/\/wp.ufpel.edu.br\/progep\/?page_id=21547"},"modified":"2022-10-18T08:55:45","modified_gmt":"2022-10-18T11:55:45","slug":"isencao-do-imposto-de-renda","status":"publish","type":"page","link":"https:\/\/wp.ufpel.edu.br\/progep\/csqv\/isencao-do-imposto-de-renda\/","title":{"rendered":"ISEN\u00c7\u00c3O DO IMPOSTO DE RENDA"},"content":{"rendered":"<p style=\"text-align: center\"><b>Isen\u00e7\u00e3o do imposto de renda<\/b><\/p>\n<p><b>Quem tem direito?<\/b><\/p>\n<p><span style=\"font-weight: 400\">Aposentados\/as e pensionistas, com as seguintes patologias:<\/span><\/p>\n<p><span style=\"font-weight: 400\">Portadores de mol\u00e9stia profissional, tuberculose ativa, aliena\u00e7\u00e3o mental, esclerose m\u00faltipla, neoplasia maligna, cegueira, hansen\u00edase, paralisia irrevers\u00edvel e incapacitante, cardiopatia grave, doen\u00e7a de Parkinson, espondiloartrose anquilosante, nefropatia grave, hepatopatia grave, estados avan\u00e7ados da doen\u00e7a de Paget (oste\u00edte deformante), contamina\u00e7\u00e3o por radia\u00e7\u00e3o, s\u00edndrome da imunodefici\u00eancia adquirida, com base em conclus\u00e3o da medicina especializada, mesmo que a doen\u00e7a tenha sido contra\u00edda depois da aposentadoria ou reforma.<\/span><\/p>\n<p><b>Como requerer?<\/b><\/p>\n<p><span style=\"font-weight: 400\">Enviando e-mail para a Se\u00e7\u00e3o de Per\u00edcia M\u00e9dica atrav\u00e9s do e-mail <\/span><a href=\"mailto:pericia.medica@ufpel.edu.br\"><span style=\"font-weight: 400\">pericia.medica@ufpel.edu.br<\/span><\/a><span style=\"font-weight: 400\"> solicitando agendamento pericial para fins de Isen\u00e7\u00e3o do Imposto de Renda.<\/span><\/p>\n<p><span style=\"font-weight: 400\">O e-mail ser\u00e1 respondido com a data, hor\u00e1rio e local da avalia\u00e7\u00e3o.<\/span><\/p>\n<p><span style=\"font-weight: 400\">No ato da avalia\u00e7\u00e3o pericial o\/a requerente dever\u00e1 levar a documenta\u00e7\u00e3o comprobat\u00f3ria (exames e laudo).<\/span><\/p>\n<p><span style=\"font-weight: 400\">Ap\u00f3s a avalia\u00e7\u00e3o, a Se\u00e7\u00e3o de Per\u00edcia M\u00e9dica ir\u00e1 anexar o laudo ao processo SEI para posteriormente encaminhar ao n\u00facleo de benef\u00edcios para os demais encaminhamentos.\u00a0<\/span><\/p>\n<p><span style=\"font-weight: 400\">O pedido tamb\u00e9m poder\u00e1 ser feito de forma direta na Se\u00e7\u00e3o de Per\u00edcia M\u00e9dica, mediante requerimento de formaliza\u00e7\u00e3o.<\/span><\/p>\n<p>&nbsp;<\/p>\n<p>Se\u00e7\u00e3o de Per\u00edcia M\u00e9dica<\/p>\n<p>Contatos:<\/p>\n<p><a href=\"mailto:pericia.medica@ufpel.edu.br\"><span style=\"font-weight: 400\">pericia.medica@ufpel.edu.br<\/span><\/a><\/p>\n<p>32843985<\/p>\n<p>&nbsp;<\/p>\n","protected":false},"excerpt":{"rendered":"<p>Isen\u00e7\u00e3o do imposto de renda Quem tem direito? Aposentados\/as e pensionistas, com as seguintes patologias: Portadores de mol\u00e9stia profissional, tuberculose ativa, aliena\u00e7\u00e3o mental, esclerose m\u00faltipla, neoplasia maligna, cegueira, hansen\u00edase, paralisia irrevers\u00edvel e incapacitante, cardiopatia grave, doen\u00e7a de Parkinson, espondiloartrose anquilosante, nefropatia grave, hepatopatia grave, estados avan\u00e7ados da doen\u00e7a de Paget (oste\u00edte deformante), contamina\u00e7\u00e3o por radia\u00e7\u00e3o, [&hellip;]<\/p>\n","protected":false},"author":246,"featured_media":0,"parent":3669,"menu_order":0,"comment_status":"closed","ping_status":"closed","template":"","meta":{"footnotes":""},"class_list":["post-21547","page","type-page","status-publish","hentry"],"_links":{"self":[{"href":"https:\/\/wp.ufpel.edu.br\/progep\/wp-json\/wp\/v2\/pages\/21547","targetHints":{"allow":["GET"]}}],"collection":[{"href":"https:\/\/wp.ufpel.edu.br\/progep\/wp-json\/wp\/v2\/pages"}],"about":[{"href":"https:\/\/wp.ufpel.edu.br\/progep\/wp-json\/wp\/v2\/types\/page"}],"author":[{"embeddable":true,"href":"https:\/\/wp.ufpel.edu.br\/progep\/wp-json\/wp\/v2\/users\/246"}],"replies":[{"embeddable":true,"href":"https:\/\/wp.ufpel.edu.br\/progep\/wp-json\/wp\/v2\/comments?post=21547"}],"version-history":[{"count":2,"href":"https:\/\/wp.ufpel.edu.br\/progep\/wp-json\/wp\/v2\/pages\/21547\/revisions"}],"predecessor-version":[{"id":21620,"href":"https:\/\/wp.ufpel.edu.br\/progep\/wp-json\/wp\/v2\/pages\/21547\/revisions\/21620"}],"up":[{"embeddable":true,"href":"https:\/\/wp.ufpel.edu.br\/progep\/wp-json\/wp\/v2\/pages\/3669"}],"wp:attachment":[{"href":"https:\/\/wp.ufpel.edu.br\/progep\/wp-json\/wp\/v2\/media?parent=21547"}],"curies":[{"name":"wp","href":"https:\/\/api.w.org\/{rel}","templated":true}]}}