{"id":21539,"date":"2022-10-17T17:25:47","date_gmt":"2022-10-17T20:25:47","guid":{"rendered":"https:\/\/wp.ufpel.edu.br\/progep\/?page_id=21539"},"modified":"2023-01-30T20:16:39","modified_gmt":"2023-01-30T23:16:39","slug":"ppp-perfil-profissiografico-previdenciario","status":"publish","type":"page","link":"https:\/\/wp.ufpel.edu.br\/progep\/ppp-perfil-profissiografico-previdenciario\/","title":{"rendered":"PPP- Perfil Profissiogr\u00e1fico Previdenci\u00e1rio"},"content":{"rendered":"<p>&nbsp;<\/p>\n<p style=\"text-align: justify\"><strong>Perfil Profissiogr\u00e1fico Previdenci\u00e1rio: <\/strong>Solicita\u00e7\u00e3o de An\u00e1lise do Tempo Trabalhado em Condi\u00e7\u00f5es Especiais no Servi\u00e7o P\u00fablico Federal<\/p>\n<p style=\"text-align: center\"><strong>Procedimento para Servidor\/a ativo\/a<\/strong><\/p>\n<p>Abrir processo SEI do tipo: Pessoal &#8211; Solicita\u00e7\u00e3o de PPP<\/p>\n<p>Inserir documento: PROGEP Solicita\u00e7\u00e3o de Perfil Profiss. Previd. PPP<\/p>\n<p>Preencher, Assinar e Enviar para CSQV<\/p>\n<p>OBS: N\u00e3o precisa inserir carteira de trabalho<\/p>\n<p>&nbsp;<\/p>\n<p style=\"text-align: center\"><strong>Procedimento para Servidor\/a aposentado\/a \u2013 exonerado\/a \u2013 redistribu\u00eddo\/a<\/strong><\/p>\n<p>Enviar pedido pelo e-mail\u00a0 csqv@ufpel. edu.br<\/p>\n<p>Descrever nome completo.<\/p>\n<p><strong>Legisla\u00e7\u00e3o:<\/strong><\/p>\n<p>INSTRU\u00c7\u00c3O NORMATIVA N\u00ba 53\/PRES\/INSS, DE 22 DE MAR\u00c7O DE 2011<br \/>\nPERFIL PROFISSIOGR\u00c1FICO PREVIDENCI\u00c1RIO &#8211; PPP<br \/>\nDE ACORDO COM A ON-16\/2013<\/p>\n<p>D\u00favidas:<\/p>\n<p>csqv@ufpel.edu.br<\/p>\n<p>32843981<\/p>\n","protected":false},"excerpt":{"rendered":"<p>&nbsp; Perfil Profissiogr\u00e1fico Previdenci\u00e1rio: Solicita\u00e7\u00e3o de An\u00e1lise do Tempo Trabalhado em Condi\u00e7\u00f5es Especiais no Servi\u00e7o P\u00fablico Federal Procedimento para Servidor\/a ativo\/a Abrir processo SEI do tipo: Pessoal &#8211; Solicita\u00e7\u00e3o de PPP Inserir documento: PROGEP Solicita\u00e7\u00e3o de Perfil Profiss. Previd. PPP Preencher, Assinar e Enviar para CSQV OBS: N\u00e3o precisa inserir carteira de trabalho &nbsp; Procedimento [&hellip;]<\/p>\n","protected":false},"author":246,"featured_media":0,"parent":0,"menu_order":0,"comment_status":"closed","ping_status":"closed","template":"","meta":{"footnotes":""},"class_list":["post-21539","page","type-page","status-publish","hentry"],"_links":{"self":[{"href":"https:\/\/wp.ufpel.edu.br\/progep\/wp-json\/wp\/v2\/pages\/21539","targetHints":{"allow":["GET"]}}],"collection":[{"href":"https:\/\/wp.ufpel.edu.br\/progep\/wp-json\/wp\/v2\/pages"}],"about":[{"href":"https:\/\/wp.ufpel.edu.br\/progep\/wp-json\/wp\/v2\/types\/page"}],"author":[{"embeddable":true,"href":"https:\/\/wp.ufpel.edu.br\/progep\/wp-json\/wp\/v2\/users\/246"}],"replies":[{"embeddable":true,"href":"https:\/\/wp.ufpel.edu.br\/progep\/wp-json\/wp\/v2\/comments?post=21539"}],"version-history":[{"count":4,"href":"https:\/\/wp.ufpel.edu.br\/progep\/wp-json\/wp\/v2\/pages\/21539\/revisions"}],"predecessor-version":[{"id":37036,"href":"https:\/\/wp.ufpel.edu.br\/progep\/wp-json\/wp\/v2\/pages\/21539\/revisions\/37036"}],"wp:attachment":[{"href":"https:\/\/wp.ufpel.edu.br\/progep\/wp-json\/wp\/v2\/media?parent=21539"}],"curies":[{"name":"wp","href":"https:\/\/api.w.org\/{rel}","templated":true}]}}