{"id":21535,"date":"2022-10-17T17:20:23","date_gmt":"2022-10-17T20:20:23","guid":{"rendered":"https:\/\/wp.ufpel.edu.br\/progep\/?page_id=21535"},"modified":"2022-10-17T17:20:23","modified_gmt":"2022-10-17T20:20:23","slug":"ppp-perfil-profissiografico-previdenciario","status":"publish","type":"page","link":"https:\/\/wp.ufpel.edu.br\/progep\/csqv\/ppp-perfil-profissiografico-previdenciario\/","title":{"rendered":"PPP- Perfil Profissiogr\u00e1fico Previdenci\u00e1rio"},"content":{"rendered":"<p style=\"text-align: center\"><span style=\"font-weight: 400\"><strong>Servidor\/a ativo\/a<\/strong>:<\/span><\/p>\n<p style=\"text-align: left\"><span style=\"font-weight: 400\">Abrir processo SEI:<\/span><\/p>\n<p><span style=\"font-weight: 400\">Pessoal: Solicita\u00e7\u00e3o de PPP<\/span><\/p>\n<p><span style=\"font-weight: 400\">Inserir documento: PROGEP Solicita\u00e7\u00e3o de Perfil Profiss. Previd. PPP\u00a0<\/span><\/p>\n<p><span style=\"font-weight: 400\">Preencher; Assinar; Enviar para CSQV<\/span><\/p>\n<p><span style=\"font-weight: 400\">OBS: N\u00e3o precisa inserir carteira de trabalho<\/span><\/p>\n<p>&nbsp;<\/p>\n<p style=\"text-align: center\"><strong>Servidor\/a aposentado\/a &#8211; exonerado\/a &#8211; redistribu\u00eddo\/a<\/strong><\/p>\n<p><span style=\"font-weight: 400\">Enviar pedido pelo e-mail\u00a0 csqv@ufpel. edu.br\u00a0<\/span><\/p>\n<p><span style=\"font-weight: 400\">Descrever nome completo.<\/span><\/p>\n<p>&nbsp;<\/p>\n<p>D\u00favidas:<\/p>\n<p>csqv@ufpel.edu.br<\/p>\n<p>32843981<\/p>\n","protected":false},"excerpt":{"rendered":"<p>Servidor\/a ativo\/a: Abrir processo SEI: Pessoal: Solicita\u00e7\u00e3o de PPP Inserir documento: PROGEP Solicita\u00e7\u00e3o de Perfil Profiss. Previd. PPP\u00a0 Preencher; Assinar; Enviar para CSQV OBS: N\u00e3o precisa inserir carteira de trabalho &nbsp; Servidor\/a aposentado\/a &#8211; exonerado\/a &#8211; redistribu\u00eddo\/a Enviar pedido pelo e-mail\u00a0 csqv@ufpel. edu.br\u00a0 Descrever nome completo. &nbsp; D\u00favidas: csqv@ufpel.edu.br 32843981<\/p>\n","protected":false},"author":246,"featured_media":0,"parent":3669,"menu_order":0,"comment_status":"closed","ping_status":"closed","template":"","meta":{"footnotes":""},"class_list":["post-21535","page","type-page","status-publish","hentry"],"_links":{"self":[{"href":"https:\/\/wp.ufpel.edu.br\/progep\/wp-json\/wp\/v2\/pages\/21535","targetHints":{"allow":["GET"]}}],"collection":[{"href":"https:\/\/wp.ufpel.edu.br\/progep\/wp-json\/wp\/v2\/pages"}],"about":[{"href":"https:\/\/wp.ufpel.edu.br\/progep\/wp-json\/wp\/v2\/types\/page"}],"author":[{"embeddable":true,"href":"https:\/\/wp.ufpel.edu.br\/progep\/wp-json\/wp\/v2\/users\/246"}],"replies":[{"embeddable":true,"href":"https:\/\/wp.ufpel.edu.br\/progep\/wp-json\/wp\/v2\/comments?post=21535"}],"version-history":[{"count":1,"href":"https:\/\/wp.ufpel.edu.br\/progep\/wp-json\/wp\/v2\/pages\/21535\/revisions"}],"predecessor-version":[{"id":21537,"href":"https:\/\/wp.ufpel.edu.br\/progep\/wp-json\/wp\/v2\/pages\/21535\/revisions\/21537"}],"up":[{"embeddable":true,"href":"https:\/\/wp.ufpel.edu.br\/progep\/wp-json\/wp\/v2\/pages\/3669"}],"wp:attachment":[{"href":"https:\/\/wp.ufpel.edu.br\/progep\/wp-json\/wp\/v2\/media?parent=21535"}],"curies":[{"name":"wp","href":"https:\/\/api.w.org\/{rel}","templated":true}]}}