{"id":21504,"date":"2022-10-19T09:10:50","date_gmt":"2022-10-19T12:10:50","guid":{"rendered":"https:\/\/wp.ufpel.edu.br\/progep\/?page_id=21504"},"modified":"2025-06-30T14:27:30","modified_gmt":"2025-06-30T17:27:30","slug":"curso-processo-administrativo","status":"publish","type":"page","link":"https:\/\/wp.ufpel.edu.br\/progep\/curso-processo-administrativo\/","title":{"rendered":"Capacita\u00e7\u00e3o: Curso: Processo Administrativo"},"content":{"rendered":"<p><strong>Ministrante:<\/strong> Eduardo Botti Abbade (Professor da Universidade Federal de Santa Maria &#8211; UFSM)<\/p>\n<p><strong>Realiza\u00e7\u00e3o<\/strong>: Plataforma e-Projeto da UFPel (na modalidade <em>on-line<\/em>)<\/p>\n<p><strong>Carga hor\u00e1ria:<\/strong> 20 horas<\/p>\n<p><strong>Per\u00edodo<\/strong>: De 07 a 11 de novembro de 2022.<\/p>\n<p><strong>Hor\u00e1rio das aulas:\u00a0<\/strong> das 13:30 \u00e0s 17:30<\/p>\n<p><strong>S\u00famula<\/strong>:<br \/>\n\u2022 No\u00e7\u00f5es b\u00e1sicas sobre Direito Administrativo e seus princ\u00edpios;<br \/>\n\u2022 No\u00e7\u00f5es b\u00e1sicas sobre a processualidade administrativa;<br \/>\n\u2022 O Processo Administrativo na Constitui\u00e7\u00e3o Federal e a Lei 9.784\/99;<br \/>\n\u2022 Esp\u00e9cies de Processos Administrativos;<br \/>\n\u2022 Processos Eletr\u00f4nicos.<\/p>\n<p class=\"Texto_Justificado\"><b><strong>Avalia\u00e7\u00e3o:<\/strong><\/b> Frequ\u00eancia m\u00ednima de 75% e participa\u00e7\u00e3o\/envolvimento do aluno nas aulas e atividades participativas promovidas durante o curso.<\/p>\n<p class=\"v1MsoNormal\"><strong>P\u00fablico Alvo<\/strong>: Servidores docentes e TAE\u2019s ativos*<\/p>\n<p><strong>N\u00famero de vagas:<\/strong> 30 (limitadas por ordem de inscri\u00e7\u00e3o)**<\/p>\n<p><strong>Per\u00edodo de inscri\u00e7\u00e3o<\/strong>: 19\/10 a 31\/10\/2022<\/p>\n<p><strong>Divulga\u00e7\u00e3o das inscri\u00e7\u00f5es homologadas<\/strong>: 03\/11\/2022***, nesta p\u00e1gina.<\/p>\n<p>*Considerando a Pol\u00edtica Nacional de Desenvolvimento de Pessoas, conforme Decreto n\u00ba 9.991\/19, somente ser\u00e3o certificados os servidores p\u00fablicos pertencentes ao Quadro Efetivo da UFPel.<\/p>\n<p>**Vagas destinadas \u00e0 servidores pertencentes ao Quadro Efetivo da UFPel, preferencialmente.<\/p>\n<p>*** Quando homologadas as inscri\u00e7\u00f5es, os selecionados receber\u00e3o e-mail com instru\u00e7\u00f5es de acesso \u00e0 sala virtual.<\/p>\n<p><strong><span style=\"color: #ff6600\"><a style=\"color: #ff6600\" href=\"https:\/\/wp.ufpel.edu.br\/progep\/files\/2022\/11\/Processos-Administrativos.pdf\">INSCRI\u00c7\u00d5ES HOMOLOGADAS<\/a><\/span><\/strong><\/p>\n<p>&nbsp;<\/p>\n","protected":false},"excerpt":{"rendered":"<p>Ministrante: Eduardo Botti Abbade (Professor da Universidade Federal de Santa Maria &#8211; UFSM) Realiza\u00e7\u00e3o: Plataforma e-Projeto da UFPel (na modalidade on-line) Carga hor\u00e1ria: 20 horas Per\u00edodo: De 07 a 11 de novembro de 2022. Hor\u00e1rio das aulas:\u00a0 das 13:30 \u00e0s 17:30 S\u00famula: \u2022 No\u00e7\u00f5es b\u00e1sicas sobre Direito Administrativo e seus princ\u00edpios; \u2022 No\u00e7\u00f5es b\u00e1sicas sobre [&hellip;]<\/p>\n","protected":false},"author":21,"featured_media":0,"parent":0,"menu_order":0,"comment_status":"closed","ping_status":"closed","template":"","meta":{"footnotes":""},"class_list":["post-21504","page","type-page","status-publish","hentry"],"_links":{"self":[{"href":"https:\/\/wp.ufpel.edu.br\/progep\/wp-json\/wp\/v2\/pages\/21504","targetHints":{"allow":["GET"]}}],"collection":[{"href":"https:\/\/wp.ufpel.edu.br\/progep\/wp-json\/wp\/v2\/pages"}],"about":[{"href":"https:\/\/wp.ufpel.edu.br\/progep\/wp-json\/wp\/v2\/types\/page"}],"author":[{"embeddable":true,"href":"https:\/\/wp.ufpel.edu.br\/progep\/wp-json\/wp\/v2\/users\/21"}],"replies":[{"embeddable":true,"href":"https:\/\/wp.ufpel.edu.br\/progep\/wp-json\/wp\/v2\/comments?post=21504"}],"version-history":[{"count":13,"href":"https:\/\/wp.ufpel.edu.br\/progep\/wp-json\/wp\/v2\/pages\/21504\/revisions"}],"predecessor-version":[{"id":34053,"href":"https:\/\/wp.ufpel.edu.br\/progep\/wp-json\/wp\/v2\/pages\/21504\/revisions\/34053"}],"wp:attachment":[{"href":"https:\/\/wp.ufpel.edu.br\/progep\/wp-json\/wp\/v2\/media?parent=21504"}],"curies":[{"name":"wp","href":"https:\/\/api.w.org\/{rel}","templated":true}]}}