{"id":21456,"date":"2022-10-14T12:26:24","date_gmt":"2022-10-14T15:26:24","guid":{"rendered":"https:\/\/wp.ufpel.edu.br\/progep\/?page_id=21456"},"modified":"2025-06-30T14:27:22","modified_gmt":"2025-06-30T17:27:22","slug":"cine-debate-dialogando-sobre-saude-emocoes-e-bem-estar","status":"publish","type":"page","link":"https:\/\/wp.ufpel.edu.br\/progep\/cine-debate-dialogando-sobre-saude-emocoes-e-bem-estar\/","title":{"rendered":"Capacita\u00e7\u00e3o: Capacita\u00e7\u00e3o: Cine Debate: Dialogando sobre sa\u00fade, emo\u00e7\u00f5es e bem estar"},"content":{"rendered":"<p><strong>Ministrante(s): <\/strong>Enf. Aline da Rosa Pizarro, Psic. Ang\u00e9lica Gon\u00e7alves Peter, Assis. Social Carolina Andersson Bunde, Enf. Deciane Pintanela de Carvalho, Assis. Social J\u00e9ssica Silva de \u00c1vila e Tec. Enf. T\u00e2nia Luiza Stigger Vieira (Servidoras T\u00e9cnico-Adminitrativas da CSQV\/ PROGEP)<\/p>\n<p dir=\"ltr\"><strong>Ementa:<br \/>\n<\/strong>\u2022 Exibi\u00e7\u00e3o de um filme: debate sobre intelig\u00eancia emocional<br \/>\n\u2022 Di\u00e1logos sobre sa\u00fade, emo\u00e7\u00f5es e bem estar<\/p>\n<p><b>Modalidade: <\/b>Presencial<\/p>\n<p><strong>Data:<\/strong> 27\/10\/2022 (quinta-feira)<\/p>\n<p><strong>Hor\u00e1rio: <\/strong>das 14h \u00e0s 17h<\/p>\n<p class=\"v1MsoNormal\"><strong>Realiza\u00e7\u00e3o<\/strong>: Audit\u00f3rio da Reitoria &#8211; 4\u00ba andar Campus Anglo<\/p>\n<p class=\"v1MsoNormal\"><strong>P\u00fablico Alvo<\/strong>: Servidores docentes e TAE\u2019s ativos*<\/p>\n<p><strong>N\u00famero de vagas:<\/strong> 40 (limitadas por ordem de inscri\u00e7\u00e3o)**<\/p>\n<p><strong>Per\u00edodo de inscri\u00e7\u00e3o<\/strong>: 14\/10 a 25\/10\/2022<\/p>\n<p><strong>Divulga\u00e7\u00e3o das inscri\u00e7\u00f5es homologadas<\/strong>: 26\/10, nesta p\u00e1gina.<\/p>\n<p>*Considerando a Pol\u00edtica Nacional de Desenvolvimento de Pessoas, conforme Decreto n\u00ba 9.991\/19, somente ser\u00e3o certificados os servidores p\u00fablicos pertencentes ao Quadro Efetivo da UFPel.<\/p>\n<p>**Vagas destinadas \u00e0 servidores pertencentes ao Quadro Efetivo da UFPel, preferencialmente.<\/p>\n<p>&nbsp;<\/p>\n<p><span style=\"color: #ff6600\"><strong><a style=\"color: #ff6600\" href=\"https:\/\/wp.ufpel.edu.br\/progep\/files\/2022\/10\/Homologacao-Cine-Debate-Dialogando-sobre-saude-emocoes-e-bem-estar_v1.pdf\" target=\"_blank\" rel=\"noopener\">INSCRI\u00c7\u00d5ES HOMOLOGADAS<\/a><\/strong><\/span><\/p>\n","protected":false},"excerpt":{"rendered":"<p>Ministrante(s): Enf. Aline da Rosa Pizarro, Psic. Ang\u00e9lica Gon\u00e7alves Peter, Assis. Social Carolina Andersson Bunde, Enf. Deciane Pintanela de Carvalho, Assis. Social J\u00e9ssica Silva de \u00c1vila e Tec. Enf. T\u00e2nia Luiza Stigger Vieira (Servidoras T\u00e9cnico-Adminitrativas da CSQV\/ PROGEP) Ementa: \u2022 Exibi\u00e7\u00e3o de um filme: debate sobre intelig\u00eancia emocional \u2022 Di\u00e1logos sobre sa\u00fade, emo\u00e7\u00f5es e bem [&hellip;]<\/p>\n","protected":false},"author":21,"featured_media":0,"parent":0,"menu_order":0,"comment_status":"closed","ping_status":"closed","template":"","meta":{"footnotes":""},"class_list":["post-21456","page","type-page","status-publish","hentry"],"_links":{"self":[{"href":"https:\/\/wp.ufpel.edu.br\/progep\/wp-json\/wp\/v2\/pages\/21456","targetHints":{"allow":["GET"]}}],"collection":[{"href":"https:\/\/wp.ufpel.edu.br\/progep\/wp-json\/wp\/v2\/pages"}],"about":[{"href":"https:\/\/wp.ufpel.edu.br\/progep\/wp-json\/wp\/v2\/types\/page"}],"author":[{"embeddable":true,"href":"https:\/\/wp.ufpel.edu.br\/progep\/wp-json\/wp\/v2\/users\/21"}],"replies":[{"embeddable":true,"href":"https:\/\/wp.ufpel.edu.br\/progep\/wp-json\/wp\/v2\/comments?post=21456"}],"version-history":[{"count":11,"href":"https:\/\/wp.ufpel.edu.br\/progep\/wp-json\/wp\/v2\/pages\/21456\/revisions"}],"predecessor-version":[{"id":34051,"href":"https:\/\/wp.ufpel.edu.br\/progep\/wp-json\/wp\/v2\/pages\/21456\/revisions\/34051"}],"wp:attachment":[{"href":"https:\/\/wp.ufpel.edu.br\/progep\/wp-json\/wp\/v2\/media?parent=21456"}],"curies":[{"name":"wp","href":"https:\/\/api.w.org\/{rel}","templated":true}]}}