{"id":21446,"date":"2022-10-14T09:28:49","date_gmt":"2022-10-14T12:28:49","guid":{"rendered":"https:\/\/wp.ufpel.edu.br\/progep\/?page_id=21446"},"modified":"2025-06-30T14:27:11","modified_gmt":"2025-06-30T17:27:11","slug":"oficina-de-yoga","status":"publish","type":"page","link":"https:\/\/wp.ufpel.edu.br\/progep\/oficina-de-yoga\/","title":{"rendered":"Capacita\u00e7\u00e3o: Oficina de Yoga"},"content":{"rendered":"<p><strong>Facilitador(a):\u00a0<\/strong>Ani\u00ea Coutinho de Oliveira (Professora da Escola Superior de Educa\u00e7\u00e3o F\u00edsica\/ UFPEL)<\/p>\n<p><strong>Data:<\/strong> 25\/10\/2022 (ter\u00e7a-feira)<\/p>\n<p><strong><span style=\"color: #ff6600\">Turma Campus Porto\/ Anglo<\/span><\/strong><br \/>\n<strong>Hor\u00e1rio: <\/strong>das 10h \u00e0s 11h30min<br \/>\n<strong>Realiza\u00e7\u00e3o:<\/strong> Deck \u00e0s margens do Canal S\u00e3o Gon\u00e7alo \u2013 Campus Porto\/Anglo<\/p>\n<p><strong><span style=\"color: #ff6600\">Turma Campus Cap\u00e3o do Le\u00e3o<\/span><\/strong><br \/>\n<strong>Hor\u00e1rio: <\/strong>das 15h \u00e0s 16h30min<br \/>\n<strong>Realiza\u00e7\u00e3o:<\/strong> Local a definir (ser\u00e1 informado no e-mail de homologa\u00e7\u00e3o das inscri\u00e7\u00f5es)<\/p>\n<p><strong>Ementa:\u00a0<\/strong>Aula de Yoga atrav\u00e9s de mantras iniciais e finais, posturas, t\u00e9cnicas respirat\u00f3rias e relaxamento.<\/p>\n<p><strong>P\u00fablico Alvo<\/strong>: Servidores docentes e TAE\u2019s ativos*<\/p>\n<p><strong>N\u00famero de vagas:<\/strong> 12\u00a0 por turma (limitadas por ordem de inscri\u00e7\u00e3o)**<\/p>\n<p><strong>Per\u00edodo de inscri\u00e7\u00e3o<\/strong>: 14\/10 a 23\/10\/2022<\/p>\n<p><strong>Divulga\u00e7\u00e3o das inscri\u00e7\u00f5es homologadas<\/strong>: 24\/10, nesta p\u00e1gina.<\/p>\n<p>*Considerando a Pol\u00edtica Nacional de Desenvolvimento de Pessoas, conforme Decreto n\u00ba 9.991\/19, somente ser\u00e3o certificados os servidores p\u00fablicos pertencentes ao Quadro Efetivo da UFPel.<\/p>\n<p>**Vagas destinadas \u00e0 servidores pertencentes ao Quadro Efetivo da UFPel, preferencialmente.<\/p>\n<p>&nbsp;<\/p>\n<p><span style=\"color: #ff6600\"><strong><a style=\"color: #ff6600\" href=\"https:\/\/wp.ufpel.edu.br\/progep\/files\/2022\/10\/Homologacao-Oficina-de-Yoga-Campus-Anglo_v2_12.pdf\" target=\"_blank\" rel=\"noopener\">INSCRI\u00c7\u00d5ES HOMOLOGADAS &#8211; Campus Porto\/Anglo<\/a><\/strong><\/span><\/p>\n<p><span style=\"color: #ff6600\"><strong><a style=\"color: #ff6600\" href=\"https:\/\/wp.ufpel.edu.br\/progep\/files\/2022\/10\/Homologacao-Oficina-de-Yoga-Campus-Capao-do-Leao.pdf\" target=\"_blank\" rel=\"noopener\">INSCRI\u00c7\u00d5ES HOMOLOGADAS &#8211; Campus Cap\u00e3o do Le\u00e3o<\/a><\/strong><\/span><\/p>\n<p>&nbsp;<\/p>\n","protected":false},"excerpt":{"rendered":"<p>Facilitador(a):\u00a0Ani\u00ea Coutinho de Oliveira (Professora da Escola Superior de Educa\u00e7\u00e3o F\u00edsica\/ UFPEL) Data: 25\/10\/2022 (ter\u00e7a-feira) Turma Campus Porto\/ Anglo Hor\u00e1rio: das 10h \u00e0s 11h30min Realiza\u00e7\u00e3o: Deck \u00e0s margens do Canal S\u00e3o Gon\u00e7alo \u2013 Campus Porto\/Anglo Turma Campus Cap\u00e3o do Le\u00e3o Hor\u00e1rio: das 15h \u00e0s 16h30min Realiza\u00e7\u00e3o: Local a definir (ser\u00e1 informado no e-mail de homologa\u00e7\u00e3o [&hellip;]<\/p>\n","protected":false},"author":21,"featured_media":0,"parent":0,"menu_order":0,"comment_status":"closed","ping_status":"closed","template":"","meta":{"footnotes":""},"class_list":["post-21446","page","type-page","status-publish","hentry"],"_links":{"self":[{"href":"https:\/\/wp.ufpel.edu.br\/progep\/wp-json\/wp\/v2\/pages\/21446","targetHints":{"allow":["GET"]}}],"collection":[{"href":"https:\/\/wp.ufpel.edu.br\/progep\/wp-json\/wp\/v2\/pages"}],"about":[{"href":"https:\/\/wp.ufpel.edu.br\/progep\/wp-json\/wp\/v2\/types\/page"}],"author":[{"embeddable":true,"href":"https:\/\/wp.ufpel.edu.br\/progep\/wp-json\/wp\/v2\/users\/21"}],"replies":[{"embeddable":true,"href":"https:\/\/wp.ufpel.edu.br\/progep\/wp-json\/wp\/v2\/comments?post=21446"}],"version-history":[{"count":13,"href":"https:\/\/wp.ufpel.edu.br\/progep\/wp-json\/wp\/v2\/pages\/21446\/revisions"}],"predecessor-version":[{"id":34049,"href":"https:\/\/wp.ufpel.edu.br\/progep\/wp-json\/wp\/v2\/pages\/21446\/revisions\/34049"}],"wp:attachment":[{"href":"https:\/\/wp.ufpel.edu.br\/progep\/wp-json\/wp\/v2\/media?parent=21446"}],"curies":[{"name":"wp","href":"https:\/\/api.w.org\/{rel}","templated":true}]}}