{"id":21443,"date":"2022-10-14T09:15:36","date_gmt":"2022-10-14T12:15:36","guid":{"rendered":"https:\/\/wp.ufpel.edu.br\/progep\/?page_id=21443"},"modified":"2025-06-30T14:27:07","modified_gmt":"2025-06-30T17:27:07","slug":"capacita-na-web-cancer-de-mama-o-que-voce-tem-a-ver-com-isso","status":"publish","type":"page","link":"https:\/\/wp.ufpel.edu.br\/progep\/capacita-na-web-cancer-de-mama-o-que-voce-tem-a-ver-com-isso\/","title":{"rendered":"Capacita\u00e7\u00e3o:Capacita na Web: C\u00e2ncer de Mama: o que voc\u00ea tem a ver com isso?"},"content":{"rendered":"<p><strong>Facilitador:<\/strong> Thiago Gonzalez Barbosa e Silva (Professor da Faculdade de Medicina &#8211; FAMED, da UFPel)<\/p>\n<p><strong>Data:<\/strong> 31\/10\/2022 (segunda-feira)<\/p>\n<p><strong>Hor\u00e1rio: <\/strong>das 10h \u00e0s 12h<\/p>\n<p><strong>Realiza\u00e7\u00e3o:<\/strong>\u00a0plataforma Webconf da UFPel (na modalidade\u00a0<em>on-line)<\/em><\/p>\n<p style=\"text-align: justify\"><strong>Ementa:<\/strong> Discuss\u00e3o sobre t\u00f3picos relacionados ao c\u00e2ncer de mama (como rastreamento, diagn\u00f3stico e tratamento), com o objetivo de esclarecer mitos e verdades sobre a doen\u00e7a.<\/p>\n<p><strong>P\u00fablico Alvo<\/strong>: Servidores docentes e TAEs ativos*<\/p>\n<p><strong>Per\u00edodo de inscri\u00e7\u00e3o<\/strong>: <span style=\"background-color: #ffffff\">14\/10 a 26\/10\/2022<\/span><\/p>\n<p><strong>Divulga\u00e7\u00e3o das inscri\u00e7\u00f5es homologadas<\/strong>: <span style=\"background-color: #ffffff\">27\/10**, nesta p\u00e1gina<\/span><\/p>\n<p>*Considerando a Pol\u00edtica Nacional de Desenvolvimento de Pessoas, conforme Decreto n\u00ba 9.991\/19, somente ser\u00e3o certificados os servidores p\u00fablicos pertencentes ao Quadro Efetivo da UFPel.<\/p>\n<p>**Quando homologadas as inscri\u00e7\u00f5es, os selecionados receber\u00e3o e-mail com instru\u00e7\u00f5es de acesso \u00e0 sala de Webconf da UFPel.<\/p>\n<p><span style=\"color: #ff6600\"><strong><a style=\"color: #ff6600\" href=\"https:\/\/wp.ufpel.edu.br\/progep\/files\/2022\/10\/Homologacao-Cancer-de-Mama-o-que-voce-tem-a-ver-com-isso.pdf\" target=\"_blank\" rel=\"noopener\">INSCRI\u00c7\u00d5ES HOMOLOGADAS<\/a><\/strong><\/span><\/p>\n<p>&nbsp;<\/p>\n","protected":false},"excerpt":{"rendered":"<p>Facilitador: Thiago Gonzalez Barbosa e Silva (Professor da Faculdade de Medicina &#8211; FAMED, da UFPel) Data: 31\/10\/2022 (segunda-feira) Hor\u00e1rio: das 10h \u00e0s 12h Realiza\u00e7\u00e3o:\u00a0plataforma Webconf da UFPel (na modalidade\u00a0on-line) Ementa: Discuss\u00e3o sobre t\u00f3picos relacionados ao c\u00e2ncer de mama (como rastreamento, diagn\u00f3stico e tratamento), com o objetivo de esclarecer mitos e verdades sobre a doen\u00e7a. P\u00fablico [&hellip;]<\/p>\n","protected":false},"author":21,"featured_media":0,"parent":0,"menu_order":0,"comment_status":"closed","ping_status":"closed","template":"","meta":{"footnotes":""},"class_list":["post-21443","page","type-page","status-publish","hentry"],"_links":{"self":[{"href":"https:\/\/wp.ufpel.edu.br\/progep\/wp-json\/wp\/v2\/pages\/21443","targetHints":{"allow":["GET"]}}],"collection":[{"href":"https:\/\/wp.ufpel.edu.br\/progep\/wp-json\/wp\/v2\/pages"}],"about":[{"href":"https:\/\/wp.ufpel.edu.br\/progep\/wp-json\/wp\/v2\/types\/page"}],"author":[{"embeddable":true,"href":"https:\/\/wp.ufpel.edu.br\/progep\/wp-json\/wp\/v2\/users\/21"}],"replies":[{"embeddable":true,"href":"https:\/\/wp.ufpel.edu.br\/progep\/wp-json\/wp\/v2\/comments?post=21443"}],"version-history":[{"count":8,"href":"https:\/\/wp.ufpel.edu.br\/progep\/wp-json\/wp\/v2\/pages\/21443\/revisions"}],"predecessor-version":[{"id":34048,"href":"https:\/\/wp.ufpel.edu.br\/progep\/wp-json\/wp\/v2\/pages\/21443\/revisions\/34048"}],"wp:attachment":[{"href":"https:\/\/wp.ufpel.edu.br\/progep\/wp-json\/wp\/v2\/media?parent=21443"}],"curies":[{"name":"wp","href":"https:\/\/api.w.org\/{rel}","templated":true}]}}