{"id":21419,"date":"2022-10-14T11:47:08","date_gmt":"2022-10-14T14:47:08","guid":{"rendered":"https:\/\/wp.ufpel.edu.br\/progep\/?page_id=21419"},"modified":"2025-06-30T14:27:16","modified_gmt":"2025-06-30T17:27:16","slug":"semana-doa-servidora-da-ufpel-2022","status":"publish","type":"page","link":"https:\/\/wp.ufpel.edu.br\/progep\/semana-doa-servidora-da-ufpel-2022\/","title":{"rendered":"Capacita\u00e7\u00e3o: Semana do(a) Servidor(a) da UFPel 2022"},"content":{"rendered":"<p><a href=\"https:\/\/wp.ufpel.edu.br\/progep\/files\/2022\/10\/Imagem-Wordpress_Semana-do-Servidor-2022_rev01-1.png\"><img class=\"wp-image-21432 aligncenter\" src=\"https:\/\/wp.ufpel.edu.br\/progep\/files\/2022\/10\/Imagem-Wordpress_Semana-do-Servidor-2022_rev01-1-400x154.png\" alt=\"\" width=\"688\" height=\"265\" srcset=\"https:\/\/wp.ufpel.edu.br\/progep\/files\/2022\/10\/Imagem-Wordpress_Semana-do-Servidor-2022_rev01-1-400x154.png 400w, https:\/\/wp.ufpel.edu.br\/progep\/files\/2022\/10\/Imagem-Wordpress_Semana-do-Servidor-2022_rev01-1-768x295.png 768w, https:\/\/wp.ufpel.edu.br\/progep\/files\/2022\/10\/Imagem-Wordpress_Semana-do-Servidor-2022_rev01-1.png 780w\" sizes=\"(max-width: 688px) 100vw, 688px\" \/><\/a><\/p>\n<p>Para celebrar o\u00a0<strong>Dia do Servidor P\u00fablico<\/strong>, comemorado no dia 28 de outubro, a Coordena\u00e7\u00e3o de Desenvolvimento de Pessoal, da PROGEP, preparou o evento <strong>Semana do(a) Servidor(a) da UFPel<\/strong>, assim, durante a semana de 24 a 27 de outubro teremos v\u00e1rias atividades conforme segue:<\/p>\n<p>&nbsp;<\/p>\n<p style=\"text-align: center\"><span style=\"color: #0000ff;font-size: 14pt\"><strong>PROGRAMA\u00c7\u00c3O<\/strong><\/span><\/p>\n<p><span style=\"color: #ff6600\"><strong>24 de Outubro (segunda-feira)<\/strong><\/span><br \/>\n<a href=\"https:\/\/wp.ufpel.edu.br\/progep\/palestra-o-trabalho-e-producao-de-si-mesmo-ainda-somos-capazes-de-virtudes\/\" target=\"_blank\" rel=\"noopener\"><strong><span style=\"color: #0000ff\">Abertura do Evento e Palestra: O trabalho e a produ\u00e7\u00e3o de si mesmo: ainda somos capazes de virtudes?<\/span><\/strong><\/a> &#8211;\u00a0 Prof. Alexandre Henrique dos Reis (CIM\/UFPel)<\/p>\n<p><span style=\"color: #ff6600\"><strong>25 de Outubro (ter\u00e7a -feira)<\/strong><\/span><br \/>\n<a href=\"https:\/\/wp.ufpel.edu.br\/progep\/oficina-de-yoga\/\" target=\"_blank\" rel=\"noopener\"><strong><span style=\"color: #0000ff\">Oficina de Yoga<\/span><\/strong><\/a> &#8211; Prof\u00aa Ani\u00ea Coutinho de Oliveira (ESEF\/UFPel)<\/p>\n<p><span style=\"color: #ff6600\"><strong>26 de Outubro (quarta-feira)<\/strong><\/span><br \/>\n<span style=\"color: #0000ff\"><a style=\"color: #0000ff\" href=\"https:\/\/wp.ufpel.edu.br\/progep\/roda-de-conversa-prazeres-da-vida-e-alimentacao-saudavel\/\" target=\"_blank\" rel=\"noopener\"><strong>Roda de Conversa: Prazeres da vida e alimenta\u00e7\u00e3o saud\u00e1vel<\/strong><\/a><\/span> &#8211; Prof\u00aa Anne y Castro Marques (FN\/UFPel)<\/p>\n<p><span style=\"color: #ff6600\"><strong>27 de Outubro (quinta-feira)<\/strong><\/span><br \/>\n<a href=\"https:\/\/wp.ufpel.edu.br\/progep\/cine-debate-dialogando-sobre-saude-emocoes-e-bem-estar\/\" target=\"_blank\" rel=\"noopener\"><span style=\"color: #0000ff\"><strong>Cine Debate: Dialogando sobre sa\u00fade, emo\u00e7\u00f5es e bem estar<\/strong><\/span><\/a> &#8211; Enf. Aline da Rosa Pizarro, Psic. Ang\u00e9lica Gon\u00e7alves Peter, Assist. Social Carolina Andersson Bunde, Enf\u00aa. Deciane Pintanela de Carvalho, Assist. Social J\u00e9ssica Silva de \u00c1vila e T\u00e9c. Enf. T\u00e2nia Luiza Stigger Vieira (CSQV\/PROGEP)<\/p>\n<p>&nbsp;<\/p>\n","protected":false},"excerpt":{"rendered":"<p>Para celebrar o\u00a0Dia do Servidor P\u00fablico, comemorado no dia 28 de outubro, a Coordena\u00e7\u00e3o de Desenvolvimento de Pessoal, da PROGEP, preparou o evento Semana do(a) Servidor(a) da UFPel, assim, durante a semana de 24 a 27 de outubro teremos v\u00e1rias atividades conforme segue: &nbsp; PROGRAMA\u00c7\u00c3O 24 de Outubro (segunda-feira) Abertura do Evento e Palestra: O [&hellip;]<\/p>\n","protected":false},"author":21,"featured_media":0,"parent":0,"menu_order":0,"comment_status":"closed","ping_status":"closed","template":"","meta":{"footnotes":""},"class_list":["post-21419","page","type-page","status-publish","hentry"],"_links":{"self":[{"href":"https:\/\/wp.ufpel.edu.br\/progep\/wp-json\/wp\/v2\/pages\/21419","targetHints":{"allow":["GET"]}}],"collection":[{"href":"https:\/\/wp.ufpel.edu.br\/progep\/wp-json\/wp\/v2\/pages"}],"about":[{"href":"https:\/\/wp.ufpel.edu.br\/progep\/wp-json\/wp\/v2\/types\/page"}],"author":[{"embeddable":true,"href":"https:\/\/wp.ufpel.edu.br\/progep\/wp-json\/wp\/v2\/users\/21"}],"replies":[{"embeddable":true,"href":"https:\/\/wp.ufpel.edu.br\/progep\/wp-json\/wp\/v2\/comments?post=21419"}],"version-history":[{"count":32,"href":"https:\/\/wp.ufpel.edu.br\/progep\/wp-json\/wp\/v2\/pages\/21419\/revisions"}],"predecessor-version":[{"id":34050,"href":"https:\/\/wp.ufpel.edu.br\/progep\/wp-json\/wp\/v2\/pages\/21419\/revisions\/34050"}],"wp:attachment":[{"href":"https:\/\/wp.ufpel.edu.br\/progep\/wp-json\/wp\/v2\/media?parent=21419"}],"curies":[{"name":"wp","href":"https:\/\/api.w.org\/{rel}","templated":true}]}}