{"id":21401,"date":"2022-10-07T16:27:30","date_gmt":"2022-10-07T19:27:30","guid":{"rendered":"https:\/\/wp.ufpel.edu.br\/progep\/?page_id=21401"},"modified":"2025-06-30T14:26:21","modified_gmt":"2025-06-30T17:26:21","slug":"palestra-o-trabalho-e-producao-de-si-mesmo-ainda-somos-capazes-de-virtudes","status":"publish","type":"page","link":"https:\/\/wp.ufpel.edu.br\/progep\/palestra-o-trabalho-e-producao-de-si-mesmo-ainda-somos-capazes-de-virtudes\/","title":{"rendered":"Capacita\u00e7\u00e3o: Capacita\u00e7\u00e3o: Abertura do Evento e Palestra: O trabalho e a produ\u00e7\u00e3o de si mesmo: ainda somos capazes de virtudes?"},"content":{"rendered":"<p class=\"Texto_Justificado\">08h30min &#8211; <span style=\"color: #000000\"><strong>Apresenta\u00e7\u00e3o Musical<\/strong><\/span> &#8211; Pianista Daniel de Noronha Dantas Benitz<\/p>\n<p class=\"Texto_Justificado\">08h45min &#8211;<span style=\"color: #000000\"><strong> Abertura do Evento<\/strong><\/span>: Reitoria e Pr\u00f3-Reitoria de Gest\u00e3o de Pessoas<\/p>\n<p><strong>Palestrante:<\/strong> Alexandre Henrique dos Reis (Professor do Centro de Integra\u00e7\u00e3o do Mercosul &#8211; CIM, da UFPel)<\/p>\n<p><strong>Data:<\/strong> 24\/10\/2022 (segunda-feira)<\/p>\n<p><strong>Modalidade:<\/strong> <span style=\"color: #ff0000\">O evento que seria inicialmente realizado presencialmente foi alterado, desta forma, ser\u00e1 realizado na modalidade <strong>online.<\/strong><\/span><\/p>\n<p><strong>Realiza\u00e7\u00e3o:<\/strong> <span style=\"color: #000000\">Plataforma Webconf da UFPel\u00a0<\/span><\/p>\n<p><strong>Ementa:<\/strong><br \/>\n\u2022 Tematizar as rela\u00e7\u00f5es dial\u00e9ticas entre o trabalho (de modo especial, as atividades do servidor p\u00fablico dentro da Academia) e o exerc\u00edcio da felicidade como momentos essenciais do movimento de autoprodu\u00e7\u00e3o do ser humano;<br \/>\n\u2022 Recuperar a compreens\u00e3o grega j\u00e1 esquecida de felicidade como exerc\u00edcio ou atividade da alma, com vistas a pensar a constru\u00e7\u00e3o de si mesmo em um mundo que exige t\u00e3o-somente a produ\u00e7\u00e3o do objeto do trabalho;<br \/>\n\u2022 Tratar n\u00e3o apenas de uma cr\u00edtica e um exame do nosso tempo, mas de um convite a colocar a produ\u00e7\u00e3o de si pr\u00f3prio como objeto de pensamento e a revisitar o tema da felicidade como objeto de uma ci\u00eancia poss\u00edvel.<\/p>\n<p><strong>P\u00fablico Alvo<\/strong>: Servidores docentes e TAE\u2019s ativos*<\/p>\n<p><strong>Per\u00edodo de inscri\u00e7\u00e3o<\/strong>: <span style=\"background-color: #ffffff\">14\/10 a 20\/10\/2022<\/span><\/p>\n<p><strong>Divulga\u00e7\u00e3o das inscri\u00e7\u00f5es homologadas<\/strong>:<span style=\"background-color: #ffffff\"> 21\/10**, nesta p\u00e1gina.<\/span><\/p>\n<p>*Considerando a Pol\u00edtica Nacional de Desenvolvimento de Pessoas, conforme Decreto n\u00ba 9.991\/19, somente ser\u00e3o certificados os servidores p\u00fablicos pertencentes ao Quadro Efetivo da UFPel.<\/p>\n<p>**Quando homologadas as inscri\u00e7\u00f5es, os selecionados receber\u00e3o e-mail com instru\u00e7\u00f5es de acesso \u00e0 sala de Webconf da UFPel.<\/p>\n<p><span style=\"color: #ff6600\"><strong><a style=\"color: #ff6600\" href=\"https:\/\/wp.ufpel.edu.br\/progep\/files\/2022\/10\/Homologacao-Palestra-de-Abertura-O-trabalho-e-a-producao-de-si-mesmo-24_10_2022.pdf\" target=\"_blank\" rel=\"noopener\">INSCRI\u00c7\u00d5ES HOMOLOGADAS<\/a><\/strong><\/span><\/p>\n","protected":false},"excerpt":{"rendered":"<p>08h30min &#8211; Apresenta\u00e7\u00e3o Musical &#8211; Pianista Daniel de Noronha Dantas Benitz 08h45min &#8211; Abertura do Evento: Reitoria e Pr\u00f3-Reitoria de Gest\u00e3o de Pessoas Palestrante: Alexandre Henrique dos Reis (Professor do Centro de Integra\u00e7\u00e3o do Mercosul &#8211; CIM, da UFPel) Data: 24\/10\/2022 (segunda-feira) Modalidade: O evento que seria inicialmente realizado presencialmente foi alterado, desta forma, ser\u00e1 [&hellip;]<\/p>\n","protected":false},"author":21,"featured_media":0,"parent":0,"menu_order":0,"comment_status":"closed","ping_status":"closed","template":"","meta":{"footnotes":""},"class_list":["post-21401","page","type-page","status-publish","hentry"],"_links":{"self":[{"href":"https:\/\/wp.ufpel.edu.br\/progep\/wp-json\/wp\/v2\/pages\/21401","targetHints":{"allow":["GET"]}}],"collection":[{"href":"https:\/\/wp.ufpel.edu.br\/progep\/wp-json\/wp\/v2\/pages"}],"about":[{"href":"https:\/\/wp.ufpel.edu.br\/progep\/wp-json\/wp\/v2\/types\/page"}],"author":[{"embeddable":true,"href":"https:\/\/wp.ufpel.edu.br\/progep\/wp-json\/wp\/v2\/users\/21"}],"replies":[{"embeddable":true,"href":"https:\/\/wp.ufpel.edu.br\/progep\/wp-json\/wp\/v2\/comments?post=21401"}],"version-history":[{"count":17,"href":"https:\/\/wp.ufpel.edu.br\/progep\/wp-json\/wp\/v2\/pages\/21401\/revisions"}],"predecessor-version":[{"id":34047,"href":"https:\/\/wp.ufpel.edu.br\/progep\/wp-json\/wp\/v2\/pages\/21401\/revisions\/34047"}],"wp:attachment":[{"href":"https:\/\/wp.ufpel.edu.br\/progep\/wp-json\/wp\/v2\/media?parent=21401"}],"curies":[{"name":"wp","href":"https:\/\/api.w.org\/{rel}","templated":true}]}}