{"id":21246,"date":"2022-09-23T17:17:50","date_gmt":"2022-09-23T20:17:50","guid":{"rendered":"https:\/\/wp.ufpel.edu.br\/progep\/?page_id=21246"},"modified":"2025-06-30T14:26:05","modified_gmt":"2025-06-30T17:26:05","slug":"capacita-na-web-o-desafio-da-docencia-antes-durante-e-pos-pandemia-o-que-aprendemos","status":"publish","type":"page","link":"https:\/\/wp.ufpel.edu.br\/progep\/capacita-na-web-o-desafio-da-docencia-antes-durante-e-pos-pandemia-o-que-aprendemos\/","title":{"rendered":"Capacita\u00e7\u00e3o: Capacita na Web: O desafio da doc\u00eancia antes, durante e p\u00f3s-pandemia: o que aprendemos?"},"content":{"rendered":"<p><strong>Facilitadora: <\/strong>Glaucia da Silva Brito (Professora da Universidade Federal do Paran\u00e1 &#8211; UFPR)<\/p>\n<p><strong>Data:<\/strong> 07\/10\/2022 (sexta-feira)<\/p>\n<p><strong>Hor\u00e1rio: <\/strong>das 09h \u00e0s 11h<\/p>\n<p><strong>Realiza\u00e7\u00e3o:<\/strong>\u00a0plataforma Webconf da UFPel (na modalidade\u00a0<em>on-line)<\/em><\/p>\n<p><strong>Ementa:\u00a0<\/strong><br \/>\nUma reflex\u00e3o sobre as experi\u00eancias e as diversas pr\u00e1ticas de ensino-aprendizagem ocorridas a partir das mudan\u00e7as causadas pela pandemia de coronav\u00edrus, que impossibilitou a realiza\u00e7\u00e3o de aulas presenciais; As Institui\u00e7\u00f5es de Ensino, em todas as modalidades, se viram obrigadas a continuarem suas atividades de maneira remota por meio das tecnologias digitais de informa\u00e7\u00e3o e comunica\u00e7\u00e3o.<\/p>\n<p><strong>P\u00fablico Alvo<\/strong>: Servidores docentes e TAE\u2019s ativos*<\/p>\n<p><strong>Per\u00edodo de inscri\u00e7\u00e3o<\/strong>: 23\/09 a 05\/10\/2022<\/p>\n<p><strong>Divulga\u00e7\u00e3o das inscri\u00e7\u00f5es homologadas<\/strong>: 06\/10**, nesta p\u00e1gina.<\/p>\n<p>*Considerando a Pol\u00edtica Nacional de Desenvolvimento de Pessoas, conforme Decreto n\u00ba 9.991\/19, somente ser\u00e3o certificados os servidores p\u00fablicos pertencentes ao Quadro Efetivo da UFPel.<\/p>\n<p>**Quando homologadas as inscri\u00e7\u00f5es, os selecionados receber\u00e3o e-mail com instru\u00e7\u00f5es de acesso \u00e0 sala de Webconf da UFPel.<\/p>\n<hr \/>\n<p><span style=\"color: #ff6600\"><strong><a style=\"color: #ff6600\" href=\"https:\/\/wp.ufpel.edu.br\/progep\/files\/2022\/10\/Homologacao-O-desafio-da-docencia_v2.pdf\" target=\"_blank\" rel=\"noopener\">INSCRI\u00c7\u00d5ES HOMOLOGADAS<\/a><\/strong><\/span><\/p>\n","protected":false},"excerpt":{"rendered":"<p>Facilitadora: Glaucia da Silva Brito (Professora da Universidade Federal do Paran\u00e1 &#8211; UFPR) Data: 07\/10\/2022 (sexta-feira) Hor\u00e1rio: das 09h \u00e0s 11h Realiza\u00e7\u00e3o:\u00a0plataforma Webconf da UFPel (na modalidade\u00a0on-line) Ementa:\u00a0 Uma reflex\u00e3o sobre as experi\u00eancias e as diversas pr\u00e1ticas de ensino-aprendizagem ocorridas a partir das mudan\u00e7as causadas pela pandemia de coronav\u00edrus, que impossibilitou a realiza\u00e7\u00e3o de aulas [&hellip;]<\/p>\n","protected":false},"author":21,"featured_media":0,"parent":0,"menu_order":0,"comment_status":"closed","ping_status":"closed","template":"","meta":{"footnotes":""},"class_list":["post-21246","page","type-page","status-publish","hentry"],"_links":{"self":[{"href":"https:\/\/wp.ufpel.edu.br\/progep\/wp-json\/wp\/v2\/pages\/21246","targetHints":{"allow":["GET"]}}],"collection":[{"href":"https:\/\/wp.ufpel.edu.br\/progep\/wp-json\/wp\/v2\/pages"}],"about":[{"href":"https:\/\/wp.ufpel.edu.br\/progep\/wp-json\/wp\/v2\/types\/page"}],"author":[{"embeddable":true,"href":"https:\/\/wp.ufpel.edu.br\/progep\/wp-json\/wp\/v2\/users\/21"}],"replies":[{"embeddable":true,"href":"https:\/\/wp.ufpel.edu.br\/progep\/wp-json\/wp\/v2\/comments?post=21246"}],"version-history":[{"count":6,"href":"https:\/\/wp.ufpel.edu.br\/progep\/wp-json\/wp\/v2\/pages\/21246\/revisions"}],"predecessor-version":[{"id":34044,"href":"https:\/\/wp.ufpel.edu.br\/progep\/wp-json\/wp\/v2\/pages\/21246\/revisions\/34044"}],"wp:attachment":[{"href":"https:\/\/wp.ufpel.edu.br\/progep\/wp-json\/wp\/v2\/media?parent=21246"}],"curies":[{"name":"wp","href":"https:\/\/api.w.org\/{rel}","templated":true}]}}