{"id":21153,"date":"2022-09-09T09:11:35","date_gmt":"2022-09-09T12:11:35","guid":{"rendered":"https:\/\/wp.ufpel.edu.br\/progep\/?page_id=21153"},"modified":"2025-06-30T14:25:57","modified_gmt":"2025-06-30T17:25:57","slug":"capacita-na-web-a-comunicacao-assertiva-para-a-promocao-do-bem-estar","status":"publish","type":"page","link":"https:\/\/wp.ufpel.edu.br\/progep\/capacita-na-web-a-comunicacao-assertiva-para-a-promocao-do-bem-estar\/","title":{"rendered":"Capacita\u00e7\u00e3o: Capacita na Web: A Comunica\u00e7\u00e3o Assertiva para a promo\u00e7\u00e3o do bem estar"},"content":{"rendered":"<p><strong>Facilitadora:<\/strong> Simone de Biazzi Avila Batista da Silveira (Professora da Universidade Federal do Rio Grande \u2013 FURG)<\/p>\n<p><strong>Data:<\/strong> 26\/09\/2022 (segunda-feira)<\/p>\n<p><strong>Hor\u00e1rio: <\/strong>das 14h \u00e0s 16h<\/p>\n<p><strong>Realiza\u00e7\u00e3o:<\/strong>\u00a0plataforma Webconf da UFPel (na modalidade\u00a0<em>on-line)<\/em><\/p>\n<p><strong>Ementa:<\/strong> A Comunica\u00e7\u00e3o n\u00e3o violenta nas rela\u00e7\u00f5es cotidianas; Bem estar e Resili\u00eancia.<\/p>\n<p><strong>P\u00fablico Alvo<\/strong>: Servidores docentes e TAE\u2019s ativos*<\/p>\n<p><strong>Per\u00edodo de inscri\u00e7\u00e3o<\/strong>: 09\/09 a 22\/09\/2022<\/p>\n<p><strong>Divulga\u00e7\u00e3o das inscri\u00e7\u00f5es homologadas<\/strong>: 23\/09**, nesta p\u00e1gina.<\/p>\n<p>*Considerando a Pol\u00edtica Nacional de Desenvolvimento de Pessoas, conforme Decreto n\u00ba 9.991\/19, somente ser\u00e3o certificados os servidores p\u00fablicos pertencentes ao Quadro Efetivo da UFPel.<\/p>\n<p>**Quando homologadas as inscri\u00e7\u00f5es, os selecionados receber\u00e3o e-mail com instru\u00e7\u00f5es de acesso \u00e0 sala de WebConf da UFPel.<\/p>\n<p><strong><span style=\"color: #ff6600\"><a style=\"color: #ff6600\" href=\"https:\/\/wp.ufpel.edu.br\/progep\/files\/2022\/09\/Homologacao-A-Comunicacao-Assertiva-para-a-promocao-do-bem-estar-26-09-2022.pdf\" target=\"_blank\" rel=\"noopener\">INSCRI\u00c7\u00d5ES HOMOLOGADAS<\/a><\/span><\/strong><\/p>\n","protected":false},"excerpt":{"rendered":"<p>Facilitadora: Simone de Biazzi Avila Batista da Silveira (Professora da Universidade Federal do Rio Grande \u2013 FURG) Data: 26\/09\/2022 (segunda-feira) Hor\u00e1rio: das 14h \u00e0s 16h Realiza\u00e7\u00e3o:\u00a0plataforma Webconf da UFPel (na modalidade\u00a0on-line) Ementa: A Comunica\u00e7\u00e3o n\u00e3o violenta nas rela\u00e7\u00f5es cotidianas; Bem estar e Resili\u00eancia. P\u00fablico Alvo: Servidores docentes e TAE\u2019s ativos* Per\u00edodo de inscri\u00e7\u00e3o: 09\/09 a [&hellip;]<\/p>\n","protected":false},"author":21,"featured_media":0,"parent":0,"menu_order":0,"comment_status":"closed","ping_status":"closed","template":"","meta":{"footnotes":""},"class_list":["post-21153","page","type-page","status-publish","hentry"],"_links":{"self":[{"href":"https:\/\/wp.ufpel.edu.br\/progep\/wp-json\/wp\/v2\/pages\/21153","targetHints":{"allow":["GET"]}}],"collection":[{"href":"https:\/\/wp.ufpel.edu.br\/progep\/wp-json\/wp\/v2\/pages"}],"about":[{"href":"https:\/\/wp.ufpel.edu.br\/progep\/wp-json\/wp\/v2\/types\/page"}],"author":[{"embeddable":true,"href":"https:\/\/wp.ufpel.edu.br\/progep\/wp-json\/wp\/v2\/users\/21"}],"replies":[{"embeddable":true,"href":"https:\/\/wp.ufpel.edu.br\/progep\/wp-json\/wp\/v2\/comments?post=21153"}],"version-history":[{"count":8,"href":"https:\/\/wp.ufpel.edu.br\/progep\/wp-json\/wp\/v2\/pages\/21153\/revisions"}],"predecessor-version":[{"id":34042,"href":"https:\/\/wp.ufpel.edu.br\/progep\/wp-json\/wp\/v2\/pages\/21153\/revisions\/34042"}],"wp:attachment":[{"href":"https:\/\/wp.ufpel.edu.br\/progep\/wp-json\/wp\/v2\/media?parent=21153"}],"curies":[{"name":"wp","href":"https:\/\/api.w.org\/{rel}","templated":true}]}}