{"id":21039,"date":"2022-08-31T16:21:50","date_gmt":"2022-08-31T19:21:50","guid":{"rendered":"https:\/\/wp.ufpel.edu.br\/progep\/?page_id=21039"},"modified":"2025-06-30T14:25:34","modified_gmt":"2025-06-30T17:25:34","slug":"capacita-na-web-educacao-ambiental-na-ufpel-precisamos-falar-sobre-isso","status":"publish","type":"page","link":"https:\/\/wp.ufpel.edu.br\/progep\/capacita-na-web-educacao-ambiental-na-ufpel-precisamos-falar-sobre-isso\/","title":{"rendered":"Capacita\u00e7\u00e3o: Capacita na Web: Educa\u00e7\u00e3o Ambiental na UFPel: precisamos falar sobre isso"},"content":{"rendered":"<p><strong>Facilitadoras: <\/strong><br \/>\n\u2022 Greici Maia Behling (Bi\u00f3loga no N\u00facleo de Reabilita\u00e7\u00e3o da Fauna Silvestre, do Instituto de Biologia da UFPel)<br \/>\n\u2022\u00a0Luciara Bilhalva Corr\u00eaa (Professora no Centro de Engenharias da UFPel)<br \/>\n\u2022 Ana Paula Nunes (Professora no Departamento de Morfologia, do Instituto de Biologia da UFPel)<\/p>\n<p><strong>Data:<\/strong> 15\/09\/2022 (quinta-feira)<\/p>\n<p><strong>Hor\u00e1rio: <\/strong>das 14h \u00e0s 16h<\/p>\n<p><strong>Realiza\u00e7\u00e3o:<\/strong>\u00a0plataforma Webconf da UFPel (na modalidade\u00a0<em>on-line)<\/em><\/p>\n<p><strong>Ementa:<\/strong><br \/>\n\u2022 Afinal, o que \u00e9 Educa\u00e7\u00e3o Ambiental?<br \/>\n\u2022 A Educa\u00e7\u00e3o Ambiental no contexto universit\u00e1rio;<br \/>\n\u2022 A Educa\u00e7\u00e3o Ambiental na UFPEL;<br \/>\n\u2022 Como posso me tornar um educador ambiental?<br \/>\n\u2022 O que podemos fazer para materializar projetos de Educa\u00e7\u00e3o Ambiental na UFPEL?<br \/>\n\u2022 Elabora\u00e7\u00e3o de Projetos Socioambientais: um panorama.<\/p>\n<p><strong>P\u00fablico Alvo<\/strong>: Servidores docentes e TAE\u2019s ativos*<\/p>\n<p><strong>Per\u00edodo de inscri\u00e7\u00e3o<\/strong>: 31\/08 a 13\/09\/2022.<\/p>\n<p><strong>Divulga\u00e7\u00e3o das inscri\u00e7\u00f5es homologadas<\/strong>: 14\/09\/2022**, nesta p\u00e1gina.<\/p>\n<p>*Considerando a Pol\u00edtica Nacional de Desenvolvimento de Pessoas, conforme Decreto n\u00ba 9.991\/19, somente ser\u00e3o certificados os servidores p\u00fablicos pertencentes ao Quadro Efetivo da UFPel.<\/p>\n<p>**Quando homologadas as inscri\u00e7\u00f5es, os selecionados receber\u00e3o e-mail com instru\u00e7\u00f5es de acesso \u00e0 sala de Webconf da UFPel.<\/p>\n<hr \/>\n<p><strong><span style=\"color: #ff6600\"><a style=\"color: #ff6600\" href=\"https:\/\/wp.ufpel.edu.br\/progep\/files\/2022\/09\/Homologacao-Educacao-Ambiental-na-UFPel-15-09-2022.pdf\" target=\"_blank\" rel=\"noopener\">INSCRI\u00c7\u00d5ES HOMOLOGADAS<\/a><\/span><\/strong><\/p>\n<p>&nbsp;<\/p>\n<p>&nbsp;<\/p>\n","protected":false},"excerpt":{"rendered":"<p>Facilitadoras: \u2022 Greici Maia Behling (Bi\u00f3loga no N\u00facleo de Reabilita\u00e7\u00e3o da Fauna Silvestre, do Instituto de Biologia da UFPel) \u2022\u00a0Luciara Bilhalva Corr\u00eaa (Professora no Centro de Engenharias da UFPel) \u2022 Ana Paula Nunes (Professora no Departamento de Morfologia, do Instituto de Biologia da UFPel) Data: 15\/09\/2022 (quinta-feira) Hor\u00e1rio: das 14h \u00e0s 16h Realiza\u00e7\u00e3o:\u00a0plataforma Webconf da [&hellip;]<\/p>\n","protected":false},"author":21,"featured_media":0,"parent":0,"menu_order":0,"comment_status":"closed","ping_status":"closed","template":"","meta":{"footnotes":""},"class_list":["post-21039","page","type-page","status-publish","hentry"],"_links":{"self":[{"href":"https:\/\/wp.ufpel.edu.br\/progep\/wp-json\/wp\/v2\/pages\/21039","targetHints":{"allow":["GET"]}}],"collection":[{"href":"https:\/\/wp.ufpel.edu.br\/progep\/wp-json\/wp\/v2\/pages"}],"about":[{"href":"https:\/\/wp.ufpel.edu.br\/progep\/wp-json\/wp\/v2\/types\/page"}],"author":[{"embeddable":true,"href":"https:\/\/wp.ufpel.edu.br\/progep\/wp-json\/wp\/v2\/users\/21"}],"replies":[{"embeddable":true,"href":"https:\/\/wp.ufpel.edu.br\/progep\/wp-json\/wp\/v2\/comments?post=21039"}],"version-history":[{"count":11,"href":"https:\/\/wp.ufpel.edu.br\/progep\/wp-json\/wp\/v2\/pages\/21039\/revisions"}],"predecessor-version":[{"id":34037,"href":"https:\/\/wp.ufpel.edu.br\/progep\/wp-json\/wp\/v2\/pages\/21039\/revisions\/34037"}],"wp:attachment":[{"href":"https:\/\/wp.ufpel.edu.br\/progep\/wp-json\/wp\/v2\/media?parent=21039"}],"curies":[{"name":"wp","href":"https:\/\/api.w.org\/{rel}","templated":true}]}}