{"id":20885,"date":"2022-08-05T11:09:29","date_gmt":"2022-08-05T14:09:29","guid":{"rendered":"https:\/\/wp.ufpel.edu.br\/progep\/?page_id=20885"},"modified":"2025-06-30T14:25:21","modified_gmt":"2025-06-30T17:25:21","slug":"3a-edicao-workshop-emi-english-as-a-medium-of-instruction","status":"publish","type":"page","link":"https:\/\/wp.ufpel.edu.br\/progep\/3a-edicao-workshop-emi-english-as-a-medium-of-instruction\/","title":{"rendered":"Capacita\u00e7\u00e3o: Capacita\u00e7\u00e3o: 3\u00aa edi\u00e7\u00e3o Workshop EMI &#8211; English as a Medium of Instruction"},"content":{"rendered":"<p><strong>Ministrante: <\/strong>Simone Sarmento (Professora da Universidade Federal do Rio Grande do Sul &#8211; UFRGS)<\/p>\n<p><b>Modalidade: <\/b>Presencial<\/p>\n<p><strong>Carga hor\u00e1ria:<\/strong> 20 horas<\/p>\n<p><strong>Per\u00edodo<\/strong>: 01, 02 e 03 de setembro de 2022<\/p>\n<p>Os encontros presenciais ser\u00e3o realizados nos seguinte dias e hor\u00e1rios:<br \/>\n<strong> \u2022 01\/09\/2022<\/strong> (Quinta-feira), das 8h30 \u00e0s 12h e das 14h \u00e0s 17h30<br \/>\n<strong> \u2022 02\/09\/2022<\/strong> (Sexta-feira), das 8h30 \u00e0s 12h e das 14h \u00e0s 17h30<br \/>\n<strong> \u2022 03\/09\/2022<\/strong> (S\u00e1bado), das 8h30 \u00e0s 12h<\/p>\n<p><strong>S\u00famula<\/strong>:<br \/>\nConceitos-chave sobre ingl\u00eas como meio de instru\u00e7\u00e3o (EMI) e metodologias ativas;<br \/>\nAn\u00e1lise de necessidades;<br \/>\nDesenvolvimento de planos de curso em EMI;<br \/>\nElabora\u00e7\u00e3o de grades de avalia\u00e7\u00e3o<\/p>\n<p><b><strong>Avalia\u00e7\u00e3o: <\/strong><\/b>Frequ\u00eancia m\u00ednima de 75%. Participa\u00e7\u00e3o nos f\u00f3runs 50%; Entrega e apresenta\u00e7\u00e3o de trabalhos 50%<\/p>\n<p class=\"v1MsoNormal\"><strong>P\u00fablico Alvo<\/strong>: Docentes da UFPel vinculados a Programas de P\u00f3s-Gradua\u00e7\u00e3o <em>stricto sensu<\/em><\/p>\n<p><strong>N\u00famero de vagas:<\/strong> 25 vagas<\/p>\n<p style=\"text-align: left\"><strong>Per\u00edodo de inscri\u00e7\u00e3o<\/strong>: 1\u00ba de agosto de 2022 at\u00e9 \u00e0s 23h59 do dia <del>15 de agosto de 2022<\/del> (<a href=\"https:\/\/wp.ufpel.edu.br\/crinter\/2022\/08\/16\/workshop-emi-inscricoes-prorrogadas\/\"><strong><span style=\"color: #ff0000\">inscri\u00e7\u00f5es prorrogadas at\u00e9 25 de agosto de 2022, conforme Edital 16\/2022<\/span><\/strong><\/a>)<\/p>\n<p style=\"text-align: left\"><strong>Resultado preliminar<\/strong>: <span style=\"font-size: 12pt\"><del><span style=\"background-color: #ffffff\">17\/08\/2021,<\/span> nesta p\u00e1gina e no site da CRInter (<a href=\"https:\/\/wp.ufpel.edu.br\/crinter\/\" target=\"_blank\" rel=\"noopener\">https:\/\/wp.ufpel.edu.br\/crinter\/<\/a>)<\/del><\/span><\/p>\n<p><strong>Resultado final<\/strong>: <span style=\"background-color: #ffffff\"><del>20\/08\/2022<\/del> <span style=\"color: #ff0000\"><strong>26\/08\/2022<\/strong><\/span><\/span><\/p>\n<p>O Edital para sele\u00e7\u00e3o de candidatos \u00e0s vagas da 3\u00aa edi\u00e7\u00e3o do Workshop EMI, e o <strong><span style=\"color: #000000\">Formul\u00e1rio de Inscri\u00e7\u00f5es<\/span><\/strong> podem ser acessados no seguinte link:<span style=\"color: #000000\"> <strong><a style=\"color: #000000\" href=\"https:\/\/wp.ufpel.edu.br\/progep\/files\/2022\/08\/SEI_UFPel-1780887-Edital.pdf\">Edital n\u00ba 12\/2022 &#8211; EMI<\/a><\/strong><\/span><\/p>\n<hr \/>\n<p><span style=\"color: #ff6600\"><a style=\"color: #ff6600\" href=\"https:\/\/wp.ufpel.edu.br\/crinter\/2022\/08\/26\/resultado-final-edital-n-o-12-2022-workshop-emi\/\" target=\"_blank\" rel=\"noopener\"><strong>RESULTADO FINAL<\/strong><\/a><\/span> &#8211;\u00a0 Listagem de Inscritos &#8211; Edital n\u00ba 12\/2022 \u2013 3\u00aa edi\u00e7\u00e3o Workshop EMI &#8211; English as a Medium of Instruction<\/p>\n","protected":false},"excerpt":{"rendered":"<p>Ministrante: Simone Sarmento (Professora da Universidade Federal do Rio Grande do Sul &#8211; UFRGS) Modalidade: Presencial Carga hor\u00e1ria: 20 horas Per\u00edodo: 01, 02 e 03 de setembro de 2022 Os encontros presenciais ser\u00e3o realizados nos seguinte dias e hor\u00e1rios: \u2022 01\/09\/2022 (Quinta-feira), das 8h30 \u00e0s 12h e das 14h \u00e0s 17h30 \u2022 02\/09\/2022 (Sexta-feira), das [&hellip;]<\/p>\n","protected":false},"author":21,"featured_media":0,"parent":0,"menu_order":0,"comment_status":"closed","ping_status":"closed","template":"","meta":{"footnotes":""},"class_list":["post-20885","page","type-page","status-publish","hentry"],"_links":{"self":[{"href":"https:\/\/wp.ufpel.edu.br\/progep\/wp-json\/wp\/v2\/pages\/20885","targetHints":{"allow":["GET"]}}],"collection":[{"href":"https:\/\/wp.ufpel.edu.br\/progep\/wp-json\/wp\/v2\/pages"}],"about":[{"href":"https:\/\/wp.ufpel.edu.br\/progep\/wp-json\/wp\/v2\/types\/page"}],"author":[{"embeddable":true,"href":"https:\/\/wp.ufpel.edu.br\/progep\/wp-json\/wp\/v2\/users\/21"}],"replies":[{"embeddable":true,"href":"https:\/\/wp.ufpel.edu.br\/progep\/wp-json\/wp\/v2\/comments?post=20885"}],"version-history":[{"count":14,"href":"https:\/\/wp.ufpel.edu.br\/progep\/wp-json\/wp\/v2\/pages\/20885\/revisions"}],"predecessor-version":[{"id":34034,"href":"https:\/\/wp.ufpel.edu.br\/progep\/wp-json\/wp\/v2\/pages\/20885\/revisions\/34034"}],"wp:attachment":[{"href":"https:\/\/wp.ufpel.edu.br\/progep\/wp-json\/wp\/v2\/media?parent=20885"}],"curies":[{"name":"wp","href":"https:\/\/api.w.org\/{rel}","templated":true}]}}