{"id":20828,"date":"2022-07-26T11:45:29","date_gmt":"2022-07-26T14:45:29","guid":{"rendered":"https:\/\/wp.ufpel.edu.br\/progep\/?page_id=20828"},"modified":"2025-06-30T14:25:16","modified_gmt":"2025-06-30T17:25:16","slug":"capacita-na-web-paginas-e-posts-no-wordpress-institucional","status":"publish","type":"page","link":"https:\/\/wp.ufpel.edu.br\/progep\/capacita-na-web-paginas-e-posts-no-wordpress-institucional\/","title":{"rendered":"Capacita\u00e7\u00e3o: Capacita na Web: P\u00e1ginas e Posts no WordPress Institucional &#8211; Turma 1"},"content":{"rendered":"<p><strong>Facilitadores:<\/strong> Thomas de Aguiar de Oliveira, Henrique \u00c1vila Vianna, Leandro Weige Dias (Servidores T\u00e9cnico-administrativos da Superintend\u00eancia de Gest\u00e3o de Tecnologia da Informa\u00e7\u00e3o e Comunica\u00e7\u00e3o &#8211; SGTIC\/UFPel)<\/p>\n<p><strong>Data:<\/strong> 09 de agosto de 2022 (ter\u00e7a-feira)<\/p>\n<p><strong>Hor\u00e1rio: <\/strong>das 14h \u00e0s 16h<\/p>\n<p><strong>Realiza\u00e7\u00e3o:<\/strong>\u00a0plataforma Webconf da UFPel (na modalidade\u00a0<em>on-line)<\/em><\/p>\n<p><strong>Ementa:<br \/>\n<\/strong>\u2022 Diferen\u00e7as entre o uso de p\u00e1ginas e posts em um site wordpress;<br \/>\n\u2022 Ferramentas de edi\u00e7\u00e3o de texto no editor cl\u00e1ssico;<br \/>\n\u2022 Ativar e desativar o editor de blocos;<br \/>\n\u2022 Ferramentas de edi\u00e7\u00e3o no editor de blocos;<br \/>\n\u2022 Recursos de visibilidade do conte\u00fado;<br \/>\n\u2022 Recursos de edi\u00e7\u00e3o do conte\u00fado;<br \/>\n\u2022 Uso de plugins e shortcodes em p\u00e1ginas e posts;<br \/>\n\u2022 Adicionando p\u00e1ginas e posts aos menus.<\/p>\n<p><strong>P\u00fablico Alvo<\/strong>: Servidores docentes e TAE\u2019s ativos*<\/p>\n<p><strong>N\u00famero de vagas<\/strong>: 60 (limitadas por ordem de inscri\u00e7\u00e3o)**<\/p>\n<p><strong>Per\u00edodo de inscri\u00e7\u00e3o<\/strong>: 26\/07 a 04\/08\/2022<\/p>\n<p><strong>Divulga\u00e7\u00e3o das inscri\u00e7\u00f5es homologadas<\/strong>: 05\/08\/2022***, nesta p\u00e1gina.<\/p>\n<p>*Considerando a Pol\u00edtica Nacional de Desenvolvimento de Pessoas, conforme Decreto n\u00ba 9.991\/19, somente ser\u00e3o certificados os servidores p\u00fablicos pertencentes ao Quadro Efetivo da UFPel.<\/p>\n<p>**Vagas destinadas a servidores pertencentes ao Quadro Efetivo da UFPel, preferencialmente.<\/p>\n<p>***Quando homologadas as inscri\u00e7\u00f5es, os selecionados receber\u00e3o e-mail com instru\u00e7\u00f5es de acesso \u00e0 sala de Webconf da UFPel.<\/p>\n<p>&#8212;&#8212;<\/p>\n<p><strong><span style=\"color: #ff6600\"><a style=\"color: #ff6600\" href=\"https:\/\/wp.ufpel.edu.br\/progep\/files\/2022\/08\/Homologacao-Paginas-e-Posts-no-WordPress-Institucional.pdf\">INSCRI\u00c7\u00d5ES HOMOLOGADAS<\/a><\/span><\/strong><\/p>\n<p>&nbsp;<\/p>\n","protected":false},"excerpt":{"rendered":"<p>Facilitadores: Thomas de Aguiar de Oliveira, Henrique \u00c1vila Vianna, Leandro Weige Dias (Servidores T\u00e9cnico-administrativos da Superintend\u00eancia de Gest\u00e3o de Tecnologia da Informa\u00e7\u00e3o e Comunica\u00e7\u00e3o &#8211; SGTIC\/UFPel) Data: 09 de agosto de 2022 (ter\u00e7a-feira) Hor\u00e1rio: das 14h \u00e0s 16h Realiza\u00e7\u00e3o:\u00a0plataforma Webconf da UFPel (na modalidade\u00a0on-line) Ementa: \u2022 Diferen\u00e7as entre o uso de p\u00e1ginas e posts em [&hellip;]<\/p>\n","protected":false},"author":21,"featured_media":0,"parent":0,"menu_order":0,"comment_status":"closed","ping_status":"closed","template":"","meta":{"footnotes":""},"class_list":["post-20828","page","type-page","status-publish","hentry"],"_links":{"self":[{"href":"https:\/\/wp.ufpel.edu.br\/progep\/wp-json\/wp\/v2\/pages\/20828","targetHints":{"allow":["GET"]}}],"collection":[{"href":"https:\/\/wp.ufpel.edu.br\/progep\/wp-json\/wp\/v2\/pages"}],"about":[{"href":"https:\/\/wp.ufpel.edu.br\/progep\/wp-json\/wp\/v2\/types\/page"}],"author":[{"embeddable":true,"href":"https:\/\/wp.ufpel.edu.br\/progep\/wp-json\/wp\/v2\/users\/21"}],"replies":[{"embeddable":true,"href":"https:\/\/wp.ufpel.edu.br\/progep\/wp-json\/wp\/v2\/comments?post=20828"}],"version-history":[{"count":16,"href":"https:\/\/wp.ufpel.edu.br\/progep\/wp-json\/wp\/v2\/pages\/20828\/revisions"}],"predecessor-version":[{"id":34033,"href":"https:\/\/wp.ufpel.edu.br\/progep\/wp-json\/wp\/v2\/pages\/20828\/revisions\/34033"}],"wp:attachment":[{"href":"https:\/\/wp.ufpel.edu.br\/progep\/wp-json\/wp\/v2\/media?parent=20828"}],"curies":[{"name":"wp","href":"https:\/\/api.w.org\/{rel}","templated":true}]}}