{"id":20753,"date":"2022-07-15T16:03:06","date_gmt":"2022-07-15T19:03:06","guid":{"rendered":"https:\/\/wp.ufpel.edu.br\/progep\/?page_id=20753"},"modified":"2025-06-30T14:25:06","modified_gmt":"2025-06-30T17:25:06","slug":"capacita-na-web-territorios-um-convite-a-construcao-integrada-e-participativa-do-plano-diretor-e-da-politica-ambiental-da-ufpel","status":"publish","type":"page","link":"https:\/\/wp.ufpel.edu.br\/progep\/capacita-na-web-territorios-um-convite-a-construcao-integrada-e-participativa-do-plano-diretor-e-da-politica-ambiental-da-ufpel\/","title":{"rendered":"Capacita\u00e7\u00e3o: Capacita na Web: Territ\u00f3rios &#8211; Um convite \u00e0 constru\u00e7\u00e3o integrada e participativa do Plano Diretor e da Pol\u00edtica Ambiental da UFPEL"},"content":{"rendered":"<p><span style=\"font-family: georgia, palatino, serif;font-size: 12pt\"><strong>Facilitadores:<\/strong> Equipe do Processo de Planejamento Integrado Territ\u00f3rios<\/span><\/p>\n<p><span style=\"font-family: georgia, palatino, serif;font-size: 12pt\"><strong>Datas e hor\u00e1rios:<\/strong><span style=\"background-color: #ffff00\"><br \/>\n<\/span>\u2022 <span style=\"text-decoration: underline\">Turma A<\/span>: 01\/08 (segunda-feira) &#8211; das 14h \u00e0s 16h<\/span><br \/>\n<span style=\"font-family: georgia, palatino, serif;font-size: 12pt\">\u2022 <span style=\"text-decoration: underline\">Turma B<\/span>: <del>02\/08 (ter\u00e7a-feira) &#8211; das 9h \u00e0s 11h<\/del>\u00a0 (cancelada)<\/span><\/p>\n<p><span style=\"font-family: georgia, palatino, serif;font-size: 12pt\"><strong>Realiza\u00e7\u00e3o:<\/strong>\u00a0plataforma Webconf da UFPel (na modalidade\u00a0<em>on-line)<\/em><\/span><\/p>\n<p style=\"text-align: justify\"><span style=\"font-family: georgia, palatino, serif;font-size: 12pt\"><strong>Ementa:<\/strong> Apresenta\u00e7\u00e3o do Processo de Planejamento Integrado Territ\u00f3rios, que tem o objetivo de criar de forma integrada e participativa o Plano Diretor e a Pol\u00edtica Ambiental, para a comunidade acad\u00eamica.<\/span><\/p>\n<p><span style=\"font-family: georgia, palatino, serif;font-size: 12pt\"><strong>P\u00fablico Alvo<\/strong>: Servidores docentes e TAE\u2019s ativos*<\/span><\/p>\n<p><span style=\"font-family: georgia, palatino, serif;font-size: 12pt\"><strong>Per\u00edodo de inscri\u00e7\u00e3o<\/strong>: de 18\/07 a <del>27\/07\/2022<\/del> (inscri\u00e7\u00f5es prorrogadas at\u00e9 <strong>29\/07 \u00e0s 14h<\/strong>)<\/span><\/p>\n<p><span style=\"font-family: georgia, palatino, serif;font-size: 12pt\"><strong>Divulga\u00e7\u00e3o das inscri\u00e7\u00f5es homologadas<\/strong>: <del>28\/07\/2022<\/del>**, <strong>29\/07 (\u00e0 tarde)<\/strong> nesta p\u00e1gina.<\/span><\/p>\n<p style=\"text-align: justify\"><span style=\"font-family: georgia, palatino, serif;font-size: 12pt\">*Considerando a Pol\u00edtica Nacional de Desenvolvimento de Pessoas, conforme Decreto n\u00ba 9.991\/19, somente ser\u00e3o certificados os servidores p\u00fablicos pertencentes ao Quadro Efetivo da UFPel.<\/span><\/p>\n<p style=\"text-align: justify\"><span style=\"font-family: georgia, palatino, serif;font-size: 12pt\">**Quando homologadas as inscri\u00e7\u00f5es, os selecionados receber\u00e3o e-mail com instru\u00e7\u00f5es de acesso \u00e0 sala de Webconf da UFPel.<\/span><\/p>\n<p><span style=\"color: #ff6600\"><strong><a style=\"color: #ff6600\" href=\"https:\/\/wp.ufpel.edu.br\/progep\/files\/2022\/07\/Homologacao-Turma-A-Territorios-\u2013-Um-convite-a-construcao-integrada.pdf\">INSCRI\u00c7\u00d5ES HOMOLOGADAS (Turma A &#8211; 1\u00b0\/08 &#8211; 14h)<\/a><\/strong><\/span><\/p>\n<p>&nbsp;<\/p>\n<p>&nbsp;<\/p>\n","protected":false},"excerpt":{"rendered":"<p>Facilitadores: Equipe do Processo de Planejamento Integrado Territ\u00f3rios Datas e hor\u00e1rios: \u2022 Turma A: 01\/08 (segunda-feira) &#8211; das 14h \u00e0s 16h \u2022 Turma B: 02\/08 (ter\u00e7a-feira) &#8211; das 9h \u00e0s 11h\u00a0 (cancelada) Realiza\u00e7\u00e3o:\u00a0plataforma Webconf da UFPel (na modalidade\u00a0on-line) Ementa: Apresenta\u00e7\u00e3o do Processo de Planejamento Integrado Territ\u00f3rios, que tem o objetivo de criar de forma integrada [&hellip;]<\/p>\n","protected":false},"author":21,"featured_media":0,"parent":0,"menu_order":0,"comment_status":"closed","ping_status":"closed","template":"","meta":{"footnotes":""},"class_list":["post-20753","page","type-page","status-publish","hentry"],"_links":{"self":[{"href":"https:\/\/wp.ufpel.edu.br\/progep\/wp-json\/wp\/v2\/pages\/20753","targetHints":{"allow":["GET"]}}],"collection":[{"href":"https:\/\/wp.ufpel.edu.br\/progep\/wp-json\/wp\/v2\/pages"}],"about":[{"href":"https:\/\/wp.ufpel.edu.br\/progep\/wp-json\/wp\/v2\/types\/page"}],"author":[{"embeddable":true,"href":"https:\/\/wp.ufpel.edu.br\/progep\/wp-json\/wp\/v2\/users\/21"}],"replies":[{"embeddable":true,"href":"https:\/\/wp.ufpel.edu.br\/progep\/wp-json\/wp\/v2\/comments?post=20753"}],"version-history":[{"count":15,"href":"https:\/\/wp.ufpel.edu.br\/progep\/wp-json\/wp\/v2\/pages\/20753\/revisions"}],"predecessor-version":[{"id":34031,"href":"https:\/\/wp.ufpel.edu.br\/progep\/wp-json\/wp\/v2\/pages\/20753\/revisions\/34031"}],"wp:attachment":[{"href":"https:\/\/wp.ufpel.edu.br\/progep\/wp-json\/wp\/v2\/media?parent=20753"}],"curies":[{"name":"wp","href":"https:\/\/api.w.org\/{rel}","templated":true}]}}