{"id":2071,"date":"2011-04-12T16:49:57","date_gmt":"2011-04-12T19:49:57","guid":{"rendered":"https:\/\/wp.ufpel.edu.br\/prgrh\/"},"modified":"2012-03-21T17:23:47","modified_gmt":"2012-03-21T20:23:47","slug":"cursos-2011","status":"publish","type":"page","link":"https:\/\/wp.ufpel.edu.br\/progep\/cdp\/cursos-2011\/","title":{"rendered":"Cursos de Capacita\u00e7\u00e3o \u2013 2011"},"content":{"rendered":"<p><span style=\"color: #000000\"><strong> <\/strong><\/span><\/p>\n<p><strong> <\/strong><\/p>\n<p><strong> <\/strong><\/p>\n<p><span style=\"color: #ff6600\"><strong><span style=\"color: #000000\">Aspectos Gramaticais da L\u00edngua Portuguesa (60h)<\/span><\/strong><\/span><\/p>\n<p><span style=\"color: #ff6600\"><strong><span style=\"color: #000000\">Boas Pr\u00e1ticas para Servi\u00e7os de Alimenta\u00e7\u00e3o (20h) \u2013 2 turmas<\/span><\/strong><\/span><\/p>\n<p><span style=\"color: #ff6600\"><strong><span style=\"color: #000000\">Ingl\u00eas \u2013 M\u00f3dulo II (90h)<\/span><\/strong><\/span><\/p>\n<p><span style=\"color: #ff6600\"><strong><span style=\"color: #000000\">Ingl\u00eas \u2013 M\u00f3dulo III (90h) &#8211; 3 turmas<\/span><\/strong><\/span><\/p>\n<p><span style=\"color: #ff6600\"><strong><span style=\"color: #000000\">Ingl\u00eas \u2013 M\u00f3dulo IV (90h)<\/span><\/strong><\/span><\/p>\n<p><span style=\"color: #ff6600\"><strong><span style=\"color: #000000\">Espanhol \u2013 M\u00f3dulo III (90h)<\/span><\/strong><\/span><\/p>\n<p><span style=\"color: #ff6600\"><strong><span style=\"color: #000000\">Espanhol \u2013 M\u00f3dulo IV (90h)<\/span><\/strong><\/span><\/p>\n<p><span style=\"color: #ff6600\"><strong><span style=\"color: #000000\">Leitura e Produ\u00e7\u00e3o Textual (120)<\/span><\/strong><\/span><\/p>\n<p><span style=\"color: #ff6600\"><strong><span style=\"color: #000000\">L\u00edngua Brasileira de Sinais \u2013 B\u00e1sico (90h)<\/span><\/strong><\/span><\/p>\n<p><span style=\"color: #ff6600\"><strong><span style=\"color: #000000\">L\u00edngua Brasileira de Sinais \u2013 Avan\u00e7ado (90h)<\/span><\/strong><\/span><\/p>\n<p><span style=\"color: #ff6600\"><strong><span style=\"color: #000000\">Capacita\u00e7\u00e3o em Aplicativo Gerenciador de Banco de Dados Access &#8211; B\u00e1sico (20h)<\/span><\/strong><\/span><\/p>\n<p><span style=\"color: #ff6600\"><strong><span style=\"color: #000000\">PCCTAE (90h)<\/span><\/strong><\/span><\/p>\n<p><span style=\"color: #ff6600\"><strong><span style=\"color: #000000\">Pol\u00edtica Nacional de Res\u00edduos S\u00f3lidos &#8211; (120h)<\/span><\/strong><\/span><\/p>\n<p><span style=\"color: #ff6600\"><strong><span style=\"color: #000000\">Programa de Desenvolvimento de Gestores de Desempenho (40h) &#8211; 4 turmas<\/span><\/strong><\/span><\/p>\n<p><span style=\"color: #ff6600\"><strong><span style=\"color: #000000\">Regime Jur\u00eddico dos Servidores P\u00fablicos Civis da Uni\u00e3o (90h)<\/span><\/strong><\/span><\/p>\n<p><span style=\"color: #ff6600\"><strong><span style=\"color: #000000\">Treinamento em Biosseguran\u00e7a (4h)<\/span><\/strong><\/span><\/p>\n<p><span style=\"color: #ff6600\"><strong><span style=\"color: #000000\">Treinamento em Primeiros Socorros B\u00e1sico (4h)<\/span><\/strong><\/span><\/p>\n<p><span style=\"color: #ff6600\"><strong><span style=\"color: #000000\">Treinamento em Primeiros Socorros Avan\u00e7ado\u00a0(2h)<\/span><\/strong><\/span><\/p>\n","protected":false},"excerpt":{"rendered":"<p>Aspectos Gramaticais da L\u00edngua Portuguesa (60h) Boas Pr\u00e1ticas para Servi\u00e7os de Alimenta\u00e7\u00e3o (20h) \u2013 2 turmas Ingl\u00eas \u2013 M\u00f3dulo II (90h) Ingl\u00eas \u2013 M\u00f3dulo III (90h) &#8211; 3 turmas Ingl\u00eas \u2013 M\u00f3dulo IV (90h) Espanhol \u2013 M\u00f3dulo III (90h) Espanhol \u2013 M\u00f3dulo IV (90h) Leitura e Produ\u00e7\u00e3o Textual (120) L\u00edngua Brasileira de Sinais \u2013 B\u00e1sico [&hellip;]<\/p>\n","protected":false},"author":21,"featured_media":0,"parent":296,"menu_order":7,"comment_status":"closed","ping_status":"closed","template":"","meta":{"footnotes":""},"class_list":["post-2071","page","type-page","status-publish","hentry"],"_links":{"self":[{"href":"https:\/\/wp.ufpel.edu.br\/progep\/wp-json\/wp\/v2\/pages\/2071","targetHints":{"allow":["GET"]}}],"collection":[{"href":"https:\/\/wp.ufpel.edu.br\/progep\/wp-json\/wp\/v2\/pages"}],"about":[{"href":"https:\/\/wp.ufpel.edu.br\/progep\/wp-json\/wp\/v2\/types\/page"}],"author":[{"embeddable":true,"href":"https:\/\/wp.ufpel.edu.br\/progep\/wp-json\/wp\/v2\/users\/21"}],"replies":[{"embeddable":true,"href":"https:\/\/wp.ufpel.edu.br\/progep\/wp-json\/wp\/v2\/comments?post=2071"}],"version-history":[{"count":23,"href":"https:\/\/wp.ufpel.edu.br\/progep\/wp-json\/wp\/v2\/pages\/2071\/revisions"}],"predecessor-version":[{"id":2076,"href":"https:\/\/wp.ufpel.edu.br\/progep\/wp-json\/wp\/v2\/pages\/2071\/revisions\/2076"}],"up":[{"embeddable":true,"href":"https:\/\/wp.ufpel.edu.br\/progep\/wp-json\/wp\/v2\/pages\/296"}],"wp:attachment":[{"href":"https:\/\/wp.ufpel.edu.br\/progep\/wp-json\/wp\/v2\/media?parent=2071"}],"curies":[{"name":"wp","href":"https:\/\/api.w.org\/{rel}","templated":true}]}}