{"id":20709,"date":"2022-07-06T15:23:53","date_gmt":"2022-07-06T18:23:53","guid":{"rendered":"https:\/\/wp.ufpel.edu.br\/progep\/?page_id=20709"},"modified":"2022-07-26T11:44:32","modified_gmt":"2022-07-26T14:44:32","slug":"chamada-publica-01-2022","status":"publish","type":"page","link":"https:\/\/wp.ufpel.edu.br\/progep\/administracao-de-pessoal\/chamada-publica-remocoes\/chamada-publica-01-2022\/","title":{"rendered":"Chamada P\u00fablica 01\/2022"},"content":{"rendered":"<p><a href=\"https:\/\/wp.ufpel.edu.br\/progep\/files\/2022\/07\/SEI_23110.025136_2022_02.pdf\">Chamada P\u00fablica de Remo\u00e7\u00e3o N\u00ba 01\/2022<\/a><\/p>\n<p><a href=\"https:\/\/wp.ufpel.edu.br\/progep\/files\/2022\/07\/SEI_UFPel-1790573-Edital-PROGEP.pdf\">Resultado Parcial Chamada P\u00fablica de Remo\u00e7\u00e3o &#8211; Edital N\u00ba 03\/2022<\/a><\/p>\n<p><a href=\"https:\/\/wp.ufpel.edu.br\/progep\/files\/2022\/07\/Resultado-Final-Chamada-Publica-de-Remocao-\u2013-Edital-no-03.2022.pdf\">Resultado Final Chamada P\u00fablica de Remo\u00e7\u00e3o \u2013 Edital n\u00ba 04\/2022<\/a><\/p>\n<p>&nbsp;<\/p>\n","protected":false},"excerpt":{"rendered":"<p>Chamada P\u00fablica de Remo\u00e7\u00e3o N\u00ba 01\/2022 Resultado Parcial Chamada P\u00fablica de Remo\u00e7\u00e3o &#8211; Edital N\u00ba 03\/2022 Resultado Final Chamada P\u00fablica de Remo\u00e7\u00e3o \u2013 Edital n\u00ba 04\/2022 &nbsp;<\/p>\n","protected":false},"author":52,"featured_media":0,"parent":20692,"menu_order":0,"comment_status":"closed","ping_status":"closed","template":"","meta":{"footnotes":""},"class_list":["post-20709","page","type-page","status-publish","hentry"],"_links":{"self":[{"href":"https:\/\/wp.ufpel.edu.br\/progep\/wp-json\/wp\/v2\/pages\/20709","targetHints":{"allow":["GET"]}}],"collection":[{"href":"https:\/\/wp.ufpel.edu.br\/progep\/wp-json\/wp\/v2\/pages"}],"about":[{"href":"https:\/\/wp.ufpel.edu.br\/progep\/wp-json\/wp\/v2\/types\/page"}],"author":[{"embeddable":true,"href":"https:\/\/wp.ufpel.edu.br\/progep\/wp-json\/wp\/v2\/users\/52"}],"replies":[{"embeddable":true,"href":"https:\/\/wp.ufpel.edu.br\/progep\/wp-json\/wp\/v2\/comments?post=20709"}],"version-history":[{"count":7,"href":"https:\/\/wp.ufpel.edu.br\/progep\/wp-json\/wp\/v2\/pages\/20709\/revisions"}],"predecessor-version":[{"id":20831,"href":"https:\/\/wp.ufpel.edu.br\/progep\/wp-json\/wp\/v2\/pages\/20709\/revisions\/20831"}],"up":[{"embeddable":true,"href":"https:\/\/wp.ufpel.edu.br\/progep\/wp-json\/wp\/v2\/pages\/20692"}],"wp:attachment":[{"href":"https:\/\/wp.ufpel.edu.br\/progep\/wp-json\/wp\/v2\/media?parent=20709"}],"curies":[{"name":"wp","href":"https:\/\/api.w.org\/{rel}","templated":true}]}}