{"id":20688,"date":"2022-07-06T14:56:44","date_gmt":"2022-07-06T17:56:44","guid":{"rendered":"https:\/\/wp.ufpel.edu.br\/progep\/?page_id=20688"},"modified":"2025-06-30T14:25:01","modified_gmt":"2025-06-30T17:25:01","slug":"capacita-na-web-o-papel-da-lingua-inglesa-na-internacionalizacao-da-atividade-academica","status":"publish","type":"page","link":"https:\/\/wp.ufpel.edu.br\/progep\/capacita-na-web-o-papel-da-lingua-inglesa-na-internacionalizacao-da-atividade-academica\/","title":{"rendered":"Capacita\u00e7\u00e3o: Capacita na Web: O papel da l\u00edngua inglesa na internacionaliza\u00e7\u00e3o da atividade acad\u00eamica"},"content":{"rendered":"<p style=\"text-align: justify\"><span style=\"font-family: georgia, palatino, serif;font-size: 12pt\"><strong>Facilitadora:<\/strong> Simone Sarmento (Professora da Universidade Federal do Rio Grande do Sul &#8211; UFRGS)<\/span><\/p>\n<p style=\"text-align: justify\"><strong>Mediadora:<\/strong> Helena Vitalina Selbach (Professora do Centro de Letras e Comunica\u00e7\u00e3o &#8211; CLC\/UFPel)<\/p>\n<p><span style=\"font-family: georgia, palatino, serif;font-size: 12pt\"><strong>Data:<\/strong> 22\/07\/2022 (sexta-feira)<\/span><\/p>\n<p><span style=\"font-family: georgia, palatino, serif;font-size: 12pt\"><strong>Hor\u00e1rio: <\/strong>das 14h \u00e0s 15h30<\/span><\/p>\n<p><span style=\"font-family: georgia, palatino, serif;font-size: 12pt\"><strong>Realiza\u00e7\u00e3o:<\/strong>\u00a0plataforma Webconf da UFPel (na modalidade\u00a0<em>on-line)<\/em><\/span><\/p>\n<p><span style=\"font-family: georgia, palatino, serif;font-size: 12pt\"><strong>Ementa:<br \/>\n<\/strong><\/span><span style=\"font-family: georgia, palatino, serif;font-size: 12pt\">\u00a0\u2022 Panorama sobre o uso da l\u00edngua inglesa no ensino superior brasileiro<br \/>\n<\/span><span style=\"font-family: georgia, palatino, serif;font-size: 12pt\">\u00a0\u2022 Definindo English as a Medium of Instruction (EMI)<br \/>\n<\/span><span style=\"font-family: georgia, palatino, serif;font-size: 12pt\">\u00a0\u2022 Principais benef\u00edcios e desafios na pr\u00e1tica de EMI<\/span><\/p>\n<p><span style=\"font-family: georgia, palatino, serif;font-size: 12pt\"><strong>P\u00fablico Alvo<\/strong>: Servidores docentes e TAE\u2019s ativos*<\/span><\/p>\n<p><span style=\"font-family: georgia, palatino, serif;font-size: 12pt\"><strong>Per\u00edodo de inscri\u00e7\u00e3o<\/strong>: 06\/07 a 19\/07\/2022<\/span><\/p>\n<p><span style=\"font-family: georgia, palatino, serif;font-size: 12pt\"><strong>Divulga\u00e7\u00e3o das inscri\u00e7\u00f5es homologadas<\/strong>: 20\/07\/2022**, nesta p\u00e1gina.<\/span><\/p>\n<p style=\"text-align: justify\"><span style=\"font-family: georgia, palatino, serif;font-size: 12pt\">*Considerando a Pol\u00edtica Nacional de Desenvolvimento de Pessoas, conforme Decreto n\u00ba 9.991\/19, somente ser\u00e3o certificados os servidores p\u00fablicos pertencentes ao Quadro Efetivo da UFPel.<\/span><\/p>\n<p style=\"text-align: justify\"><span style=\"font-family: georgia, palatino, serif;font-size: 12pt\">**Quando homologadas as inscri\u00e7\u00f5es, os selecionados receber\u00e3o e-mail com instru\u00e7\u00f5es de acesso \u00e0 sala de Webconf da UFPel.<\/span><\/p>\n<p><span style=\"text-decoration: underline\"><span style=\"color: #ff6600\"><strong><a style=\"color: #ff6600;text-decoration: underline\" href=\"https:\/\/wp.ufpel.edu.br\/progep\/files\/2022\/07\/Inscricoes-Homologadas-O-papel-da-lingua-inglesa-na-internacionalizacao-da-atividade-academica.pdf\" target=\"_blank\" rel=\"noopener\">INSCRI\u00c7\u00d5ES HOMOLOGADAS<\/a><\/strong><\/span><\/span><\/p>\n<p>&nbsp;<\/p>\n","protected":false},"excerpt":{"rendered":"<p>Facilitadora: Simone Sarmento (Professora da Universidade Federal do Rio Grande do Sul &#8211; UFRGS) Mediadora: Helena Vitalina Selbach (Professora do Centro de Letras e Comunica\u00e7\u00e3o &#8211; CLC\/UFPel) Data: 22\/07\/2022 (sexta-feira) Hor\u00e1rio: das 14h \u00e0s 15h30 Realiza\u00e7\u00e3o:\u00a0plataforma Webconf da UFPel (na modalidade\u00a0on-line) Ementa: \u00a0\u2022 Panorama sobre o uso da l\u00edngua inglesa no ensino superior brasileiro \u00a0\u2022 [&hellip;]<\/p>\n","protected":false},"author":21,"featured_media":0,"parent":0,"menu_order":0,"comment_status":"closed","ping_status":"closed","template":"","meta":{"footnotes":""},"class_list":["post-20688","page","type-page","status-publish","hentry"],"_links":{"self":[{"href":"https:\/\/wp.ufpel.edu.br\/progep\/wp-json\/wp\/v2\/pages\/20688","targetHints":{"allow":["GET"]}}],"collection":[{"href":"https:\/\/wp.ufpel.edu.br\/progep\/wp-json\/wp\/v2\/pages"}],"about":[{"href":"https:\/\/wp.ufpel.edu.br\/progep\/wp-json\/wp\/v2\/types\/page"}],"author":[{"embeddable":true,"href":"https:\/\/wp.ufpel.edu.br\/progep\/wp-json\/wp\/v2\/users\/21"}],"replies":[{"embeddable":true,"href":"https:\/\/wp.ufpel.edu.br\/progep\/wp-json\/wp\/v2\/comments?post=20688"}],"version-history":[{"count":9,"href":"https:\/\/wp.ufpel.edu.br\/progep\/wp-json\/wp\/v2\/pages\/20688\/revisions"}],"predecessor-version":[{"id":34030,"href":"https:\/\/wp.ufpel.edu.br\/progep\/wp-json\/wp\/v2\/pages\/20688\/revisions\/34030"}],"wp:attachment":[{"href":"https:\/\/wp.ufpel.edu.br\/progep\/wp-json\/wp\/v2\/media?parent=20688"}],"curies":[{"name":"wp","href":"https:\/\/api.w.org\/{rel}","templated":true}]}}