{"id":20593,"date":"2022-06-24T12:19:02","date_gmt":"2022-06-24T15:19:02","guid":{"rendered":"https:\/\/wp.ufpel.edu.br\/progep\/?page_id=20593"},"modified":"2025-06-11T15:02:15","modified_gmt":"2025-06-11T18:02:15","slug":"nomeacoes-edital-03-2022","status":"publish","type":"page","link":"https:\/\/wp.ufpel.edu.br\/progep\/nomeacoes-edital-03-2022\/","title":{"rendered":"Nomea\u00e7\u00f5es &#8211; Edital 03\/2022"},"content":{"rendered":"\n<div class=\"wp-block-group\" style=\"padding:0\"><div class=\"wp-block-group__inner-container is-layout-constrained wp-block-group-is-layout-constrained\">\n<div class=\"logoTituloModelStyle\" style=\"padding:0\"><img class=\"size-medium wp-image-27184 alignleft\" src=\"https:\/\/wp.ufpel.edu.br\/progep\/files\/2025\/03\/logo-progep_atualizacao-nome_AZUL.png\" style=\"padding:0\" alt=\"\" \/><\/p>\n<div style=\"padding:2rem 0.3rem\"><strong>Nomea\u00e7\u00f5es &#8211; Edital 03\/2022<\/strong><\/div>\n<\/div>\n<hr class=\"hrModelStyle\" \/>\n<div class=\"descriptionModelStyle\">Acompanhe nesta p\u00e1gina a publica\u00e7\u00e3o dos\/as nomeados\/as para cargos t\u00e9cnicos na UFPEL.<\/div>\n<\/div><\/div>\n\n\n<div class=\"pagNomeacoesStyle\">\n<div class=\"cargosNomeConvStyle\">\n<div class=\"cargosTitleStyle\"> Cargos nesta p\u00e1gina:<\/div>\n<div class=\"cargosStyle\">\n<p>T\u00e9cnico em Tecnologia da Informa\u00e7\u00e3o<\/p>\n<\/div>\n<\/div>\n<p> Confira a p\u00e1gina com as informa\u00e7\u00f5es a respeito do certame: <\/p>\n<a href=\"http:\/\/ces.ufpel.edu.br\/conctecadmed0003_2022\/\" target=\"_blank\">Certame do Edital 03\/2022<\/a>\n<div class=\"titleStyle\"><strong>Cargo<\/strong>: T\u00e9cnico em Tecnologia da Informa\u00e7\u00e3o<\/div>\n\n<table id=\"tablepress-90\" class=\"tablepress tablepress-id-90\">\n<thead>\n<tr class=\"row-1\">\n\t<th class=\"column-1\">Posi\u00e7\u00e3o<\/th><th class=\"column-2\">Nome<\/th><th class=\"column-3\">Modalidade<\/th><th class=\"column-4\">Situa\u00e7\u00e3o<\/th>\n<\/tr>\n<\/thead>\n<tbody class=\"row-striping row-hover\">\n<tr class=\"row-2\">\n\t<td class=\"column-1\">1\u00ba<\/td><td class=\"column-2\">ARTHUR CARDOZO GODINHO<\/td><td class=\"column-3\">AC<\/td><td class=\"column-4\">Nomeado em 26\/07\/2022<\/td>\n<\/tr>\n<tr class=\"row-3\">\n\t<td class=\"column-1\">2\u00ba<\/td><td class=\"column-2\">DIEGO SCHILD SMITHS<\/td><td class=\"column-3\">AC<\/td><td class=\"column-4\">Nomeado em 26\/07\/2022<\/td>\n<\/tr>\n<tr class=\"row-4\">\n\t<td class=\"column-1\">3\u00ba<\/td><td class=\"column-2\">LUCAS DE SOUZA COLOMBY<\/td><td class=\"column-3\">AC<\/td><td class=\"column-4\">Nomeado em 26\/07\/2022<\/td>\n<\/tr>\n<tr class=\"row-5\">\n\t<td class=\"column-1\">4\u00ba<\/td><td class=\"column-2\">DIOGO KOLINSKI SILVA<\/td><td class=\"column-3\">AC<\/td><td class=\"column-4\">Nomeado em 26\/07\/2022<\/td>\n<\/tr>\n<tr class=\"row-6\">\n\t<td class=\"column-1\">5\u00ba<\/td><td class=\"column-2\">RAFAEL TELES CARDOSO<\/td><td class=\"column-3\">PCD<\/td><td class=\"column-4\">Nomeado em 26\/07\/2022<\/td>\n<\/tr>\n<tr class=\"row-7\">\n\t<td class=\"column-1\">6\u00ba<\/td><td class=\"column-2\">ANDRE LUIS PORTO EINHARDT<\/td><td class=\"column-3\">AC<\/td><td class=\"column-4\">Nomeado em 26\/07\/2022<\/td>\n<\/tr>\n<tr class=\"row-8\">\n\t<td class=\"column-1\">7\u00ba<\/td><td class=\"column-2\">LEONARDO PINTO MANETTI<\/td><td class=\"column-3\">AC<\/td><td class=\"column-4\">Nomeado em 02\/08\/2022<\/td>\n<\/tr>\n<tr class=\"row-9\">\n\t<td class=\"column-1\">8\u00ba<\/td><td class=\"column-2\">LIDIANE COSTA DA SILVA<\/td><td class=\"column-3\">AC<\/td><td class=\"column-4\">Nomeada em 01\/12\/2022<\/td>\n<\/tr>\n<tr class=\"row-10\">\n\t<td class=\"column-1\">9\u00ba<\/td><td class=\"column-2\">JULIANO IGANCI MACEDO<\/td><td class=\"column-3\">AC<\/td><td class=\"column-4\">Nomeado em 07\/03\/2024<\/td>\n<\/tr>\n<tr class=\"row-11\">\n\t<td class=\"column-1\">10\u00ba<\/td><td class=\"column-2\">RAFAEL TONON DA SILVA<\/td><td class=\"column-3\">AC<\/td><td class=\"column-4\">Nomeado em 07\/03\/2024<\/td>\n<\/tr>\n<\/tbody>\n<\/table>\n<!-- #tablepress-90 from cache -->\n<\/div>","protected":false},"excerpt":{"rendered":"<p>Nomea\u00e7\u00f5es &#8211; Edital 03\/2022 Acompanhe nesta p\u00e1gina a publica\u00e7\u00e3o dos\/as nomeados\/as para cargos t\u00e9cnicos na UFPEL. Cargos nesta p\u00e1gina: T\u00e9cnico em Tecnologia da Informa\u00e7\u00e3o Confira a p\u00e1gina com as informa\u00e7\u00f5es a respeito do certame: Certame do Edital 03\/2022 Cargo: T\u00e9cnico em Tecnologia da Informa\u00e7\u00e3o<\/p>\n","protected":false},"author":52,"featured_media":0,"parent":0,"menu_order":0,"comment_status":"closed","ping_status":"closed","template":"","meta":{"footnotes":""},"class_list":["post-20593","page","type-page","status-publish","hentry"],"_links":{"self":[{"href":"https:\/\/wp.ufpel.edu.br\/progep\/wp-json\/wp\/v2\/pages\/20593","targetHints":{"allow":["GET"]}}],"collection":[{"href":"https:\/\/wp.ufpel.edu.br\/progep\/wp-json\/wp\/v2\/pages"}],"about":[{"href":"https:\/\/wp.ufpel.edu.br\/progep\/wp-json\/wp\/v2\/types\/page"}],"author":[{"embeddable":true,"href":"https:\/\/wp.ufpel.edu.br\/progep\/wp-json\/wp\/v2\/users\/52"}],"replies":[{"embeddable":true,"href":"https:\/\/wp.ufpel.edu.br\/progep\/wp-json\/wp\/v2\/comments?post=20593"}],"version-history":[{"count":13,"href":"https:\/\/wp.ufpel.edu.br\/progep\/wp-json\/wp\/v2\/pages\/20593\/revisions"}],"predecessor-version":[{"id":33128,"href":"https:\/\/wp.ufpel.edu.br\/progep\/wp-json\/wp\/v2\/pages\/20593\/revisions\/33128"}],"wp:attachment":[{"href":"https:\/\/wp.ufpel.edu.br\/progep\/wp-json\/wp\/v2\/media?parent=20593"}],"curies":[{"name":"wp","href":"https:\/\/api.w.org\/{rel}","templated":true}]}}