{"id":20562,"date":"2022-06-23T15:32:38","date_gmt":"2022-06-23T18:32:38","guid":{"rendered":"https:\/\/wp.ufpel.edu.br\/progep\/?page_id=20562"},"modified":"2025-06-30T14:23:57","modified_gmt":"2025-06-30T17:23:57","slug":"capacita-na-web-origem-e-possibilidades-da-gestao-ambiental-para-o-contexto-universitario","status":"publish","type":"page","link":"https:\/\/wp.ufpel.edu.br\/progep\/capacita-na-web-origem-e-possibilidades-da-gestao-ambiental-para-o-contexto-universitario\/","title":{"rendered":"Capacita\u00e7\u00e3o: Capacita na Web: Origem e possibilidades da Gest\u00e3o ambiental para o contexto universit\u00e1rio"},"content":{"rendered":"<p><strong>Facilitadores: <\/strong>Fernanda Medeiros Gon\u00e7alves e Mateus Lopes da Silva ((Professores do Centro de Integra\u00e7\u00e3o do MERCOSUL)<\/p>\n<p><strong>Data:<\/strong> 15\/07\/2022 (sexta-feira)<\/p>\n<p><strong>Hor\u00e1rio: <\/strong>das 09h \u00e0s 11h<\/p>\n<p><strong>Realiza\u00e7\u00e3o:<\/strong>\u00a0plataforma Webconf da UFPel (na modalidade\u00a0<em>on-line)<\/em><\/p>\n<p><strong>Ementa:<br \/>\n<\/strong>O conte\u00fado ambiental da constitui\u00e7\u00e3o federal de 1988;<br \/>\nO projeto de Lei Federal do Gestor ambiental;<br \/>\nA Educa\u00e7\u00e3o ambiental na Universidade e os deveres e possibilidades da gest\u00e3o ambiental.<strong><br \/>\n<\/strong><\/p>\n<p><strong>P\u00fablico Alvo<\/strong>: Servidores docentes e TAE\u2019s ativos*<\/p>\n<p><strong>Per\u00edodo de inscri\u00e7\u00e3o<\/strong>: 24\/06 a 12\/07\/2022<\/p>\n<p><strong>Divulga\u00e7\u00e3o das inscri\u00e7\u00f5es homologadas<\/strong>: 13\/07**, nesta p\u00e1gina.<\/p>\n<p>*Considerando a Pol\u00edtica Nacional de Desenvolvimento de Pessoas, conforme Decreto n\u00ba 9.991\/19, somente ser\u00e3o certificados os servidores p\u00fablicos pertencentes ao Quadro Efetivo da UFPel.<\/p>\n<p>**Quando homologadas as inscri\u00e7\u00f5es, os selecionados receber\u00e3o e-mail com instru\u00e7\u00f5es de acesso \u00e0 sala de Webconf da UFPel.<\/p>\n<p><strong><span style=\"color: #ff6600\"><a style=\"color: #ff6600\" href=\"https:\/\/wp.ufpel.edu.br\/progep\/files\/2022\/07\/Inscricoes-Homologadas-Gestao-ambiental-contexto-universitario.pdf\">INSCRI\u00c7\u00d5ES HOMOLOGADAS<\/a><\/span><\/strong><\/p>\n<p>&nbsp;<\/p>\n","protected":false},"excerpt":{"rendered":"<p>Facilitadores: Fernanda Medeiros Gon\u00e7alves e Mateus Lopes da Silva ((Professores do Centro de Integra\u00e7\u00e3o do MERCOSUL) Data: 15\/07\/2022 (sexta-feira) Hor\u00e1rio: das 09h \u00e0s 11h Realiza\u00e7\u00e3o:\u00a0plataforma Webconf da UFPel (na modalidade\u00a0on-line) Ementa: O conte\u00fado ambiental da constitui\u00e7\u00e3o federal de 1988; O projeto de Lei Federal do Gestor ambiental; A Educa\u00e7\u00e3o ambiental na Universidade e os deveres [&hellip;]<\/p>\n","protected":false},"author":21,"featured_media":0,"parent":0,"menu_order":0,"comment_status":"closed","ping_status":"closed","template":"","meta":{"footnotes":""},"class_list":["post-20562","page","type-page","status-publish","hentry"],"_links":{"self":[{"href":"https:\/\/wp.ufpel.edu.br\/progep\/wp-json\/wp\/v2\/pages\/20562","targetHints":{"allow":["GET"]}}],"collection":[{"href":"https:\/\/wp.ufpel.edu.br\/progep\/wp-json\/wp\/v2\/pages"}],"about":[{"href":"https:\/\/wp.ufpel.edu.br\/progep\/wp-json\/wp\/v2\/types\/page"}],"author":[{"embeddable":true,"href":"https:\/\/wp.ufpel.edu.br\/progep\/wp-json\/wp\/v2\/users\/21"}],"replies":[{"embeddable":true,"href":"https:\/\/wp.ufpel.edu.br\/progep\/wp-json\/wp\/v2\/comments?post=20562"}],"version-history":[{"count":6,"href":"https:\/\/wp.ufpel.edu.br\/progep\/wp-json\/wp\/v2\/pages\/20562\/revisions"}],"predecessor-version":[{"id":34028,"href":"https:\/\/wp.ufpel.edu.br\/progep\/wp-json\/wp\/v2\/pages\/20562\/revisions\/34028"}],"wp:attachment":[{"href":"https:\/\/wp.ufpel.edu.br\/progep\/wp-json\/wp\/v2\/media?parent=20562"}],"curies":[{"name":"wp","href":"https:\/\/api.w.org\/{rel}","templated":true}]}}