{"id":20549,"date":"2022-06-23T11:12:55","date_gmt":"2022-06-23T14:12:55","guid":{"rendered":"https:\/\/wp.ufpel.edu.br\/progep\/?page_id=20549"},"modified":"2025-06-30T14:23:50","modified_gmt":"2025-06-30T17:23:50","slug":"capacita-na-web-os-direitos-humanos-como-discurso-de-poder-o-conflito-da-ucrania-e-a-atuacao-do-ocidente","status":"publish","type":"page","link":"https:\/\/wp.ufpel.edu.br\/progep\/capacita-na-web-os-direitos-humanos-como-discurso-de-poder-o-conflito-da-ucrania-e-a-atuacao-do-ocidente\/","title":{"rendered":"Capacita\u00e7\u00e3o: Capacita na Web &#8211; Os Direitos Humanos como Discurso de Poder: o Conflito da Ucr\u00e2nia e a Atua\u00e7\u00e3o do Ocidente"},"content":{"rendered":"<p><strong>Facilitador: <\/strong>Charles Pereira Pennaforte (Professor do Instituto de Filosofia, Sociologia e Pol\u00edtica)<\/p>\n<p><strong>Data:<\/strong> 12\/07\/2022 (ter\u00e7a-feira)<\/p>\n<p><strong>Hor\u00e1rio: <\/strong>das 14h \u00e0s 16h<\/p>\n<p><strong>Realiza\u00e7\u00e3o:<\/strong>\u00a0plataforma Webconf da UFPel (na modalidade\u00a0<em>on-line)<\/em><\/p>\n<p><strong>Ementa:<br \/>\n<\/strong><span style=\"font-family: georgia, palatino, serif\">Aspectos Hist\u00f3ricos e Geopol\u00edticos;<br \/>\nA Retomada da Crimeia;<br \/>\n2022: A Invas\u00e3o Russa (alega\u00e7\u00f5es russas);<br \/>\nEUA e Uni\u00e3o Europeia: preocupa\u00e7\u00e3o com os Direitos Humanos ou Cinismo? Liberdade de Informa\u00e7\u00e3o?<\/span><\/p>\n<p><strong>P\u00fablico Alvo<\/strong>: Servidores docentes e TAE\u2019s ativos*<\/p>\n<p><strong>Per\u00edodo de inscri\u00e7\u00e3o<\/strong>: 23\/06 a 07\/07\/2022<\/p>\n<p><strong>Divulga\u00e7\u00e3o das inscri\u00e7\u00f5es homologadas<\/strong>: 08\/07**, nesta p\u00e1gina.<\/p>\n<p>*Considerando a Pol\u00edtica Nacional de Desenvolvimento de Pessoas, conforme Decreto n\u00ba 9.991\/19, somente ser\u00e3o certificados os servidores p\u00fablicos pertencentes ao Quadro Efetivo da UFPel.<\/p>\n<p>**Quando homologadas as inscri\u00e7\u00f5es, os selecionados receber\u00e3o e-mail com instru\u00e7\u00f5es de acesso \u00e0 sala de Webconf da UFPel.<\/p>\n<p><strong><span style=\"color: #ff6600\"><a style=\"color: #ff6600\" href=\"https:\/\/wp.ufpel.edu.br\/progep\/files\/2022\/07\/Os-Direitos-Humanos-como-Discurso-de-Poder.pdf\">INSCRI\u00c7\u00d5ES HOMOLOGADAS<\/a><\/span><\/strong><\/p>\n","protected":false},"excerpt":{"rendered":"<p>Facilitador: Charles Pereira Pennaforte (Professor do Instituto de Filosofia, Sociologia e Pol\u00edtica) Data: 12\/07\/2022 (ter\u00e7a-feira) Hor\u00e1rio: das 14h \u00e0s 16h Realiza\u00e7\u00e3o:\u00a0plataforma Webconf da UFPel (na modalidade\u00a0on-line) Ementa: Aspectos Hist\u00f3ricos e Geopol\u00edticos; A Retomada da Crimeia; 2022: A Invas\u00e3o Russa (alega\u00e7\u00f5es russas); EUA e Uni\u00e3o Europeia: preocupa\u00e7\u00e3o com os Direitos Humanos ou Cinismo? Liberdade de Informa\u00e7\u00e3o? [&hellip;]<\/p>\n","protected":false},"author":21,"featured_media":0,"parent":0,"menu_order":0,"comment_status":"closed","ping_status":"closed","template":"","meta":{"footnotes":""},"class_list":["post-20549","page","type-page","status-publish","hentry"],"_links":{"self":[{"href":"https:\/\/wp.ufpel.edu.br\/progep\/wp-json\/wp\/v2\/pages\/20549","targetHints":{"allow":["GET"]}}],"collection":[{"href":"https:\/\/wp.ufpel.edu.br\/progep\/wp-json\/wp\/v2\/pages"}],"about":[{"href":"https:\/\/wp.ufpel.edu.br\/progep\/wp-json\/wp\/v2\/types\/page"}],"author":[{"embeddable":true,"href":"https:\/\/wp.ufpel.edu.br\/progep\/wp-json\/wp\/v2\/users\/21"}],"replies":[{"embeddable":true,"href":"https:\/\/wp.ufpel.edu.br\/progep\/wp-json\/wp\/v2\/comments?post=20549"}],"version-history":[{"count":9,"href":"https:\/\/wp.ufpel.edu.br\/progep\/wp-json\/wp\/v2\/pages\/20549\/revisions"}],"predecessor-version":[{"id":34027,"href":"https:\/\/wp.ufpel.edu.br\/progep\/wp-json\/wp\/v2\/pages\/20549\/revisions\/34027"}],"wp:attachment":[{"href":"https:\/\/wp.ufpel.edu.br\/progep\/wp-json\/wp\/v2\/media?parent=20549"}],"curies":[{"name":"wp","href":"https:\/\/api.w.org\/{rel}","templated":true}]}}