{"id":20535,"date":"2022-07-06T10:55:12","date_gmt":"2022-07-06T13:55:12","guid":{"rendered":"https:\/\/wp.ufpel.edu.br\/progep\/?page_id=20535"},"modified":"2025-06-30T14:24:56","modified_gmt":"2025-06-30T17:24:56","slug":"capacita-na-web-possibilidades-da-plataforma-institucional-e-projeto","status":"publish","type":"page","link":"https:\/\/wp.ufpel.edu.br\/progep\/capacita-na-web-possibilidades-da-plataforma-institucional-e-projeto\/","title":{"rendered":"Capacita\u00e7\u00e3o: Capacita na Web: Possibilidades da plataforma institucional e-PROJETO"},"content":{"rendered":"<p><strong>Facilitadores: <\/strong>Christiano Martino Otero Avila e Larissa Medianeira Bolzan (Professores do Centro de Engenharias da UFPel)<\/p>\n<p><strong>Data:<\/strong> 26\/07\/2022 (ter\u00e7a-feira)<\/p>\n<p><strong>Hor\u00e1rio: <\/strong>das 14h \u00e0s 16h<\/p>\n<p><strong>Realiza\u00e7\u00e3o:<\/strong>\u00a0plataforma Webconf da UFPel (na modalidade\u00a0<em>on-line)<\/em><\/p>\n<p><strong>Ementa:\u00a0<\/strong><\/p>\n<ul>\n<li>Introdu\u00e7\u00e3o;<\/li>\n<li>Como realizar a cria\u00e7\u00e3o de um curso;<\/li>\n<li>Inclus\u00e3o de participantes;<\/li>\n<li>Cadastro de pessoas e Importa\u00e7\u00e3o de arquivo de participantes (grande n\u00fameros de inscritos);<\/li>\n<li>Planejamento do curso (template NUPED);<\/li>\n<li>Organiza\u00e7\u00e3o visual do ambiente;<\/li>\n<li>Principais recursos\u00a0e atividades<span class=\"v1gmail_default\">\u00a0<\/span>da plataforma e-PROJETO;<\/li>\n<li>Outros Cursos (curadoria NUPED) e materiais dispon\u00edveis sobre e-PROJETO e plataforma Moodle.<\/li>\n<\/ul>\n<p><strong>P\u00fablico Alvo<\/strong>: Servidores docentes e TAE\u2019s ativos*<\/p>\n<p><strong>N\u00famero de vagas: <\/strong>60 (limitadas por ordem de inscri\u00e7\u00e3o)**<\/p>\n<p><strong>Per\u00edodo de inscri\u00e7\u00e3o<\/strong>: 07\/07 a 21\/07\/2022<\/p>\n<p><strong>Divulga\u00e7\u00e3o das inscri\u00e7\u00f5es homologadas<\/strong>: 22\/07\/2022***, nesta p\u00e1gina.<\/p>\n<p>*Considerando a Pol\u00edtica Nacional de Desenvolvimento de Pessoas, conforme Decreto n\u00ba 9.991\/19, somente ser\u00e3o certificados os servidores p\u00fablicos pertencentes ao Quadro Efetivo da UFPel.<\/p>\n<p>**Vagas destinadas \u00e0 servidores pertencentes ao Quadro Efetivo da UFPel, preferencialmente.<\/p>\n<p>*** Quando homologadas as inscri\u00e7\u00f5es, os selecionados receber\u00e3o e-mail com instru\u00e7\u00f5es de acesso \u00e0 sala de Webconf da UFPel.<\/p>\n<p><span style=\"color: #ff6600\"><strong><a style=\"color: #ff6600\" href=\"https:\/\/wp.ufpel.edu.br\/progep\/files\/2022\/07\/Homologacao-Possibilidades-da-plataforma-institucional-e-PROJETO.pdf\" target=\"_blank\" rel=\"noopener\">INSCRI\u00c7\u00d5ES HOMOLOGADAS<\/a><\/strong><\/span><\/p>\n","protected":false},"excerpt":{"rendered":"<p>Facilitadores: Christiano Martino Otero Avila e Larissa Medianeira Bolzan (Professores do Centro de Engenharias da UFPel) Data: 26\/07\/2022 (ter\u00e7a-feira) Hor\u00e1rio: das 14h \u00e0s 16h Realiza\u00e7\u00e3o:\u00a0plataforma Webconf da UFPel (na modalidade\u00a0on-line) Ementa:\u00a0 Introdu\u00e7\u00e3o; Como realizar a cria\u00e7\u00e3o de um curso; Inclus\u00e3o de participantes; Cadastro de pessoas e Importa\u00e7\u00e3o de arquivo de participantes (grande n\u00fameros de inscritos); [&hellip;]<\/p>\n","protected":false},"author":21,"featured_media":0,"parent":0,"menu_order":0,"comment_status":"closed","ping_status":"closed","template":"","meta":{"footnotes":""},"class_list":["post-20535","page","type-page","status-publish","hentry"],"_links":{"self":[{"href":"https:\/\/wp.ufpel.edu.br\/progep\/wp-json\/wp\/v2\/pages\/20535","targetHints":{"allow":["GET"]}}],"collection":[{"href":"https:\/\/wp.ufpel.edu.br\/progep\/wp-json\/wp\/v2\/pages"}],"about":[{"href":"https:\/\/wp.ufpel.edu.br\/progep\/wp-json\/wp\/v2\/types\/page"}],"author":[{"embeddable":true,"href":"https:\/\/wp.ufpel.edu.br\/progep\/wp-json\/wp\/v2\/users\/21"}],"replies":[{"embeddable":true,"href":"https:\/\/wp.ufpel.edu.br\/progep\/wp-json\/wp\/v2\/comments?post=20535"}],"version-history":[{"count":10,"href":"https:\/\/wp.ufpel.edu.br\/progep\/wp-json\/wp\/v2\/pages\/20535\/revisions"}],"predecessor-version":[{"id":34029,"href":"https:\/\/wp.ufpel.edu.br\/progep\/wp-json\/wp\/v2\/pages\/20535\/revisions\/34029"}],"wp:attachment":[{"href":"https:\/\/wp.ufpel.edu.br\/progep\/wp-json\/wp\/v2\/media?parent=20535"}],"curies":[{"name":"wp","href":"https:\/\/api.w.org\/{rel}","templated":true}]}}