{"id":20470,"date":"2022-05-30T16:46:18","date_gmt":"2022-05-30T19:46:18","guid":{"rendered":"https:\/\/wp.ufpel.edu.br\/progep\/?page_id=20470"},"modified":"2025-12-26T18:56:49","modified_gmt":"2025-12-26T21:56:49","slug":"convocacoes-edital-04-2022-2","status":"publish","type":"page","link":"https:\/\/wp.ufpel.edu.br\/progep\/convocacoes-edital-04-2022-2\/","title":{"rendered":"Convoca\u00e7\u00f5es &#8211; Edital 04\/2022"},"content":{"rendered":"\n<div class=\"wp-block-group\"><div class=\"wp-block-group__inner-container is-layout-constrained wp-block-group-is-layout-constrained\">\n<div class=\"logoTituloModelStyle\"><img class=\"size-medium wp-image-27184 alignleft\" src=\"https:\/\/wp.ufpel.edu.br\/progep\/files\/2025\/03\/logo-progep_atualizacao-nome_AZUL.png\" style=\"padding:0\" alt=\"\" \/><\/p>\n<div style=\"padding: 2rem 0\"><strong>Convoca\u00e7\u00f5es- Edital 04\/2022<\/strong><\/div>\n<\/div>\n<hr class=\"hrModelStyle\" \/>\n<div class=\"descriptionModelStyle\">Acompanhe nesta p\u00e1gina a publica\u00e7\u00e3o dos\/as nomeados\/as para servidores\/as docentes na UFPEL.<\/div>\n<\/div><\/div>\n\n\n<div class=\"pagNomeacoesStyle\">\n<p> Confira a p\u00e1gina com as informa\u00e7\u00f5es a respeito do certame: <\/p>\n<p><a href=\"https:\/\/ces.ufpel.edu.br\/conctecadmed0004_2022\/\" target=\"_blank\">Certame do Edital 04\/2022<\/a><\/p>\n<div class=\"titleStyle\"><strong>Ampla Concorr\u00eancia<\/strong><\/div> \n\n<table id=\"tablepress-189\" class=\"tablepress tablepress-id-189\">\n<thead>\n<tr class=\"row-1\">\n\t<th class=\"column-1\">Processo\/Unidade\/\u00c1rea<\/th><th class=\"column-2\">Classif.<\/th><th class=\"column-3\">Aprovados<\/th><th class=\"column-4\">Situa\u00e7\u00e3o<\/th>\n<\/tr>\n<\/thead>\n<tbody class=\"row-striping row-hover\">\n<tr class=\"row-2\">\n\t<td class=\"column-1\"><strong>Processo n\u00ba 23110.037298\/2021-02<\/strong><br \/>\nCentro de Ci\u00eancias Qu\u00edmicas, Farmac\u00eauticas e de Alimentos \u2013 CCQFA<br \/>\nCi\u00eancia e Tecnologia de Alimentos<\/td><td class=\"column-2\">1\u00b0<\/td><td class=\"column-3\">Laura Martins Fonseca<\/td><td class=\"column-4\">Convocada em 09\/05\/2022<\/td>\n<\/tr>\n<tr class=\"row-3\">\n\t<td class=\"column-1\"><\/td><td class=\"column-2\">2\u00b0<\/td><td class=\"column-3\">Mariany Costa Depra<\/td><td class=\"column-4\"><\/td>\n<\/tr>\n<tr class=\"row-4\">\n\t<td class=\"column-1\"><\/td><td class=\"column-2\">3\u00b0<\/td><td class=\"column-3\">Ana Betine Beutinger Bender<\/td><td class=\"column-4\"><\/td>\n<\/tr>\n<tr class=\"row-5\">\n\t<td class=\"column-1\"><\/td><td class=\"column-2\">4\u00b0<\/td><td class=\"column-3\">Tiffany Prokopp Hautrive<\/td><td class=\"column-4\"><\/td>\n<\/tr>\n<tr class=\"row-6\">\n\t<td class=\"column-1\"><\/td><td class=\"column-2\">5\u00b0<\/td><td class=\"column-3\">Gabriela Niemeyer Reissig<\/td><td class=\"column-4\"><\/td>\n<\/tr>\n<tr class=\"row-7\">\n\t<td class=\"column-1\"><strong>Processo n\u00ba 23110.005073\/2022-60<\/strong><br \/>\nCentro de Ci\u00eancias Qu\u00edmicas, Farmac\u00eauticas e de Alimentos \u2013 CCQFA<br \/>\nToxicologia<\/td><td class=\"column-2\">1\u00b0<\/td><td class=\"column-3\">Ang\u00e9lica Schiavom dos Reis<\/td><td class=\"column-4\">Convocada em 02\/08\/2022<\/td>\n<\/tr>\n<tr class=\"row-8\">\n\t<td class=\"column-1\"><\/td><td class=\"column-2\">2\u00b0<\/td><td class=\"column-3\">Nathalia Stark Pedra<\/td><td class=\"column-4\">Convocada dia 21\/07\/2023<\/td>\n<\/tr>\n<tr class=\"row-9\">\n\t<td class=\"column-1\"><\/td><td class=\"column-2\">3\u00b0<\/td><td class=\"column-3\">Lucas Moraes Berneira<\/td><td class=\"column-4\">Convocado pela Reserva de Cotas<\/td>\n<\/tr>\n<tr class=\"row-10\">\n\t<td class=\"column-1\"><\/td><td class=\"column-2\">4\u00b0<\/td><td class=\"column-3\">Illana Kemmerich Martins<\/td><td class=\"column-4\">Convocada em 01\/03\/2024<\/td>\n<\/tr>\n<tr class=\"row-11\">\n\t<td class=\"column-1\"><strong>Processo n\u00b0 23110.041158\/2021-21<\/strong><br \/>\nCentro de Desenvolvimento Tecnol\u00f3gico \u2013 CDTEC<br \/>\nManejo de Bacias Hidrogr\u00e1ficas OU Hidrometria<\/td><td class=\"column-2\">1\u00b0<\/td><td class=\"column-3\">Luciana Shigihara Lima<\/td><td class=\"column-4\">Convocada em 09\/05\/2022<\/td>\n<\/tr>\n<tr class=\"row-12\">\n\t<td class=\"column-1\"><strong>Processo n\u00ba 23110.042055\/2021-88<\/strong><br \/>\nCentro de Engenharias \u2013 CENG<br \/>\nEngenharia Eletr\u00f4nica<\/td><td class=\"column-2\">1\u00b0<\/td><td class=\"column-3\">Marlon Soares Sigales<\/td><td class=\"column-4\">Convocado em 13\/05\/2022<\/td>\n<\/tr>\n<tr class=\"row-13\">\n\t<td class=\"column-1\"><strong>Processo n\u00b0 23110.004055\/2022-61<\/strong><br \/>\nCentro de Engenharias \u2013 CENG<br \/>\nPesquisa Mineral<\/td><td class=\"column-2\">1\u00b0<\/td><td class=\"column-3\">Edgar do Amaral Santos<\/td><td class=\"column-4\">Convocado em 10\/05\/2022<\/td>\n<\/tr>\n<tr class=\"row-14\">\n\t<td class=\"column-1\"><\/td><td class=\"column-2\">2\u00b0<\/td><td class=\"column-3\">Rafael Duarte Modesto<\/td><td class=\"column-4\">Convocado em 12\/05\/2022<\/td>\n<\/tr>\n<tr class=\"row-15\">\n\t<td class=\"column-1\"><strong>Processo n\u00b0<\/strong> 23110.002589\/2022-52<br \/>\nCentro de Letras e Comunica\u00e7\u00e3o \u2013 CLC<br \/>\nLingu\u00edstica e Ensino<\/td><td class=\"column-2\">1\u00b0<\/td><td class=\"column-3\">Caroline Amaral Amaral<\/td><td class=\"column-4\">Convocada em 14\/06\/2022<\/td>\n<\/tr>\n<tr class=\"row-16\">\n\t<td class=\"column-1\"><strong>Processo n\u00b0 23110.002636\/2022-68<\/strong><br \/>\nFaculdade de Agronomia Eliseu Maciel \u2013 FAEM<br \/>\nQu\u00edmica do Solo OU Fertilidade do Solo<\/td><td class=\"column-2\">1\u00b0<\/td><td class=\"column-3\">Juliana Brito da Silva Teixeira<\/td><td class=\"column-4\">Convocada em 09\/05\/2022<\/td>\n<\/tr>\n<tr class=\"row-17\">\n\t<td class=\"column-1\"><\/td><td class=\"column-2\">2\u00b0<\/td><td class=\"column-3\">Samara Alves Testoni<\/td><td class=\"column-4\"><\/td>\n<\/tr>\n<tr class=\"row-18\">\n\t<td class=\"column-1\"><\/td><td class=\"column-2\">3\u00b0<\/td><td class=\"column-3\">Let\u00edcia Vanni Ferreira<\/td><td class=\"column-4\"><\/td>\n<\/tr>\n<tr class=\"row-19\">\n\t<td class=\"column-1\"><\/td><td class=\"column-2\">4\u00b0<\/td><td class=\"column-3\">Rodrigo Pivoto Mulazzani<\/td><td class=\"column-4\"><\/td>\n<\/tr>\n<tr class=\"row-20\">\n\t<td class=\"column-1\"><\/td><td class=\"column-2\">5\u00b0<\/td><td class=\"column-3\">Fernanda San Martins Sanes<\/td><td class=\"column-4\"><\/td>\n<\/tr>\n<tr class=\"row-21\">\n\t<td class=\"column-1\"><strong>Processo n\u00b0 23110.002614\/2022-06<\/strong><br \/>\nFaculdade de Arquitetura e Urbanismo \u2013 FAURB<br \/>\nArquitetura e Urbanismo<\/td><td class=\"column-2\">1\u00b0<\/td><td class=\"column-3\">Ta\u00eds Beltrame dos Santos<\/td><td class=\"column-4\">Convocada em 09\/05\/2022<\/td>\n<\/tr>\n<tr class=\"row-22\">\n\t<td class=\"column-1\"><\/td><td class=\"column-2\">2\u00b0<\/td><td class=\"column-3\">Franciele Fraga Pereira<\/td><td class=\"column-4\">Convocada em 28\/04\/2023<\/td>\n<\/tr>\n<tr class=\"row-23\">\n\t<td class=\"column-1\"><\/td><td class=\"column-2\">3\u00b0<\/td><td class=\"column-3\">Rafaela Barros de Pinho<\/td><td class=\"column-4\">Desist\u00eancia<\/td>\n<\/tr>\n<tr class=\"row-24\">\n\t<td class=\"column-1\"><\/td><td class=\"column-2\">4\u00b0<\/td><td class=\"column-3\">Lu\u00edsa de Azevedo dos Santos<\/td><td class=\"column-4\">Convocada em 01\/06\/2023<\/td>\n<\/tr>\n<tr class=\"row-25\">\n\t<td class=\"column-1\"><\/td><td class=\"column-2\">5\u00b0<\/td><td class=\"column-3\">Vivian Daligna Ecker<\/td><td class=\"column-4\">Convocada em 13\/09\/2023<\/td>\n<\/tr>\n<tr class=\"row-26\">\n\t<td class=\"column-1\"><strong>Processo n\u00b0 23110.004075\/2022-31<\/strong><br \/>\nFaculdade de Educa\u00e7\u00e3o \u2013 FAE<br \/>\nTeoria e Pr\u00e1tica Pedag\u00f3gica e Linguagem<\/td><td class=\"column-2\">1\u00b0<\/td><td class=\"column-3\">Rodrigo Lemos Soares<\/td><td class=\"column-4\">Convocado em 26\/05\/2022<\/td>\n<\/tr>\n<tr class=\"row-27\">\n\t<td class=\"column-1\"><\/td><td class=\"column-2\">2\u00b0<\/td><td class=\"column-3\">Celia Artemisa Gomes Rodrigues Miranda<\/td><td class=\"column-4\">Convocada em 14\/07\/2023<\/td>\n<\/tr>\n<tr class=\"row-28\">\n\t<td class=\"column-1\"><strong>Processo n\u00b0 23110.004015\/2022-19<\/strong><br \/>\nFaculdade de Enfermagem \u2013 FE<br \/>\nEnfermagem<\/td><td class=\"column-2\">1\u00b0<\/td><td class=\"column-3\">Jeferson Ventura<\/td><td class=\"column-4\">Convocado em 03\/11\/2022<\/td>\n<\/tr>\n<tr class=\"row-29\">\n\t<td class=\"column-1\"><strong>Processo n\u00b0 23110.004395\/2022-91<\/strong><br \/>\nFaculdade de Medicina \u2013 FAMED<br \/>\nNeurologia<\/td><td class=\"column-2\">1\u00b0<\/td><td class=\"column-3\">Bianca Lamas Gervini<\/td><td class=\"column-4\">Convocada em 10\/05\/2022<\/td>\n<\/tr>\n<tr class=\"row-30\">\n\t<td class=\"column-1\"><strong>Processo n\u00b0 23110.042059\/2021-66<\/strong><br \/>\nFaculdade de Medicina \u2013 FAMED<br \/>\nPsicologia Geral<\/td><td class=\"column-2\">1\u00b0<\/td><td class=\"column-3\">Carolina Coelho Scholl<\/td><td class=\"column-4\">Convocada em 09\/05\/2022<\/td>\n<\/tr>\n<tr class=\"row-31\">\n\t<td class=\"column-1\"><\/td><td class=\"column-2\">2\u00b0<\/td><td class=\"column-3\">Bruna Moraes Battistelli<\/td><td class=\"column-4\">Convocada em 20\/01\/2023<\/td>\n<\/tr>\n<tr class=\"row-32\">\n\t<td class=\"column-1\"><\/td><td class=\"column-2\">3\u00b0<\/td><td class=\"column-3\">Michele de Souza Dias<\/td><td class=\"column-4\">Convocada em 26\/01\/2023<\/td>\n<\/tr>\n<tr class=\"row-33\">\n\t<td class=\"column-1\"><\/td><td class=\"column-2\">4\u00b0<\/td><td class=\"column-3\">Paulinia Leal do Amaral<\/td><td class=\"column-4\">Convocada em 30\/01\/2023<\/td>\n<\/tr>\n<tr class=\"row-34\">\n\t<td class=\"column-1\"><\/td><td class=\"column-2\">5\u00b0<\/td><td class=\"column-3\">Lais Vargas Ramm<\/td><td class=\"column-4\"><\/td>\n<\/tr>\n<tr class=\"row-35\">\n\t<td class=\"column-1\"><strong>Processo n\u00b0 23110.004097\/2022-00<\/strong><br \/>\nFaculdade de Nutri\u00e7\u00e3o \u2013 FN<br \/>\nNutri\u00e7\u00e3o Cl\u00ednica OU Alimenta\u00e7\u00e3o Coletiva<\/td><td class=\"column-2\">1\u00b0<\/td><td class=\"column-3\">Chirle de Oliveira Raphaelli<\/td><td class=\"column-4\">Convocada em 03\/06\/2022<\/td>\n<\/tr>\n<tr class=\"row-36\">\n\t<td class=\"column-1\"><\/td><td class=\"column-2\">2\u00b0<\/td><td class=\"column-3\">Tiffany Prokopp Hautrive<\/td><td class=\"column-4\">Convocada em 24\/06\/2022<\/td>\n<\/tr>\n<tr class=\"row-37\">\n\t<td class=\"column-1\"><\/td><td class=\"column-2\">3\u00b0<\/td><td class=\"column-3\">Camila Irigonh\u00e9 Ramos<\/td><td class=\"column-4\">Convocada em 14\/07\/2022<\/td>\n<\/tr>\n<tr class=\"row-38\">\n\t<td class=\"column-1\"><\/td><td class=\"column-2\">4\u00b0<\/td><td class=\"column-3\">Caroline Cardozo Bortolotto<\/td><td class=\"column-4\">Convocada em 23\/01\/2023<\/td>\n<\/tr>\n<tr class=\"row-39\">\n\t<td class=\"column-1\"><\/td><td class=\"column-2\">5\u00b0<\/td><td class=\"column-3\">Elisa dos Santos Pereira<\/td><td class=\"column-4\">Convocada em 23\/01\/2023<\/td>\n<\/tr>\n<tr class=\"row-40\">\n\t<td class=\"column-1\"><\/td><td class=\"column-2\">6\u00b0<\/td><td class=\"column-3\">Pamela Silva Vitoria Salerno<\/td><td class=\"column-4\">Convocada em 30\/05\/2023<\/td>\n<\/tr>\n<tr class=\"row-41\">\n\t<td class=\"column-1\"><\/td><td class=\"column-2\">7\u00b0<\/td><td class=\"column-3\">Khadija Bezerra Massaut<\/td><td class=\"column-4\"><\/td>\n<\/tr>\n<tr class=\"row-42\">\n\t<td class=\"column-1\"><strong>Processo n\u00b0 23110.004129\/2022-69<\/strong><br \/>\nFaculdade de Odontologia \u2013 FO<br \/>\nDent\u00edstica<\/td><td class=\"column-2\">1\u00b0<\/td><td class=\"column-3\">Catarina Borges da Fonseca Cumerlato<\/td><td class=\"column-4\">Convocada em 10\/05\/2022<\/td>\n<\/tr>\n<tr class=\"row-43\">\n\t<td class=\"column-1\"><\/td><td class=\"column-2\">2\u00b0<\/td><td class=\"column-3\">Andressa da Silva Barboza<\/td><td class=\"column-4\">Convocada em 11\/05\/2022<\/td>\n<\/tr>\n<tr class=\"row-44\">\n\t<td class=\"column-1\"><\/td><td class=\"column-2\">3\u00b0<\/td><td class=\"column-3\">Raissa Coi de Araujo<\/td><td class=\"column-4\">Convocada em 17\/03\/2023<\/td>\n<\/tr>\n<tr class=\"row-45\">\n\t<td class=\"column-1\"><\/td><td class=\"column-2\">4\u00b0<\/td><td class=\"column-3\">Bibiana Gabardo Perez<\/td><td class=\"column-4\">Desist\u00eancia<\/td>\n<\/tr>\n<tr class=\"row-46\">\n\t<td class=\"column-1\"><\/td><td class=\"column-2\">5\u00b0<\/td><td class=\"column-3\">Analice da Cunha Rocha<\/td><td class=\"column-4\">Convocada em 07\/06\/2023<\/td>\n<\/tr>\n<tr class=\"row-47\">\n\t<td class=\"column-1\"><\/td><td class=\"column-2\">6\u00b0<\/td><td class=\"column-3\">Eduardo Trota Chaves<\/td><td class=\"column-4\">Desist\u00eancia<\/td>\n<\/tr>\n<tr class=\"row-48\">\n\t<td class=\"column-1\"><strong>Processo n\u00b0 23110.004008\/2022-17<\/strong><br \/>\nFaculdade de Odontologia \u2013 FO<br \/>\nRadiologia<\/td><td class=\"column-2\">1\u00b0<\/td><td class=\"column-3\">Gustavo Nascimento de Souza Pinto<\/td><td class=\"column-4\">Convocado em 09\/05\/2022<\/td>\n<\/tr>\n<tr class=\"row-49\">\n\t<td class=\"column-1\"><\/td><td class=\"column-2\">2\u00b0<\/td><td class=\"column-3\">Mariana Silveira Echeverria<\/td><td class=\"column-4\">Convocada em 06\/09\/2022<\/td>\n<\/tr>\n<tr class=\"row-50\">\n\t<td class=\"column-1\"><strong>Processo n\u00b0 23110.000699\/2022-80<\/strong><br \/>\nFaculdade de Medicina \u2013 FAMED<br \/>\nCi\u00eancia do Movimento Humano<\/td><td class=\"column-2\">1\u00b0<\/td><td class=\"column-3\">Mait\u00ea Peres de Carvalho<\/td><td class=\"column-4\">Convocada em 01\/06\/2022<\/td>\n<\/tr>\n<tr class=\"row-51\">\n\t<td class=\"column-1\"><\/td><td class=\"column-2\">2\u00b0<\/td><td class=\"column-3\">Carmen L\u00facia Berneira Moreira<\/td><td class=\"column-4\">Convocada em 14\/06\/2022<\/td>\n<\/tr>\n<\/tbody>\n<\/table>\n\n<div class=\"titleStyle\"><strong> COTAS RACIAIS<\/strong><\/div>\n<p>N\u00e3o h\u00e1.<\/p>\n<div class=\"titleStyle\"><strong> COTAS PCD<\/strong><\/div>\n<p style=\"text-align:center\">\n<table id=\"tablepress-190\" class=\"tablepress tablepress-id-190\">\n<thead>\n<tr class=\"row-1\">\n\t<th class=\"column-1\">Processo\/Unidade\/\u00c1rea<\/th><th class=\"column-2\">Classif.<\/th><th class=\"column-3\">Aprovados<\/th><th class=\"column-4\">Situa\u00e7\u00e3o<\/th>\n<\/tr>\n<\/thead>\n<tbody class=\"row-striping row-hover\">\n<tr class=\"row-2\">\n\t<td class=\"column-1\"><strong>Processo n\u00ba 23110.005073\/2022-60<\/strong><br \/>\nCentro de Ci\u00eancias Qu\u00edmicas, Farmac\u00eauticas e de Alimentos \u2013 CCQFA<br \/>\nToxicologia<\/td><td class=\"column-2\">1\u00b0<\/td><td class=\"column-3\">Lucas Moraes Berneira<\/td><td class=\"column-4\">Convocado em 21\/06\/2022<\/td>\n<\/tr>\n<\/tbody>\n<\/table>\n\n<\/div>\n\n","protected":false},"excerpt":{"rendered":"<p>Convoca\u00e7\u00f5es- Edital 04\/2022 Acompanhe nesta p\u00e1gina a publica\u00e7\u00e3o dos\/as nomeados\/as para servidores\/as docentes na UFPEL. Confira a p\u00e1gina com as informa\u00e7\u00f5es a respeito do certame: Certame do Edital 04\/2022 Ampla Concorr\u00eancia COTAS RACIAIS N\u00e3o h\u00e1. COTAS PCD<\/p>\n","protected":false},"author":52,"featured_media":0,"parent":0,"menu_order":0,"comment_status":"closed","ping_status":"closed","template":"","meta":{"footnotes":""},"class_list":["post-20470","page","type-page","status-publish","hentry"],"_links":{"self":[{"href":"https:\/\/wp.ufpel.edu.br\/progep\/wp-json\/wp\/v2\/pages\/20470","targetHints":{"allow":["GET"]}}],"collection":[{"href":"https:\/\/wp.ufpel.edu.br\/progep\/wp-json\/wp\/v2\/pages"}],"about":[{"href":"https:\/\/wp.ufpel.edu.br\/progep\/wp-json\/wp\/v2\/types\/page"}],"author":[{"embeddable":true,"href":"https:\/\/wp.ufpel.edu.br\/progep\/wp-json\/wp\/v2\/users\/52"}],"replies":[{"embeddable":true,"href":"https:\/\/wp.ufpel.edu.br\/progep\/wp-json\/wp\/v2\/comments?post=20470"}],"version-history":[{"count":3,"href":"https:\/\/wp.ufpel.edu.br\/progep\/wp-json\/wp\/v2\/pages\/20470\/revisions"}],"predecessor-version":[{"id":39825,"href":"https:\/\/wp.ufpel.edu.br\/progep\/wp-json\/wp\/v2\/pages\/20470\/revisions\/39825"}],"wp:attachment":[{"href":"https:\/\/wp.ufpel.edu.br\/progep\/wp-json\/wp\/v2\/media?parent=20470"}],"curies":[{"name":"wp","href":"https:\/\/api.w.org\/{rel}","templated":true}]}}