{"id":20171,"date":"2022-04-29T09:37:05","date_gmt":"2022-04-29T12:37:05","guid":{"rendered":"https:\/\/wp.ufpel.edu.br\/progep\/?page_id=20171"},"modified":"2025-06-30T14:23:13","modified_gmt":"2025-06-30T17:23:13","slug":"roda-de-conversa-gestao-da-qualidade-no-trabalho-organizacao-atendimento-ao-publico-e-o-papel-da-lideranca","status":"publish","type":"page","link":"https:\/\/wp.ufpel.edu.br\/progep\/roda-de-conversa-gestao-da-qualidade-no-trabalho-organizacao-atendimento-ao-publico-e-o-papel-da-lideranca\/","title":{"rendered":"Capacita\u00e7\u00e3o: Roda de Conversa: Gest\u00e3o da Qualidade no Trabalho: organiza\u00e7\u00e3o, atendimento ao p\u00fablico e o papel da lideran\u00e7a."},"content":{"rendered":"<p><strong>Facilitadoras: <\/strong>Isabel Cristina Barros Rasia e Francielle Molon da Silva<\/p>\n<p><strong>Data:<\/strong> 20\/05\/2022 (sexta-feira)<\/p>\n<p><strong>Hora:\u00a0<\/strong>das 14h30min \u00e0s 16h30min<\/p>\n<p><strong>Realiza\u00e7\u00e3o:<\/strong>\u00a0plataforma Webconf da UFPel (na modalidade\u00a0<em>on-line)<\/em><\/p>\n<p><strong>Ementa: <\/strong>A Capacita\u00e7\u00e3o abordar\u00e1 sobre as no\u00e7\u00f5es de qualidade no trabalho, atendimento ao p\u00fablico; servi\u00e7o p\u00fablico; indicadores de qualidade; abordagens de lideran\u00e7a e papel da lideran\u00e7a no setor p\u00fablico para contribuir com a qualidade.<\/p>\n<p><strong>P\u00fablico Alvo<\/strong>: Servidores docentes e TAE\u2019s ativos*<\/p>\n<p><strong>Per\u00edodo de inscri\u00e7\u00e3o<\/strong>: 29\/04 a 17\/05\/2022<\/p>\n<p><strong>Divulga\u00e7\u00e3o das inscri\u00e7\u00f5es homologadas<\/strong>: 18\/05**, nesta p\u00e1gina.<\/p>\n<p>*Considerando a Pol\u00edtica Nacional de Desenvolvimento de Pessoas, conforme Decreto n\u00ba 9.991\/19, somente ser\u00e3o certificados os servidores p\u00fablicos pertencentes ao Quadro Efetivo da UFPel.<\/p>\n<p>**Quando homologadas as inscri\u00e7\u00f5es, os selecionados receber\u00e3o e-mail com instru\u00e7\u00f5es de acesso \u00e0 sala de Webconf da UFPel.<\/p>\n<p><span style=\"color: #ff6600\"><a style=\"color: #ff6600\" href=\"https:\/\/wp.ufpel.edu.br\/progep\/files\/2022\/05\/Homologacao-20-05-RODA-GESTAO-DA-QUALIDADE.pdf\">INSCRI\u00c7\u00d5ES HOMOLOGADAS:<\/a><\/span><\/p>\n","protected":false},"excerpt":{"rendered":"<p>Facilitadoras: Isabel Cristina Barros Rasia e Francielle Molon da Silva Data: 20\/05\/2022 (sexta-feira) Hora:\u00a0das 14h30min \u00e0s 16h30min Realiza\u00e7\u00e3o:\u00a0plataforma Webconf da UFPel (na modalidade\u00a0on-line) Ementa: A Capacita\u00e7\u00e3o abordar\u00e1 sobre as no\u00e7\u00f5es de qualidade no trabalho, atendimento ao p\u00fablico; servi\u00e7o p\u00fablico; indicadores de qualidade; abordagens de lideran\u00e7a e papel da lideran\u00e7a no setor p\u00fablico para contribuir com [&hellip;]<\/p>\n","protected":false},"author":21,"featured_media":0,"parent":0,"menu_order":0,"comment_status":"closed","ping_status":"closed","template":"","meta":{"footnotes":""},"class_list":["post-20171","page","type-page","status-publish","hentry"],"_links":{"self":[{"href":"https:\/\/wp.ufpel.edu.br\/progep\/wp-json\/wp\/v2\/pages\/20171","targetHints":{"allow":["GET"]}}],"collection":[{"href":"https:\/\/wp.ufpel.edu.br\/progep\/wp-json\/wp\/v2\/pages"}],"about":[{"href":"https:\/\/wp.ufpel.edu.br\/progep\/wp-json\/wp\/v2\/types\/page"}],"author":[{"embeddable":true,"href":"https:\/\/wp.ufpel.edu.br\/progep\/wp-json\/wp\/v2\/users\/21"}],"replies":[{"embeddable":true,"href":"https:\/\/wp.ufpel.edu.br\/progep\/wp-json\/wp\/v2\/comments?post=20171"}],"version-history":[{"count":4,"href":"https:\/\/wp.ufpel.edu.br\/progep\/wp-json\/wp\/v2\/pages\/20171\/revisions"}],"predecessor-version":[{"id":34022,"href":"https:\/\/wp.ufpel.edu.br\/progep\/wp-json\/wp\/v2\/pages\/20171\/revisions\/34022"}],"wp:attachment":[{"href":"https:\/\/wp.ufpel.edu.br\/progep\/wp-json\/wp\/v2\/media?parent=20171"}],"curies":[{"name":"wp","href":"https:\/\/api.w.org\/{rel}","templated":true}]}}