{"id":20166,"date":"2022-04-29T09:38:14","date_gmt":"2022-04-29T12:38:14","guid":{"rendered":"https:\/\/wp.ufpel.edu.br\/progep\/?page_id=20166"},"modified":"2025-06-30T14:23:19","modified_gmt":"2025-06-30T17:23:19","slug":"roda-de-conversa-o-uso-e-a-criacao-de-um-podcast","status":"publish","type":"page","link":"https:\/\/wp.ufpel.edu.br\/progep\/roda-de-conversa-o-uso-e-a-criacao-de-um-podcast\/","title":{"rendered":"Capacita\u00e7\u00e3o: Roda de Conversa: O uso e a cria\u00e7\u00e3o de um Podcast"},"content":{"rendered":"<p><strong>Facilitadores: <\/strong>Rafael Fagundes Cavalheiro e Roger Aguiar Dutra<\/p>\n<p><strong>Data:<\/strong> 19\/05\/2022 (quinta-feira)<\/p>\n<p><strong>Hora:\u00a0<\/strong>das 14h30min \u00e0s 16h30min<\/p>\n<p><strong>Realiza\u00e7\u00e3o:<\/strong>\u00a0plataforma Webconf da UFPel (na modalidade\u00a0<em>on-line)<\/em><\/p>\n<p><strong>Ementa: <\/strong>A Capacita\u00e7\u00e3o visa apresentar processos b\u00e1sicos para a cria\u00e7\u00e3o e a utiliza\u00e7\u00e3o de podcast, abordando desde os conceitos do instrumento, as pr\u00e1ticas de roteiriza\u00e7\u00e3o, edi\u00e7\u00e3o e disponibiliza\u00e7\u00e3o.<\/p>\n<p><strong>P\u00fablico Alvo<\/strong>: Servidores docentes e TAE\u2019s ativos*<\/p>\n<p><strong>Per\u00edodo de inscri\u00e7\u00e3o<\/strong>: 29\/04 a 16\/05\/2022<\/p>\n<p><strong>Divulga\u00e7\u00e3o das inscri\u00e7\u00f5es homologadas<\/strong>: 17\/05**, nesta p\u00e1gina.<\/p>\n<p>*Considerando a Pol\u00edtica Nacional de Desenvolvimento de Pessoas, conforme Decreto n\u00ba 9.991\/19, somente ser\u00e3o certificados os servidores p\u00fablicos pertencentes ao Quadro Efetivo da UFPel.<\/p>\n<p>**Quando homologadas as inscri\u00e7\u00f5es, os selecionados receber\u00e3o e-mail com instru\u00e7\u00f5es de acesso \u00e0 sala de Webconf da UFPel.<\/p>\n<p><span style=\"color: #ff6600\"><a style=\"color: #ff6600\" href=\"https:\/\/wp.ufpel.edu.br\/progep\/files\/2022\/05\/19-05-PODCAST-Homologados-roda.pdf\">INSCRI\u00c7\u00d5ES HOMOLOGADAS:<\/a><\/span><\/p>\n<p><a href=\"https:\/\/wp.ufpel.edu.br\/progep\/files\/2020\/11\/simbolo-acessivel-em-libras.jpg\"><img class=\"wp-image-16700 aligncenter\" src=\"https:\/\/wp.ufpel.edu.br\/progep\/files\/2020\/11\/simbolo-acessivel-em-libras-266x400.jpg\" alt=\"\" width=\"206\" height=\"310\" srcset=\"https:\/\/wp.ufpel.edu.br\/progep\/files\/2020\/11\/simbolo-acessivel-em-libras-266x400.jpg 266w, https:\/\/wp.ufpel.edu.br\/progep\/files\/2020\/11\/simbolo-acessivel-em-libras.jpg 469w\" sizes=\"(max-width: 206px) 100vw, 206px\" \/><\/a><\/p>\n","protected":false},"excerpt":{"rendered":"<p>Facilitadores: Rafael Fagundes Cavalheiro e Roger Aguiar Dutra Data: 19\/05\/2022 (quinta-feira) Hora:\u00a0das 14h30min \u00e0s 16h30min Realiza\u00e7\u00e3o:\u00a0plataforma Webconf da UFPel (na modalidade\u00a0on-line) Ementa: A Capacita\u00e7\u00e3o visa apresentar processos b\u00e1sicos para a cria\u00e7\u00e3o e a utiliza\u00e7\u00e3o de podcast, abordando desde os conceitos do instrumento, as pr\u00e1ticas de roteiriza\u00e7\u00e3o, edi\u00e7\u00e3o e disponibiliza\u00e7\u00e3o. P\u00fablico Alvo: Servidores docentes e TAE\u2019s [&hellip;]<\/p>\n","protected":false},"author":21,"featured_media":0,"parent":0,"menu_order":0,"comment_status":"closed","ping_status":"closed","template":"","meta":{"footnotes":""},"class_list":["post-20166","page","type-page","status-publish","hentry"],"_links":{"self":[{"href":"https:\/\/wp.ufpel.edu.br\/progep\/wp-json\/wp\/v2\/pages\/20166","targetHints":{"allow":["GET"]}}],"collection":[{"href":"https:\/\/wp.ufpel.edu.br\/progep\/wp-json\/wp\/v2\/pages"}],"about":[{"href":"https:\/\/wp.ufpel.edu.br\/progep\/wp-json\/wp\/v2\/types\/page"}],"author":[{"embeddable":true,"href":"https:\/\/wp.ufpel.edu.br\/progep\/wp-json\/wp\/v2\/users\/21"}],"replies":[{"embeddable":true,"href":"https:\/\/wp.ufpel.edu.br\/progep\/wp-json\/wp\/v2\/comments?post=20166"}],"version-history":[{"count":6,"href":"https:\/\/wp.ufpel.edu.br\/progep\/wp-json\/wp\/v2\/pages\/20166\/revisions"}],"predecessor-version":[{"id":34023,"href":"https:\/\/wp.ufpel.edu.br\/progep\/wp-json\/wp\/v2\/pages\/20166\/revisions\/34023"}],"wp:attachment":[{"href":"https:\/\/wp.ufpel.edu.br\/progep\/wp-json\/wp\/v2\/media?parent=20166"}],"curies":[{"name":"wp","href":"https:\/\/api.w.org\/{rel}","templated":true}]}}