{"id":19964,"date":"2022-04-20T15:26:54","date_gmt":"2022-04-20T18:26:54","guid":{"rendered":"https:\/\/wp.ufpel.edu.br\/progep\/?page_id=19964"},"modified":"2025-06-30T14:22:42","modified_gmt":"2025-06-30T17:22:42","slug":"roda-de-conversa-procedimentos-para-utilizacao-dos-recursos-capes-proap-e-recursos-proprios-para-os-programas-de-pos-graduacao-ppg","status":"publish","type":"page","link":"https:\/\/wp.ufpel.edu.br\/progep\/roda-de-conversa-procedimentos-para-utilizacao-dos-recursos-capes-proap-e-recursos-proprios-para-os-programas-de-pos-graduacao-ppg\/","title":{"rendered":"Capacita\u00e7\u00e3o: Roda de Conversa: Procedimentos para utiliza\u00e7\u00e3o dos recursos CAPES PROAP e recursos pr\u00f3prios para os Programas de P\u00f3s-Gradua\u00e7\u00e3o (PPG)"},"content":{"rendered":"<p><strong>Ministrante(s):\u00a0<\/strong>Fabiane Bergmann Xavier (Administradora da Pr\u00f3-Reitoria de Pesquisa e P\u00f3s-Gradua\u00e7\u00e3o)<\/p>\n<p><b>Modalidade: <\/b><em>Online<\/em><\/p>\n<p><strong>Carga hor\u00e1ria:<\/strong> 03 horas<\/p>\n<p class=\"v1MsoNormal\"><strong>Data de realiza\u00e7\u00e3o<\/strong>:<\/p>\n<p><span style=\"color: #3366ff\">Turma A: 09\/05\/2022 (segunda-feira) &#8211; das 14h \u00e0s 17h\u00a0<\/span><\/p>\n<p><span style=\"color: #3366ff\">Turma B: 10\/05\/2022\u00a0 ( ter\u00e7a-feira ) &#8211; das 8h30 \u00e0s 11h30\u00a0<\/span><\/p>\n<p class=\"v1MsoNormal\"><strong>Realiza\u00e7\u00e3o<\/strong>: Plataforma Webconf da UFPel<\/p>\n<p><strong>S\u00famula<\/strong>: Gest\u00e3o de Recursos (PROAP e recursos pr\u00f3prios) compreendendo\u00a0or\u00e7amento, abertura de cr\u00e9dito, compras, aux\u00edlio financeiro, di\u00e1rias e passagens.<\/p>\n<p><b><strong>Avalia\u00e7\u00e3o: <\/strong><\/b>Presen\u00e7a <em>online<\/em><\/p>\n<p class=\"v1MsoNormal\"><strong>P\u00fablico Alvo<\/strong>: Coordenadores, Coordenadores Adjuntos\u00a0e secret\u00e1rios dos PPGs da UFPel<\/p>\n<p><strong>N\u00famero de vagas:<\/strong> 35 vagas por turma (limitadas por ordem de inscri\u00e7\u00e3o)**<\/p>\n<p><strong>Per\u00edodo de inscri\u00e7\u00e3o<\/strong>: at\u00e9 05\/05\/2022<\/p>\n<p><strong>Divulga\u00e7\u00e3o das inscri\u00e7\u00f5es homologadas<\/strong>: 06\/05***, nesta p\u00e1gina.<\/p>\n<p><span style=\"color: #ff6600\"><a style=\"color: #ff6600\" href=\"https:\/\/wp.ufpel.edu.br\/progep\/files\/2022\/05\/06-05-Homologados-roda-SISREF.pdf\">INSCRI\u00c7\u00d5ES HOMOLOGADAS- Turma 1<\/a><\/span><\/p>\n<p><span style=\"color: #ff6600\"><a style=\"color: #ff6600\" href=\"https:\/\/wp.ufpel.edu.br\/progep\/files\/2022\/05\/Turma-2-Capes-Homologados.pdf\">INSCRI\u00c7\u00d5ES HOMOLOGADAS-Turma 2<\/a><\/span><\/p>\n<p>&nbsp;<\/p>\n","protected":false},"excerpt":{"rendered":"<p>Ministrante(s):\u00a0Fabiane Bergmann Xavier (Administradora da Pr\u00f3-Reitoria de Pesquisa e P\u00f3s-Gradua\u00e7\u00e3o) Modalidade: Online Carga hor\u00e1ria: 03 horas Data de realiza\u00e7\u00e3o: Turma A: 09\/05\/2022 (segunda-feira) &#8211; das 14h \u00e0s 17h\u00a0 Turma B: 10\/05\/2022\u00a0 ( ter\u00e7a-feira ) &#8211; das 8h30 \u00e0s 11h30\u00a0 Realiza\u00e7\u00e3o: Plataforma Webconf da UFPel S\u00famula: Gest\u00e3o de Recursos (PROAP e recursos pr\u00f3prios) compreendendo\u00a0or\u00e7amento, abertura de [&hellip;]<\/p>\n","protected":false},"author":21,"featured_media":0,"parent":0,"menu_order":0,"comment_status":"closed","ping_status":"closed","template":"","meta":{"footnotes":""},"class_list":["post-19964","page","type-page","status-publish","hentry"],"_links":{"self":[{"href":"https:\/\/wp.ufpel.edu.br\/progep\/wp-json\/wp\/v2\/pages\/19964","targetHints":{"allow":["GET"]}}],"collection":[{"href":"https:\/\/wp.ufpel.edu.br\/progep\/wp-json\/wp\/v2\/pages"}],"about":[{"href":"https:\/\/wp.ufpel.edu.br\/progep\/wp-json\/wp\/v2\/types\/page"}],"author":[{"embeddable":true,"href":"https:\/\/wp.ufpel.edu.br\/progep\/wp-json\/wp\/v2\/users\/21"}],"replies":[{"embeddable":true,"href":"https:\/\/wp.ufpel.edu.br\/progep\/wp-json\/wp\/v2\/comments?post=19964"}],"version-history":[{"count":13,"href":"https:\/\/wp.ufpel.edu.br\/progep\/wp-json\/wp\/v2\/pages\/19964\/revisions"}],"predecessor-version":[{"id":34018,"href":"https:\/\/wp.ufpel.edu.br\/progep\/wp-json\/wp\/v2\/pages\/19964\/revisions\/34018"}],"wp:attachment":[{"href":"https:\/\/wp.ufpel.edu.br\/progep\/wp-json\/wp\/v2\/media?parent=19964"}],"curies":[{"name":"wp","href":"https:\/\/api.w.org\/{rel}","templated":true}]}}