{"id":19906,"date":"2022-03-31T16:41:02","date_gmt":"2022-03-31T19:41:02","guid":{"rendered":"https:\/\/wp.ufpel.edu.br\/progep\/?page_id=19906"},"modified":"2025-06-30T14:22:26","modified_gmt":"2025-06-30T17:22:26","slug":"capacita-programa-de-educacao-para-aposentadoria-dos-das-servidores-as-da-ufpel-evoluidade","status":"publish","type":"page","link":"https:\/\/wp.ufpel.edu.br\/progep\/capacita-programa-de-educacao-para-aposentadoria-dos-das-servidores-as-da-ufpel-evoluidade\/","title":{"rendered":"Capacita\u00e7\u00e3o: Capacita: Programa de Educa\u00e7\u00e3o para Aposentadoria dos\/das servidores\/as da UFPel Evoluidade"},"content":{"rendered":"<p><strong>Ministrante(s): <\/strong>Maria Helena Concei\u00e7\u00e3o Silveira<\/p>\n<p><b>Modalidade: <\/b>online<\/p>\n<p><strong>Carga hor\u00e1ria:<\/strong><br \/>\nEtapa I (19\/04\/22 a 21\/06\/22) &#8211; 20 horas<br \/>\nEtapa II (28\/06\/22 a 26\/07\/22) &#8211; 10 horas<\/p>\n<p class=\"v1MsoNormal\"><strong>Per\u00edodo<\/strong>: 19 de abril a 26 <span style=\"background-color: #ffffff\">de julho de 2022, \u00e0s ter\u00e7as-feiras, das 10h \u00e0s 12h.<\/span><\/p>\n<p class=\"v1MsoNormal\"><strong>Realiza\u00e7\u00e3o<\/strong>: Plataforma e-Projeto da UFPEL<\/p>\n<p><strong>S\u00famula<\/strong>:<\/p>\n<p><strong>Etapa I \u2013 Fundamentando as Reflex\u00f5es para um P\u00f3s-Carreira com Sa\u00fade e Qualidade de Vida<\/strong><\/p>\n<ul>\n<li>Identidade, Trabalho e Aposentadoria;<\/li>\n<li>Aspectos Socioculturais;<\/li>\n<li>\u00c1reas da Vida e Mudan\u00e7a de Comportamento;<\/li>\n<li>Relacionamento Social, Familiar e Afetivo na Aposentadoria;<\/li>\n<li>Cuidando do Lazer;<\/li>\n<li>Cuidados com a Sa\u00fade;<\/li>\n<li>Educa\u00e7\u00e3o Financeira;<\/li>\n<li>Papel da Atividade F\u00edsica no Ciclo da Vida;<\/li>\n<li>Aspectos Previdenci\u00e1rios;<\/li>\n<li>Projeto de Vida.<\/li>\n<\/ul>\n<p><strong>Etapa II \u2013 Preparando-se para a Aposentadoria<\/strong><\/p>\n<ul>\n<li>Envelhecimento Ativo;<\/li>\n<li>Aposentadoria; Crise ou Liberdade?;<\/li>\n<li>Espiritualidade, Promo\u00e7\u00e3o de Sa\u00fade e Aposentadoria;<\/li>\n<li>Atividade Volunt\u00e1ria; Empreendendorismo;<\/li>\n<li class=\"Texto_Justificado\">Etapas de Adapta\u00e7\u00e3o \u00e0 Aposentadoria.<\/li>\n<\/ul>\n<p style=\"text-align: justify\"><b><strong>Avalia\u00e7\u00e3o: <\/strong><\/b>Frequ\u00eancia m\u00ednima de 75% e aproveitamento mensurado conforme crit\u00e9rios definidos pelo(s) ministrante(s).<\/p>\n<p class=\"v1MsoNormal\"><strong>P\u00fablico Alvo<\/strong>: Servidores docentes e TAE\u2019s ativos*<\/p>\n<p><strong>N\u00famero de vagas:<\/strong> 20 vagas (crit\u00e9rios em ordem de prioridade)*<\/p>\n<p>* Maior tempo de servi\u00e7o p\u00fablico;<\/p>\n<p>** Maior tempo de trabalho na UFPel;<\/p>\n<p>*** Maior idade.<\/p>\n<p><strong>Per\u00edodo de inscri\u00e7\u00e3o<\/strong>: 31\/03 a 13\/04\/2022<\/p>\n<p><strong>Divulga\u00e7\u00e3o das inscri\u00e7\u00f5es homologadas<\/strong>: 14\/04***, nesta p\u00e1gina.<\/p>\n<p>*Considerando a Pol\u00edtica Nacional de Desenvolvimento de Pessoas, conforme Decreto n\u00ba 9.991\/19, somente ser\u00e3o certificados os servidores p\u00fablicos pertencentes ao Quadro Efetivo da UFPel.<\/p>\n<p>**Vagas destinadas \u00e0 servidores pertencentes ao Quadro Efetivo da UFPel, preferencialmente.<\/p>\n<p>*** Quando homologadas as inscri\u00e7\u00f5es, os selecionados receber\u00e3o e-mail com instru\u00e7\u00f5es de acesso \u00e0 sala de Webconf da UFPel.<\/p>\n<p><span style=\"color: #ff6600\"><a style=\"color: #ff6600\" href=\"https:\/\/wp.ufpel.edu.br\/progep\/files\/2022\/04\/Homologados-Evoluidade.pdf\">INSCRI\u00c7\u00d5ES HOMOLOGADAS:<\/a><\/span><\/p>\n","protected":false},"excerpt":{"rendered":"<p>Ministrante(s): Maria Helena Concei\u00e7\u00e3o Silveira Modalidade: online Carga hor\u00e1ria: Etapa I (19\/04\/22 a 21\/06\/22) &#8211; 20 horas Etapa II (28\/06\/22 a 26\/07\/22) &#8211; 10 horas Per\u00edodo: 19 de abril a 26 de julho de 2022, \u00e0s ter\u00e7as-feiras, das 10h \u00e0s 12h. Realiza\u00e7\u00e3o: Plataforma e-Projeto da UFPEL S\u00famula: Etapa I \u2013 Fundamentando as Reflex\u00f5es para um [&hellip;]<\/p>\n","protected":false},"author":21,"featured_media":0,"parent":0,"menu_order":0,"comment_status":"closed","ping_status":"closed","template":"","meta":{"footnotes":""},"class_list":["post-19906","page","type-page","status-publish","hentry"],"_links":{"self":[{"href":"https:\/\/wp.ufpel.edu.br\/progep\/wp-json\/wp\/v2\/pages\/19906","targetHints":{"allow":["GET"]}}],"collection":[{"href":"https:\/\/wp.ufpel.edu.br\/progep\/wp-json\/wp\/v2\/pages"}],"about":[{"href":"https:\/\/wp.ufpel.edu.br\/progep\/wp-json\/wp\/v2\/types\/page"}],"author":[{"embeddable":true,"href":"https:\/\/wp.ufpel.edu.br\/progep\/wp-json\/wp\/v2\/users\/21"}],"replies":[{"embeddable":true,"href":"https:\/\/wp.ufpel.edu.br\/progep\/wp-json\/wp\/v2\/comments?post=19906"}],"version-history":[{"count":8,"href":"https:\/\/wp.ufpel.edu.br\/progep\/wp-json\/wp\/v2\/pages\/19906\/revisions"}],"predecessor-version":[{"id":34015,"href":"https:\/\/wp.ufpel.edu.br\/progep\/wp-json\/wp\/v2\/pages\/19906\/revisions\/34015"}],"wp:attachment":[{"href":"https:\/\/wp.ufpel.edu.br\/progep\/wp-json\/wp\/v2\/media?parent=19906"}],"curies":[{"name":"wp","href":"https:\/\/api.w.org\/{rel}","templated":true}]}}