{"id":19904,"date":"2022-03-31T16:39:44","date_gmt":"2022-03-31T19:39:44","guid":{"rendered":"https:\/\/wp.ufpel.edu.br\/progep\/?page_id=19904"},"modified":"2025-06-30T14:22:09","modified_gmt":"2025-06-30T17:22:09","slug":"roda-de-conversa-acessibilidade-e-direitos-da-pessoa-com-deficiencia-desafios-e-possibilidades","status":"publish","type":"page","link":"https:\/\/wp.ufpel.edu.br\/progep\/roda-de-conversa-acessibilidade-e-direitos-da-pessoa-com-deficiencia-desafios-e-possibilidades\/","title":{"rendered":"Capacita\u00e7\u00e3o: Roda de Conversa- Acessibilidade e direitos da pessoa com defici\u00eancia: desafios e possibilidades"},"content":{"rendered":"<p><strong>Facilitadora: <\/strong>Rita de C\u00e1ssia Morem C\u00f3ssio Rodriguez.<\/p>\n<p><strong>Data:<\/strong> 19\/04\/2022 (ter\u00e7a-feira)<\/p>\n<p><strong>Hora: <\/strong>9h.<\/p>\n<p><strong>Realiza\u00e7\u00e3o:<\/strong>\u00a0plataforma Webconf da UFPel (na modalidade\u00a0<em>on-line)<\/em><\/p>\n<p><strong>Ementa:\u00a0<\/strong><\/p>\n<p>&#8211; Acessibilidade como direito da pessoa com defici\u00eancia;<\/p>\n<p>&#8211; LBI (estatuto da pessoa com defici\u00eancia) e a elimina\u00e7\u00e3o de barreiras;<\/p>\n<p>&#8211; Constru\u00e7\u00e3o de possibilidades e pr\u00e1ticas acess\u00edveis.<\/p>\n<p><strong>P\u00fablico Alvo<\/strong>: Servidores docentes e TAE\u2019s ativos*<\/p>\n<p><strong>Per\u00edodo de inscri\u00e7\u00e3o<\/strong>: 31\/03 a 15\/04\/2022<\/p>\n<p><strong>Divulga\u00e7\u00e3o das inscri\u00e7\u00f5es homologadas<\/strong>: 18\/04**, nesta p\u00e1gina.<\/p>\n<p>*Considerando a Pol\u00edtica Nacional de Desenvolvimento de Pessoas, conforme Decreto n\u00ba 9.991\/19, somente ser\u00e3o certificados os servidores p\u00fablicos pertencentes ao Quadro Efetivo da UFPel.<\/p>\n<p>**Quando homologadas as inscri\u00e7\u00f5es, os selecionados receber\u00e3o e-mail com instru\u00e7\u00f5es de acesso \u00e0 sala de Webconf da UFPel.<\/p>\n<p><span style=\"color: #ff6600\"><a style=\"color: #ff6600\" href=\"https:\/\/wp.ufpel.edu.br\/progep\/files\/2022\/04\/19-04-Acessibilidade-e-direitos-da-pessoa-com-deficiencia-Homologados-roda.pdf\">INSCRI\u00c7\u00d5ES HOMOLOGADAS:<\/a><\/span><\/p>\n","protected":false},"excerpt":{"rendered":"<p>Facilitadora: Rita de C\u00e1ssia Morem C\u00f3ssio Rodriguez. Data: 19\/04\/2022 (ter\u00e7a-feira) Hora: 9h. Realiza\u00e7\u00e3o:\u00a0plataforma Webconf da UFPel (na modalidade\u00a0on-line) Ementa:\u00a0 &#8211; Acessibilidade como direito da pessoa com defici\u00eancia; &#8211; LBI (estatuto da pessoa com defici\u00eancia) e a elimina\u00e7\u00e3o de barreiras; &#8211; Constru\u00e7\u00e3o de possibilidades e pr\u00e1ticas acess\u00edveis. P\u00fablico Alvo: Servidores docentes e TAE\u2019s ativos* Per\u00edodo de [&hellip;]<\/p>\n","protected":false},"author":21,"featured_media":0,"parent":0,"menu_order":0,"comment_status":"closed","ping_status":"closed","template":"","meta":{"footnotes":""},"class_list":["post-19904","page","type-page","status-publish","hentry"],"_links":{"self":[{"href":"https:\/\/wp.ufpel.edu.br\/progep\/wp-json\/wp\/v2\/pages\/19904","targetHints":{"allow":["GET"]}}],"collection":[{"href":"https:\/\/wp.ufpel.edu.br\/progep\/wp-json\/wp\/v2\/pages"}],"about":[{"href":"https:\/\/wp.ufpel.edu.br\/progep\/wp-json\/wp\/v2\/types\/page"}],"author":[{"embeddable":true,"href":"https:\/\/wp.ufpel.edu.br\/progep\/wp-json\/wp\/v2\/users\/21"}],"replies":[{"embeddable":true,"href":"https:\/\/wp.ufpel.edu.br\/progep\/wp-json\/wp\/v2\/comments?post=19904"}],"version-history":[{"count":5,"href":"https:\/\/wp.ufpel.edu.br\/progep\/wp-json\/wp\/v2\/pages\/19904\/revisions"}],"predecessor-version":[{"id":34012,"href":"https:\/\/wp.ufpel.edu.br\/progep\/wp-json\/wp\/v2\/pages\/19904\/revisions\/34012"}],"wp:attachment":[{"href":"https:\/\/wp.ufpel.edu.br\/progep\/wp-json\/wp\/v2\/media?parent=19904"}],"curies":[{"name":"wp","href":"https:\/\/api.w.org\/{rel}","templated":true}]}}