{"id":19903,"date":"2022-03-31T16:39:59","date_gmt":"2022-03-31T19:39:59","guid":{"rendered":"https:\/\/wp.ufpel.edu.br\/progep\/?page_id=19903"},"modified":"2025-06-30T14:22:13","modified_gmt":"2025-06-30T17:22:13","slug":"roda-de-conversa-lideranca-mulheres-que-transformam-a-universidade","status":"publish","type":"page","link":"https:\/\/wp.ufpel.edu.br\/progep\/roda-de-conversa-lideranca-mulheres-que-transformam-a-universidade\/","title":{"rendered":"Capacita\u00e7\u00e3o: Roda de Conversa-Lideran\u00e7a: Mulheres que transformam a Universidade"},"content":{"rendered":"<p><strong>Ministrantes:<\/strong> Isabela Fernandes Andrade e Ursula Rosa da Silva.<\/p>\n<p><strong>Data:<\/strong> 20\/04\/2022 (quarta-feira)<\/p>\n<p><strong>Hora: <\/strong>das 10h \u00e0s 11h30min<\/p>\n<p><strong>Realiza\u00e7\u00e3o:<\/strong>\u00a0plataforma Webconf da UFPel (na modalidade\u00a0<em>on-line)<\/em><\/p>\n<p><strong>Ementa: <\/strong>O protagonismo feminino na constru\u00e7\u00e3o de uma UFPel mais diversa e mais inclusiva.<\/p>\n<p><strong>P\u00fablico Alvo<\/strong>: Servidores docentes e TAE\u2019s ativos*<\/p>\n<p><strong>Per\u00edodo de inscri\u00e7\u00e3o<\/strong>: 31\/03 a 15\/04\/2022<\/p>\n<p><strong>Divulga\u00e7\u00e3o das inscri\u00e7\u00f5es homologadas<\/strong>: 18\/04**, nesta p\u00e1gina.<\/p>\n<p>*Considerando a Pol\u00edtica Nacional de Desenvolvimento de Pessoas, conforme Decreto n\u00ba 9.991\/19, somente ser\u00e3o certificados os servidores p\u00fablicos pertencentes ao Quadro Efetivo da UFPel.<\/p>\n<p>**Quando homologadas as inscri\u00e7\u00f5es, os selecionados receber\u00e3o e-mail com instru\u00e7\u00f5es de acesso \u00e0 sala de Webconf da UFPel.<\/p>\n<p><span style=\"color: #ff6600\"><a style=\"color: #ff6600\" href=\"https:\/\/wp.ufpel.edu.br\/progep\/files\/2022\/04\/18-04-Mulheres-que-transformam-Homologados-roda.pdf\">INSCRI\u00c7\u00d5ES HOMOLOGADAS<\/a>:<\/span><\/p>\n","protected":false},"excerpt":{"rendered":"<p>Ministrantes: Isabela Fernandes Andrade e Ursula Rosa da Silva. Data: 20\/04\/2022 (quarta-feira) Hora: das 10h \u00e0s 11h30min Realiza\u00e7\u00e3o:\u00a0plataforma Webconf da UFPel (na modalidade\u00a0on-line) Ementa: O protagonismo feminino na constru\u00e7\u00e3o de uma UFPel mais diversa e mais inclusiva. P\u00fablico Alvo: Servidores docentes e TAE\u2019s ativos* Per\u00edodo de inscri\u00e7\u00e3o: 31\/03 a 15\/04\/2022 Divulga\u00e7\u00e3o das inscri\u00e7\u00f5es homologadas: 18\/04**, [&hellip;]<\/p>\n","protected":false},"author":21,"featured_media":0,"parent":0,"menu_order":0,"comment_status":"closed","ping_status":"closed","template":"","meta":{"footnotes":""},"class_list":["post-19903","page","type-page","status-publish","hentry"],"_links":{"self":[{"href":"https:\/\/wp.ufpel.edu.br\/progep\/wp-json\/wp\/v2\/pages\/19903","targetHints":{"allow":["GET"]}}],"collection":[{"href":"https:\/\/wp.ufpel.edu.br\/progep\/wp-json\/wp\/v2\/pages"}],"about":[{"href":"https:\/\/wp.ufpel.edu.br\/progep\/wp-json\/wp\/v2\/types\/page"}],"author":[{"embeddable":true,"href":"https:\/\/wp.ufpel.edu.br\/progep\/wp-json\/wp\/v2\/users\/21"}],"replies":[{"embeddable":true,"href":"https:\/\/wp.ufpel.edu.br\/progep\/wp-json\/wp\/v2\/comments?post=19903"}],"version-history":[{"count":8,"href":"https:\/\/wp.ufpel.edu.br\/progep\/wp-json\/wp\/v2\/pages\/19903\/revisions"}],"predecessor-version":[{"id":34013,"href":"https:\/\/wp.ufpel.edu.br\/progep\/wp-json\/wp\/v2\/pages\/19903\/revisions\/34013"}],"wp:attachment":[{"href":"https:\/\/wp.ufpel.edu.br\/progep\/wp-json\/wp\/v2\/media?parent=19903"}],"curies":[{"name":"wp","href":"https:\/\/api.w.org\/{rel}","templated":true}]}}