{"id":19899,"date":"2022-03-31T16:40:29","date_gmt":"2022-03-31T19:40:29","guid":{"rendered":"https:\/\/wp.ufpel.edu.br\/progep\/?page_id=19899"},"modified":"2025-06-30T14:22:21","modified_gmt":"2025-06-30T17:22:21","slug":"capacita-formacao-em-extensao","status":"publish","type":"page","link":"https:\/\/wp.ufpel.edu.br\/progep\/capacita-formacao-em-extensao\/","title":{"rendered":"Capacita\u00e7\u00e3o: Capacita: Forma\u00e7\u00e3o em extens\u00e3o"},"content":{"rendered":"<p><strong>Ministrante(s): <\/strong>Ana Carolina Oliveira Nogueira e Raquel Silveira Rita Dias<\/p>\n<p><strong>Modalidade:<\/strong> online<\/p>\n<p><strong>Carga hor\u00e1ria:<\/strong> 42 horas<\/p>\n<p class=\"v1MsoNormal\"><strong>Per\u00edodo<\/strong>: 18 de abril a 13\u00a0 <span style=\"background-color: #ffffff\">de junho de 2022<\/span><\/p>\n<p>M\u00f3dulo I (10h) &#8211; 18\/04 a 02\/05 &#8211; Encontro s\u00edncrono: 28\/04 (2h)<\/p>\n<p>M\u00f3dulo II (10h) &#8211; 03\/05 a 16\/05 &#8211; Encontro s\u00edncrono: 12\/05 (2h)<\/p>\n<p>M\u00f3dulo III (5h) &#8211; 17\/05 a 23\/05 &#8211; Encontro s\u00edncrono: 19\/05 (2h)<\/p>\n<p>M\u00f3dulo IV (6h) &#8211; 24\/05 a 30\/05 &#8211; Encontro s\u00edncrono: 26\/05 (2h)<\/p>\n<p>M\u00f3dulo V (5h) &#8211; 31\/05 a 06\/06 &#8211; Encontro s\u00edncrono: 02\/06 (2h)<\/p>\n<p>M\u00f3dulo VI (6h) &#8211; 07\/06 a 13\/06 &#8211; Encontro s\u00edncrono: 09\/06 (2h) e 13\/06 (2h)<\/p>\n<p class=\"v1MsoNormal\"><strong>Realiza\u00e7\u00e3o<\/strong>: Plataforma e-projeto da UFPel<\/p>\n<p><strong>S\u00famula<\/strong>:<\/p>\n<p dir=\"ltr\">M\u00f3dulo I: Aspectos hist\u00f3ricos da Extens\u00e3o Universit\u00e1ria.<\/p>\n<p dir=\"ltr\">M\u00f3dulo II: As normativas da Extens\u00e3o e sua inser\u00e7\u00e3o na matriz curricular dos cursos de gradua\u00e7\u00e3o.<\/p>\n<p dir=\"ltr\">M\u00f3dulo III: As atividades de Extens\u00e3o na UFPel<\/p>\n<p dir=\"ltr\">M\u00f3dulo IV: No decorrer da atividade: outras solicita\u00e7\u00f5es poss\u00edveis<\/p>\n<p dir=\"ltr\">M\u00f3dulo V: Encerrando a atividade extensionista<\/p>\n<p dir=\"ltr\">M\u00f3dulo VI: Dialogando sobre a forma\u00e7\u00e3o<\/p>\n<p><b><strong>Avalia\u00e7\u00e3o: <\/strong><\/b>Realiza\u00e7\u00e3o das atividades e frequ\u00eancia m\u00ednima de 75%.<\/p>\n<p class=\"v1MsoNormal\"><strong>P\u00fablico Alvo<\/strong>: Servidores docentes e TAE\u2019s ativos*<\/p>\n<p><strong>N\u00famero de vagas:<\/strong> 30 vagas (limitadas por ordem de inscri\u00e7\u00e3o)**<\/p>\n<p><strong>Per\u00edodo de inscri\u00e7\u00e3o<\/strong>: \u00a0<span style=\"color: #ff0000\">(Inscri\u00e7\u00f5es encerradas em raz\u00e3o da limita\u00e7\u00e3o de vagas)<\/span><\/p>\n<p><strong>Divulga\u00e7\u00e3o das inscri\u00e7\u00f5es homologadas<\/strong>: 14\/04***, nesta p\u00e1gina.<\/p>\n<p>*Considerando a Pol\u00edtica Nacional de Desenvolvimento de Pessoas, conforme Decreto n\u00ba 9.991\/19, somente ser\u00e3o certificados os servidores p\u00fablicos pertencentes ao Quadro Efetivo da UFPel.<\/p>\n<p>**Vagas destinadas \u00e0 servidores pertencentes ao Quadro Efetivo da UFPel, preferencialmente.<\/p>\n<p>*** Quando homologadas as inscri\u00e7\u00f5es, os selecionados receber\u00e3o e-mail com instru\u00e7\u00f5es de acesso \u00e0 sala de Webconf da UFPel.<\/p>\n<p><span style=\"color: #ff6600\"><a style=\"color: #ff6600\" href=\"https:\/\/wp.ufpel.edu.br\/progep\/files\/2022\/04\/Homologados-Formacao-em-Extensao.pdf\">INSCRI\u00c7\u00d5ES HOMOLOGADAS:<\/a><\/span><\/p>\n","protected":false},"excerpt":{"rendered":"<p>Ministrante(s): Ana Carolina Oliveira Nogueira e Raquel Silveira Rita Dias Modalidade: online Carga hor\u00e1ria: 42 horas Per\u00edodo: 18 de abril a 13\u00a0 de junho de 2022 M\u00f3dulo I (10h) &#8211; 18\/04 a 02\/05 &#8211; Encontro s\u00edncrono: 28\/04 (2h) M\u00f3dulo II (10h) &#8211; 03\/05 a 16\/05 &#8211; Encontro s\u00edncrono: 12\/05 (2h) M\u00f3dulo III (5h) &#8211; 17\/05 [&hellip;]<\/p>\n","protected":false},"author":21,"featured_media":0,"parent":0,"menu_order":0,"comment_status":"closed","ping_status":"closed","template":"","meta":{"footnotes":""},"class_list":["post-19899","page","type-page","status-publish","hentry"],"_links":{"self":[{"href":"https:\/\/wp.ufpel.edu.br\/progep\/wp-json\/wp\/v2\/pages\/19899","targetHints":{"allow":["GET"]}}],"collection":[{"href":"https:\/\/wp.ufpel.edu.br\/progep\/wp-json\/wp\/v2\/pages"}],"about":[{"href":"https:\/\/wp.ufpel.edu.br\/progep\/wp-json\/wp\/v2\/types\/page"}],"author":[{"embeddable":true,"href":"https:\/\/wp.ufpel.edu.br\/progep\/wp-json\/wp\/v2\/users\/21"}],"replies":[{"embeddable":true,"href":"https:\/\/wp.ufpel.edu.br\/progep\/wp-json\/wp\/v2\/comments?post=19899"}],"version-history":[{"count":8,"href":"https:\/\/wp.ufpel.edu.br\/progep\/wp-json\/wp\/v2\/pages\/19899\/revisions"}],"predecessor-version":[{"id":34014,"href":"https:\/\/wp.ufpel.edu.br\/progep\/wp-json\/wp\/v2\/pages\/19899\/revisions\/34014"}],"wp:attachment":[{"href":"https:\/\/wp.ufpel.edu.br\/progep\/wp-json\/wp\/v2\/media?parent=19899"}],"curies":[{"name":"wp","href":"https:\/\/api.w.org\/{rel}","templated":true}]}}