{"id":19776,"date":"2022-03-21T15:32:07","date_gmt":"2022-03-21T18:32:07","guid":{"rendered":"https:\/\/wp.ufpel.edu.br\/progep\/?page_id=19776"},"modified":"2025-06-30T14:20:41","modified_gmt":"2025-06-30T17:20:41","slug":"capacita-na-web-virei-gestor-a-e-agora","status":"publish","type":"page","link":"https:\/\/wp.ufpel.edu.br\/progep\/capacita-na-web-virei-gestor-a-e-agora\/","title":{"rendered":"Capacita\u00e7\u00e3o: Capacita na Web: Virei gestor\/a, e agora?"},"content":{"rendered":"<p><strong>Facilitadores: <\/strong>Ant\u00f4nio Maur\u00edcio Medeiros Alves e Analisa Zorzi (Professores da Faculdade de Educa\u00e7\u00e3o\/ UFPEL)<\/p>\n<p><strong>Data:<\/strong> 06\/04\/2022 (quarta-feira)<\/p>\n<p><strong>Hora:\u00a0<\/strong>das 14h \u00e0s 16h<\/p>\n<p><strong>Realiza\u00e7\u00e3o:<\/strong> Plataforma Webconf da UFPel (na modalidade\u00a0<em>online)<\/em><\/p>\n<p style=\"text-align: justify\"><strong>Ementa:<br \/>\n<\/strong>Di\u00e1logo sobre os desafios de ser\/estar gestor\/a nos diversos espa\u00e7os da universidade. Os pressupostos, o planejamento, os registros, a rotina, a organiza\u00e7\u00e3o, as rela\u00e7\u00f5es, a comunica\u00e7\u00e3o, entre outros aspectos importantes no fazer e na reflex\u00e3o sobre a gest\u00e3o.<\/p>\n<p><strong>P\u00fablico Alvo<\/strong>: Servidores docentes e TAE\u2019s ativos*<\/p>\n<p><strong>N\u00famero de vagas:<\/strong> conforme limite da Plataforma Webconf.<\/p>\n<p><strong>Per\u00edodo de inscri\u00e7\u00e3o<\/strong>: 21\/03 a 03\/04\/2022<\/p>\n<p><strong>Divulga\u00e7\u00e3o das inscri\u00e7\u00f5es homologadas<\/strong>: 04\/04**, nesta p\u00e1gina.<\/p>\n<p>*Considerando a Pol\u00edtica Nacional de Desenvolvimento de Pessoas, conforme Decreto n\u00ba 9.991\/19, somente ser\u00e3o certificados os servidores p\u00fablicos pertencentes ao Quadro Efetivo da UFPel.<\/p>\n<p>**Quando homologadas as inscri\u00e7\u00f5es, os selecionados receber\u00e3o e-mail com instru\u00e7\u00f5es de acesso \u00e0 sala de Webconf da UFPel.<\/p>\n<p><span style=\"color: #ff6600\"><a style=\"color: #ff6600\" href=\"https:\/\/wp.ufpel.edu.br\/progep\/files\/2022\/04\/04-04-Homologados-roda-Virei-Gestor.pdf\">INSCRI\u00c7\u00d5ES HOMOLOGADAS<\/a>:<\/span><\/p>\n","protected":false},"excerpt":{"rendered":"<p>Facilitadores: Ant\u00f4nio Maur\u00edcio Medeiros Alves e Analisa Zorzi (Professores da Faculdade de Educa\u00e7\u00e3o\/ UFPEL) Data: 06\/04\/2022 (quarta-feira) Hora:\u00a0das 14h \u00e0s 16h Realiza\u00e7\u00e3o: Plataforma Webconf da UFPel (na modalidade\u00a0online) Ementa: Di\u00e1logo sobre os desafios de ser\/estar gestor\/a nos diversos espa\u00e7os da universidade. Os pressupostos, o planejamento, os registros, a rotina, a organiza\u00e7\u00e3o, as rela\u00e7\u00f5es, a comunica\u00e7\u00e3o, [&hellip;]<\/p>\n","protected":false},"author":21,"featured_media":0,"parent":0,"menu_order":0,"comment_status":"closed","ping_status":"closed","template":"","meta":{"footnotes":""},"class_list":["post-19776","page","type-page","status-publish","hentry"],"_links":{"self":[{"href":"https:\/\/wp.ufpel.edu.br\/progep\/wp-json\/wp\/v2\/pages\/19776","targetHints":{"allow":["GET"]}}],"collection":[{"href":"https:\/\/wp.ufpel.edu.br\/progep\/wp-json\/wp\/v2\/pages"}],"about":[{"href":"https:\/\/wp.ufpel.edu.br\/progep\/wp-json\/wp\/v2\/types\/page"}],"author":[{"embeddable":true,"href":"https:\/\/wp.ufpel.edu.br\/progep\/wp-json\/wp\/v2\/users\/21"}],"replies":[{"embeddable":true,"href":"https:\/\/wp.ufpel.edu.br\/progep\/wp-json\/wp\/v2\/comments?post=19776"}],"version-history":[{"count":6,"href":"https:\/\/wp.ufpel.edu.br\/progep\/wp-json\/wp\/v2\/pages\/19776\/revisions"}],"predecessor-version":[{"id":34008,"href":"https:\/\/wp.ufpel.edu.br\/progep\/wp-json\/wp\/v2\/pages\/19776\/revisions\/34008"}],"wp:attachment":[{"href":"https:\/\/wp.ufpel.edu.br\/progep\/wp-json\/wp\/v2\/media?parent=19776"}],"curies":[{"name":"wp","href":"https:\/\/api.w.org\/{rel}","templated":true}]}}