{"id":19749,"date":"2022-03-10T08:56:56","date_gmt":"2022-03-10T11:56:56","guid":{"rendered":"https:\/\/wp.ufpel.edu.br\/progep\/?page_id=19749"},"modified":"2025-06-30T14:20:26","modified_gmt":"2025-06-30T17:20:26","slug":"capacita-na-web-ppi-ufpel-um-olhar-para-o-futuro","status":"publish","type":"page","link":"https:\/\/wp.ufpel.edu.br\/progep\/capacita-na-web-ppi-ufpel-um-olhar-para-o-futuro\/","title":{"rendered":"Capacita\u00e7\u00e3o: Capacita na Web &#8211; PPI UFPel: um olhar para o futuro"},"content":{"rendered":"<p style=\"text-align: justify\">A capacita\u00e7\u00e3o tem por objetivo a divulga\u00e7\u00e3o e acolhimento da comunidade acad\u00eamica sobre o Projeto Pedag\u00f3gico Institucional e sua import\u00e2ncia, estimulando a reflex\u00e3o e participa\u00e7\u00e3o nas etapas posteriores.<\/p>\n<p><span style=\"color: #808080\"><strong>Turma 1<\/strong>:<\/span><br \/>\nData: 28 de mar\u00e7o de 2022<br \/>\nHor\u00e1rio: 14h30min \u00e0s 16h30min<br \/>\n<strong>Facilitadoras<\/strong>:\u00a0Ursula Rosa da Silva e Silvana Paiva Orlandi<\/p>\n<p><span style=\"color: #0000ff\"><strong>Turma 2 (atividade com acessibilidade em Libras)<\/strong><\/span><br \/>\nData: 31 de mar\u00e7o de 2022<br \/>\nHor\u00e1rio: 09h \u00e0s 11h<br \/>\n<strong>Facilitadoras:\u00a0<\/strong>Ursula Rosa da Silva, Eduardo Ferreira das Neves Filho e Silvana Paiva Orlandi<\/p>\n<p><strong>Realiza\u00e7\u00e3o:<\/strong>\u00a0plataforma Webconf da UFPel (na modalidade\u00a0<em>on-line)<\/em><\/p>\n<p><strong>Ementa: <\/strong>Breve apresenta\u00e7\u00e3o da metodologia de renova\u00e7\u00e3o do a Projeto Pedag\u00f3gico Institucional -PPI UFPel; apresenta\u00e7\u00e3o do contexto hist\u00f3rico do PPI vigente; debate sobre o tema.<\/p>\n<p><strong>P\u00fablico Alvo<\/strong>: Servidores docentes e TAE\u2019s ativos*<\/p>\n<p><strong>Per\u00edodo de inscri\u00e7\u00e3o<\/strong>: 10\/03 a 24\/03\/2022<\/p>\n<p><strong>Divulga\u00e7\u00e3o das inscri\u00e7\u00f5es homologadas<\/strong>: 25\/03**, nesta p\u00e1gina.<\/p>\n<p>*Considerando a Pol\u00edtica Nacional de Desenvolvimento de Pessoas, conforme Decreto n\u00ba 9.991\/19, somente ser\u00e3o certificados os servidores p\u00fablicos pertencentes ao Quadro Efetivo da UFPel.<\/p>\n<p>**Quando homologadas as inscri\u00e7\u00f5es, os selecionados receber\u00e3o e-mail com instru\u00e7\u00f5es de acesso \u00e0 sala de Webconf da UFPel.<\/p>\n<p>&nbsp;<\/p>\n<p><span style=\"color: #ff6600\"><a style=\"color: #ff6600\" href=\"https:\/\/wp.ufpel.edu.br\/progep\/files\/2022\/03\/HOMOLOGACAO-PPI-Turma-1.pdf\">INSCRI\u00c7\u00d5ES HOMOLOGADAS &#8211; TURMA 1<\/a><\/span><\/p>\n<p><span style=\"background-color: #ff9900;color: #ff6600\"><a style=\"background-color: #ff9900;color: #ff6600\" href=\"https:\/\/wp.ufpel.edu.br\/progep\/files\/2022\/03\/29-03-docx.pdf\"><span style=\"background-color: #ffffff\">INSCRI\u00c7\u00d5ES HOMOLOGADAS- TURMA 2<\/span><\/a><span style=\"background-color: #ffffff\">\u00a0<\/span><\/span><\/p>\n<p><a href=\"https:\/\/wp.ufpel.edu.br\/progep\/files\/2020\/11\/simbolo-acessivel-em-libras.jpg\"><img class=\"wp-image-16700 alignleft\" src=\"https:\/\/wp.ufpel.edu.br\/progep\/files\/2020\/11\/simbolo-acessivel-em-libras.jpg\" alt=\"\" width=\"110\" height=\"165\" srcset=\"https:\/\/wp.ufpel.edu.br\/progep\/files\/2020\/11\/simbolo-acessivel-em-libras.jpg 469w, https:\/\/wp.ufpel.edu.br\/progep\/files\/2020\/11\/simbolo-acessivel-em-libras-266x400.jpg 266w\" sizes=\"(max-width: 110px) 100vw, 110px\" \/><\/a><\/p>\n<p>&nbsp;<\/p>\n","protected":false},"excerpt":{"rendered":"<p>A capacita\u00e7\u00e3o tem por objetivo a divulga\u00e7\u00e3o e acolhimento da comunidade acad\u00eamica sobre o Projeto Pedag\u00f3gico Institucional e sua import\u00e2ncia, estimulando a reflex\u00e3o e participa\u00e7\u00e3o nas etapas posteriores. Turma 1: Data: 28 de mar\u00e7o de 2022 Hor\u00e1rio: 14h30min \u00e0s 16h30min Facilitadoras:\u00a0Ursula Rosa da Silva e Silvana Paiva Orlandi Turma 2 (atividade com acessibilidade em Libras) [&hellip;]<\/p>\n","protected":false},"author":21,"featured_media":0,"parent":0,"menu_order":0,"comment_status":"closed","ping_status":"closed","template":"","meta":{"footnotes":""},"class_list":["post-19749","page","type-page","status-publish","hentry"],"_links":{"self":[{"href":"https:\/\/wp.ufpel.edu.br\/progep\/wp-json\/wp\/v2\/pages\/19749","targetHints":{"allow":["GET"]}}],"collection":[{"href":"https:\/\/wp.ufpel.edu.br\/progep\/wp-json\/wp\/v2\/pages"}],"about":[{"href":"https:\/\/wp.ufpel.edu.br\/progep\/wp-json\/wp\/v2\/types\/page"}],"author":[{"embeddable":true,"href":"https:\/\/wp.ufpel.edu.br\/progep\/wp-json\/wp\/v2\/users\/21"}],"replies":[{"embeddable":true,"href":"https:\/\/wp.ufpel.edu.br\/progep\/wp-json\/wp\/v2\/comments?post=19749"}],"version-history":[{"count":13,"href":"https:\/\/wp.ufpel.edu.br\/progep\/wp-json\/wp\/v2\/pages\/19749\/revisions"}],"predecessor-version":[{"id":34005,"href":"https:\/\/wp.ufpel.edu.br\/progep\/wp-json\/wp\/v2\/pages\/19749\/revisions\/34005"}],"wp:attachment":[{"href":"https:\/\/wp.ufpel.edu.br\/progep\/wp-json\/wp\/v2\/media?parent=19749"}],"curies":[{"name":"wp","href":"https:\/\/api.w.org\/{rel}","templated":true}]}}