{"id":19733,"date":"2022-03-10T09:14:09","date_gmt":"2022-03-10T12:14:09","guid":{"rendered":"https:\/\/wp.ufpel.edu.br\/progep\/?page_id=19733"},"modified":"2025-06-30T14:20:31","modified_gmt":"2025-06-30T17:20:31","slug":"capacita-na-web-integrando-ferramentas-do-google-form-sheets-e-docs","status":"publish","type":"page","link":"https:\/\/wp.ufpel.edu.br\/progep\/capacita-na-web-integrando-ferramentas-do-google-form-sheets-e-docs\/","title":{"rendered":"Capacita\u00e7\u00e3o: Capacita na web: Integrando Ferramentas do Google (Form, Sheets e Docs)"},"content":{"rendered":"<p><strong>Facilitador: <\/strong>Thomas de Aguiar de Oliveira (T\u00e9cnico de Tecnologia da Informa\u00e7\u00e3o da Superintend\u00eancia de Gest\u00e3o de Tecnologia da Informa\u00e7\u00e3o)<\/p>\n<p><strong>Data:<\/strong> 30\/03\/2022 (quarta-feira) <span style=\"color: #ff0000\"><strong>ATIVIDADE TRANSFERIDA PARA O DIA 13\/04\/2022 (quarta-feira)<\/strong><\/span><\/p>\n<p>Tendo em vista a delibera\u00e7\u00e3o por paralisa\u00e7\u00e3o no dia 30 de mar\u00e7o de 2022, em Assembleia do Sindicato-ASUFPel, informamos que a realiza\u00e7\u00e3o da capacita\u00e7\u00e3o \u00a0foi transferida para o dia\u00a0<strong>13 de abril<\/strong>\u00a0(quarta-feira), \u00e0s 14h.<\/p>\n<p><strong>Hora:\u00a0<\/strong>das 14h \u00e0s 16h<\/p>\n<p><strong>Realiza\u00e7\u00e3o:<\/strong>\u00a0plataforma Webconf da UFPel (na modalidade\u00a0<em>on-line)<\/em><\/p>\n<p><strong>Ementa:<br \/>\n<\/strong>Criando um formul\u00e1rio no Google;<br \/>\nExibindo resultados em uma Planilha;<br \/>\nMontando template no Docs;<strong><br \/>\n<\/strong>Enviando emails pelo Google.<\/p>\n<p><strong>P\u00fablico Alvo<\/strong>: Servidores docentes e TAE\u2019s ativos*<\/p>\n<p><strong>N\u00famero de vagas:<\/strong> 50 (limitadas por ordem de inscri\u00e7\u00e3o)<\/p>\n<p><strong>Per\u00edodo de inscri\u00e7\u00e3o<\/strong>: 10\/03 a 25\/03\/2021<\/p>\n<p><strong>Divulga\u00e7\u00e3o das inscri\u00e7\u00f5es homologadas<\/strong>: 28\/03**, nesta p\u00e1gina.<\/p>\n<p>*Considerando a Pol\u00edtica Nacional de Desenvolvimento de Pessoas, conforme Decreto n\u00ba 9.991\/19, somente ser\u00e3o certificados os servidores p\u00fablicos pertencentes ao Quadro Efetivo da UFPel.<\/p>\n<p>**Quando homologadas as inscri\u00e7\u00f5es, os selecionados receber\u00e3o e-mail com instru\u00e7\u00f5es de acesso \u00e0 sala de Webconf da UFPel.<\/p>\n<p><strong><span style=\"color: #ff6600\"><a style=\"color: #ff6600\" href=\"https:\/\/wp.ufpel.edu.br\/progep\/files\/2022\/04\/Integrando-Ferramentas-do-Google-Form-Sheets-e-Docs-atualizado.pdf\">INSCRI\u00c7\u00d5ES HOMOLOGADAS<\/a><\/span><\/strong><\/p>\n","protected":false},"excerpt":{"rendered":"<p>Facilitador: Thomas de Aguiar de Oliveira (T\u00e9cnico de Tecnologia da Informa\u00e7\u00e3o da Superintend\u00eancia de Gest\u00e3o de Tecnologia da Informa\u00e7\u00e3o) Data: 30\/03\/2022 (quarta-feira) ATIVIDADE TRANSFERIDA PARA O DIA 13\/04\/2022 (quarta-feira) Tendo em vista a delibera\u00e7\u00e3o por paralisa\u00e7\u00e3o no dia 30 de mar\u00e7o de 2022, em Assembleia do Sindicato-ASUFPel, informamos que a realiza\u00e7\u00e3o da capacita\u00e7\u00e3o \u00a0foi transferida [&hellip;]<\/p>\n","protected":false},"author":21,"featured_media":0,"parent":0,"menu_order":0,"comment_status":"closed","ping_status":"closed","template":"","meta":{"footnotes":""},"class_list":["post-19733","page","type-page","status-publish","hentry"],"_links":{"self":[{"href":"https:\/\/wp.ufpel.edu.br\/progep\/wp-json\/wp\/v2\/pages\/19733","targetHints":{"allow":["GET"]}}],"collection":[{"href":"https:\/\/wp.ufpel.edu.br\/progep\/wp-json\/wp\/v2\/pages"}],"about":[{"href":"https:\/\/wp.ufpel.edu.br\/progep\/wp-json\/wp\/v2\/types\/page"}],"author":[{"embeddable":true,"href":"https:\/\/wp.ufpel.edu.br\/progep\/wp-json\/wp\/v2\/users\/21"}],"replies":[{"embeddable":true,"href":"https:\/\/wp.ufpel.edu.br\/progep\/wp-json\/wp\/v2\/comments?post=19733"}],"version-history":[{"count":14,"href":"https:\/\/wp.ufpel.edu.br\/progep\/wp-json\/wp\/v2\/pages\/19733\/revisions"}],"predecessor-version":[{"id":34006,"href":"https:\/\/wp.ufpel.edu.br\/progep\/wp-json\/wp\/v2\/pages\/19733\/revisions\/34006"}],"wp:attachment":[{"href":"https:\/\/wp.ufpel.edu.br\/progep\/wp-json\/wp\/v2\/media?parent=19733"}],"curies":[{"name":"wp","href":"https:\/\/api.w.org\/{rel}","templated":true}]}}