{"id":19678,"date":"2022-03-07T11:59:45","date_gmt":"2022-03-07T14:59:45","guid":{"rendered":"https:\/\/wp.ufpel.edu.br\/progep\/?page_id=19678"},"modified":"2022-03-21T11:09:34","modified_gmt":"2022-03-21T14:09:34","slug":"curso-capacitacao-sobre-procedimentos-de-compras-contratacoes-e-sistemas-de-compras","status":"publish","type":"page","link":"https:\/\/wp.ufpel.edu.br\/progep\/curso-capacitacao-sobre-procedimentos-de-compras-contratacoes-e-sistemas-de-compras\/","title":{"rendered":"Capacita\u00e7\u00e3o sobre procedimentos de compras\/contrata\u00e7\u00f5es  e Sistemas de Compras"},"content":{"rendered":"<p><strong>Ministrante(s): <\/strong>Andr\u00e9ia Xavier Farias e Eli\u00e1ra Santos da Silva<\/p>\n<p><b>Modalidade: <\/b>online<\/p>\n<p><strong>Carga hor\u00e1ria:<\/strong> 06 horas<\/p>\n<p class=\"v1MsoNormal\"><strong>Per\u00edodo<\/strong>: 23 de mar\u00e7o e 24 <span style=\"background-color: #ffffff\">de mar\u00e7o de 2022<\/span><\/p>\n<p><strong>Hor\u00e1rio: <\/strong>das 08h30min \u00e0s 11h30min<\/p>\n<p class=\"v1MsoNormal\"><strong>Realiza\u00e7\u00e3o<\/strong>: plataforma WebConf da UFPel<\/p>\n<p><strong>S\u00famula<\/strong>:<\/p>\n<p>Introdu\u00e7\u00e3o;<\/p>\n<p>Agenda de Compras;<\/p>\n<p>Processo licitat\u00f3rio, dispensa de licita\u00e7\u00e3o e inexigibilidade de licita\u00e7\u00e3o;<\/p>\n<p>Estudo T\u00e9cnico Preliminar;<\/p>\n<p>Termo de refer\u00eancia;<\/p>\n<p>Planejamento e an\u00e1lise de documenta\u00e7\u00e3o;<\/p>\n<p>Nota de Empenho;<\/p>\n<p>Recebimento de Material\/Servi\u00e7o;<\/p>\n<p>Material Laboratorial de uso controlado pela Pol\u00edcia Federal;<\/p>\n<p>Planejamento e Gerenciamento de Contrata\u00e7\u00f5es &#8211; PGC<\/p>\n<p>Apresenta\u00e7\u00e3o do Sistema de Compras e suas funcionalidades;<\/p>\n<p>Tira d\u00favidas do conte\u00fado apresentado.<\/p>\n<p><b><strong>Avalia\u00e7\u00e3o: <\/strong><\/b>Frequ\u00eancia m\u00ednima de 75%.<\/p>\n<p class=\"v1MsoNormal\"><strong>P\u00fablico Alvo<\/strong>: Servidores docentes e TAE\u2019s ativos* Todos os servidores que atuam em\u00a0processos de compras e contrata\u00e7\u00f5es na UFPel<\/p>\n<p><strong>N\u00famero de vagas:<\/strong> 50 vagas (limitadas por ordem de inscri\u00e7\u00e3o)**<\/p>\n<p><strong>Per\u00edodo de inscri\u00e7\u00e3o<\/strong>: 07\/03 a 18 \/03\/2022<\/p>\n<p><strong>Divulga\u00e7\u00e3o das inscri\u00e7\u00f5es homologadas<\/strong>: 21\/03***, nesta p\u00e1gina.<\/p>\n<p>*Considerando a Pol\u00edtica Nacional de Desenvolvimento de Pessoas, conforme Decreto n\u00ba 9.991\/19, somente ser\u00e3o certificados os servidores p\u00fablicos pertencentes ao Quadro Efetivo da UFPel.<\/p>\n<p>**Vagas destinadas \u00e0 servidores pertencentes ao Quadro Efetivo da UFPel, preferencialmente.<\/p>\n<p>*** Quando homologadas as inscri\u00e7\u00f5es, os selecionados receber\u00e3o e-mail com instru\u00e7\u00f5es de acesso \u00e0 sala de Webconf da UFPel.<\/p>\n<p><strong><span style=\"color: #ff6600\"><a style=\"color: #ff6600\" href=\"https:\/\/wp.ufpel.edu.br\/progep\/files\/2022\/03\/HOMOLOGACAO-Curso-Compras.pdf\">INSCRI\u00c7\u00d5ES HOMOLOGADAS<\/a><\/span><\/strong><\/p>\n","protected":false},"excerpt":{"rendered":"<p>Ministrante(s): Andr\u00e9ia Xavier Farias e Eli\u00e1ra Santos da Silva Modalidade: online Carga hor\u00e1ria: 06 horas Per\u00edodo: 23 de mar\u00e7o e 24 de mar\u00e7o de 2022 Hor\u00e1rio: das 08h30min \u00e0s 11h30min Realiza\u00e7\u00e3o: plataforma WebConf da UFPel S\u00famula: Introdu\u00e7\u00e3o; Agenda de Compras; Processo licitat\u00f3rio, dispensa de licita\u00e7\u00e3o e inexigibilidade de licita\u00e7\u00e3o; Estudo T\u00e9cnico Preliminar; Termo de refer\u00eancia; [&hellip;]<\/p>\n","protected":false},"author":21,"featured_media":0,"parent":0,"menu_order":0,"comment_status":"closed","ping_status":"closed","template":"","meta":{"footnotes":""},"class_list":["post-19678","page","type-page","status-publish","hentry"],"_links":{"self":[{"href":"https:\/\/wp.ufpel.edu.br\/progep\/wp-json\/wp\/v2\/pages\/19678","targetHints":{"allow":["GET"]}}],"collection":[{"href":"https:\/\/wp.ufpel.edu.br\/progep\/wp-json\/wp\/v2\/pages"}],"about":[{"href":"https:\/\/wp.ufpel.edu.br\/progep\/wp-json\/wp\/v2\/types\/page"}],"author":[{"embeddable":true,"href":"https:\/\/wp.ufpel.edu.br\/progep\/wp-json\/wp\/v2\/users\/21"}],"replies":[{"embeddable":true,"href":"https:\/\/wp.ufpel.edu.br\/progep\/wp-json\/wp\/v2\/comments?post=19678"}],"version-history":[{"count":12,"href":"https:\/\/wp.ufpel.edu.br\/progep\/wp-json\/wp\/v2\/pages\/19678\/revisions"}],"predecessor-version":[{"id":19820,"href":"https:\/\/wp.ufpel.edu.br\/progep\/wp-json\/wp\/v2\/pages\/19678\/revisions\/19820"}],"wp:attachment":[{"href":"https:\/\/wp.ufpel.edu.br\/progep\/wp-json\/wp\/v2\/media?parent=19678"}],"curies":[{"name":"wp","href":"https:\/\/api.w.org\/{rel}","templated":true}]}}