{"id":19462,"date":"2021-12-30T16:23:38","date_gmt":"2021-12-30T19:23:38","guid":{"rendered":"https:\/\/wp.ufpel.edu.br\/progep\/?page_id=19462"},"modified":"2025-06-30T14:20:18","modified_gmt":"2025-06-30T17:20:18","slug":"capacita-analise-de-prestacao-de-contas-da-teoria-a-pratica-turma-1","status":"publish","type":"page","link":"https:\/\/wp.ufpel.edu.br\/progep\/capacita-analise-de-prestacao-de-contas-da-teoria-a-pratica-turma-1\/","title":{"rendered":"Capacita\u00e7\u00e3o: Capacita- An\u00e1lise de Presta\u00e7\u00e3o de Contas: da teoria \u00e0 pr\u00e1tica- Turma 1."},"content":{"rendered":"<p><strong>Ministrante(s):<\/strong> Mariana Schardosim Tavares e Gerson Luiz Cardoso da Silva<\/p>\n<p><b>Modalidade:\u00a0<\/b>online<\/p>\n<p><strong>Carga hor\u00e1ria:<\/strong> 12 horas<\/p>\n<p class=\"v1MsoNormal\"><strong>Per\u00edodo<\/strong>: 13 de abril a 14 <span style=\"background-color: #ffffff\">de abril de 2021<\/span><\/p>\n<p class=\"v1MsoNormal\"><strong>Realiza\u00e7\u00e3o<\/strong>: plataforma WebConf da UFPel<\/p>\n<p><strong>S\u00famula<\/strong>:<\/p>\n<ul>\n<li>Conhecer a legisla\u00e7\u00e3o aplic\u00e1vel \u00e0 an\u00e1lise da presta\u00e7\u00e3o de contas, bem como a estrutura dos itens e documentos que comp\u00f5em o processo;<\/li>\n<li>Conhecer, de maneira pr\u00e1tica, o passo a passo dos procedimentos de an\u00e1lise;<\/li>\n<li>Elaborar um Relat\u00f3rio de An\u00e1lise de Presta\u00e7\u00e3o de Contas.<\/li>\n<\/ul>\n<p><b><strong>Avalia\u00e7\u00e3o: <\/strong><\/b>Frequ\u00eancia m\u00ednima de 75%.<\/p>\n<p class=\"v1MsoNormal\"><strong>P\u00fablico Alvo<\/strong>: Servidores docentes e TAE\u2019s ativos*<\/p>\n<p><strong>N\u00famero de vagas:<\/strong> 10 vagas (limitadas por ordem de inscri\u00e7\u00e3o)**<\/p>\n<p><strong>Per\u00edodo de inscri\u00e7\u00e3o<\/strong>: xx\/xx a xx \/xx\/2021<\/p>\n<p><strong>Divulga\u00e7\u00e3o das inscri\u00e7\u00f5es homologadas<\/strong>: xx\/***, nesta p\u00e1gina.<\/p>\n<p>*Considerando a Pol\u00edtica Nacional de Desenvolvimento de Pessoas, conforme Decreto n\u00ba 9.991\/19, somente ser\u00e3o certificados os servidores p\u00fablicos pertencentes ao Quadro Efetivo da UFPel.<\/p>\n<p>**Vagas destinadas \u00e0 servidores pertencentes ao Quadro Efetivo da UFPel, preferencialmente.<\/p>\n<p>*** Quando homologadas as inscri\u00e7\u00f5es, os selecionados receber\u00e3o e-mail com instru\u00e7\u00f5es de acesso \u00e0 sala de Webconf da UFPel.<\/p>\n<p><span style=\"color: #ff6600\"><a style=\"color: #ff6600\" href=\"https:\/\/wp.ufpel.edu.br\/progep\/files\/2021\/12\/Turma-1-Analise-de-Prestacao-de-Contas-Homologados-roda-Patrimonio.pdf\">INSCRI\u00c7\u00d5ES HOMOLOGADAS<\/a>:<\/span><\/p>\n","protected":false},"excerpt":{"rendered":"<p>Ministrante(s): Mariana Schardosim Tavares e Gerson Luiz Cardoso da Silva Modalidade:\u00a0online Carga hor\u00e1ria: 12 horas Per\u00edodo: 13 de abril a 14 de abril de 2021 Realiza\u00e7\u00e3o: plataforma WebConf da UFPel S\u00famula: Conhecer a legisla\u00e7\u00e3o aplic\u00e1vel \u00e0 an\u00e1lise da presta\u00e7\u00e3o de contas, bem como a estrutura dos itens e documentos que comp\u00f5em o processo; Conhecer, de [&hellip;]<\/p>\n","protected":false},"author":21,"featured_media":0,"parent":0,"menu_order":0,"comment_status":"closed","ping_status":"closed","template":"","meta":{"footnotes":""},"class_list":["post-19462","page","type-page","status-publish","hentry"],"_links":{"self":[{"href":"https:\/\/wp.ufpel.edu.br\/progep\/wp-json\/wp\/v2\/pages\/19462","targetHints":{"allow":["GET"]}}],"collection":[{"href":"https:\/\/wp.ufpel.edu.br\/progep\/wp-json\/wp\/v2\/pages"}],"about":[{"href":"https:\/\/wp.ufpel.edu.br\/progep\/wp-json\/wp\/v2\/types\/page"}],"author":[{"embeddable":true,"href":"https:\/\/wp.ufpel.edu.br\/progep\/wp-json\/wp\/v2\/users\/21"}],"replies":[{"embeddable":true,"href":"https:\/\/wp.ufpel.edu.br\/progep\/wp-json\/wp\/v2\/comments?post=19462"}],"version-history":[{"count":4,"href":"https:\/\/wp.ufpel.edu.br\/progep\/wp-json\/wp\/v2\/pages\/19462\/revisions"}],"predecessor-version":[{"id":34004,"href":"https:\/\/wp.ufpel.edu.br\/progep\/wp-json\/wp\/v2\/pages\/19462\/revisions\/34004"}],"wp:attachment":[{"href":"https:\/\/wp.ufpel.edu.br\/progep\/wp-json\/wp\/v2\/media?parent=19462"}],"curies":[{"name":"wp","href":"https:\/\/api.w.org\/{rel}","templated":true}]}}