{"id":19410,"date":"2021-12-29T12:26:29","date_gmt":"2021-12-29T15:26:29","guid":{"rendered":"https:\/\/wp.ufpel.edu.br\/progep\/?page_id=19410"},"modified":"2021-12-29T12:26:29","modified_gmt":"2021-12-29T15:26:29","slug":"capacitacao-de-chefias-para-sisref-e-plantoes-tira-duvidas-turma-2","status":"publish","type":"page","link":"https:\/\/wp.ufpel.edu.br\/progep\/capacitacao-de-chefias-para-sisref-e-plantoes-tira-duvidas-turma-2\/","title":{"rendered":"Capacita\u00e7\u00e3o de Chefias para SISREF e Plant\u00f5es tira d\u00favidas- Turma 2"},"content":{"rendered":"<p><strong>Facilitadores: <\/strong>Anderson Sim\u00f5es Uria, Jorge Luiz Moraes Pereira Junior, Matheus da Silva Cardoso e Mario Junior Concei\u00e7\u00e3o Carvalho<\/p>\n<p><strong>Data:<\/strong> 28\/09\/2021 (ter\u00e7a-feira)<\/p>\n<p><strong>Hora:\u00a0<\/strong>das 14h30min \u00e0s 16h<\/p>\n<p><strong>Realiza\u00e7\u00e3o:<\/strong>\u00a0plataforma Webconf da UFPel (na modalidade\u00a0<em>on-line)<\/em><\/p>\n<p style=\"text-align: justify\"><strong>Ementa: <\/strong>Capacitar\u00a0as chefias das Unidades Acad\u00eamicas e Administrativas para o gerenciamento do Sistema SISREF e sanar as d\u00favidas dos servidores sobre o uso do sistema.<\/p>\n<p><strong>P\u00fablico Alvo<\/strong>: Servidores docentes e TAE\u2019s ativos*<\/p>\n<p><strong>Per\u00edodo de inscri\u00e7\u00e3o<\/strong>: xx\/xx a xx\/xx\/2021<\/p>\n<p><strong>Divulga\u00e7\u00e3o das inscri\u00e7\u00f5es homologadas<\/strong>: xx\/xx**, nesta p\u00e1gina.<\/p>\n<p>*Considerando a Pol\u00edtica Nacional de Desenvolvimento de Pessoas, conforme Decreto n\u00ba 9.991\/19, somente ser\u00e3o certificados os servidores p\u00fablicos pertencentes ao Quadro Efetivo da UFPel.<\/p>\n<p>**Quando homologadas as inscri\u00e7\u00f5es, os selecionados receber\u00e3o e-mail com instru\u00e7\u00f5es de acesso \u00e0 sala de Webconf da UFPel.<\/p>\n<p><span style=\"color: #ff9900\"><a style=\"color: #ff9900\" href=\"https:\/\/wp.ufpel.edu.br\/progep\/files\/2021\/12\/28-09-Homologados-roda-SISREF.pdf\">INSCRI\u00c7\u00d5ES HOMOLOGADAS<\/a>:<\/span><\/p>\n","protected":false},"excerpt":{"rendered":"<p>Facilitadores: Anderson Sim\u00f5es Uria, Jorge Luiz Moraes Pereira Junior, Matheus da Silva Cardoso e Mario Junior Concei\u00e7\u00e3o Carvalho Data: 28\/09\/2021 (ter\u00e7a-feira) Hora:\u00a0das 14h30min \u00e0s 16h Realiza\u00e7\u00e3o:\u00a0plataforma Webconf da UFPel (na modalidade\u00a0on-line) Ementa: Capacitar\u00a0as chefias das Unidades Acad\u00eamicas e Administrativas para o gerenciamento do Sistema SISREF e sanar as d\u00favidas dos servidores sobre o uso do [&hellip;]<\/p>\n","protected":false},"author":21,"featured_media":0,"parent":0,"menu_order":0,"comment_status":"closed","ping_status":"closed","template":"","meta":{"footnotes":""},"class_list":["post-19410","page","type-page","status-publish","hentry"],"_links":{"self":[{"href":"https:\/\/wp.ufpel.edu.br\/progep\/wp-json\/wp\/v2\/pages\/19410","targetHints":{"allow":["GET"]}}],"collection":[{"href":"https:\/\/wp.ufpel.edu.br\/progep\/wp-json\/wp\/v2\/pages"}],"about":[{"href":"https:\/\/wp.ufpel.edu.br\/progep\/wp-json\/wp\/v2\/types\/page"}],"author":[{"embeddable":true,"href":"https:\/\/wp.ufpel.edu.br\/progep\/wp-json\/wp\/v2\/users\/21"}],"replies":[{"embeddable":true,"href":"https:\/\/wp.ufpel.edu.br\/progep\/wp-json\/wp\/v2\/comments?post=19410"}],"version-history":[{"count":2,"href":"https:\/\/wp.ufpel.edu.br\/progep\/wp-json\/wp\/v2\/pages\/19410\/revisions"}],"predecessor-version":[{"id":19436,"href":"https:\/\/wp.ufpel.edu.br\/progep\/wp-json\/wp\/v2\/pages\/19410\/revisions\/19436"}],"wp:attachment":[{"href":"https:\/\/wp.ufpel.edu.br\/progep\/wp-json\/wp\/v2\/media?parent=19410"}],"curies":[{"name":"wp","href":"https:\/\/api.w.org\/{rel}","templated":true}]}}