{"id":19367,"date":"2021-12-16T10:45:50","date_gmt":"2021-12-16T13:45:50","guid":{"rendered":"https:\/\/wp.ufpel.edu.br\/progep\/?page_id=19367"},"modified":"2022-02-09T18:16:09","modified_gmt":"2022-02-09T21:16:09","slug":"faq-sisref","status":"publish","type":"page","link":"https:\/\/wp.ufpel.edu.br\/progep\/administracao-de-pessoal\/jornadadetrabalho\/faq-sisref\/","title":{"rendered":"FAQ &#8211; SISREF"},"content":{"rendered":"<p style=\"text-align: center\" align=\"center\"><span style=\"font-family: arial, helvetica, sans-serif;font-size: 12pt;color: #000000\"><b>Perguntas Frequentes &#8211; SISREF<\/b><\/span><\/p>\n<p class=\"western\"><span style=\"color: #000000\"><span style=\"font-size: 12pt;font-family: arial, helvetica, sans-serif\"><strong>1. Como acessar o SISREF?<\/strong><br \/>\n<\/span><span style=\"font-family: arial, helvetica, sans-serif;font-size: 12pt\">O primeiro acesso dever\u00e1 ser realizado utilizando o CPF como login e a data de nascimento como senha. A data de nascimento dever\u00e1 ser composta por 8 d\u00edgitos no formato \u201cddmmaaaa\u201d.<\/span><\/span><\/p>\n<p class=\"western\"><span style=\"color: #000000\"><span style=\"font-size: 12pt;font-family: arial, helvetica, sans-serif\"><strong>2. Como localizar a identifica\u00e7\u00e3o \u00fanica, necess\u00e1ria para redefinir senha SISREF?<\/strong><br \/>\n<\/span><span style=\"font-family: arial, helvetica, sans-serif;font-size: 12pt\">No contracheque ou no aplicativo SouGov (Meu perfil -&gt; Meus dados Funcionais -&gt; Cadastro funcional -&gt; Informa\u00e7\u00f5es b\u00e1sicas).<\/span><\/span><\/p>\n<p class=\"western\"><span style=\"color: #000000\"><span style=\"font-size: 12pt;font-family: arial, helvetica, sans-serif\"><strong>3. Quem \u00e9 Chefia Homologadora?<\/strong><br \/>\n<\/span><span style=\"font-family: arial, helvetica, sans-serif;font-size: 12pt\">Ser\u00e1 estabelecido internamente na Unidade os respons\u00e1veis pela homologa\u00e7\u00e3o dos pontos, devendo ser informado ao NUCAD o nome do respons\u00e1vel para registro em sistema.<\/span><\/span><\/p>\n<p align=\"justify\"><span style=\"font-family: arial, helvetica, sans-serif;font-size: 12pt;color: #000000\">Nas unidades acad\u00eamicas ser\u00e1 o diretor o qual poder\u00e1 delegar a algu\u00e9m com lota\u00e7\u00e3o na Unidade. Sugerimos que o Chefe do NuAdm homologue a frequ\u00eancia de todos os t\u00e9cnicos.<\/span><\/p>\n<p class=\"western\"><span style=\"color: #000000\"><span style=\"font-size: 12pt;font-family: arial, helvetica, sans-serif\"><strong>4. Chefia Homologadora poder\u00e1 delegar o controle da frequ\u00eancia para outro servidor?<\/strong><br \/>\n<\/span><span style=\"font-family: arial, helvetica, sans-serif;font-size: 12pt\">Sim, desde que esse servidor delegado n\u00e3o seja chefia homologadora de outra unidade e esteja vinculado a sua unidade.<\/span><\/span><\/p>\n<p class=\"western\"><span style=\"color: #000000\"><span style=\"font-size: 12pt;font-family: arial, helvetica, sans-serif\"><strong>5. Quando a chefia homologadora delega o controle para outro servidor, ela perde o acesso ao sistema?<\/strong><br \/>\n<\/span><span style=\"font-family: arial, helvetica, sans-serif;font-size: 12pt\">N\u00e3o, os dois servidores ter\u00e3o acesso e poder\u00e3o fazer o controle da frequ\u00eancia em conjunto.<\/span><\/span><\/p>\n<p class=\"western\"><span style=\"color: #000000\"><span style=\"font-size: 12pt;font-family: arial, helvetica, sans-serif\"><strong>6. Como delegar o controle para outro servidor?<\/strong><br \/>\n<\/span><span style=\"font-family: arial, helvetica, sans-serif;font-size: 12pt\">A chefia homologadora registra no sistema na aba Cadastro -&gt; Gerencial -&gt; Delegar Atribui\u00e7\u00e3o -&gt; Registrar Delega\u00e7\u00e3o.<\/span><\/span><\/p>\n<p class=\"western\"><span style=\"color: #000000\"><span style=\"font-size: 12pt;font-family: arial, helvetica, sans-serif\"><strong>7. H\u00e1 toler\u00e2ncia de hor\u00e1rio para o registro de ponto?<\/strong><br \/>\n<\/span><span style=\"font-family: arial, helvetica, sans-serif;font-size: 12pt\">Na primeira batida do dia o hor\u00e1rio de entrada \u00e9 antecipado em 15 minutos.<\/span><\/span><\/p>\n<p><span style=\"font-family: arial, helvetica, sans-serif;font-size: 12pt;color: #000000\">Ex.: se o servidor fizer login no Sisref \u00e0s 8h15min, o sistema registrar\u00e1 8h.<\/span><\/p>\n<p><span style=\"font-family: arial, helvetica, sans-serif;font-size: 12pt;color: #000000\">Entretanto caso o servidor bata \u00e0s 8h, este ser\u00e1 o hor\u00e1rio considerado para os servidores que n\u00e3o tiverem autorizados a registrar o ponto fora do hor\u00e1rio do setor.<\/span><\/p>\n<p class=\"western\"><span style=\"color: #000000\"><span style=\"font-size: 12pt;font-family: arial, helvetica, sans-serif\"><strong>8. Como dever\u00e1 ser realizado o primeiro registro de ponto do dia?<\/strong><br \/>\n<\/span><span style=\"font-family: arial, helvetica, sans-serif;font-size: 12pt\">O servidor dever\u00e1 fazer o acesso no site <a style=\"color: #000000\" href=\"https:\/\/sisref.sigepe.gov.br\/sisref\/entrada.php\"><u>SISREF<\/u><\/a> . Ao realizar o login, a primeira entrada do dia ser\u00e1 registrada automaticamente.<\/span><\/span><\/p>\n<p class=\"western\"><span style=\"color: #000000\"><span style=\"font-size: 12pt;font-family: arial, helvetica, sans-serif\"><strong>9. Como dever\u00e1 ser registrado o Hor\u00e1rio de Almo\u00e7o?<\/strong><br \/>\n<\/span><span style=\"font-family: arial, helvetica, sans-serif;font-size: 12pt\">O servidor dever\u00e1 clicar no \u00edcone \u201cIniciar\u201d referente ao Intervalo. Ap\u00f3s transcorrido per\u00edodo de almo\u00e7o dever\u00e1 clicar no \u00edcone \u201cFinalizar\u201d.<\/span><\/span><\/p>\n<p align=\"center\"><span style=\"color: #000000\"><img class=\"aligncenter\" src=\"https:\/\/wp.ufpel.edu.br\/progep\/files\/2021\/12\/figura-FAQ-SISREF-1.jpg\" \/><\/span><\/p>\n<p class=\"western\"><span style=\"color: #000000\"><strong><span style=\"font-size: 12pt;font-family: arial, helvetica, sans-serif\">10. De quanto tempo ser\u00e1 o intervalo de almo\u00e7o?<br \/>\n<\/span><\/strong><span style=\"font-family: arial, helvetica, sans-serif;font-size: 12pt\">De acordo com IN n\u00ba 02\/18, o intervalo dever\u00e1 ter dura\u00e7\u00e3o de no m\u00ednimo 1h e no m\u00e1ximo 3h. O Sistema n\u00e3o permite a finaliza\u00e7\u00e3o do intervalo de almo\u00e7o antes de decorridos 45 min. Contudo, se o servidor finalizar o hor\u00e1rio de almo\u00e7o entre 45min e 59min, ficar\u00e1 registrado 1 (uma) hora.<\/span><\/span><\/p>\n<p class=\"western\"><span style=\"color: #000000\"><span style=\"font-size: 12pt;font-family: arial, helvetica, sans-serif\"><strong>11. Como ser\u00e1 estabelecido o hor\u00e1rio de almo\u00e7o?<\/strong><br \/>\n<\/span><span style=\"font-family: arial, helvetica, sans-serif;font-size: 12pt\">A partir de acordo firmado com a chefia homologadora.<\/span><\/span><\/p>\n<p class=\"western\"><span style=\"color: #000000\"><span style=\"font-size: 12pt;font-family: arial, helvetica, sans-serif\"><strong>12. Como dever\u00e1 ser registrado o final do expediente?<\/strong><br \/>\n<\/span><span style=\"font-family: arial, helvetica, sans-serif;font-size: 12pt\">O servidor dever\u00e1 clicar no \u00edcone \u201cMarcar\u201d referente a sa\u00edda. O \u00edcone \u201cSair\u201d n\u00e3o registra o final do expediente, somente realiza a sa\u00edda do sistema.<\/span><\/span><\/p>\n<h1><img class=\"aligncenter\" src=\"https:\/\/wp.ufpel.edu.br\/progep\/files\/2021\/12\/figura-FAQ-SISREF-2.jpg\" \/><\/h1>\n<p class=\"western\"><span style=\"color: #000000\"><span style=\"font-size: 12pt;font-family: arial, helvetica, sans-serif\"><strong>13. Como ser\u00e3o estabelecidos os hor\u00e1rios de entrada e sa\u00edda do servidor?<\/strong><br \/>\n<\/span><span style=\"font-family: arial, helvetica, sans-serif;font-size: 12pt\">A partir de acordo firmado com a chefia homologadora, respeitando o hor\u00e1rio de funcionamento da unidade.<\/span><\/span><\/p>\n<p class=\"western\" align=\"justify\"><span style=\"color: #000000\"><span style=\"font-size: 12pt;font-family: arial, helvetica, sans-serif\"><strong>14. O servidor poder\u00e1 registrar ponto fora do hor\u00e1rio de funcionamento da Unidade?<\/strong><br \/>\n<\/span><span style=\"font-family: arial, helvetica, sans-serif;font-size: 12pt\">Sim, desde que seja autorizado pela chefia homologadora. Para isso, a chefia dever\u00e1 realizar a <u>autoriza\u00e7\u00e3o pr\u00e9via<\/u> no SISREF, conforme item 3.1.2 do Manual Operacional da Chefia.<\/span><\/span><\/p>\n<p class=\"western\" align=\"justify\"><span style=\"color: #000000\"><strong><span style=\"font-size: 12pt;font-family: arial, helvetica, sans-serif\">15. Quem far\u00e1 a altera\u00e7\u00e3o do hor\u00e1rio de entrada\/sa\u00edda e de almo\u00e7o dos servidores no sistema?<br \/>\n<\/span><\/strong><span style=\"font-family: arial, helvetica, sans-serif;font-size: 12pt\">A chefia homologadora dever\u00e1 realizar o procedimento no SISREF conforme item 3.1.2 do Manual Operacional da Chefia.<\/span><\/span><\/p>\n<p class=\"western\"><span style=\"color: #000000\"><strong><span style=\"font-size: 12pt;font-family: arial, helvetica, sans-serif\">16. O servidor poder\u00e1 acumular horas no Banco de Horas?<br \/>\n<\/span><\/strong><span style=\"font-family: arial, helvetica, sans-serif;font-size: 12pt\">Sim. Contudo depender\u00e1 de autoriza\u00e7\u00e3o da chefia homologadora no SISREF, conforme item 3.1.2 do Manual Operacional da Chefia. O servidor poder\u00e1 realizar o ac\u00famulo de no m\u00e1ximo 2h por dia, al\u00e9m do cumprimento da jornada regular.<\/span><\/span><\/p>\n<p align=\"justify\"><span style=\"font-family: arial, helvetica, sans-serif;font-size: 12pt;color: #000000\">Obs.: ao servidor que (a) que tenha hor\u00e1rio especial, nos termos do art. 98 da Lei n\u00ba 8.112, de 1990, (b) que cumpra jornada de trabalho de 6 (seis) horas di\u00e1rias e de 30 (trinta) horas semanais, nos termos do art. 3\u00ba do Decreto n\u00ba 1.590\/1995, (c) que acumule cargos, cuja soma da jornada regular e a do banco de horas ultrapasse o total de 60 (sessenta) horas semanais, (d) ocupe o cargo de t\u00e9cnico de radiologia e<\/span><\/p>\n<p align=\"justify\"><span style=\"color: #000000;font-family: arial, helvetica, sans-serif;font-size: 12pt\">(e) fa\u00e7a jus \u00e0 percep\u00e7\u00e3o do Adicional por Plant\u00e3o Hospitalar, de que trata o art. 298 da Lei n\u00ba 11.907\/2009, a utiliza\u00e7\u00e3o do banco de horas n\u00e3o \u00e9 permitida, conforme inciso II do Art. 28 da IN n\u00ba 02\/18.<\/span><\/p>\n<p class=\"western\"><span style=\"color: #000000\"><span style=\"font-size: 12pt;font-family: arial, helvetica, sans-serif\"><strong>17. Qual a quantidade de horas que poder\u00e3o ser acumuladas no Banco de Horas?<\/strong><br \/>\n<\/span><span style=\"font-family: arial, helvetica, sans-serif;font-size: 12pt\">As horas armazenadas n\u00e3o poder\u00e3o exceder 2 horas di\u00e1rias, 40 horas no m\u00eas e 100 horas no per\u00edodo de 12 meses, conforme inciso III, Art. 24 da IN n\u00ba 02\/18.<\/span><\/span><\/p>\n<p class=\"western\"><span style=\"color: #000000\"><strong><span style=\"font-size: 12pt;font-family: arial, helvetica, sans-serif\">18. Qual o per\u00edodo para usufruto das horas acumuladas no Banco de Horas?<br \/>\n<\/span><\/strong><span style=\"font-family: arial, helvetica, sans-serif;font-size: 12pt\">O servidor ter\u00e1 at\u00e9 o dia 31\/12 para gozar as horas acumuladas. Caso n\u00e3o o fa\u00e7a, as horas ser\u00e3o perdidas, n\u00e3o sendo em nenhuma hip\u00f3tese caracterizadas como servi\u00e7o extraordin\u00e1rio ou convertidas em pec\u00fania. (Art. 29 da IN n\u00ba 02\/18)<\/span><\/span><\/p>\n<p class=\"western\"><span style=\"color: #000000\"><strong><span style=\"font-size: 12pt;font-family: arial, helvetica, sans-serif\">19. Quem s\u00e3o os servidores dispensados de registrar frequ\u00eancia?<br \/>\n<\/span><\/strong><span style=\"font-family: arial, helvetica, sans-serif;font-size: 12pt\">Ocupantes de cargo de dire\u00e7\u00e3o de n\u00edvel CD-3 ou superior e os Professores da Carreira do Magist\u00e9rio Superior, bem como os servidores participantes do programa de gest\u00e3o, de que trata o \u00a7 6\u00ba do art. 6\u00ba do Decreto n\u00ba 1.590, de 10 de agosto de 1995. (Art. 8\u00ba, IN 2\/2018), por\u00e9m, mesmo destes servidores, a chefia respons\u00e1vel dever\u00e1 o homologar a respectiva frequ\u00eancia.<\/span><\/span><\/p>\n<p class=\"western\" align=\"justify\"><span style=\"color: #000000\"><strong><span style=\"font-size: 12pt;font-family: arial, helvetica, sans-serif\">20. Quando o saldo de horas estiver negativo, qual o prazo para compensa\u00e7\u00e3o?<br \/>\n<\/span><\/strong><span style=\"font-family: arial, helvetica, sans-serif;font-size: 12pt\">O servidor dever\u00e1 compensar at\u00e9 o m\u00eas seguinte. Caso tenha horas comuns acumuladas, ser\u00e1 descontado o saldo negativo dali.<\/span><\/span><\/p>\n<p class=\"western\"><span style=\"color: #000000\"><strong><span style=\"font-size: 12pt;font-family: arial, helvetica, sans-serif\">21. Como devo proceder caso n\u00e3o consiga registrar o ponto? (Falta de energia el\u00e9trica, problemas com internet, esquecimento do registro)<br \/>\n<\/span><\/strong><span style=\"font-family: arial, helvetica, sans-serif;font-size: 12pt\">O servidor dever\u00e1 clicar no bot\u00e3o \u201cVisualizar Frequ\u00eancia do M\u00eas\u201d no dia seguinte e incluir justificativa para aprecia\u00e7\u00e3o da chefia homologadora, conforme item 5 do Manual Operacional do Servidor.<\/span><\/span><\/p>\n<p class=\"western\"><span style=\"color: #000000\"><strong><span style=\"font-size: 12pt;font-family: arial, helvetica, sans-serif\">22. Como devo registrar comparecimento \u00e0 consulta m\u00e9dica?<br \/>\n<\/span><\/strong><span style=\"font-family: arial, helvetica, sans-serif;font-size: 12pt\">O servidor dever\u00e1 clicar no bot\u00e3o \u201cVisualizar Frequ\u00eancia do M\u00eas\u201d no dia seguinte e incluir justificativa para aprecia\u00e7\u00e3o da chefia homologadora, conforme item 5 do Manual Operacional do Servidor.<\/span><\/span><\/p>\n<p class=\"western\"><span style=\"color: #000000\"><strong><span style=\"font-size: 12pt;font-family: arial, helvetica, sans-serif\">23. Como devo registrar atestado m\u00e9dico (licen\u00e7a para tratamento de sa\u00fade)?<br \/>\n<\/span><\/strong><span style=\"font-family: arial, helvetica, sans-serif;font-size: 12pt\">Os atestados continuar\u00e3o sendo apresentados \u00e0 per\u00edcia m\u00e9dica. A licen\u00e7a ser\u00e1 registrada automaticamente no ponto.<\/span><\/span><\/p>\n<p class=\"western\" align=\"justify\"><span style=\"color: #000000\"><strong><span style=\"font-size: 12pt;font-family: arial, helvetica, sans-serif\">24. Como dever\u00e1 ser registrado o ponto em dias de paralisa\u00e7\u00e3o\/assembleia?<br \/>\n<\/span><\/strong><span style=\"font-family: arial, helvetica, sans-serif;font-size: 12pt\">O servidor n\u00e3o dever\u00e1 fazer o registro e dever\u00e1 informar o motivo na justificativa. De acordo com o Memorando-Circular n\u00ba 2\/2019\/GR\/REITORIA, dever\u00e1 ser firmado acordo com a chefia para realiza\u00e7\u00e3o da compensa\u00e7\u00e3o.<\/span><\/span><\/p>\n<p class=\"western\"><span style=\"color: #000000\"><strong><span style=\"font-size: 12pt;font-family: arial, helvetica, sans-serif\">25. Como dever\u00e1 ser registrado o ponto em dias de greve?<br \/>\n<\/span><\/strong><span style=\"font-family: arial, helvetica, sans-serif;font-size: 12pt\">O servidor n\u00e3o dever\u00e1 fazer o registro e dever\u00e1 informar o motivo na justificativa. De acordo com o Memorando-Circular n\u00ba 2\/2019\/GR\/REITORIA, ser\u00e1 firmado acordo de greve, por escrito, entre a administra\u00e7\u00e3o superior da UFPel e a dire\u00e7\u00e3o do sindicato, o qual ser\u00e1 o documento balizador da compensa\u00e7\u00e3o das horas n\u00e3o trabalhadas.<\/span><\/span><\/p>\n<p class=\"western\"><span style=\"color: #000000\"><strong><span style=\"font-size: 12pt;font-family: arial, helvetica, sans-serif\">26. Como dever\u00e1 ser registrado o ponto fora do local de trabalho?<br \/>\n<\/span><\/strong><span style=\"font-family: arial, helvetica, sans-serif;font-size: 12pt\">O servidor dever\u00e1 \u201cSolicitar trabalho Externo\u201d com anteced\u00eancia para que a chefia homologadora aprove a solicita\u00e7\u00e3o.<\/span><\/span><\/p>\n<p><img class=\"aligncenter\" src=\"https:\/\/wp.ufpel.edu.br\/progep\/files\/2021\/12\/figura-FAQ-SISREF-3.jpg\" \/><\/p>\n<p align=\"justify\"><span style=\"font-family: arial, helvetica, sans-serif;font-size: 12pt;color: #000000\">No dia autorizado, o servidor conseguir\u00e1 fazer o registro em um raio de 50 metros do local indicado a partir da geolocaliza\u00e7\u00e3o. Caso n\u00e3o tenha ocorrido a solicita\u00e7\u00e3o pr\u00e9via, depois, a chefia pode registrar a ocorr\u00eancia de trabalho externo, o que abonar\u00e1 o ponto naquele dia. <\/span><\/p>\n<p class=\"western\"><span style=\"color: #000000\"><strong><span style=\"font-size: 12pt;font-family: arial, helvetica, sans-serif\">27. Caso precise trabalhar nos finais de semana\/feriados, como proceder?<br \/>\n<\/span><\/strong><span style=\"font-family: arial, helvetica, sans-serif;font-size: 12pt\">O servidor dever\u00e1 \u201cSolicitar trabalho em dia n\u00e3o \u00fatil\u201d no SISREF com anteced\u00eancia para que a chefia homologadora aprove a solicita\u00e7\u00e3o, conforme item 4 do Manual Operacional do Servidor.<\/span><\/span><\/p>\n<p><img class=\"aligncenter\" src=\"https:\/\/wp.ufpel.edu.br\/progep\/files\/2021\/12\/figura-FAQ-SISREF-4.jpg\" \/><\/p>\n<p><span style=\"color: #000000\"><span style=\"font-size: 12pt\"><strong><span style=\"font-family: arial, helvetica, sans-serif\">28. Libera\u00e7\u00e3o para realizar horas extras, como \u00e9 realizado?<br \/>\n<\/span><\/strong><\/span><span style=\"font-family: arial, helvetica, sans-serif;font-size: 12pt\">A libera\u00e7\u00e3o dever\u00e1 ser autorizada previamente pela PROGEP, de acordo com a IN 03\/2015.<\/span><\/span><\/p>\n<p align=\"justify\"><span style=\"color: #000000\"><span style=\"font-family: arial, helvetica, sans-serif;font-size: 12pt\"><b>29. Cada m\u00e1quina\/computador s\u00f3 pode ser utilizada por um servidor(a) para registrar o ponto?<br \/>\n<\/b><\/span><span style=\"font-family: arial, helvetica, sans-serif;font-size: 12pt\"> A mesma m\u00e1quina pode ser usada por diferentes servidores, porque o que conta para o registro da frequ\u00eancia \u00e9 o login. <\/span><\/span><\/p>\n<p align=\"justify\"><span style=\"color: #000000\"><span style=\"font-family: arial, helvetica, sans-serif;font-size: 12pt\"><b>30. S\u00f3 poderei registrar meu ponto em computador e no meu setor de trabalho?<br \/>\n<\/b><\/span><span style=\"font-family: arial, helvetica, sans-serif;font-size: 12pt\">O mapeamento do intervalo de IP foi efetuado considerando a rede cabeada e wifi, assim ser\u00e1 poss\u00edvel registrar o ponto em Smartphone, tablet e\/ou computador com acesso \u00e0 internet, via rede da UFPel, desde que esteja localizado no pr\u00e9dio onde trabalha.<\/span><\/span><\/p>\n<p align=\"justify\"><span style=\"color: #000000\"><span style=\"font-family: arial, helvetica, sans-serif;font-size: 12pt\"><b>31. Caso haja mudan\u00e7a de chefia respons\u00e1vel pelo setor, a altera\u00e7\u00e3o \u00e9 efetuada automaticamente no SISREF?<br \/>\n<\/b><\/span><span style=\"font-family: arial, helvetica, sans-serif;font-size: 12pt\">N\u00e3o, unidade dever\u00e1 informar o NUCAD\/PROGEP para atualiza\u00e7\u00e3o no sistema.<\/span><\/span><\/p>\n<p align=\"justify\"><span style=\"color: #000000\"><span style=\"font-family: arial, helvetica, sans-serif;font-size: 12pt\"><b>32. Se<\/b><b> o servidor(a) tiver <\/b><b>libera\u00e7\u00e3o<\/b><b> de carga hor\u00e1ria para a\u00e7\u00e3o em desenvolvimento em servi\u00e7o ficar\u00e1 liberado automaticamente aquele per\u00edodo no sistema?<br \/>\n<\/b><\/span><span style=\"font-family: arial, helvetica, sans-serif;font-size: 12pt\">Sim, a carga hor\u00e1ria reduzida do servidor ser\u00e1 registrada no sistema.<\/span><\/span><\/p>\n<p align=\"justify\"><span style=\"color: #000000\"><span style=\"font-family: arial, helvetica, sans-serif;font-size: 12pt\"><b>33. E quanto ao per\u00edodo de afastamento por licen\u00e7a sa\u00fade, ser\u00e1 registrado pela PROGEP <\/b><b>o<\/b><b>u pelo(a) servidor(a) no sistema?<br \/>\n<\/b><\/span><span style=\"font-family: arial, helvetica, sans-serif;font-size: 12pt\">As licen\u00e7as ser\u00e3o importadas pelo sistema, devendo aparecer na frequ\u00eancia do servidor. Caso a licen\u00e7a n\u00e3o esteja registrada por estar aguardando realiza\u00e7\u00e3o de junta m\u00e9dica, a chefia poder\u00e1 registrar a ocorr\u00eancia no ponto do servidor.<\/span><\/span><\/p>\n<p align=\"justify\"><span style=\"color: #000000\"><span style=\"font-size: 12pt\"><b style=\"font-family: arial, helvetica, sans-serif\">34. Em momento de retorno gradual, como fa\u00e7o o registro do ponto se estiver um turno remoto e um turno presencial?<br \/>\n<\/b><\/span><span style=\"font-family: arial, helvetica, sans-serif;font-size: 12pt\">O servidor dever\u00e1 registrar no SISREF o per\u00edodo que trabalhou de forma presencial e a chefia homologadora dever\u00e1 fazer o abono das horas que faltam para completar a jornada do dia informado na justificativa que o servidor realizou as horas em trabalho remoto.<\/span><\/span><\/p>\n<p align=\"justify\"><span style=\"color: #000000\"><span style=\"font-size: 12pt\"><b style=\"font-family: arial, helvetica, sans-serif\">35. Se houver esquecimento do registro da sa\u00edda para o almo\u00e7o o que devo fazer?<br \/>\n<\/b><\/span><span style=\"font-family: arial, helvetica, sans-serif;font-size: 12pt\">O servidor dever\u00e1 clicar no bot\u00e3o \u201cVisualizar Frequ\u00eancia do M\u00eas\u201d no dia seguinte e incluir justificativa para aprecia\u00e7\u00e3o da chefia homologadora, conforme item 5 do Manual Operacional do Servidor.<\/span><\/span><\/p>\n<p align=\"justify\"><span style=\"color: #000000\"><span style=\"font-size: 12pt\"><b style=\"font-family: arial, helvetica, sans-serif\">36. Tenho parcela da jornada executada em uma unidade e parcela em outra, como efetivar pelo sisref?<br \/>\n<\/b><\/span><span style=\"font-family: arial, helvetica, sans-serif;font-size: 12pt\">As faixas de IPS das duas unidades tem que estar cadastradas em ambas UORGS no SISREF para o servidor, para isso a Unidade deve fazer a solicita\u00e7\u00e3o ao NUCAD\/PROGEP. Outra possibilidade \u00e9 registrar como trabalho externo em uma das duas unidades.<\/span><\/span><\/p>\n<p align=\"justify\"><span style=\"color: #000000\"><span style=\"font-size: 12pt\"><span style=\"font-family: arial, helvetica, sans-serif\"><b>37. Qual o <\/b><\/span><b style=\"font-family: arial, helvetica, sans-serif\">hor\u00e1rio<\/b><span style=\"font-family: arial, helvetica, sans-serif\"><b> m\u00e1ximo que posso <\/b><\/span><b style=\"font-family: arial, helvetica, sans-serif\">desenvolver<\/b><span style=\"font-family: arial, helvetica, sans-serif\"><b> sem intervalo de almo\u00e7o?<br \/>\n<\/b><\/span><\/span><span style=\"font-family: arial, helvetica, sans-serif;font-size: 12pt\">Poder\u00e3o ser registradas no m\u00e1ximo 7h corridas, conforme funcionamento do SISREF.<\/span><\/span><\/p>\n<p align=\"justify\"><span style=\"color: #000000\"><span style=\"font-family: arial, helvetica, sans-serif;font-size: 12pt\"><b>38. Como ser\u00e1 definido o hor\u00e1rio de atua\u00e7\u00e3o dos servidores, podem fazer turnos alternados?<br \/>\n<\/b><\/span><span style=\"font-family: arial, helvetica, sans-serif;font-size: 12pt\">Sim os hor\u00e1rios dos servidores podem ser ajustados de acordo com a necessidade da unidade, mas o intervalo mesmo que n\u00e3o seja no almo\u00e7o dever\u00e1 ser de 1h a 3h.<\/span><\/span><\/p>\n<p align=\"justify\"><span style=\"font-family: arial, helvetica, sans-serif;font-size: 12pt;color: #000000\">Se sua d\u00favida n\u00e3o foi suprida, entre em contato conosco pelo email <u><a style=\"color: #000000\" href=\"mailto:frequencia@ufpel.edu.br\">frequencia@ufpel.edu.br<\/a><\/u>.<\/span><\/p>\n","protected":false},"excerpt":{"rendered":"<p>Perguntas Frequentes &#8211; SISREF 1. Como acessar o SISREF? O primeiro acesso dever\u00e1 ser realizado utilizando o CPF como login e a data de nascimento como senha. A data de nascimento dever\u00e1 ser composta por 8 d\u00edgitos no formato \u201cddmmaaaa\u201d. 2. Como localizar a identifica\u00e7\u00e3o \u00fanica, necess\u00e1ria para redefinir senha SISREF? No contracheque ou no [&hellip;]<\/p>\n","protected":false},"author":52,"featured_media":0,"parent":2495,"menu_order":0,"comment_status":"closed","ping_status":"closed","template":"","meta":{"footnotes":""},"class_list":["post-19367","page","type-page","status-publish","hentry"],"_links":{"self":[{"href":"https:\/\/wp.ufpel.edu.br\/progep\/wp-json\/wp\/v2\/pages\/19367","targetHints":{"allow":["GET"]}}],"collection":[{"href":"https:\/\/wp.ufpel.edu.br\/progep\/wp-json\/wp\/v2\/pages"}],"about":[{"href":"https:\/\/wp.ufpel.edu.br\/progep\/wp-json\/wp\/v2\/types\/page"}],"author":[{"embeddable":true,"href":"https:\/\/wp.ufpel.edu.br\/progep\/wp-json\/wp\/v2\/users\/52"}],"replies":[{"embeddable":true,"href":"https:\/\/wp.ufpel.edu.br\/progep\/wp-json\/wp\/v2\/comments?post=19367"}],"version-history":[{"count":6,"href":"https:\/\/wp.ufpel.edu.br\/progep\/wp-json\/wp\/v2\/pages\/19367\/revisions"}],"predecessor-version":[{"id":19613,"href":"https:\/\/wp.ufpel.edu.br\/progep\/wp-json\/wp\/v2\/pages\/19367\/revisions\/19613"}],"up":[{"embeddable":true,"href":"https:\/\/wp.ufpel.edu.br\/progep\/wp-json\/wp\/v2\/pages\/2495"}],"wp:attachment":[{"href":"https:\/\/wp.ufpel.edu.br\/progep\/wp-json\/wp\/v2\/media?parent=19367"}],"curies":[{"name":"wp","href":"https:\/\/api.w.org\/{rel}","templated":true}]}}