{"id":19338,"date":"2021-12-14T19:06:35","date_gmt":"2021-12-14T22:06:35","guid":{"rendered":"https:\/\/wp.ufpel.edu.br\/progep\/?page_id=19338"},"modified":"2025-12-26T16:08:08","modified_gmt":"2025-12-26T19:08:08","slug":"nomeacoes-edital-07-2016","status":"publish","type":"page","link":"https:\/\/wp.ufpel.edu.br\/progep\/nomeacoes-edital-07-2016\/","title":{"rendered":"Nomea\u00e7\u00f5es &#8211; Edital 07\/2016"},"content":{"rendered":"\n<div class=\"wp-block-group\"><div class=\"wp-block-group__inner-container is-layout-constrained wp-block-group-is-layout-constrained\">\n<div class=\"logoTituloModelStyle\"><img class=\"size-medium wp-image-27184 alignleft\" src=\"https:\/\/wp.ufpel.edu.br\/progep\/files\/2025\/03\/logo-progep_atualizacao-nome_AZUL.png\" style=\"padding:0\" alt=\"\" \/><\/p>\n<div style=\"padding: 2rem 0\"><strong>Nomea\u00e7\u00f5es &#8211; Edital 07\/2016<\/strong><\/div>\n<\/div>\n<hr class=\"hrModelStyle\" \/>\n<div class=\"descriptionModelStyle\">Acompanhe nesta p\u00e1gina a publica\u00e7\u00e3o dos\/as nomeados\/as para servidores\/as docentes na UFPEL.<\/div>\n<\/div><\/div>\n\n\n<div class=\"pagNomeacoesStyle\">\n<p> Confira a p\u00e1gina com as informa\u00e7\u00f5es a respeito do certame: <\/p>\n<p><a href=\"https:\/\/concursos.ufpel.edu.br\/wp\/edital-0072016-professor-efetivo\/\" target=\"_blank\">Certame do Edital 07\/2016<\/a><\/p>\n<div class=\"titleStyle\"><strong>Ampla Concorr\u00eancia<\/strong><\/div> \n\n<table id=\"tablepress-175\" class=\"tablepress tablepress-id-175\">\n<thead>\n<tr class=\"row-1\">\n\t<th class=\"column-1\">\u00c1rea<\/th><th class=\"column-2\">Classif.<\/th><th class=\"column-3\">Aprovados<\/th><th class=\"column-4\">Situa\u00e7\u00e3o<\/th>\n<\/tr>\n<\/thead>\n<tbody class=\"row-striping row-hover\">\n<tr class=\"row-2\">\n\t<td class=\"column-1\"><strong>Hist\u00f3ria da Arte, Fotografia, Artes do V\u00eddeo e Educa\u00e7\u00e3o Art\u00edstica<\/strong><\/td><td class=\"column-2\">1\u00ba<\/td><td class=\"column-3\">Cl\u00e1udio Tarouco de Azevedo<\/td><td class=\"column-4\">Nomeado(a)<\/td>\n<\/tr>\n<tr class=\"row-3\">\n\t<td class=\"column-1\"><\/td><td class=\"column-2\">2\u00ba<\/td><td class=\"column-3\">Camila Monteiro Schenkel<\/td><td class=\"column-4\"><\/td>\n<\/tr>\n<tr class=\"row-4\">\n\t<td class=\"column-1\"><\/td><td class=\"column-2\">3\u00ba<\/td><td class=\"column-3\">Michelle Coelho Salort<\/td><td class=\"column-4\"><\/td>\n<\/tr>\n<tr class=\"row-5\">\n\t<td class=\"column-1\"><\/td><td class=\"column-2\">4\u00ba<\/td><td class=\"column-3\">Liz\u00e2ngela Torres da Silva Martins Costa<\/td><td class=\"column-4\"><\/td>\n<\/tr>\n<tr class=\"row-6\">\n\t<td class=\"column-1\"><strong>Periodontia<\/strong><\/td><td class=\"column-2\">1\u00ba<\/td><td class=\"column-3\">Gustavo Giacomelli Nascimento<\/td><td class=\"column-4\">Nomeado(a)<\/td>\n<\/tr>\n<tr class=\"row-7\">\n\t<td class=\"column-1\"><\/td><td class=\"column-2\">2\u00ba<\/td><td class=\"column-3\">Patr\u00edcia Daniela Melchiors Angst<\/td><td class=\"column-4\">Nomeado(a)<\/td>\n<\/tr>\n<tr class=\"row-8\">\n\t<td class=\"column-1\"><strong>Bacteriologia \/ Micologia \/ Parastiologia \/ Citologia e Biologia Celular \/ Biologia Molecular<\/strong><\/td><td class=\"column-2\">1\u00ba<\/td><td class=\"column-3\">Rodrigo de Almeida Vaucher<\/td><td class=\"column-4\">Nomeado(a)<\/td>\n<\/tr>\n<tr class=\"row-9\">\n\t<td class=\"column-1\"><\/td><td class=\"column-2\">2\u00ba<\/td><td class=\"column-3\">Danielle da Silva Trentin<\/td><td class=\"column-4\"><\/td>\n<\/tr>\n<tr class=\"row-10\">\n\t<td class=\"column-1\"><strong>Tratamento e Preven\u00e7\u00e3o Psicol\u00f3gica<\/strong><\/td><td class=\"column-2\">1\u00ba<\/td><td class=\"column-3\">Airi Macias Sacco<\/td><td class=\"column-4\">Nomeado(a)<\/td>\n<\/tr>\n<tr class=\"row-11\">\n\t<td class=\"column-1\"><\/td><td class=\"column-2\">2\u00ba<\/td><td class=\"column-3\">Mirian Cristiane Alves<\/td><td class=\"column-4\">Nomeado(a) pela lista de cotas raciais<\/td>\n<\/tr>\n<tr class=\"row-12\">\n\t<td class=\"column-1\"><\/td><td class=\"column-2\">3\u00ba<\/td><td class=\"column-3\">Mariane Ricardo Acosta Lopez Molina<\/td><td class=\"column-4\"><\/td>\n<\/tr>\n<tr class=\"row-13\">\n\t<td class=\"column-1\"><\/td><td class=\"column-2\">4\u00ba<\/td><td class=\"column-3\">Tiago Neuenfeld Munhoz<\/td><td class=\"column-4\"><\/td>\n<\/tr>\n<tr class=\"row-14\">\n\t<td class=\"column-1\"><\/td><td class=\"column-2\">5\u00ba<\/td><td class=\"column-3\">Circe Maria Salcides Petersen<\/td><td class=\"column-4\"><\/td>\n<\/tr>\n<tr class=\"row-15\">\n\t<td class=\"column-1\"><strong>Diet\u00e9tica<\/strong><\/td><td class=\"column-2\">1\u00ba<\/td><td class=\"column-3\">Anne y Castro Marques<\/td><td class=\"column-4\">Nomeado(a)<\/td>\n<\/tr>\n<tr class=\"row-16\">\n\t<td class=\"column-1\"><\/td><td class=\"column-2\">2\u00ba<\/td><td class=\"column-3\">Alessandra Borges Pretto<\/td><td class=\"column-4\"><\/td>\n<\/tr>\n<tr class=\"row-17\">\n\t<td class=\"column-1\"><\/td><td class=\"column-2\">3\u00ba<\/td><td class=\"column-3\">Ana L\u00facia Hoefel<\/td><td class=\"column-4\"><\/td>\n<\/tr>\n<tr class=\"row-18\">\n\t<td class=\"column-1\"><\/td><td class=\"column-2\">4\u00ba<\/td><td class=\"column-3\">Camila Kummel Duarte<\/td><td class=\"column-4\"><\/td>\n<\/tr>\n<tr class=\"row-19\">\n\t<td class=\"column-1\"><\/td><td class=\"column-2\">5\u00ba<\/td><td class=\"column-3\">Camila Pereira Braga<\/td><td class=\"column-4\"><\/td>\n<\/tr>\n<tr class=\"row-20\">\n\t<td class=\"column-1\"><strong>Bioqu\u00edmica<\/strong><\/td><td class=\"column-2\">1\u00ba<\/td><td class=\"column-3\">Cristiani Folharini Bortolatto<\/td><td class=\"column-4\">Nomeado(a)<\/td>\n<\/tr>\n<tr class=\"row-21\">\n\t<td class=\"column-1\"><\/td><td class=\"column-2\">2\u00ba<\/td><td class=\"column-3\">Dirleise Colle<\/td><td class=\"column-4\">Tornada sem efeito<\/td>\n<\/tr>\n<tr class=\"row-22\">\n\t<td class=\"column-1\"><\/td><td class=\"column-2\">3\u00ba<\/td><td class=\"column-3\">Cesar Augusto Bruning<\/td><td class=\"column-4\">Nomeado(a)<\/td>\n<\/tr>\n<tr class=\"row-23\">\n\t<td class=\"column-1\"><\/td><td class=\"column-2\">4\u00ba<\/td><td class=\"column-3\">Luana Heimfarth<\/td><td class=\"column-4\"><\/td>\n<\/tr>\n<tr class=\"row-24\">\n\t<td class=\"column-1\"><\/td><td class=\"column-2\">5\u00ba<\/td><td class=\"column-3\">Jade de Oliveira<\/td><td class=\"column-4\"><\/td>\n<\/tr>\n<\/tbody>\n<\/table>\n<!-- #tablepress-175 from cache -->\n<div class=\"titleStyle\"><strong> COTAS RACIAIS<\/strong><\/div>\n\n<table id=\"tablepress-176\" class=\"tablepress tablepress-id-176\">\n<thead>\n<tr class=\"row-1\">\n\t<th class=\"column-1\">\u00c1rea<\/th><th class=\"column-2\">Classif.<\/th><th class=\"column-3\">Aprovados<\/th><th class=\"column-4\">Situa\u00e7\u00e3o<\/th>\n<\/tr>\n<\/thead>\n<tbody class=\"row-striping row-hover\">\n<tr class=\"row-2\">\n\t<td class=\"column-1\"><strong>Tratamento e Preven\u00e7\u00e3o Psicol\u00f3gica<\/strong><\/td><td class=\"column-2\">1\u00ba<\/td><td class=\"column-3\">Mirian Cristiane Alves<\/td><td class=\"column-4\">Nomeado(a)<\/td>\n<\/tr>\n<\/tbody>\n<\/table>\n<!-- #tablepress-176 from cache -->\n<div class=\"titleStyle\"><strong> COTAS PCD<\/strong><\/div>\n<p style=\"text-align:center\">&#8212;&#8211;<\/p>\n<\/div>\n\n","protected":false},"excerpt":{"rendered":"<p>Nomea\u00e7\u00f5es &#8211; Edital 07\/2016 Acompanhe nesta p\u00e1gina a publica\u00e7\u00e3o dos\/as nomeados\/as para servidores\/as docentes na UFPEL. Confira a p\u00e1gina com as informa\u00e7\u00f5es a respeito do certame: Certame do Edital 07\/2016 Ampla Concorr\u00eancia COTAS RACIAIS COTAS PCD &#8212;&#8211;<\/p>\n","protected":false},"author":52,"featured_media":0,"parent":0,"menu_order":0,"comment_status":"closed","ping_status":"closed","template":"","meta":{"footnotes":""},"class_list":["post-19338","page","type-page","status-publish","hentry"],"_links":{"self":[{"href":"https:\/\/wp.ufpel.edu.br\/progep\/wp-json\/wp\/v2\/pages\/19338","targetHints":{"allow":["GET"]}}],"collection":[{"href":"https:\/\/wp.ufpel.edu.br\/progep\/wp-json\/wp\/v2\/pages"}],"about":[{"href":"https:\/\/wp.ufpel.edu.br\/progep\/wp-json\/wp\/v2\/types\/page"}],"author":[{"embeddable":true,"href":"https:\/\/wp.ufpel.edu.br\/progep\/wp-json\/wp\/v2\/users\/52"}],"replies":[{"embeddable":true,"href":"https:\/\/wp.ufpel.edu.br\/progep\/wp-json\/wp\/v2\/comments?post=19338"}],"version-history":[{"count":3,"href":"https:\/\/wp.ufpel.edu.br\/progep\/wp-json\/wp\/v2\/pages\/19338\/revisions"}],"predecessor-version":[{"id":39784,"href":"https:\/\/wp.ufpel.edu.br\/progep\/wp-json\/wp\/v2\/pages\/19338\/revisions\/39784"}],"wp:attachment":[{"href":"https:\/\/wp.ufpel.edu.br\/progep\/wp-json\/wp\/v2\/media?parent=19338"}],"curies":[{"name":"wp","href":"https:\/\/api.w.org\/{rel}","templated":true}]}}