{"id":19326,"date":"2021-12-14T18:03:41","date_gmt":"2021-12-14T21:03:41","guid":{"rendered":"https:\/\/wp.ufpel.edu.br\/progep\/?page_id=19326"},"modified":"2025-12-26T16:41:34","modified_gmt":"2025-12-26T19:41:34","slug":"nomeacoes-edital-62-2015","status":"publish","type":"page","link":"https:\/\/wp.ufpel.edu.br\/progep\/nomeacoes-edital-62-2015\/","title":{"rendered":"Nomea\u00e7\u00f5es &#8211; Edital 62\/2015"},"content":{"rendered":"\n<div class=\"wp-block-group\"><div class=\"wp-block-group__inner-container is-layout-constrained wp-block-group-is-layout-constrained\">\n<div class=\"logoTituloModelStyle\"><img class=\"size-medium wp-image-27184 alignleft\" src=\"https:\/\/wp.ufpel.edu.br\/progep\/files\/2025\/03\/logo-progep_atualizacao-nome_AZUL.png\" style=\"padding:0\" alt=\"\" \/><\/p>\n<div style=\"padding: 2rem 0\"><strong>Nomea\u00e7\u00f5es &#8211; Edital 62\/2015<\/strong><\/div>\n<\/div>\n<hr class=\"hrModelStyle\" \/>\n<div class=\"descriptionModelStyle\">Acompanhe nesta p\u00e1gina a publica\u00e7\u00e3o dos\/as nomeados\/as para servidores\/as docentes na UFPEL.<\/div>\n<\/div><\/div>\n\n\n<div class=\"pagNomeacoesStyle\">\n<p> Confira a p\u00e1gina com as informa\u00e7\u00f5es a respeito do certame: <\/p>\n<p><a href=\"https:\/\/concursos.ufpel.edu.br\/wp\/edital-622015-professor-efetivo\/\" target=\"_blank\">Certame do Edital 62\/2015<\/a><\/p>\n<div class=\"titleStyle\"><strong>Ampla Concorr\u00eancia<\/strong><\/div> \n\n<table id=\"tablepress-179\" class=\"tablepress tablepress-id-179\">\n<thead>\n<tr class=\"row-1\">\n\t<th class=\"column-1\">\u00c1rea<\/th><th class=\"column-2\">Classif.<\/th><th class=\"column-3\">Aprovados<\/th><th class=\"column-4\">Situa\u00e7\u00e3o<\/th>\n<\/tr>\n<\/thead>\n<tbody class=\"row-striping row-hover\">\n<tr class=\"row-2\">\n\t<td class=\"column-1\"><strong>An\u00e1lises Forenses e Qu\u00edmica Anal\u00edtica<\/strong><\/td><td class=\"column-2\">1\u00ba<\/td><td class=\"column-3\">Clarissa Marques Moreira dos Santos<\/td><td class=\"column-4\">Nomeado(a)<\/td>\n<\/tr>\n<tr class=\"row-3\">\n\t<td class=\"column-1\"><\/td><td class=\"column-2\">2\u00ba<\/td><td class=\"column-3\">Carla de Andrade Hartwig<\/td><td class=\"column-4\"><\/td>\n<\/tr>\n<tr class=\"row-4\">\n\t<td class=\"column-1\"><\/td><td class=\"column-2\">3\u00ba<\/td><td class=\"column-3\">Juliana Macedo da Silva<\/td><td class=\"column-4\"><\/td>\n<\/tr>\n<tr class=\"row-5\">\n\t<td class=\"column-1\"><\/td><td class=\"column-2\">4\u00ba<\/td><td class=\"column-3\">Bruno Meira Soares<\/td><td class=\"column-4\"><\/td>\n<\/tr>\n<tr class=\"row-6\">\n\t<td class=\"column-1\"><\/td><td class=\"column-2\">5\u00ba<\/td><td class=\"column-3\">Maria Silvana Aranda Moraes<\/td><td class=\"column-4\"><\/td>\n<\/tr>\n<tr class=\"row-7\">\n\t<td class=\"column-1\"><strong>Administra\u00e7\u00e3o e\/ou Ci\u00eancias Cont\u00e1beis<\/strong><\/td><td class=\"column-2\">1\u00ba<\/td><td class=\"column-3\">Rosana da Rosa Portella Tondolo<\/td><td class=\"column-4\">Nomeado(a)<\/td>\n<\/tr>\n<tr class=\"row-8\">\n\t<td class=\"column-1\"><strong>Gin\u00e1stica<\/strong><\/td><td class=\"column-2\">1\u00ba<\/td><td class=\"column-3\">Mateus David Finco<\/td><td class=\"column-4\">Nomeado(a)<\/td>\n<\/tr>\n<tr class=\"row-9\">\n\t<td class=\"column-1\"><\/td><td class=\"column-2\">2\u00ba<\/td><td class=\"column-3\">Andrize Ramires Costa<\/td><td class=\"column-4\">Nomeado(a)<\/td>\n<\/tr>\n<tr class=\"row-10\">\n\t<td class=\"column-1\"><\/td><td class=\"column-2\">3\u00ba<\/td><td class=\"column-3\">Bianca Miarka<\/td><td class=\"column-4\"><\/td>\n<\/tr>\n<tr class=\"row-11\">\n\t<td class=\"column-1\"><\/td><td class=\"column-2\">4\u00ba<\/td><td class=\"column-3\">Karoline Goulart Lanes<\/td><td class=\"column-4\"><\/td>\n<\/tr>\n<tr class=\"row-12\">\n\t<td class=\"column-1\"><strong>Prescri\u00e7\u00e3o de Exerc\u00edcios F\u00edsicos para Grupos Especiais<\/strong><\/td><td class=\"column-2\">1\u00ba<\/td><td class=\"column-3\">Daniel Umpierre de Moraes<\/td><td class=\"column-4\">Nomeado(a)<\/td>\n<\/tr>\n<tr class=\"row-13\">\n\t<td class=\"column-1\"><strong>L\u00edngua Alem\u00e3 e Lingu\u00edstica Aplicada ao Ensino de Alem\u00e3o como L\u00edngua Estrangeira<\/strong><\/td><td class=\"column-2\">1\u00ba<\/td><td class=\"column-3\">Veronika Geith<\/td><td class=\"column-4\">Tornada sem efeito<\/td>\n<\/tr>\n<tr class=\"row-14\">\n\t<td class=\"column-1\"><strong>Libras<\/strong><\/td><td class=\"column-2\">1\u00ba<\/td><td class=\"column-3\">Sandro Rodrigues da Fonseca<\/td><td class=\"column-4\">Nomeado(a)<\/td>\n<\/tr>\n<tr class=\"row-15\">\n\t<td class=\"column-1\"><strong>Antropologia\/Arqueologia<\/strong><\/td><td class=\"column-2\">1\u00ba<\/td><td class=\"column-3\">Louise Prado Alfonso<\/td><td class=\"column-4\">Nomeado(a)<\/td>\n<\/tr>\n<tr class=\"row-16\">\n\t<td class=\"column-1\"><\/td><td class=\"column-2\">2\u00ba<\/td><td class=\"column-3\">Rafael Corteletti<\/td><td class=\"column-4\">Nomeado(a)<\/td>\n<\/tr>\n<tr class=\"row-17\">\n\t<td class=\"column-1\"><\/td><td class=\"column-2\">3\u00ba<\/td><td class=\"column-3\">Carolina Kesser Barcelos Dias<\/td><td class=\"column-4\"><\/td>\n<\/tr>\n<tr class=\"row-18\">\n\t<td class=\"column-1\"><\/td><td class=\"column-2\">4\u00ba<\/td><td class=\"column-3\">Mariana de Andrade Soares<\/td><td class=\"column-4\"><\/td>\n<\/tr>\n<tr class=\"row-19\">\n\t<td class=\"column-1\"><strong>Administra\u00e7\u00e3o Hoteleira<\/strong><\/td><td class=\"column-2\">1\u00ba<\/td><td class=\"column-3\">Michele Vasconcellos Chiattone<\/td><td class=\"column-4\">Nomeado(a)<\/td>\n<\/tr>\n<tr class=\"row-20\">\n\t<td class=\"column-1\"><\/td><td class=\"column-2\">2\u00ba<\/td><td class=\"column-3\">Gleberson de Santana dos Santos<\/td><td class=\"column-4\"><\/td>\n<\/tr>\n<\/tbody>\n<\/table>\n<!-- #tablepress-179 from cache -->\n<\/div>\n\n","protected":false},"excerpt":{"rendered":"<p>Nomea\u00e7\u00f5es &#8211; Edital 62\/2015 Acompanhe nesta p\u00e1gina a publica\u00e7\u00e3o dos\/as nomeados\/as para servidores\/as docentes na UFPEL. Confira a p\u00e1gina com as informa\u00e7\u00f5es a respeito do certame: Certame do Edital 62\/2015 Ampla Concorr\u00eancia<\/p>\n","protected":false},"author":52,"featured_media":0,"parent":0,"menu_order":0,"comment_status":"closed","ping_status":"closed","template":"","meta":{"footnotes":""},"class_list":["post-19326","page","type-page","status-publish","hentry"],"_links":{"self":[{"href":"https:\/\/wp.ufpel.edu.br\/progep\/wp-json\/wp\/v2\/pages\/19326","targetHints":{"allow":["GET"]}}],"collection":[{"href":"https:\/\/wp.ufpel.edu.br\/progep\/wp-json\/wp\/v2\/pages"}],"about":[{"href":"https:\/\/wp.ufpel.edu.br\/progep\/wp-json\/wp\/v2\/types\/page"}],"author":[{"embeddable":true,"href":"https:\/\/wp.ufpel.edu.br\/progep\/wp-json\/wp\/v2\/users\/52"}],"replies":[{"embeddable":true,"href":"https:\/\/wp.ufpel.edu.br\/progep\/wp-json\/wp\/v2\/comments?post=19326"}],"version-history":[{"count":3,"href":"https:\/\/wp.ufpel.edu.br\/progep\/wp-json\/wp\/v2\/pages\/19326\/revisions"}],"predecessor-version":[{"id":39792,"href":"https:\/\/wp.ufpel.edu.br\/progep\/wp-json\/wp\/v2\/pages\/19326\/revisions\/39792"}],"wp:attachment":[{"href":"https:\/\/wp.ufpel.edu.br\/progep\/wp-json\/wp\/v2\/media?parent=19326"}],"curies":[{"name":"wp","href":"https:\/\/api.w.org\/{rel}","templated":true}]}}