{"id":19320,"date":"2021-12-14T17:43:18","date_gmt":"2021-12-14T20:43:18","guid":{"rendered":"https:\/\/wp.ufpel.edu.br\/progep\/?page_id=19320"},"modified":"2025-12-26T16:47:56","modified_gmt":"2025-12-26T19:47:56","slug":"nomeacoes-edital-49-2015","status":"publish","type":"page","link":"https:\/\/wp.ufpel.edu.br\/progep\/nomeacoes-edital-49-2015\/","title":{"rendered":"Nomea\u00e7\u00f5es &#8211; Edital 49\/2015"},"content":{"rendered":"\n<div class=\"wp-block-group\"><div class=\"wp-block-group__inner-container is-layout-constrained wp-block-group-is-layout-constrained\">\n<div class=\"logoTituloModelStyle\"><img class=\"size-medium wp-image-27184 alignleft\" src=\"https:\/\/wp.ufpel.edu.br\/progep\/files\/2025\/03\/logo-progep_atualizacao-nome_AZUL.png\" style=\"padding:0\" alt=\"\" \/><\/p>\n<div style=\"padding: 2rem 0\"><strong>Nomea\u00e7\u00f5es &#8211; Edital 49\/2015<\/strong><\/div>\n<\/div>\n<hr class=\"hrModelStyle\" \/>\n<div class=\"descriptionModelStyle\">Acompanhe nesta p\u00e1gina a publica\u00e7\u00e3o dos\/as nomeados\/as para servidores\/as docentes na UFPEL.<\/div>\n<\/div><\/div>\n\n\n<div class=\"pagNomeacoesStyle\">\n<p> Confira a p\u00e1gina com as informa\u00e7\u00f5es a respeito do certame: <\/p>\n<p><a href=\"https:\/\/concursos.ufpel.edu.br\/wp\/edital-049-professor-efetivo\/\" target=\"_blank\">Certame do Edital 49\/2015<\/a><\/p>\n<div class=\"titleStyle\"><strong>Ampla Concorr\u00eancia<\/strong><\/div> \n\n<table id=\"tablepress-180\" class=\"tablepress tablepress-id-180\">\n<thead>\n<tr class=\"row-1\">\n\t<th class=\"column-1\">\u00c1rea<\/th><th class=\"column-2\">Classif.<\/th><th class=\"column-3\">Aprovados<\/th><th class=\"column-4\">Situa\u00e7\u00e3o<\/th>\n<\/tr>\n<\/thead>\n<tbody class=\"row-striping row-hover\">\n<tr class=\"row-2\">\n\t<td class=\"column-1\"><strong>Psiquiatria e Psicologia M\u00e9dica<\/strong><\/td><td class=\"column-2\">1\u00ba<\/td><td class=\"column-3\">Graziela Mayumi Toma<\/td><td class=\"column-4\">Nomeado(a)<\/td>\n<\/tr>\n<tr class=\"row-3\">\n\t<td class=\"column-1\"><strong>Meteorologia<\/strong><\/td><td class=\"column-2\">1\u00ba<\/td><td class=\"column-3\">Leonardo Calvetti<\/td><td class=\"column-4\">Nomeado(a)<\/td>\n<\/tr>\n<tr class=\"row-4\">\n\t<td class=\"column-1\"><\/td><td class=\"column-2\">2\u00ba<\/td><td class=\"column-3\">Eliana Veleda Klering<\/td><td class=\"column-4\"><\/td>\n<\/tr>\n<tr class=\"row-5\">\n\t<td class=\"column-1\"><\/td><td class=\"column-2\">3\u00ba<\/td><td class=\"column-3\">N\u00e9lia Kainara Rodrigues Cardoso<\/td><td class=\"column-4\"><\/td>\n<\/tr>\n<tr class=\"row-6\">\n\t<td class=\"column-1\"><\/td><td class=\"column-2\">4\u00ba<\/td><td class=\"column-3\">Ivan Saraiva<\/td><td class=\"column-4\"><\/td>\n<\/tr>\n<tr class=\"row-7\">\n\t<td class=\"column-1\"><\/td><td class=\"column-2\">5\u00ba<\/td><td class=\"column-3\">Patr\u00edcia Porta Nova da Cruz<\/td><td class=\"column-4\"><\/td>\n<\/tr>\n<tr class=\"row-8\">\n\t<td class=\"column-1\"><strong>Rela\u00e7\u00f5es Internacionais<\/strong><\/td><td class=\"column-2\">1\u00ba<\/td><td class=\"column-3\">Charles Pereira Pennaforte<\/td><td class=\"column-4\">Nomeado(a)<\/td>\n<\/tr>\n<tr class=\"row-9\">\n\t<td class=\"column-1\"><\/td><td class=\"column-2\">2\u00ba<\/td><td class=\"column-3\">Veronica Korber Gon\u00e7alves<\/td><td class=\"column-4\"><\/td>\n<\/tr>\n<tr class=\"row-10\">\n\t<td class=\"column-1\"><strong>Projeto de Arquitetura e Urbanismo<\/strong><\/td><td class=\"column-2\">1\u00ba<\/td><td class=\"column-3\">Andr\u00e9 de Oliveira Torres Carrasco<\/td><td class=\"column-4\">Nomeado(a)<\/td>\n<\/tr>\n<tr class=\"row-11\">\n\t<td class=\"column-1\"><\/td><td class=\"column-2\">2\u00ba<\/td><td class=\"column-3\">Liziane de Oliveira Jorge<\/td><td class=\"column-4\">Nomeado(a)<\/td>\n<\/tr>\n<tr class=\"row-12\">\n\t<td class=\"column-1\"><strong>Fisiologia<\/strong><\/td><td class=\"column-2\">1\u00ba<\/td><td class=\"column-3\">Gustavo Dias Ferreira<\/td><td class=\"column-4\">Nomeado(a)<\/td>\n<\/tr>\n<tr class=\"row-13\">\n\t<td class=\"column-1\"><\/td><td class=\"column-2\">2\u00ba<\/td><td class=\"column-3\">Patr\u00edcia Martins Bock<\/td><td class=\"column-4\"><\/td>\n<\/tr>\n<tr class=\"row-14\">\n\t<td class=\"column-1\"><\/td><td class=\"column-2\">3\u00ba<\/td><td class=\"column-3\">Felipe Diehl<\/td><td class=\"column-4\"><\/td>\n<\/tr>\n<tr class=\"row-15\">\n\t<td class=\"column-1\"><\/td><td class=\"column-2\">4\u00ba<\/td><td class=\"column-3\">M\u00e1rcio Alberto Geihs<\/td><td class=\"column-4\"><\/td>\n<\/tr>\n<tr class=\"row-16\">\n\t<td class=\"column-1\"><\/td><td class=\"column-2\">5\u00ba<\/td><td class=\"column-3\">Daniela Volcan Almeida<\/td><td class=\"column-4\"><\/td>\n<\/tr>\n<tr class=\"row-17\">\n\t<td class=\"column-1\"><strong>Ecologia<\/strong><\/td><td class=\"column-2\">1\u00ba<\/td><td class=\"column-3\">Olivier Jean Fran\u00e7ois Bonnet<\/td><td class=\"column-4\">Nomeado(a)<\/td>\n<\/tr>\n<tr class=\"row-18\">\n\t<td class=\"column-1\"><\/td><td class=\"column-2\">2\u00ba<\/td><td class=\"column-3\">Sebastian Felipe Sendoya Echeverry<\/td><td class=\"column-4\">Nomeado(a)<\/td>\n<\/tr>\n<tr class=\"row-19\">\n\t<td class=\"column-1\"><\/td><td class=\"column-2\">3\u00ba<\/td><td class=\"column-3\">Silvina Botta<\/td><td class=\"column-4\"><\/td>\n<\/tr>\n<tr class=\"row-20\">\n\t<td class=\"column-1\"><\/td><td class=\"column-2\">4\u00ba<\/td><td class=\"column-3\">Marcos Ricardo Bornschein<\/td><td class=\"column-4\"><\/td>\n<\/tr>\n<tr class=\"row-21\">\n\t<td class=\"column-1\"><strong>Cirurgia<\/strong><\/td><td class=\"column-2\">1\u00ba<\/td><td class=\"column-3\">Thiago Gonzalez Barbosa e Silva<\/td><td class=\"column-4\">Nomeado(a)<\/td>\n<\/tr>\n<tr class=\"row-22\">\n\t<td class=\"column-1\"><\/td><td class=\"column-2\">2\u00ba<\/td><td class=\"column-3\">Victor Manuel Br\u00edzida Garcia Neto<\/td><td class=\"column-4\"><\/td>\n<\/tr>\n<tr class=\"row-23\">\n\t<td class=\"column-1\"><\/td><td class=\"column-2\">3\u00ba<\/td><td class=\"column-3\">Cristiane Becker Neutzling<\/td><td class=\"column-4\"><\/td>\n<\/tr>\n<\/tbody>\n<\/table>\n<!-- #tablepress-180 from cache -->\n<\/div>\n\n","protected":false},"excerpt":{"rendered":"<p>Nomea\u00e7\u00f5es &#8211; Edital 49\/2015 Acompanhe nesta p\u00e1gina a publica\u00e7\u00e3o dos\/as nomeados\/as para servidores\/as docentes na UFPEL. Confira a p\u00e1gina com as informa\u00e7\u00f5es a respeito do certame: Certame do Edital 49\/2015 Ampla Concorr\u00eancia<\/p>\n","protected":false},"author":52,"featured_media":0,"parent":0,"menu_order":0,"comment_status":"closed","ping_status":"closed","template":"","meta":{"footnotes":""},"class_list":["post-19320","page","type-page","status-publish","hentry"],"_links":{"self":[{"href":"https:\/\/wp.ufpel.edu.br\/progep\/wp-json\/wp\/v2\/pages\/19320","targetHints":{"allow":["GET"]}}],"collection":[{"href":"https:\/\/wp.ufpel.edu.br\/progep\/wp-json\/wp\/v2\/pages"}],"about":[{"href":"https:\/\/wp.ufpel.edu.br\/progep\/wp-json\/wp\/v2\/types\/page"}],"author":[{"embeddable":true,"href":"https:\/\/wp.ufpel.edu.br\/progep\/wp-json\/wp\/v2\/users\/52"}],"replies":[{"embeddable":true,"href":"https:\/\/wp.ufpel.edu.br\/progep\/wp-json\/wp\/v2\/comments?post=19320"}],"version-history":[{"count":3,"href":"https:\/\/wp.ufpel.edu.br\/progep\/wp-json\/wp\/v2\/pages\/19320\/revisions"}],"predecessor-version":[{"id":39795,"href":"https:\/\/wp.ufpel.edu.br\/progep\/wp-json\/wp\/v2\/pages\/19320\/revisions\/39795"}],"wp:attachment":[{"href":"https:\/\/wp.ufpel.edu.br\/progep\/wp-json\/wp\/v2\/media?parent=19320"}],"curies":[{"name":"wp","href":"https:\/\/api.w.org\/{rel}","templated":true}]}}