{"id":19309,"date":"2021-12-14T17:23:33","date_gmt":"2021-12-14T20:23:33","guid":{"rendered":"https:\/\/wp.ufpel.edu.br\/progep\/?page_id=19309"},"modified":"2025-12-26T16:59:21","modified_gmt":"2025-12-26T19:59:21","slug":"nomeacoes-edital-23-2015","status":"publish","type":"page","link":"https:\/\/wp.ufpel.edu.br\/progep\/nomeacoes-edital-23-2015\/","title":{"rendered":"Nomea\u00e7\u00f5es &#8211; Edital 23\/2015"},"content":{"rendered":"\n<div class=\"wp-block-group\"><div class=\"wp-block-group__inner-container is-layout-constrained wp-block-group-is-layout-constrained\">\n<div class=\"logoTituloModelStyle\"><img class=\"size-medium wp-image-27184 alignleft\" src=\"https:\/\/wp.ufpel.edu.br\/progep\/files\/2025\/03\/logo-progep_atualizacao-nome_AZUL.png\" style=\"padding:0\" alt=\"\" \/><\/p>\n<div style=\"padding: 2rem 0\"><strong>Nomea\u00e7\u00f5es &#8211; Edital 23\/2015<\/strong><\/div>\n<\/div>\n<hr class=\"hrModelStyle\" \/>\n<div class=\"descriptionModelStyle\">Acompanhe nesta p\u00e1gina a publica\u00e7\u00e3o dos\/as nomeados\/as para servidores\/as docentes na UFPEL.<\/div>\n<\/div><\/div>\n\n\n<div class=\"pagNomeacoesStyle\">\n<p> Confira a p\u00e1gina com as informa\u00e7\u00f5es a respeito do certame: <\/p>\n<p><a href=\"https:\/\/concursos.ufpel.edu.br\/wp\/edital-0232015-professor-titular\/\" target=\"_blank\">Certame do Edital 23\/2015<\/a><\/p>\n<div class=\"titleStyle\"><strong>Ampla Concorr\u00eancia<\/strong><\/div> \n\n<table id=\"tablepress-182\" class=\"tablepress tablepress-id-182\">\n<thead>\n<tr class=\"row-1\">\n\t<th class=\"column-1\">\u00c1rea<\/th><th class=\"column-2\">Classif.<\/th><th class=\"column-3\">Aprovados<\/th><th class=\"column-4\">Situa\u00e7\u00e3o<\/th>\n<\/tr>\n<\/thead>\n<tbody class=\"row-striping row-hover\">\n<tr class=\"row-2\">\n\t<td class=\"column-1\"><strong>Qu\u00edmica Tecnol\u00f3gica e Geral<\/strong><\/td><td class=\"column-2\">1\u00ba<\/td><td class=\"column-3\">C\u00e9lia Francisca Centeno da Rosa<\/td><td class=\"column-4\">Nomeado(a)<\/td>\n<\/tr>\n<tr class=\"row-3\">\n\t<td class=\"column-1\"><strong>Estat\u00edstica<\/strong><\/td><td class=\"column-2\">1\u00ba<\/td><td class=\"column-3\">El\u00edsia Rodrigues Corr\u00eaa<\/td><td class=\"column-4\">Nomeado(a)<\/td>\n<\/tr>\n<tr class=\"row-4\">\n\t<td class=\"column-1\"><\/td><td class=\"column-2\">2\u00ba<\/td><td class=\"column-3\">Roberta Manica Berto<\/td><td class=\"column-4\"><\/td>\n<\/tr>\n<tr class=\"row-5\">\n\t<td class=\"column-1\"><strong>Viol\u00e3o e Teoria e Percep\u00e7\u00e3o Musical Tecnol\u00f3gica e Geral<\/strong><\/td><td class=\"column-2\">1\u00ba<\/td><td class=\"column-3\">Jo\u00e3o Alexandre Straub Gomes<\/td><td class=\"column-4\">Nomeado(a)<\/td>\n<\/tr>\n<tr class=\"row-6\">\n\t<td class=\"column-1\"><\/td><td class=\"column-2\">2\u00ba<\/td><td class=\"column-3\">Nery Andr\u00e9 Borges de Oliveira<\/td><td class=\"column-4\"><\/td>\n<\/tr>\n<tr class=\"row-7\">\n\t<td class=\"column-1\"><\/td><td class=\"column-2\">3\u00ba<\/td><td class=\"column-3\">Marcelo Casarotto Brombilla<\/td><td class=\"column-4\"><\/td>\n<\/tr>\n<tr class=\"row-8\">\n\t<td class=\"column-1\"><strong>Ci\u00eancias Ambientais<\/strong><\/td><td class=\"column-2\">1\u00ba<\/td><td class=\"column-3\">Willian Cezar Nadaleti<\/td><td class=\"column-4\">Nomeado(a)<\/td>\n<\/tr>\n<tr class=\"row-9\">\n\t<td class=\"column-1\"><\/td><td class=\"column-2\">2\u00ba<\/td><td class=\"column-3\">Ramiro Gon\u00e7alves Etchepare<\/td><td class=\"column-4\"><\/td>\n<\/tr>\n<tr class=\"row-10\">\n\t<td class=\"column-1\"><\/td><td class=\"column-2\">3\u00ba<\/td><td class=\"column-3\">Juanez Ramos do Amaral Filho<\/td><td class=\"column-4\"><\/td>\n<\/tr>\n<tr class=\"row-11\">\n\t<td class=\"column-1\"><strong>Estruturas<\/strong><\/td><td class=\"column-2\">1\u00ba<\/td><td class=\"column-3\">Guilherme Hoehr Trindade<\/td><td class=\"column-4\">Nomeado(a)<\/td>\n<\/tr>\n<\/tbody>\n<\/table>\n<!-- #tablepress-182 from cache -->\n<\/div>\n\n","protected":false},"excerpt":{"rendered":"<p>Nomea\u00e7\u00f5es &#8211; Edital 23\/2015 Acompanhe nesta p\u00e1gina a publica\u00e7\u00e3o dos\/as nomeados\/as para servidores\/as docentes na UFPEL. Confira a p\u00e1gina com as informa\u00e7\u00f5es a respeito do certame: Certame do Edital 23\/2015 Ampla Concorr\u00eancia<\/p>\n","protected":false},"author":52,"featured_media":0,"parent":0,"menu_order":0,"comment_status":"closed","ping_status":"closed","template":"","meta":{"footnotes":""},"class_list":["post-19309","page","type-page","status-publish","hentry"],"_links":{"self":[{"href":"https:\/\/wp.ufpel.edu.br\/progep\/wp-json\/wp\/v2\/pages\/19309","targetHints":{"allow":["GET"]}}],"collection":[{"href":"https:\/\/wp.ufpel.edu.br\/progep\/wp-json\/wp\/v2\/pages"}],"about":[{"href":"https:\/\/wp.ufpel.edu.br\/progep\/wp-json\/wp\/v2\/types\/page"}],"author":[{"embeddable":true,"href":"https:\/\/wp.ufpel.edu.br\/progep\/wp-json\/wp\/v2\/users\/52"}],"replies":[{"embeddable":true,"href":"https:\/\/wp.ufpel.edu.br\/progep\/wp-json\/wp\/v2\/comments?post=19309"}],"version-history":[{"count":3,"href":"https:\/\/wp.ufpel.edu.br\/progep\/wp-json\/wp\/v2\/pages\/19309\/revisions"}],"predecessor-version":[{"id":39802,"href":"https:\/\/wp.ufpel.edu.br\/progep\/wp-json\/wp\/v2\/pages\/19309\/revisions\/39802"}],"wp:attachment":[{"href":"https:\/\/wp.ufpel.edu.br\/progep\/wp-json\/wp\/v2\/media?parent=19309"}],"curies":[{"name":"wp","href":"https:\/\/api.w.org\/{rel}","templated":true}]}}