{"id":19247,"date":"2021-12-07T14:43:51","date_gmt":"2021-12-07T17:43:51","guid":{"rendered":"https:\/\/wp.ufpel.edu.br\/progep\/?page_id=19247"},"modified":"2025-07-09T13:55:16","modified_gmt":"2025-07-09T16:55:16","slug":"editais-de-redistribuicao","status":"publish","type":"page","link":"https:\/\/wp.ufpel.edu.br\/progep\/editais-de-redistribuicao\/","title":{"rendered":"Editais de Redistribui\u00e7\u00e3o"},"content":{"rendered":"<h2><strong>EDITAL 01\/2025<\/strong><\/h2>\n<p><a href=\"https:\/\/wp.ufpel.edu.br\/progep\/files\/2025\/02\/SEI_2956399_PROGEP_Edital_de_Redistribuicao_001_2025.pdf\">Edital de Redistribui\u00e7\u00e3o 01\/2025 &#8211; Direitos Especiais &#8211; Direito Ambiental &#8211; CIM<\/a><br \/>\n<a href=\"https:\/\/wp.ufpel.edu.br\/progep\/files\/2025\/03\/homologacao-redistribuicao.pdf\">Homologa\u00e7\u00e3o de inscri\u00e7\u00f5es &#8211; Data: 20\/03\/2025 &#8211; Retificado em 21\/03\/2025.<\/a><br \/>\n<a href=\"https:\/\/wp.ufpel.edu.br\/progep\/files\/2025\/04\/retificacao-redistribuicao.pdf\">Retifica\u00e7\u00e3o 01 &#8211; Edital de Redistribui\u00e7\u00e3o 01\/2025 &#8211; Altera datas<\/a><br \/>\n<a href=\"https:\/\/wp.ufpel.edu.br\/progep\/files\/2025\/04\/resultado-preliminar-01_2025.pdf\">Resultado preliminar &#8211; Data: 25\/04\/2025 &#8211; Hora: 23:00<\/a><br \/>\n<a href=\"https:\/\/wp.ufpel.edu.br\/progep\/files\/2025\/05\/resultado-reconsideracao.pdf\">Resultado pedido de reconsidera\u00e7\u00e3o &#8211; Data: 29\/05\/2025<\/a><br \/>\n<a href=\"https:\/\/wp.ufpel.edu.br\/progep\/files\/2025\/06\/situacao-recurso.pdf\">Recurso &#8211; situa\u00e7\u00e3o &#8211; Data: 30\/06\/2025<\/a><br \/>\n<a href=\"https:\/\/wp.ufpel.edu.br\/progep\/files\/2025\/07\/resultado-recurso.pdf\">Resultado Recurso &#8211; Data: 09\/07\/2025<\/a><\/p>\n<p><strong>EDITAL 05\/2023<\/strong><br \/>\n<a href=\"https:\/\/wp.ufpel.edu.br\/progep\/files\/2023\/07\/EDITAL-DE-REDISTRIBUICAO-No-5-DE-10-DE-JULHO-DE-2023-EDITAL-DE-REDISTRIBUICAO-No-5-DE-10-DE-JULHO-DE-2023-DOU-Imprensa-Nacional.pdf\">Edital de Redistribui\u00e7\u00e3o 05\/2023 &#8211; Rela\u00e7\u00f5es Internacionais, Bilaterais e Multilaterais<\/a><br \/>\n<a href=\"https:\/\/wp.ufpel.edu.br\/progep\/files\/2023\/08\/homologacao-edital-005-redistribuicao.pdf\">Homologa\u00e7\u00e3o de inscri\u00e7\u00f5es &#8211; Data: 30\/08\/2023<\/a><br \/>\n<a href=\"https:\/\/wp.ufpel.edu.br\/progep\/files\/2023\/09\/resultado-preliminar-05_2023.pdf\">Resultado preliminar &#8211; Data: 18\/09\/2023 &#8211; Hora: 17:50<\/a><br \/>\n<a href=\"https:\/\/wp.ufpel.edu.br\/progep\/files\/2023\/10\/resultado-final-05_2023.pdf\">Resultado final &#8211; Data: 28\/09\/2023<\/a><\/p>\n<p><strong>EDITAL 04\/2023<br \/>\n<\/strong><a href=\"https:\/\/wp.ufpel.edu.br\/progep\/files\/2023\/06\/Edital-de-Redistribuicao-04_2023.pdf\">Edital de Redistribui\u00e7\u00e3o 04\/2023 &#8211; Neg\u00f3cios Internacionais<\/a><br \/>\n<a href=\"https:\/\/wp.ufpel.edu.br\/progep\/files\/2023\/06\/retificacao-edital-4_2023.pdf\">Retifica\u00e7\u00e3o Edital 04\/2023 &#8211; sobre os documentos a serem enviados<\/a><br \/>\n<a href=\"https:\/\/wp.ufpel.edu.br\/progep\/files\/2023\/06\/ret.-edital-red.-004_2023.pdf\">Retifica\u00e7\u00e3o 02 Edital 04\/2023 &#8211; sobre o modo de envio dos documentos<\/a><br \/>\n<a href=\"https:\/\/wp.ufpel.edu.br\/progep\/files\/2023\/07\/homologacao-edital-004-redistribuicao.pdf\">Homologa\u00e7\u00e3o de inscri\u00e7\u00f5es &#8211; Data: 07\/07\/2023<\/a><br \/>\n<a href=\"https:\/\/wp.ufpel.edu.br\/progep\/files\/2023\/07\/Retificacao-03_04_2023.pdf\">Retifica\u00e7\u00e3o 03 Edital 04\/2023 &#8211; sobre o cronograma<\/a><br \/>\n<a href=\"https:\/\/wp.ufpel.edu.br\/progep\/files\/2023\/07\/resultado-preliminar-04_2023.pdf\">Resultado preliminar &#8211; Data: 18\/07\/2023 &#8211; Hora: 17:30<\/a><br \/>\n<a href=\"https:\/\/wp.ufpel.edu.br\/progep\/files\/2023\/08\/resultado-redist.-004-CCSO.pdf\">Homologa\u00e7\u00e3o do Resultado Final Edital 04\/2023<\/a><\/p>\n<p><strong>EDITAL 03\/2023<br \/>\n<\/strong><a href=\"https:\/\/wp.ufpel.edu.br\/progep\/files\/2023\/06\/Edital-de-Redistribuicao-03_2023.pdf\">Edital de Redistribui\u00e7\u00e3o 03\/2023 &#8211; Mercadologia<\/a><br \/>\n<a href=\"https:\/\/wp.ufpel.edu.br\/progep\/files\/2023\/06\/retificacao-edital-3_2023.pdf\">Retifica\u00e7\u00e3o Edital 03\/2023 &#8211; sobre os documentos a serem enviados<\/a><br \/>\n<a href=\"https:\/\/wp.ufpel.edu.br\/progep\/files\/2023\/06\/ret.-edital-red.-003_2023.pdf\">Retifica\u00e7\u00e3o 02 Edital 03\/2023 &#8211; sobre o modo de envio dos documentos<\/a><br \/>\n<a href=\"https:\/\/wp.ufpel.edu.br\/progep\/files\/2023\/07\/homologacao-edital-003-redistribuicao.pdf\">Homologa\u00e7\u00e3o de inscri\u00e7\u00f5es &#8211; Data: 07\/07\/2023<\/a><br \/>\n<a href=\"https:\/\/wp.ufpel.edu.br\/progep\/files\/2023\/07\/Retificacao-03_03_2023.pdf\">Retifica\u00e7\u00e3o 03 Edital 03\/2023 &#8211; sobre o cronograma<\/a><br \/>\n<a href=\"https:\/\/wp.ufpel.edu.br\/progep\/files\/2023\/07\/resultado-preliminar-03_2023.pdf\">Resultado preliminar &#8211; Data: 18\/07\/2023 &#8211; Hora: 17:30<\/a><br \/>\n<a href=\"https:\/\/wp.ufpel.edu.br\/progep\/files\/2023\/08\/resultado-redist.-003-CCSO.pdf\">Homologa\u00e7\u00e3o do Resultado Final Edital 03\/2023<\/a><\/p>\n<p><strong>EDITAL 02\/2023<br \/>\n<\/strong><a href=\"https:\/\/wp.ufpel.edu.br\/progep\/files\/2023\/06\/Edital-de-Redistribuicao-02_2023.pdf\">Edital de Redistribui\u00e7\u00e3o 02\/2023 &#8211; Administra\u00e7\u00e3o de Empresas<\/a><br \/>\n<a href=\"https:\/\/wp.ufpel.edu.br\/progep\/files\/2023\/06\/retificacao-edital-2_2023.pdf\">Retifica\u00e7\u00e3o Edital 02\/2023 &#8211; sobre os documentos a serem enviados<\/a><br \/>\n<a href=\"https:\/\/wp.ufpel.edu.br\/progep\/files\/2023\/06\/ret.-edital-red.-002_2023.pdf\">Retifica\u00e7\u00e3o 02 Edital 02\/2023 &#8211; sobre o modo de envio dos documentos<\/a><br \/>\n<a href=\"https:\/\/wp.ufpel.edu.br\/progep\/files\/2023\/07\/homologacao-edital-002-redistribuicao.pdf\">Homologa\u00e7\u00e3o de inscri\u00e7\u00f5es &#8211; Data: 07\/07\/2023<\/a><br \/>\n<a href=\"https:\/\/wp.ufpel.edu.br\/progep\/files\/2023\/07\/Retificacao-03_02_2023.pdf\">Retifica\u00e7\u00e3o 03 Edital 02\/2023 &#8211; sobre o cronograma<\/a><br \/>\n<a href=\"https:\/\/wp.ufpel.edu.br\/progep\/files\/2023\/07\/resultado-preliminar-02_2023.pdf\">Resultado preliminar &#8211; Data: 18\/07\/2023 &#8211; Hora: 17:30<\/a><br \/>\n<a href=\"https:\/\/wp.ufpel.edu.br\/progep\/files\/2023\/08\/resultado-002resdit.-CCSO-1.pdf\">Homologa\u00e7\u00e3o do Resultado Final Edital 02\/2023<\/a><\/p>\n<p><strong>EDITAL 01\/2023<br \/>\n<\/strong><a href=\"https:\/\/wp.ufpel.edu.br\/progep\/files\/2023\/06\/Edital-de-Redistribuicao-01_2023.pdf\">Edital de Redistribui\u00e7\u00e3o 01\/2023 &#8211; Neg\u00f3cios Internacionais<\/a><br \/>\n<a href=\"https:\/\/wp.ufpel.edu.br\/progep\/files\/2023\/06\/retificacao-edital-1_2023.pdf\">Retifica\u00e7\u00e3o Edital 01\/2023 &#8211; sobre os documentos a serem enviados<\/a><br \/>\n<a href=\"https:\/\/wp.ufpel.edu.br\/progep\/files\/2023\/06\/ret.-edital-red.-001_2023.pdf\">Retifica\u00e7\u00e3o 02 Edital 01\/2023 &#8211; sobre o modo de envio dos documentos<\/a><br \/>\n<a href=\"https:\/\/wp.ufpel.edu.br\/progep\/files\/2023\/07\/homologacao-edital-001-redistribuicao.pdf\">Homologa\u00e7\u00e3o de inscri\u00e7\u00f5es &#8211; Data: 07\/07\/2023<\/a><br \/>\n<a href=\"https:\/\/wp.ufpel.edu.br\/progep\/files\/2023\/07\/Retificacao-03_01_2023.pdf\">Retifica\u00e7\u00e3o 03 Edital 01\/2023 &#8211; sobre o cronograma<\/a><br \/>\n<a href=\"https:\/\/wp.ufpel.edu.br\/progep\/files\/2023\/07\/resultado-preliminar-01_2023.pdf\">Resultado preliminar &#8211; Data: 18\/07\/2023 &#8211; Hora: 17:30<\/a><br \/>\n<a href=\"https:\/\/wp.ufpel.edu.br\/progep\/files\/2023\/08\/resultado-redist.-001-CCSO-1.pdf\">Homologa\u00e7\u00e3o do Resultado Final Edital 01\/2023<\/a><\/p>\n<p><strong>EDITAL 03\/2022<\/strong><\/p>\n<p><a href=\"https:\/\/wp.ufpel.edu.br\/progep\/files\/2022\/03\/Edital-Redistribuicao-03-2022-FAEM.pdf\">Edital Redistribui\u00e7\u00e3o 03-2022 FAEM<\/a><br \/>\n<a href=\"https:\/\/wp.ufpel.edu.br\/progep\/files\/2022\/04\/Retificacao-Edital-3-2022.pdf\">Retifica\u00e7\u00e3o Edital 3-2022<\/a><br \/>\nAdiamento do Resultado:\u00a0 <a href=\"https:\/\/wp.ufpel.edu.br\/faem\/2022\/04\/28\/adiamento-do-prazo-de-divulgacao-do-resultado-do-edital-de-redistribuicao-3-2022\/\">https:\/\/wp.ufpel.edu.br\/faem\/2022\/04\/28\/adiamento-do-prazo-de-divulgacao-do-resultado-do-edital-de-redistribuicao-3-2022\/<\/a><br \/>\n<span style=\"text-decoration: underline\">Divulga\u00e7\u00e3o do Resultado Edital 03\/2022<\/span>&#8211; Parecer Comiss\u00e3o FAEM:\u00a0<a href=\"https:\/\/wp.ufpel.edu.br\/faem\/files\/2022\/05\/parecer-comissao.pdf\">https:\/\/wp.ufpel.edu.br\/faem\/files\/2022\/05\/parecer-comissao.pdf<\/a><br \/>\n<a href=\"https:\/\/wp.ufpel.edu.br\/progep\/files\/2022\/05\/Parecer-COCEPE-1.pdf\">Parecer COCEPE<\/a><\/p>\n<p><strong>EDITAL 02\/2021<\/strong><\/p>\n<p><a href=\"https:\/\/wp.ufpel.edu.br\/progep\/files\/2021\/12\/SEI_UFPel-1544180-Edital.pdf\">Edital 02\/2021 (CCQFA) &#8211; \u00c1rea: Bioqu\u00edmica &#8211; Inscri\u00e7\u00f5es: 05\/01\/2022 a 18\/01\/2022<\/a><br \/>\n<a href=\"https:\/\/wp.ufpel.edu.br\/progep\/files\/2022\/03\/Retificacao-Edital-2.pdf\">Retifica\u00e7\u00e3o Cronograma\u00a0<\/a><br \/>\nRetifica\u00e7\u00e3o do Edital: <a href=\"https:\/\/wp.ufpel.edu.br\/ccqfa\/2022\/02\/25\/retificacao-de-edital-de-redistribuicao-para-vaga-de-docente-na-area-de-bioquimica\/\">https:\/\/wp.ufpel.edu.br\/ccqfa\/2022\/02\/25\/retificacao-de-edital-de-redistribuicao-para-vaga-de-docente-na-area-de-bioquimica\/<\/a><\/p>\n<p><strong>EDITAL 01\/2021<\/strong><\/p>\n<p><a href=\"https:\/\/wp.ufpel.edu.br\/progep\/files\/2021\/12\/SEI_UFPel-1527938-Edital.pdf\">Edital 01\/2021 (CLC) &#8211; \u00c1rea: Lingu\u00edstica e Ensino (com \u00eanfase em produ\u00e7\u00e3o textual) &#8211; Inscri\u00e7\u00f5es: 06\/12\/2021 a 23\/12\/2021<\/a><\/p>\n<div id=\"v1signature\"><\/div>\n","protected":false},"excerpt":{"rendered":"<p>EDITAL 01\/2025 Edital de Redistribui\u00e7\u00e3o 01\/2025 &#8211; Direitos Especiais &#8211; Direito Ambiental &#8211; CIM Homologa\u00e7\u00e3o de inscri\u00e7\u00f5es &#8211; Data: 20\/03\/2025 &#8211; Retificado em 21\/03\/2025. Retifica\u00e7\u00e3o 01 &#8211; Edital de Redistribui\u00e7\u00e3o 01\/2025 &#8211; Altera datas Resultado preliminar &#8211; Data: 25\/04\/2025 &#8211; Hora: 23:00 Resultado pedido de reconsidera\u00e7\u00e3o &#8211; Data: 29\/05\/2025 Recurso &#8211; situa\u00e7\u00e3o &#8211; Data: 30\/06\/2025 [&hellip;]<\/p>\n","protected":false},"author":52,"featured_media":0,"parent":0,"menu_order":0,"comment_status":"closed","ping_status":"closed","template":"","meta":{"footnotes":""},"class_list":["post-19247","page","type-page","status-publish","hentry"],"_links":{"self":[{"href":"https:\/\/wp.ufpel.edu.br\/progep\/wp-json\/wp\/v2\/pages\/19247","targetHints":{"allow":["GET"]}}],"collection":[{"href":"https:\/\/wp.ufpel.edu.br\/progep\/wp-json\/wp\/v2\/pages"}],"about":[{"href":"https:\/\/wp.ufpel.edu.br\/progep\/wp-json\/wp\/v2\/types\/page"}],"author":[{"embeddable":true,"href":"https:\/\/wp.ufpel.edu.br\/progep\/wp-json\/wp\/v2\/users\/52"}],"replies":[{"embeddable":true,"href":"https:\/\/wp.ufpel.edu.br\/progep\/wp-json\/wp\/v2\/comments?post=19247"}],"version-history":[{"count":38,"href":"https:\/\/wp.ufpel.edu.br\/progep\/wp-json\/wp\/v2\/pages\/19247\/revisions"}],"predecessor-version":[{"id":34922,"href":"https:\/\/wp.ufpel.edu.br\/progep\/wp-json\/wp\/v2\/pages\/19247\/revisions\/34922"}],"wp:attachment":[{"href":"https:\/\/wp.ufpel.edu.br\/progep\/wp-json\/wp\/v2\/media?parent=19247"}],"curies":[{"name":"wp","href":"https:\/\/api.w.org\/{rel}","templated":true}]}}