{"id":19231,"date":"2021-12-03T17:54:46","date_gmt":"2021-12-03T20:54:46","guid":{"rendered":"https:\/\/wp.ufpel.edu.br\/progep\/?page_id=19231"},"modified":"2025-08-22T17:53:21","modified_gmt":"2025-08-22T20:53:21","slug":"nomeacoes-edital-12-2020","status":"publish","type":"page","link":"https:\/\/wp.ufpel.edu.br\/progep\/nomeacoes-edital-12-2020\/","title":{"rendered":"Nomea\u00e7\u00f5es &#8211; Edital 12\/2020"},"content":{"rendered":"\n<div class=\"wp-block-group\"><div class=\"wp-block-group__inner-container is-layout-constrained wp-block-group-is-layout-constrained\">\n<div class=\"logoTituloModelStyle\"><img class=\"size-medium wp-image-27184 alignleft\" src=\"https:\/\/wp.ufpel.edu.br\/progep\/files\/2025\/03\/logo-progep_atualizacao-nome_AZUL.png\" alt=\"\" \/><\/p>\n<div style=\"padding: 2rem 0\"><strong>Nomea\u00e7\u00f5es &#8211; Edital 12\/2020<\/strong><\/div>\n<\/div>\n<hr class=\"hrModelStyle\" \/>\n<div class=\"descriptionModelStyle\">Acompanhe nesta p\u00e1gina a publica\u00e7\u00e3o dos\/as nomeados\/as para servidores\/as docentes na UFPEL.<\/div>\n<\/div><\/div>\n\n\n<div class=\"pagNomeacoesStyle\">\n<p> Confira a p\u00e1gina com as informa\u00e7\u00f5es a respeito do certame: <\/p>\n<p><a href=\"https:\/\/ces.ufpel.edu.br\/conctecadmed0012_2020\/\" target=\"_blank\">Certame do Edital 12\/2020<\/a><\/p>\n<div class=\"titleStyle\"><strong>Ampla Concorr\u00eancia<\/strong><\/div> \n\n<table id=\"tablepress-154\" class=\"tablepress tablepress-id-154\">\n<thead>\n<tr class=\"row-1\">\n\t<th class=\"column-1\">Unidade\/\u00c1rea\/Processo<\/th><th class=\"column-2\">Classif.<\/th><th class=\"column-3\">Aprovados<\/th><th class=\"column-4\">Situa\u00e7\u00e3o<\/th>\n<\/tr>\n<\/thead>\n<tbody class=\"row-striping row-hover\">\n<tr class=\"row-2\">\n\t<td class=\"column-1\"><strong>Centro de Ci\u00eancias S\u00f3cio-Organizacionais \u2013 CCSO<\/strong><br \/>\nPol\u00edtica e Planejamento Governamentais<br \/>\nProc. 23110.009670\/2020-00<\/td><td class=\"column-2\">1\u00ba<\/td><td class=\"column-3\">MARI CRISTINA DE FREITAS FAGUNDES<\/td><td class=\"column-4\">Nomeada em 20\/12\/2021<\/td>\n<\/tr>\n<tr class=\"row-3\">\n\t<td class=\"column-1\"><\/td><td class=\"column-2\">2\u00ba<\/td><td class=\"column-3\">MAITE DE SIQUEIRA BRAHM<\/td><td class=\"column-4\">Nomeada em 12\/09\/2022<\/td>\n<\/tr>\n<tr class=\"row-4\">\n\t<td class=\"column-1\"><strong>Escola Superior de Educa\u00e7\u00e3o F\u00edsica \u2013 ESEF<\/strong><br \/>\nTraumato-Ortop\u00e9dica e Recursos Termo-EletroFototer\u00e1picos<br \/>\nProc. 23110.013426\/2020-33<\/td><td class=\"column-2\">1\u00ba<\/td><td class=\"column-3\">LISIANE PIAZZA LUZA<\/td><td class=\"column-4\">Nomeada em 20\/12\/2021<\/td>\n<\/tr>\n<tr class=\"row-5\">\n\t<td class=\"column-1\"><\/td><td class=\"column-2\">2\u00ba<\/td><td class=\"column-3\">FRANCISCO XAVIER DE ARAUJO<\/td><td class=\"column-4\">Nomeado em 29\/12\/2022<\/td>\n<\/tr>\n<tr class=\"row-6\">\n\t<td class=\"column-1\"><\/td><td class=\"column-2\">3\u00ba<\/td><td class=\"column-3\">EMMANUEL SOUZA DA ROCHA<\/td><td class=\"column-4\"><\/td>\n<\/tr>\n<tr class=\"row-7\">\n\t<td class=\"column-1\"><\/td><td class=\"column-2\">4\u00ba<\/td><td class=\"column-3\">MARCELO BAPTISTA DOHNERT<\/td><td class=\"column-4\"><\/td>\n<\/tr>\n<tr class=\"row-8\">\n\t<td class=\"column-1\"><\/td><td class=\"column-2\">5\u00ba<\/td><td class=\"column-3\">JARBAS MELO FILHO<\/td><td class=\"column-4\"><\/td>\n<\/tr>\n<tr class=\"row-9\">\n\t<td class=\"column-1\"><strong>Escola Superior de Educa\u00e7\u00e3o F\u00edsica \u2013 ESEF<\/strong><br \/>\nFisioterapia Neurofuncional e Manejo do Paciente<br \/>\nProc. 23110.013451\/2020-17<\/td><td class=\"column-2\">1\u00ba<\/td><td class=\"column-3\">NUBIA BROETTO CUNHA<\/td><td class=\"column-4\">Nomeada em 20\/12\/2021<\/td>\n<\/tr>\n<tr class=\"row-10\">\n\t<td class=\"column-1\"><\/td><td class=\"column-2\">2\u00ba<\/td><td class=\"column-3\">ANDRE LUIS FERREIRA DE MEIRELES<\/td><td class=\"column-4\"><\/td>\n<\/tr>\n<tr class=\"row-11\">\n\t<td class=\"column-1\"><\/td><td class=\"column-2\">3\u00ba<\/td><td class=\"column-3\">PEDRO PORTO ALEGRE BAPTISTA<\/td><td class=\"column-4\"><\/td>\n<\/tr>\n<tr class=\"row-12\">\n\t<td class=\"column-1\"><\/td><td class=\"column-2\">4\u00ba<\/td><td class=\"column-3\">ELISA LETTNIN KAMINSKI<\/td><td class=\"column-4\"><\/td>\n<\/tr>\n<tr class=\"row-13\">\n\t<td class=\"column-1\"><strong>Escola Superior de Educa\u00e7\u00e3o F\u00edsica \u2013 ESEF<\/strong><br \/>\nSUS e Preven\u00e7\u00e3o em Fisioterapia<br \/>\nProc. 23110.013452\/2020-61<\/td><td class=\"column-2\">1\u00ba<\/td><td class=\"column-3\">MAIRA JUNKES CUNHA<\/td><td class=\"column-4\">Nomeada em 30\/12\/2021<\/td>\n<\/tr>\n<tr class=\"row-14\">\n\t<td class=\"column-1\"><\/td><td class=\"column-2\">2\u00ba<\/td><td class=\"column-3\">JERONIMO COSTA BRANCO<\/td><td class=\"column-4\"><\/td>\n<\/tr>\n<tr class=\"row-15\">\n\t<td class=\"column-1\"><\/td><td class=\"column-2\">3\u00ba<\/td><td class=\"column-3\">MARIA TERESA BICCA DODE<\/td><td class=\"column-4\"><\/td>\n<\/tr>\n<tr class=\"row-16\">\n\t<td class=\"column-1\"><\/td><td class=\"column-2\">4\u00ba<\/td><td class=\"column-3\">PAULA DUARTE DE OLIVEIRA<\/td><td class=\"column-4\"><\/td>\n<\/tr>\n<tr class=\"row-17\">\n\t<td class=\"column-1\"><\/td><td class=\"column-2\">5\u00ba<\/td><td class=\"column-3\">ELIZABET SAES DA SILVA<\/td><td class=\"column-4\"><\/td>\n<\/tr>\n<tr class=\"row-18\">\n\t<td class=\"column-1\"><strong>Faculdade de Agronomia Eliseu Maciel \u2013 FAEM<\/strong><br \/>\nPlantas de Lavouras<br \/>\nProc. 23110.051819\/2019-10<\/td><td class=\"column-2\">1\u00ba<\/td><td class=\"column-3\">ANDREIA DA SILVA ALMEIDA<\/td><td class=\"column-4\">Nomeada em 10\/12\/2021<\/td>\n<\/tr>\n<tr class=\"row-19\">\n\t<td class=\"column-1\"><\/td><td class=\"column-2\">2\u00ba<\/td><td class=\"column-3\">ANDERSON CESAR RAMOS MARQUES<\/td><td class=\"column-4\"><\/td>\n<\/tr>\n<tr class=\"row-20\">\n\t<td class=\"column-1\"><\/td><td class=\"column-2\">3\u00ba<\/td><td class=\"column-3\">RENAN RICARDO ZANDONA<\/td><td class=\"column-4\"><\/td>\n<\/tr>\n<tr class=\"row-21\">\n\t<td class=\"column-1\"><\/td><td class=\"column-2\">4\u00ba<\/td><td class=\"column-3\">EDUARDO VENSKE<\/td><td class=\"column-4\"><\/td>\n<\/tr>\n<tr class=\"row-22\">\n\t<td class=\"column-1\"><\/td><td class=\"column-2\">5\u00ba<\/td><td class=\"column-3\">BRUNO TORIBIO DE LIMA XAVIER<\/td><td class=\"column-4\"><\/td>\n<\/tr>\n<tr class=\"row-23\">\n\t<td class=\"column-1\"><strong>Faculdade de Educa\u00e7\u00e3o \u2013 FaE<\/strong><br \/>\nEduca\u00e7\u00e3o Infantil<br \/>\nProc. 23110.014023\/2020-10<\/td><td class=\"column-2\">1\u00ba<\/td><td class=\"column-3\">MARCELO OLIVEIRA DA SILVA<\/td><td class=\"column-4\">Nomeado em 10\/12\/2021<\/td>\n<\/tr>\n<tr class=\"row-24\">\n\t<td class=\"column-1\"><\/td><td class=\"column-2\">2\u00ba<\/td><td class=\"column-3\">JULIANA DINIZ GUTIERRES BORGES<\/td><td class=\"column-4\"><\/td>\n<\/tr>\n<tr class=\"row-25\">\n\t<td class=\"column-1\"><strong>Faculdade de Enfermagem \u2013 FE<\/strong><br \/>\nEnfermagem M\u00e9dico-Cir\u00fargica<br \/>\nProc. 23110.011661\/2020-71<\/td><td class=\"column-2\">1\u00ba<\/td><td class=\"column-3\">ROSIANE FILIPIN RANGEL<\/td><td class=\"column-4\">Nomeada em 30\/12\/2021<\/td>\n<\/tr>\n<tr class=\"row-26\">\n\t<td class=\"column-1\"><\/td><td class=\"column-2\">2\u00ba<\/td><td class=\"column-3\">CAROLINA CARBONELL DEMORI<\/td><td class=\"column-4\"><\/td>\n<\/tr>\n<tr class=\"row-27\">\n\t<td class=\"column-1\"><\/td><td class=\"column-2\">3\u00ba<\/td><td class=\"column-3\">OCLARIS LOPES MUNHOZ<\/td><td class=\"column-4\"><\/td>\n<\/tr>\n<tr class=\"row-28\">\n\t<td class=\"column-1\"><\/td><td class=\"column-2\">4\u00ba<\/td><td class=\"column-3\">SILOMAR ILHA<\/td><td class=\"column-4\"><\/td>\n<\/tr>\n<tr class=\"row-29\">\n\t<td class=\"column-1\"><strong>Faculdade de Medicina \u2013 FAMED<\/strong><br \/>\nGinecologia Geral<br \/>\nProc. 23110.024132\/2018-12<\/td><td class=\"column-2\">1\u00ba<\/td><td class=\"column-3\">NATHALIA DO NASCIMENTO VONTOBEL<\/td><td class=\"column-4\">Nomeada em 10\/12\/2021<\/td>\n<\/tr>\n<tr class=\"row-30\">\n\t<td class=\"column-1\"><strong>Faculdade de Nutri\u00e7\u00e3o \u2013 FN<\/strong><br \/>\nNutri\u00e7\u00e3o e Alimenta\u00e7\u00e3o Coletiva<br \/>\nProc. 23110.013220\/2020-11<\/td><td class=\"column-2\">1\u00ba<\/td><td class=\"column-3\">MARIANA GIARETTA MATHIAS<\/td><td class=\"column-4\">Nomeada em 10\/12\/2021<\/td>\n<\/tr>\n<tr class=\"row-31\">\n\t<td class=\"column-1\"><\/td><td class=\"column-2\">2\u00ba<\/td><td class=\"column-3\">CHIRLE DE OLIVEIRA RAPHAELLI<\/td><td class=\"column-4\"><\/td>\n<\/tr>\n<tr class=\"row-32\">\n\t<td class=\"column-1\"><\/td><td class=\"column-2\">3\u00ba<\/td><td class=\"column-3\">MARITIELE NAISSINGER DA SILVA<\/td><td class=\"column-4\"><\/td>\n<\/tr>\n<tr class=\"row-33\">\n\t<td class=\"column-1\"><\/td><td class=\"column-2\">4\u00ba<\/td><td class=\"column-3\">SHANDA DE FREITAS COUTO<\/td><td class=\"column-4\"><\/td>\n<\/tr>\n<tr class=\"row-34\">\n\t<td class=\"column-1\"><\/td><td class=\"column-2\">5\u00ba<\/td><td class=\"column-3\">TIFFANY PROKOPP HAUTRIVE<\/td><td class=\"column-4\"><\/td>\n<\/tr>\n<tr class=\"row-35\">\n\t<td class=\"column-1\"><strong>Faculdade de Odontologia<\/strong><br \/>\nPeriodontia<br \/>\nProc. 23110.013699\/2020-88<\/td><td class=\"column-2\">1\u00ba<\/td><td class=\"column-3\">CAMILA SILVEIRA SFREDDO<\/td><td class=\"column-4\">Nomeada em 10\/12\/2021<\/td>\n<\/tr>\n<tr class=\"row-36\">\n\t<td class=\"column-1\"><\/td><td class=\"column-2\">2\u00ba<\/td><td class=\"column-3\">CAROLINE FERNANDES E SILVA<\/td><td class=\"column-4\"><\/td>\n<\/tr>\n<tr class=\"row-37\">\n\t<td class=\"column-1\"><\/td><td class=\"column-2\">3\u00ba<\/td><td class=\"column-3\">ROBERTO PEREIRA PIMENTEL<\/td><td class=\"column-4\"><\/td>\n<\/tr>\n<tr class=\"row-38\">\n\t<td class=\"column-1\"><strong>Instituto de Biologia \u2013 IB<\/strong><br \/>\nGen\u00e9tica<br \/>\nProc. 23110.013796\/2020-71<\/td><td class=\"column-2\">1\u00ba<\/td><td class=\"column-3\">RAFAEL KRETSCHMER<\/td><td class=\"column-4\">Nomeado em 10\/12\/2021<\/td>\n<\/tr>\n<tr class=\"row-39\">\n\t<td class=\"column-1\"><\/td><td class=\"column-2\">2\u00ba<\/td><td class=\"column-3\">RODOLPHO DOS SANTOS TELLES DE MENEZES<\/td><td class=\"column-4\"><\/td>\n<\/tr>\n<\/tbody>\n<\/table>\n<!-- #tablepress-154 from cache -->\n<div class=\"titleStyle\"><strong>Cotas Raciais<\/strong><\/div>\n\n<table id=\"tablepress-155\" class=\"tablepress tablepress-id-155\">\n<thead>\n<tr class=\"row-1\">\n\t<th class=\"column-1\">Unidade\/\u00c1rea\/Processo<\/th><th class=\"column-2\">Classif.<\/th><th class=\"column-3\">Aprovados<\/th><th class=\"column-4\">Situa\u00e7\u00e3o<\/th>\n<\/tr>\n<\/thead>\n<tbody class=\"row-striping row-hover\">\n<tr class=\"row-2\">\n\t<td class=\"column-1\"><strong>Faculdade de Enfermagem \u2013 FE <\/strong><br \/>\nEnfermagem M\u00e9dico-Cir\u00fargica<br \/>\nProc. 23110.011661\/2020-71<\/td><td class=\"column-2\">1\u00ba<\/td><td class=\"column-3\">ANA PAULA MOUSINHO TAVARES<\/td><td class=\"column-4\">Nomeada em 20\/12\/2021<\/td>\n<\/tr>\n<\/tbody>\n<\/table>\n<!-- #tablepress-155 from cache -->\n<\/div>\n\n\n","protected":false},"excerpt":{"rendered":"<p>Nomea\u00e7\u00f5es &#8211; Edital 12\/2020 Acompanhe nesta p\u00e1gina a publica\u00e7\u00e3o dos\/as nomeados\/as para servidores\/as docentes na UFPEL. Confira a p\u00e1gina com as informa\u00e7\u00f5es a respeito do certame: Certame do Edital 12\/2020 Ampla Concorr\u00eancia Cotas Raciais<\/p>\n","protected":false},"author":52,"featured_media":0,"parent":0,"menu_order":0,"comment_status":"closed","ping_status":"closed","template":"","meta":{"footnotes":""},"class_list":["post-19231","page","type-page","status-publish","hentry"],"_links":{"self":[{"href":"https:\/\/wp.ufpel.edu.br\/progep\/wp-json\/wp\/v2\/pages\/19231","targetHints":{"allow":["GET"]}}],"collection":[{"href":"https:\/\/wp.ufpel.edu.br\/progep\/wp-json\/wp\/v2\/pages"}],"about":[{"href":"https:\/\/wp.ufpel.edu.br\/progep\/wp-json\/wp\/v2\/types\/page"}],"author":[{"embeddable":true,"href":"https:\/\/wp.ufpel.edu.br\/progep\/wp-json\/wp\/v2\/users\/52"}],"replies":[{"embeddable":true,"href":"https:\/\/wp.ufpel.edu.br\/progep\/wp-json\/wp\/v2\/comments?post=19231"}],"version-history":[{"count":3,"href":"https:\/\/wp.ufpel.edu.br\/progep\/wp-json\/wp\/v2\/pages\/19231\/revisions"}],"predecessor-version":[{"id":36189,"href":"https:\/\/wp.ufpel.edu.br\/progep\/wp-json\/wp\/v2\/pages\/19231\/revisions\/36189"}],"wp:attachment":[{"href":"https:\/\/wp.ufpel.edu.br\/progep\/wp-json\/wp\/v2\/media?parent=19231"}],"curies":[{"name":"wp","href":"https:\/\/api.w.org\/{rel}","templated":true}]}}