{"id":19159,"date":"2021-11-26T09:42:20","date_gmt":"2021-11-26T12:42:20","guid":{"rendered":"https:\/\/wp.ufpel.edu.br\/progep\/?page_id=19159"},"modified":"2025-06-30T14:19:36","modified_gmt":"2025-06-30T17:19:36","slug":"capacita-na-web-nocoes-e-dicas-de-edicao-de-video","status":"publish","type":"page","link":"https:\/\/wp.ufpel.edu.br\/progep\/capacita-na-web-nocoes-e-dicas-de-edicao-de-video\/","title":{"rendered":"Capacita\u00e7\u00e3o: Capacita na web: No\u00e7\u00f5es e dicas de edi\u00e7\u00e3o de v\u00eddeo"},"content":{"rendered":"<p><strong>Facilitador:\u00a0<\/strong>Lucas Mello Ness (T\u00e9cnico em Audiovisual do N\u00facleo de Comunica\u00e7\u00e3o Institucional da UFPEL)<\/p>\n<p><strong>Data:<\/strong> 15\/12\/2021 (quarta-feira)<\/p>\n<p><strong>Hora:\u00a0<\/strong>das 14h \u00e0s 17h<\/p>\n<p><strong>Realiza\u00e7\u00e3o:<\/strong>\u00a0plataforma Webconf da UFPel (na modalidade\u00a0<em>on-line)<\/em><\/p>\n<p><strong>Ementa: <\/strong>No\u00e7\u00f5es gerais e b\u00e1sicas sobre edi\u00e7\u00e3o de v\u00eddeos<\/p>\n<p><strong>P\u00fablico Alvo<\/strong>: Servidores docentes e TAE\u2019s ativos*<\/p>\n<p><strong>N\u00famero de vagas:<\/strong> 30 (limitadas por ordem de inscri\u00e7\u00e3o)<\/p>\n<p><strong>Per\u00edodo de inscri\u00e7\u00e3o<\/strong>: 26\/11 a 10\/12\/2021 <span style=\"color: #ff0000\">(Inscri\u00e7\u00f5es encerradas antecipadamente, tendo em vista que o limite de vagas j\u00e1 foi atingido)<\/span><\/p>\n<p><strong>Divulga\u00e7\u00e3o das inscri\u00e7\u00f5es homologadas<\/strong>: 13\/12**, nesta p\u00e1gina.<\/p>\n<p>*Considerando a Pol\u00edtica Nacional de Desenvolvimento de Pessoas, conforme Decreto n\u00ba 9.991\/19, somente ser\u00e3o certificados os servidores p\u00fablicos pertencentes ao Quadro Efetivo da UFPel.<\/p>\n<p>**Quando homologadas as inscri\u00e7\u00f5es, os selecionados receber\u00e3o e-mail com instru\u00e7\u00f5es de acesso \u00e0 sala de Webconf da UFPel.<\/p>\n<p><span style=\"color: #ff6600\"><a style=\"color: #ff6600\" href=\"https:\/\/wp.ufpel.edu.br\/progep\/files\/2021\/12\/Homologados-RODA-Nocoes-basicas-edicacao.pdf\">INSCRI\u00c7\u00d5ES HOMOLOGADAS<\/a>:<\/span><\/p>\n","protected":false},"excerpt":{"rendered":"<p>Facilitador:\u00a0Lucas Mello Ness (T\u00e9cnico em Audiovisual do N\u00facleo de Comunica\u00e7\u00e3o Institucional da UFPEL) Data: 15\/12\/2021 (quarta-feira) Hora:\u00a0das 14h \u00e0s 17h Realiza\u00e7\u00e3o:\u00a0plataforma Webconf da UFPel (na modalidade\u00a0on-line) Ementa: No\u00e7\u00f5es gerais e b\u00e1sicas sobre edi\u00e7\u00e3o de v\u00eddeos P\u00fablico Alvo: Servidores docentes e TAE\u2019s ativos* N\u00famero de vagas: 30 (limitadas por ordem de inscri\u00e7\u00e3o) Per\u00edodo de inscri\u00e7\u00e3o: 26\/11 [&hellip;]<\/p>\n","protected":false},"author":21,"featured_media":0,"parent":0,"menu_order":0,"comment_status":"closed","ping_status":"closed","template":"","meta":{"footnotes":""},"class_list":["post-19159","page","type-page","status-publish","hentry"],"_links":{"self":[{"href":"https:\/\/wp.ufpel.edu.br\/progep\/wp-json\/wp\/v2\/pages\/19159","targetHints":{"allow":["GET"]}}],"collection":[{"href":"https:\/\/wp.ufpel.edu.br\/progep\/wp-json\/wp\/v2\/pages"}],"about":[{"href":"https:\/\/wp.ufpel.edu.br\/progep\/wp-json\/wp\/v2\/types\/page"}],"author":[{"embeddable":true,"href":"https:\/\/wp.ufpel.edu.br\/progep\/wp-json\/wp\/v2\/users\/21"}],"replies":[{"embeddable":true,"href":"https:\/\/wp.ufpel.edu.br\/progep\/wp-json\/wp\/v2\/comments?post=19159"}],"version-history":[{"count":10,"href":"https:\/\/wp.ufpel.edu.br\/progep\/wp-json\/wp\/v2\/pages\/19159\/revisions"}],"predecessor-version":[{"id":33998,"href":"https:\/\/wp.ufpel.edu.br\/progep\/wp-json\/wp\/v2\/pages\/19159\/revisions\/33998"}],"wp:attachment":[{"href":"https:\/\/wp.ufpel.edu.br\/progep\/wp-json\/wp\/v2\/media?parent=19159"}],"curies":[{"name":"wp","href":"https:\/\/api.w.org\/{rel}","templated":true}]}}