{"id":19158,"date":"2021-11-26T09:30:59","date_gmt":"2021-11-26T12:30:59","guid":{"rendered":"https:\/\/wp.ufpel.edu.br\/progep\/?page_id=19158"},"modified":"2025-06-30T14:19:32","modified_gmt":"2025-06-30T17:19:32","slug":"capacita-na-web-uma-discussao-sobre-as-competencias-da-inteligencia-emocional-e-sua-relacao-com-a-atuacao-gerencial","status":"publish","type":"page","link":"https:\/\/wp.ufpel.edu.br\/progep\/capacita-na-web-uma-discussao-sobre-as-competencias-da-inteligencia-emocional-e-sua-relacao-com-a-atuacao-gerencial\/","title":{"rendered":"Capacita\u00e7\u00e3o: Capacita na web: Uma discuss\u00e3o sobre as compet\u00eancias da intelig\u00eancia emocional e sua rela\u00e7\u00e3o com a atua\u00e7\u00e3o gerencial"},"content":{"rendered":"<p><strong>Facilitadora: <\/strong>Francielle Molon da Silva (Professora do Centro de Ci\u00eancias Socio-Organizacionais da UFPEL)<\/p>\n<p><strong>Data:<\/strong> 10\/12\/2021 (sexta-feira)<\/p>\n<p><strong>Hora:\u00a0<\/strong>das 14h \u00e0s 16h<\/p>\n<p><strong>Realiza\u00e7\u00e3o:<\/strong>\u00a0plataforma Webconf da UFPel (na modalidade\u00a0<em>on-line)<\/em><\/p>\n<p><strong>Ementa: <\/strong>Bases da Compet\u00eancia de Intelig\u00eancia Emocional. Modelo de Intelig\u00eancia Emocional. Abordagem da Intelig\u00eancia Emocional. Aplica\u00e7\u00f5es das Compet\u00eancias da Intelig\u00eancia Emocional pelos gestores<\/p>\n<p><strong>P\u00fablico Alvo<\/strong>: Servidores docentes e TAE\u2019s ativos*<\/p>\n<p><strong>Per\u00edodo de inscri\u00e7\u00e3o<\/strong>: 26\/11 a 08\/12\/2021<\/p>\n<p><strong>Divulga\u00e7\u00e3o das inscri\u00e7\u00f5es homologadas<\/strong>: 09\/12**, nesta p\u00e1gina.<\/p>\n<p>*Considerando a Pol\u00edtica Nacional de Desenvolvimento de Pessoas, conforme Decreto n\u00ba 9.991\/19, somente ser\u00e3o certificados os servidores p\u00fablicos pertencentes ao Quadro Efetivo da UFPel.<\/p>\n<p>**Quando homologadas as inscri\u00e7\u00f5es, os selecionados receber\u00e3o e-mail com instru\u00e7\u00f5es de acesso \u00e0 sala de Webconf da UFPel.<\/p>\n<p><span style=\"color: #ff6600\"><a style=\"color: #ff6600\" href=\"https:\/\/wp.ufpel.edu.br\/progep\/files\/2021\/12\/Homologados-RODA_COMPETENCIAS-DA-INTELIGENCIA-EMOCIONAL.pdf\">INSCRI\u00c7\u00d5ES HOMOLOGADAS:<\/a><\/span><\/p>\n","protected":false},"excerpt":{"rendered":"<p>Facilitadora: Francielle Molon da Silva (Professora do Centro de Ci\u00eancias Socio-Organizacionais da UFPEL) Data: 10\/12\/2021 (sexta-feira) Hora:\u00a0das 14h \u00e0s 16h Realiza\u00e7\u00e3o:\u00a0plataforma Webconf da UFPel (na modalidade\u00a0on-line) Ementa: Bases da Compet\u00eancia de Intelig\u00eancia Emocional. Modelo de Intelig\u00eancia Emocional. Abordagem da Intelig\u00eancia Emocional. Aplica\u00e7\u00f5es das Compet\u00eancias da Intelig\u00eancia Emocional pelos gestores P\u00fablico Alvo: Servidores docentes e TAE\u2019s [&hellip;]<\/p>\n","protected":false},"author":21,"featured_media":0,"parent":0,"menu_order":0,"comment_status":"closed","ping_status":"closed","template":"","meta":{"footnotes":""},"class_list":["post-19158","page","type-page","status-publish","hentry"],"_links":{"self":[{"href":"https:\/\/wp.ufpel.edu.br\/progep\/wp-json\/wp\/v2\/pages\/19158","targetHints":{"allow":["GET"]}}],"collection":[{"href":"https:\/\/wp.ufpel.edu.br\/progep\/wp-json\/wp\/v2\/pages"}],"about":[{"href":"https:\/\/wp.ufpel.edu.br\/progep\/wp-json\/wp\/v2\/types\/page"}],"author":[{"embeddable":true,"href":"https:\/\/wp.ufpel.edu.br\/progep\/wp-json\/wp\/v2\/users\/21"}],"replies":[{"embeddable":true,"href":"https:\/\/wp.ufpel.edu.br\/progep\/wp-json\/wp\/v2\/comments?post=19158"}],"version-history":[{"count":5,"href":"https:\/\/wp.ufpel.edu.br\/progep\/wp-json\/wp\/v2\/pages\/19158\/revisions"}],"predecessor-version":[{"id":33997,"href":"https:\/\/wp.ufpel.edu.br\/progep\/wp-json\/wp\/v2\/pages\/19158\/revisions\/33997"}],"wp:attachment":[{"href":"https:\/\/wp.ufpel.edu.br\/progep\/wp-json\/wp\/v2\/media?parent=19158"}],"curies":[{"name":"wp","href":"https:\/\/api.w.org\/{rel}","templated":true}]}}