{"id":19114,"date":"2021-11-16T17:25:12","date_gmt":"2021-11-16T20:25:12","guid":{"rendered":"https:\/\/wp.ufpel.edu.br\/progep\/?page_id=19114"},"modified":"2025-08-22T18:17:34","modified_gmt":"2025-08-22T21:17:34","slug":"nomeacoes-edital-03-2020","status":"publish","type":"page","link":"https:\/\/wp.ufpel.edu.br\/progep\/nomeacoes-edital-03-2020\/","title":{"rendered":"Nomea\u00e7\u00f5es &#8211; Edital 03\/2020"},"content":{"rendered":"\n<div class=\"wp-block-group\"><div class=\"wp-block-group__inner-container is-layout-constrained wp-block-group-is-layout-constrained\">\n<div class=\"logoTituloModelStyle\"><img class=\"size-medium wp-image-27184 alignleft\" src=\"https:\/\/wp.ufpel.edu.br\/progep\/files\/2025\/03\/logo-progep_atualizacao-nome_AZUL.png\" alt=\"\" \/><\/p>\n<div style=\"padding: 2rem 0\"><strong>Nomea\u00e7\u00f5es &#8211; Edital 03\/2020<\/strong><\/div>\n<\/div>\n<hr class=\"hrModelStyle\" \/>\n<div class=\"descriptionModelStyle\">Acompanhe nesta p\u00e1gina a publica\u00e7\u00e3o dos\/as nomeados\/as para servidores\/as docentes na UFPEL.<\/div>\n<\/div><\/div>\n\n\n<div class=\"pagNomeacoesStyle\">\n<p> Confira a p\u00e1gina com as informa\u00e7\u00f5es a respeito do certame: <\/p>\n<p><a href=\"https:\/\/ces.ufpel.edu.br\/conctecadmed0003_2020\/\" target=\"_blank\">Certame do Edital 03\/2020<\/a><\/p>\n<div class=\"titleStyle\"><strong>Ampla Concorr\u00eancia<\/strong><\/div> \n\n<table id=\"tablepress-156\" class=\"tablepress tablepress-id-156\">\n<thead>\n<tr class=\"row-1\">\n\t<th class=\"column-1\">Unidade\/\u00c1rea\/Processo<\/th><th class=\"column-2\">Classif.<\/th><th class=\"column-3\">Aprovados<\/th><th class=\"column-4\">Situa\u00e7\u00e3o<\/th>\n<\/tr>\n<\/thead>\n<tbody class=\"row-striping row-hover\">\n<tr class=\"row-2\">\n\t<td class=\"column-1\"><strong>Centro de Artes \u2013 CA<\/strong><br \/>\nCanto<br \/>\nProc. 23110.038888\/2018-49<\/td><td class=\"column-2\">1\u00ba<\/td><td class=\"column-3\">LUCIANA ELISA LOZADA TEN\u00d3RIO<\/td><td class=\"column-4\">Nomeada em 22\/11\/2021<\/td>\n<\/tr>\n<tr class=\"row-3\">\n\t<td class=\"column-1\"><strong>Centro de Artes \u2013 CA<\/strong><br \/>\nPr\u00e1ticas Art\u00edstico Pedag\u00f3gicas em Dan\u00e7as Urbanas<br \/>\nProc. 23110.037383\/2018-67<\/td><td class=\"column-2\">1\u00ba<\/td><td class=\"column-3\">ANA CRISTINA RIBEIRO SILVA<\/td><td class=\"column-4\">Nomeada em 22\/11\/2021<\/td>\n<\/tr>\n<tr class=\"row-4\">\n\t<td class=\"column-1\"><\/td><td class=\"column-2\">2\u00ba<\/td><td class=\"column-3\">ROBSON TEIXEIRA PORTO<\/td><td class=\"column-4\"><\/td>\n<\/tr>\n<tr class=\"row-5\">\n\t<td class=\"column-1\"><\/td><td class=\"column-2\">3\u00ba<\/td><td class=\"column-3\">ELENICE BOTELHO ANTUNES<\/td><td class=\"column-4\"><\/td>\n<\/tr>\n<tr class=\"row-6\">\n\t<td class=\"column-1\"><strong>Centro de Artes \u2013 CA<\/strong><br \/>\nPedagogias da Dan\u00e7a na Escola<br \/>\nProc. 23110.053215\/2019-03<\/td><td class=\"column-2\">1\u00ba<\/td><td class=\"column-3\">MARCO AUR\u00c9LIO DA CRUZ SOUZA<\/td><td class=\"column-4\">Nomeado em 22\/11\/2021<\/td>\n<\/tr>\n<tr class=\"row-7\">\n\t<td class=\"column-1\"><\/td><td class=\"column-2\">2\u00ba<\/td><td class=\"column-3\">LUCIANA ATHAYDE PAZ<\/td><td class=\"column-4\"><\/td>\n<\/tr>\n<tr class=\"row-8\">\n\t<td class=\"column-1\"><\/td><td class=\"column-2\">3\u00ba<\/td><td class=\"column-3\">ANG\u00c9LICA TEIXEIRA DA SILVA LEITZKE<\/td><td class=\"column-4\"><\/td>\n<\/tr>\n<tr class=\"row-9\">\n\t<td class=\"column-1\"><strong>Centro de Artes \u2013 CA<\/strong><br \/>\nFundamentos da Linguagem Visual<br \/>\nProc. 23110.024085\/2019-98<\/td><td class=\"column-2\">1\u00ba<\/td><td class=\"column-3\">RICARDO HENRIQUE AYRES ALVES<\/td><td class=\"column-4\">Nomeado em 10\/12\/2021<\/td>\n<\/tr>\n<tr class=\"row-10\">\n\t<td class=\"column-1\"><\/td><td class=\"column-2\">2\u00ba<\/td><td class=\"column-3\">THAIS CRISTINA MARTINO SEHN<\/td><td class=\"column-4\">Nomeada em 07\/03\/2022<\/td>\n<\/tr>\n<tr class=\"row-11\">\n\t<td class=\"column-1\"><\/td><td class=\"column-2\">3\u00ba<\/td><td class=\"column-3\">LISLAINE SIRSI CANSI<\/td><td class=\"column-4\">Nomeada em 19\/04\/2023<\/td>\n<\/tr>\n<tr class=\"row-12\">\n\t<td class=\"column-1\"><\/td><td class=\"column-2\">4\u00ba<\/td><td class=\"column-3\">ALICE PORTO DOS SANTOS<\/td><td class=\"column-4\"><\/td>\n<\/tr>\n<tr class=\"row-13\">\n\t<td class=\"column-1\"><\/td><td class=\"column-2\">5\u00ba<\/td><td class=\"column-3\">BETHIELLE AMARAL KUPSTAITIS<\/td><td class=\"column-4\"><\/td>\n<\/tr>\n<tr class=\"row-14\">\n\t<td class=\"column-1\"><strong>Centro de Ci\u00eancias Qu\u00edmicas, Farmac\u00eauticas e de Alimentos \u2013 CCQFA<\/strong><br \/>\nQu\u00edmica Anal\u00edtica<br \/>\nProc. 23110.021504\/2019-30<\/td><td class=\"column-2\">1\u00ba<\/td><td class=\"column-3\">DIOGO LA ROSA NOVO<\/td><td class=\"column-4\">Nomeado em 22\/11\/2021<\/td>\n<\/tr>\n<tr class=\"row-15\">\n\t<td class=\"column-1\"><\/td><td class=\"column-2\">2\u00ba<\/td><td class=\"column-3\">WILLIAM BOSCHETTI<\/td><td class=\"column-4\">Nomeado em 03\/08\/2022<\/td>\n<\/tr>\n<tr class=\"row-16\">\n\t<td class=\"column-1\"><strong>Centro de Desenvolvimento Tecnol\u00f3gico \u2013 CDTEC<\/strong><br \/>\nSistemas Distribu\u00eddos e de Larga Escala<br \/>\nProc. 23110.045966\/2019-42<\/td><td class=\"column-2\">1\u00ba<\/td><td class=\"column-3\">ULISSES BRISOLARA CORREA<\/td><td class=\"column-4\">Nomeado em 22\/11\/2021<\/td>\n<\/tr>\n<tr class=\"row-17\">\n\t<td class=\"column-1\"><\/td><td class=\"column-2\">1\u00ba<\/td><td class=\"column-3\">GUSTAVO ASSIS DA SILVA<\/td><td class=\"column-4\">Nomeado em 22\/11\/2021<\/td>\n<\/tr>\n<tr class=\"row-18\">\n\t<td class=\"column-1\"><\/td><td class=\"column-2\">2\u00ba<\/td><td class=\"column-3\">ANDR\u00c9 GARCIA CUNHA FILHO<\/td><td class=\"column-4\"><\/td>\n<\/tr>\n<tr class=\"row-19\">\n\t<td class=\"column-1\"><strong>Centro de Engenharias \u2013 CENG<\/strong><br \/>\nAutoma\u00e7\u00e3o Eletr\u00f4nica de Processos El\u00e9tricos e Industriais<br \/>\nProc. 23110.052651\/2019-51<\/td><td class=\"column-2\">1\u00ba<\/td><td class=\"column-3\">MARLON MAUR\u00cdCIO HENANDEZ CELY<\/td><td class=\"column-4\">Nomeado em 22\/11\/2021<\/td>\n<\/tr>\n<tr class=\"row-20\">\n\t<td class=\"column-1\"><\/td><td class=\"column-2\">2\u00ba<\/td><td class=\"column-3\">PAULO JEFERSON DIAS DE OLIVEIRA EVALD<\/td><td class=\"column-4\">Nomeado em 08\/09\/2022<\/td>\n<\/tr>\n<tr class=\"row-21\">\n\t<td class=\"column-1\"><\/td><td class=\"column-2\">3\u00ba<\/td><td class=\"column-3\">LUCAS SANGOI MENDON\u00c7A<\/td><td class=\"column-4\"><\/td>\n<\/tr>\n<tr class=\"row-22\">\n\t<td class=\"column-1\"><strong>Centro de Engenharias \u2013 CENG<\/strong><br \/>\nGeologia ou Geof\u00edsica ou Pesquisa Mineral<br \/>\nProc. 23110.027041\/2019-10<\/td><td class=\"column-2\">1\u00ba<\/td><td class=\"column-3\">FELIPE PADILHA LEITZKE<\/td><td class=\"column-4\">Nomeado em 30\/12\/2021<\/td>\n<\/tr>\n<tr class=\"row-23\">\n\t<td class=\"column-1\"><strong>Centro de Letras e Comunica\u00e7\u00e3o \u2013 CLC<\/strong><br \/>\nL\u00edngua Alem\u00e3 e Literaturas de L\u00edngua Alem\u00e3<br \/>\nProc. 23110.054236\/2019-32<\/td><td class=\"column-2\">1\u00ba<\/td><td class=\"column-3\">LUCAS L\u00d6FF MACHADO<\/td><td class=\"column-4\">Nomeado em 22\/11\/2021<\/td>\n<\/tr>\n<tr class=\"row-24\">\n\t<td class=\"column-1\"><\/td><td class=\"column-2\">2\u00ba<\/td><td class=\"column-3\">ADRIANA FERNANDES BARBOSA<\/td><td class=\"column-4\"><\/td>\n<\/tr>\n<tr class=\"row-25\">\n\t<td class=\"column-1\"><\/td><td class=\"column-2\">3\u00ba<\/td><td class=\"column-3\">BRUNO MENDES DOS SANTOS<\/td><td class=\"column-4\"><\/td>\n<\/tr>\n<tr class=\"row-26\">\n\t<td class=\"column-1\"><\/td><td class=\"column-2\">4\u00ba<\/td><td class=\"column-3\">FILIPE MENDES NECKEL<\/td><td class=\"column-4\"><\/td>\n<\/tr>\n<tr class=\"row-27\">\n\t<td class=\"column-1\"><strong>Centro de Letras e Comunica\u00e7\u00e3o \u2013 CLC<\/strong><br \/>\nEnsino de Literatura<br \/>\nProc. 23110.054259\/2019-47<\/td><td class=\"column-2\">1\u00ba<\/td><td class=\"column-3\">GUSTAVO HENRIQUE RUCKERT<\/td><td class=\"column-4\">Nomeado em 20\/12\/2021<\/td>\n<\/tr>\n<tr class=\"row-28\">\n\t<td class=\"column-1\"><\/td><td class=\"column-2\">2\u00ba<\/td><td class=\"column-3\">JO\u00c3O CLAUDIO ARENDT<\/td><td class=\"column-4\">Nomeado em 23\/05\/2023<\/td>\n<\/tr>\n<tr class=\"row-29\">\n\t<td class=\"column-1\"><\/td><td class=\"column-2\">3\u00ba<\/td><td class=\"column-3\">ALINE CUNHA DE ANDRADE SILVA<\/td><td class=\"column-4\">Nomeada em 19\/06\/2023<\/td>\n<\/tr>\n<tr class=\"row-30\">\n\t<td class=\"column-1\"><\/td><td class=\"column-2\">4\u00ba<\/td><td class=\"column-3\">ANDRIO DE JESUS ROSA DOS SANTOS<\/td><td class=\"column-4\"><\/td>\n<\/tr>\n<tr class=\"row-31\">\n\t<td class=\"column-1\"><strong>Faculdade de Arquitetura e Urbanismo \u2013 FAUrb<\/strong><br \/>\nTecnologia de Arquitetura e Urbanismo ou Instala\u00e7\u00f5es Prediais<br \/>\nProc. 23110.050349\/2019-69<\/td><td class=\"column-2\">1\u00ba<\/td><td class=\"column-3\">NAT\u00c1LIA DOS SANTOS PETRY<\/td><td class=\"column-4\">Nomeado em 22\/11\/2021<\/td>\n<\/tr>\n<tr class=\"row-32\">\n\t<td class=\"column-1\"><\/td><td class=\"column-2\">2\u00ba<\/td><td class=\"column-3\">OLAVO AVALONE NETO<\/td><td class=\"column-4\"><\/td>\n<\/tr>\n<tr class=\"row-33\">\n\t<td class=\"column-1\"><strong>Faculdade de Educa\u00e7\u00e3o \u2013 FaE<\/strong><br \/>\nFilosofia da Educa\u00e7\u00e3o ou Hist\u00f3ria da Educa\u00e7\u00e3o ou Sociologia da Educa\u00e7\u00e3o<br \/>\nProc. 23110.051001\/2019-99<\/td><td class=\"column-2\">1\u00ba<\/td><td class=\"column-3\">DANTE DINIZ BESSA<\/td><td class=\"column-4\">Nomeado em 22\/11\/2021<\/td>\n<\/tr>\n<tr class=\"row-34\">\n\t<td class=\"column-1\"><\/td><td class=\"column-2\">2\u00ba<\/td><td class=\"column-3\">HARDALLA SANTOS DO VALLE<\/td><td class=\"column-4\">Nomeado em 24\/05\/2022<\/td>\n<\/tr>\n<tr class=\"row-35\">\n\t<td class=\"column-1\"><\/td><td class=\"column-2\">3\u00ba<\/td><td class=\"column-3\">THA\u00cdS DE OLIVEIRA NABAES<\/td><td class=\"column-4\"><\/td>\n<\/tr>\n<tr class=\"row-36\">\n\t<td class=\"column-1\"><\/td><td class=\"column-2\">4\u00ba<\/td><td class=\"column-3\">VINICIUS BERTONCINI VICENZI<\/td><td class=\"column-4\"><\/td>\n<\/tr>\n<tr class=\"row-37\">\n\t<td class=\"column-1\"><strong>Faculdade de Educa\u00e7\u00e3o \u2013 FaE<\/strong><br \/>\nPsicologia Educacional<br \/>\nProc. 23110.024896\/2019-99<\/td><td class=\"column-2\">1\u00ba<\/td><td class=\"column-3\">SANDRO FACCIN BORTOLAZZO<\/td><td class=\"column-4\">Nomeado em 22\/11\/2021<\/td>\n<\/tr>\n<tr class=\"row-38\">\n\t<td class=\"column-1\"><\/td><td class=\"column-2\">2\u00ba<\/td><td class=\"column-3\">JOSIMARA WIKBOLDT SCHWANTZ<\/td><td class=\"column-4\">Nomeada em 22\/11\/2021<\/td>\n<\/tr>\n<tr class=\"row-39\">\n\t<td class=\"column-1\"><strong>Faculdade de Medicina \u2013 FAMED<\/strong><br \/>\nG\u00eanero e Sexualidade<br \/>\nProc. 23110.025949\/2019-99<\/td><td class=\"column-2\">1\u00ba<\/td><td class=\"column-3\">HELEN BEDINOTO DURGANTE<\/td><td class=\"column-4\">Nomeada em 22\/11\/2021<\/td>\n<\/tr>\n<tr class=\"row-40\">\n\t<td class=\"column-1\"><\/td><td class=\"column-2\">2\u00ba<\/td><td class=\"column-3\">ANA PAULA MULLER DE ANDRADE<\/td><td class=\"column-4\"><\/td>\n<\/tr>\n<tr class=\"row-41\">\n\t<td class=\"column-1\"><\/td><td class=\"column-2\">3\u00ba<\/td><td class=\"column-3\">ROCHELE DIAS CASTELLI<\/td><td class=\"column-4\"><\/td>\n<\/tr>\n<tr class=\"row-42\">\n\t<td class=\"column-1\"><\/td><td class=\"column-2\">4\u00ba<\/td><td class=\"column-3\">ANE CRISTINA THUROW<\/td><td class=\"column-4\"><\/td>\n<\/tr>\n<tr class=\"row-43\">\n\t<td class=\"column-1\"><\/td><td class=\"column-2\">5\u00ba<\/td><td class=\"column-3\">DANIELA DALBOSCO DELL\u2019AGLIO<\/td><td class=\"column-4\"><\/td>\n<\/tr>\n<tr class=\"row-44\">\n\t<td class=\"column-1\"><strong>Faculdade de Medicina \u2013 FAMED<\/strong><br \/>\nContexto Hospitalar<br \/>\nProc. 23110.048975\/2019-95<\/td><td class=\"column-2\">1\u00ba<\/td><td class=\"column-3\">EMILYN BORBA DA SILVA<\/td><td class=\"column-4\">Nomeada em 22\/11\/2021 (n\u00e3o assumiu)<\/td>\n<\/tr>\n<tr class=\"row-45\">\n\t<td class=\"column-1\"><\/td><td class=\"column-2\">2\u00ba<\/td><td class=\"column-3\">DANUSA MENEGAT<\/td><td class=\"column-4\">Nomeada em 29\/12\/2021<\/td>\n<\/tr>\n<tr class=\"row-46\">\n\t<td class=\"column-1\"><strong>Faculdade de Meteorologia \u2013 FAMET<\/strong><br \/>\nMeteorologia Din\u00e2mica ou Sin\u00f3tica<br \/>\nProc. 23110.014669\/2019-55<\/td><td class=\"column-2\">1\u00ba<\/td><td class=\"column-3\">LEONARDO JOS\u00c9 GON\u00c7ALVES AGUIAR<\/td><td class=\"column-4\">Nomeado em 24\/01\/2022<\/td>\n<\/tr>\n<tr class=\"row-47\">\n\t<td class=\"column-1\"><\/td><td class=\"column-2\">2\u00ba<\/td><td class=\"column-3\">DANIEL CAETANO SANTOS<\/td><td class=\"column-4\"><\/td>\n<\/tr>\n<tr class=\"row-48\">\n\t<td class=\"column-1\"><\/td><td class=\"column-2\">3\u00ba<\/td><td class=\"column-3\">MARIA DE SOUZA CUST\u00d3DIO<\/td><td class=\"column-4\"><\/td>\n<\/tr>\n<tr class=\"row-49\">\n\t<td class=\"column-1\"><\/td><td class=\"column-2\">4\u00ba<\/td><td class=\"column-3\">HENRIQUE FUCHS BUENO REPINALDO<\/td><td class=\"column-4\"><\/td>\n<\/tr>\n<tr class=\"row-50\">\n\t<td class=\"column-1\"><\/td><td class=\"column-2\">5\u00ba<\/td><td class=\"column-3\">VILIAM CARDOSO DA SILVEIRA<\/td><td class=\"column-4\"><\/td>\n<\/tr>\n<tr class=\"row-51\">\n\t<td class=\"column-1\"><strong>Instituto de Biologia \u2013 IB<\/strong><br \/>\nFisiologia Geral<br \/>\nProc. 23110.054197\/2019-73<\/td><td class=\"column-2\">1\u00ba<\/td><td class=\"column-3\">FERNANDA HERNANDES FIGUEIRA<\/td><td class=\"column-4\">Nomeada em 22\/11\/2021<\/td>\n<\/tr>\n<tr class=\"row-52\">\n\t<td class=\"column-1\"><\/td><td class=\"column-2\">2\u00ba<\/td><td class=\"column-3\">BRUNA FERRARI DENIZ<\/td><td class=\"column-4\">Nomeada em 22\/11\/2021<\/td>\n<\/tr>\n<tr class=\"row-53\">\n\t<td class=\"column-1\"><\/td><td class=\"column-2\">3\u00ba<\/td><td class=\"column-3\">BETANIA RODRIGUES DOS SANTOS<\/td><td class=\"column-4\"><\/td>\n<\/tr>\n<tr class=\"row-54\">\n\t<td class=\"column-1\"><\/td><td class=\"column-2\">4\u00ba<\/td><td class=\"column-3\">MAYARA SANDRIELLY PEREIRA SOARES<\/td><td class=\"column-4\"><\/td>\n<\/tr>\n<tr class=\"row-55\">\n\t<td class=\"column-1\"><\/td><td class=\"column-2\">5\u00ba<\/td><td class=\"column-3\">CARLOS BORGES FILHO<\/td><td class=\"column-4\"><\/td>\n<\/tr>\n<tr class=\"row-56\">\n\t<td class=\"column-1\"><\/td><td class=\"column-2\">6\u00ba<\/td><td class=\"column-3\">FERNANDA MOREIRA LOPES<\/td><td class=\"column-4\"><\/td>\n<\/tr>\n<tr class=\"row-57\">\n\t<td class=\"column-1\"><\/td><td class=\"column-2\">7\u00ba<\/td><td class=\"column-3\">STEFANI VALERIA FISCHER<\/td><td class=\"column-4\"><\/td>\n<\/tr>\n<tr class=\"row-58\">\n\t<td class=\"column-1\"><\/td><td class=\"column-2\">8\u00ba<\/td><td class=\"column-3\">MICHELE REGINA WORST<\/td><td class=\"column-4\"><\/td>\n<\/tr>\n<tr class=\"row-59\">\n\t<td class=\"column-1\"><strong>Instituto de Biologia \u2013 IB<\/strong><br \/>\nAnatomia Vegetal<br \/>\nProc. 23110.023445\/2019-34<\/td><td class=\"column-2\">1\u00ba<\/td><td class=\"column-3\">MARCELO DOS SANTOS SILVA<\/td><td class=\"column-4\">Nomeado em 22\/11\/2021<\/td>\n<\/tr>\n<tr class=\"row-60\">\n\t<td class=\"column-1\"><\/td><td class=\"column-2\">2\u00ba<\/td><td class=\"column-3\">TAMARA PASTORI<\/td><td class=\"column-4\"><\/td>\n<\/tr>\n<tr class=\"row-61\">\n\t<td class=\"column-1\"><\/td><td class=\"column-2\">3\u00ba<\/td><td class=\"column-3\">FABRICIO MOREIRA FERREIRA<\/td><td class=\"column-4\"><\/td>\n<\/tr>\n<tr class=\"row-62\">\n\t<td class=\"column-1\"><strong>Instituto de Biologia \u2013 IB<\/strong><br \/>\nEcologia<br \/>\nProc. 23110.046315\/2019-70<\/td><td class=\"column-2\">1\u00ba<\/td><td class=\"column-3\">LUIZ ERNESTO COSTA SCHMIDT<\/td><td class=\"column-4\">Nomeado em 22\/11\/2021<\/td>\n<\/tr>\n<tr class=\"row-63\">\n\t<td class=\"column-1\"><\/td><td class=\"column-2\">2\u00ba<\/td><td class=\"column-3\">JEFERSON BUGONI<\/td><td class=\"column-4\">Nomeado em 10\/12\/2021<\/td>\n<\/tr>\n<tr class=\"row-64\">\n\t<td class=\"column-1\"><\/td><td class=\"column-2\">3\u00ba<\/td><td class=\"column-3\">GUDRYAN JACKSON BARONIO<\/td><td class=\"column-4\"><\/td>\n<\/tr>\n<tr class=\"row-65\">\n\t<td class=\"column-1\"><\/td><td class=\"column-2\">4\u00ba<\/td><td class=\"column-3\">GABRIEL PENIDO DE OLIVEIRA<\/td><td class=\"column-4\"><\/td>\n<\/tr>\n<tr class=\"row-66\">\n\t<td class=\"column-1\"><strong>Instituto de Ci\u00eancias Humanas \u2013 ICH<\/strong><br \/>\nEduca\u00e7\u00e3o Hist\u00f3rica e Patrimonial<br \/>\nProc. 23110.052086\/2019-22<\/td><td class=\"column-2\">1\u00ba<\/td><td class=\"column-3\">WILIAN JUNIOR BONETE<\/td><td class=\"column-4\">Nomeado em 22\/11\/2021<\/td>\n<\/tr>\n<tr class=\"row-67\">\n\t<td class=\"column-1\"><\/td><td class=\"column-2\">2\u00ba<\/td><td class=\"column-3\">WILIAN CARLOS CIPRIANI BAROM<\/td><td class=\"column-4\"><\/td>\n<\/tr>\n<tr class=\"row-68\">\n\t<td class=\"column-1\"><\/td><td class=\"column-2\">3\u00ba<\/td><td class=\"column-3\">ERNANDO BRITO GON\u00c7ALVES JUNIOR<\/td><td class=\"column-4\"><\/td>\n<\/tr>\n<tr class=\"row-69\">\n\t<td class=\"column-1\"><\/td><td class=\"column-2\">4\u00ba<\/td><td class=\"column-3\">MARCELO VIANNA<\/td><td class=\"column-4\"><\/td>\n<\/tr>\n<tr class=\"row-70\">\n\t<td class=\"column-1\"><\/td><td class=\"column-2\">5\u00ba<\/td><td class=\"column-3\">CAROLINA KESSER BARCELLOS DIAS<\/td><td class=\"column-4\"><\/td>\n<\/tr>\n<tr class=\"row-71\">\n\t<td class=\"column-1\"><strong>Instituto de F\u00edsica e Matem\u00e1tica \u2013 IFM<\/strong><br \/>\nEduca\u00e7\u00e3o Matem\u00e1tica<br \/>\nProc. 23110.052520\/2019-74<\/td><td class=\"column-2\">1\u00ba<\/td><td class=\"column-3\">CARLA DENIZE OTT FELCHER<\/td><td class=\"column-4\">Nomeada em 10\/12\/2021<\/td>\n<\/tr>\n<tr class=\"row-72\">\n\t<td class=\"column-1\"><\/td><td class=\"column-2\">2\u00ba<\/td><td class=\"column-3\">FABRICIO MONTE FREITAS<\/td><td class=\"column-4\"><\/td>\n<\/tr>\n<tr class=\"row-73\">\n\t<td class=\"column-1\"><\/td><td class=\"column-2\">3\u00ba<\/td><td class=\"column-3\">DANIEL MORIN OCAMPO<\/td><td class=\"column-4\"><\/td>\n<\/tr>\n<tr class=\"row-74\">\n\t<td class=\"column-1\"><\/td><td class=\"column-2\">4\u00ba<\/td><td class=\"column-3\">GILBERTO SILVA DOS SANTOS<\/td><td class=\"column-4\"><\/td>\n<\/tr>\n<tr class=\"row-75\">\n\t<td class=\"column-1\"><\/td><td class=\"column-2\">5\u00ba<\/td><td class=\"column-3\">GABRIEL DE OLIVEIRA SOARES<\/td><td class=\"column-4\"><\/td>\n<\/tr>\n<\/tbody>\n<\/table>\n<!-- #tablepress-156 from cache -->\n<\/div>\n","protected":false},"excerpt":{"rendered":"<p>Nomea\u00e7\u00f5es &#8211; Edital 03\/2020 Acompanhe nesta p\u00e1gina a publica\u00e7\u00e3o dos\/as nomeados\/as para servidores\/as docentes na UFPEL. Confira a p\u00e1gina com as informa\u00e7\u00f5es a respeito do certame: Certame do Edital 03\/2020 Ampla Concorr\u00eancia<\/p>\n","protected":false},"author":52,"featured_media":0,"parent":0,"menu_order":0,"comment_status":"closed","ping_status":"closed","template":"","meta":{"footnotes":""},"class_list":["post-19114","page","type-page","status-publish","hentry"],"_links":{"self":[{"href":"https:\/\/wp.ufpel.edu.br\/progep\/wp-json\/wp\/v2\/pages\/19114","targetHints":{"allow":["GET"]}}],"collection":[{"href":"https:\/\/wp.ufpel.edu.br\/progep\/wp-json\/wp\/v2\/pages"}],"about":[{"href":"https:\/\/wp.ufpel.edu.br\/progep\/wp-json\/wp\/v2\/types\/page"}],"author":[{"embeddable":true,"href":"https:\/\/wp.ufpel.edu.br\/progep\/wp-json\/wp\/v2\/users\/52"}],"replies":[{"embeddable":true,"href":"https:\/\/wp.ufpel.edu.br\/progep\/wp-json\/wp\/v2\/comments?post=19114"}],"version-history":[{"count":4,"href":"https:\/\/wp.ufpel.edu.br\/progep\/wp-json\/wp\/v2\/pages\/19114\/revisions"}],"predecessor-version":[{"id":36195,"href":"https:\/\/wp.ufpel.edu.br\/progep\/wp-json\/wp\/v2\/pages\/19114\/revisions\/36195"}],"wp:attachment":[{"href":"https:\/\/wp.ufpel.edu.br\/progep\/wp-json\/wp\/v2\/media?parent=19114"}],"curies":[{"name":"wp","href":"https:\/\/api.w.org\/{rel}","templated":true}]}}