{"id":19041,"date":"2021-11-05T10:10:11","date_gmt":"2021-11-05T13:10:11","guid":{"rendered":"https:\/\/wp.ufpel.edu.br\/progep\/?page_id=19041"},"modified":"2025-06-30T14:19:23","modified_gmt":"2025-06-30T17:19:23","slug":"palestra-homens-tambem-cuidam-de-si","status":"publish","type":"page","link":"https:\/\/wp.ufpel.edu.br\/progep\/palestra-homens-tambem-cuidam-de-si\/","title":{"rendered":"Capacita\u00e7\u00e3o: Palestra: Homens tamb\u00e9m cuidam (de si)"},"content":{"rendered":"<p><strong>Facilitadores: <\/strong>Maria Helena Concei\u00e7\u00e3o Silveira (Psic\u00f3loga da PROGEP) e Lu\u00eds Ol\u00edmpio Dias Jord\u00e3o (M\u00e9dico do Hospital Escola)<\/p>\n<p><strong>Data:<\/strong> 19\/11\/2021 (sexta-feira)<\/p>\n<p><strong>Hora:\u00a0<\/strong>das 14h \u00e0s 15h30min<\/p>\n<p><strong>Realiza\u00e7\u00e3o:<\/strong>\u00a0plataforma Webconf da UFPel (na modalidade\u00a0<em>on-line)<\/em><\/p>\n<p><strong>Ementa:<br \/>\n<\/strong>1. Papeis socioculturais e formas de viver e pensar o masculino e o feminino<br \/>\n2. Urg\u00eancia de reconectar o homem a sua viv\u00eancia emocional<br \/>\n3. Necessidade de Cuidado com a Vida<br \/>\n4. Direitos no \u201cser homem\u201d<br \/>\n5. Homens tamb\u00e9m cuidam<\/p>\n<p>Al\u00e9m disso, o Dr. Lu\u00eds Ol\u00edmpio Dias Jord\u00e3o ir\u00e1 abordar a tem\u00e1tica do Novembro Azul, que trata das mobiliza\u00e7\u00f5es mundiais para prevenir o c\u00e2ncer de pr\u00f3stata, funcionando como alertas para a import\u00e2ncia dos cuidados com a sa\u00fade do homem.<\/p>\n<p><strong>P\u00fablico Alvo<\/strong>: Servidores docentes e TAE\u2019s ativos*<\/p>\n<p><strong>Per\u00edodo de inscri\u00e7\u00e3o<\/strong>: 05\/11 a 17\/11\/2021<\/p>\n<p><strong>Divulga\u00e7\u00e3o das inscri\u00e7\u00f5es homologadas<\/strong>: 18\/11**, nesta p\u00e1gina.<\/p>\n<p>*Considerando a Pol\u00edtica Nacional de Desenvolvimento de Pessoas, conforme Decreto n\u00ba 9.991\/19, somente ser\u00e3o certificados os servidores p\u00fablicos pertencentes ao Quadro Efetivo da UFPel.<\/p>\n<p>**Quando homologadas as inscri\u00e7\u00f5es, os selecionados receber\u00e3o e-mail com instru\u00e7\u00f5es de acesso \u00e0 sala de Webconf da UFPel.<\/p>\n<p><a href=\"https:\/\/wp.ufpel.edu.br\/progep\/files\/2021\/11\/Palestra-Homens-tambem-cuidam-de-si.pdf\">INSCRI\u00c7\u00d5ES HOMOLOGADAS<\/a><\/p>\n<p>&nbsp;<\/p>\n","protected":false},"excerpt":{"rendered":"<p>Facilitadores: Maria Helena Concei\u00e7\u00e3o Silveira (Psic\u00f3loga da PROGEP) e Lu\u00eds Ol\u00edmpio Dias Jord\u00e3o (M\u00e9dico do Hospital Escola) Data: 19\/11\/2021 (sexta-feira) Hora:\u00a0das 14h \u00e0s 15h30min Realiza\u00e7\u00e3o:\u00a0plataforma Webconf da UFPel (na modalidade\u00a0on-line) Ementa: 1. Papeis socioculturais e formas de viver e pensar o masculino e o feminino 2. Urg\u00eancia de reconectar o homem a sua viv\u00eancia emocional [&hellip;]<\/p>\n","protected":false},"author":21,"featured_media":0,"parent":0,"menu_order":0,"comment_status":"closed","ping_status":"closed","template":"","meta":{"footnotes":""},"class_list":["post-19041","page","type-page","status-publish","hentry"],"_links":{"self":[{"href":"https:\/\/wp.ufpel.edu.br\/progep\/wp-json\/wp\/v2\/pages\/19041","targetHints":{"allow":["GET"]}}],"collection":[{"href":"https:\/\/wp.ufpel.edu.br\/progep\/wp-json\/wp\/v2\/pages"}],"about":[{"href":"https:\/\/wp.ufpel.edu.br\/progep\/wp-json\/wp\/v2\/types\/page"}],"author":[{"embeddable":true,"href":"https:\/\/wp.ufpel.edu.br\/progep\/wp-json\/wp\/v2\/users\/21"}],"replies":[{"embeddable":true,"href":"https:\/\/wp.ufpel.edu.br\/progep\/wp-json\/wp\/v2\/comments?post=19041"}],"version-history":[{"count":5,"href":"https:\/\/wp.ufpel.edu.br\/progep\/wp-json\/wp\/v2\/pages\/19041\/revisions"}],"predecessor-version":[{"id":33995,"href":"https:\/\/wp.ufpel.edu.br\/progep\/wp-json\/wp\/v2\/pages\/19041\/revisions\/33995"}],"wp:attachment":[{"href":"https:\/\/wp.ufpel.edu.br\/progep\/wp-json\/wp\/v2\/media?parent=19041"}],"curies":[{"name":"wp","href":"https:\/\/api.w.org\/{rel}","templated":true}]}}