{"id":19030,"date":"2021-11-05T06:43:46","date_gmt":"2021-11-05T09:43:46","guid":{"rendered":"https:\/\/wp.ufpel.edu.br\/progep\/?page_id=19030"},"modified":"2025-06-30T14:19:18","modified_gmt":"2025-06-30T17:19:18","slug":"roda-de-conversa-boas-praticas-e-uso-de-recursos-avancados-no-sistema-eletronico-de-informacoes-sei-2","status":"publish","type":"page","link":"https:\/\/wp.ufpel.edu.br\/progep\/roda-de-conversa-boas-praticas-e-uso-de-recursos-avancados-no-sistema-eletronico-de-informacoes-sei-2\/","title":{"rendered":"Capacita\u00e7\u00e3o: Roda de Conversa: Boas pr\u00e1ticas e uso de recursos avan\u00e7ados no Sistema Eletr\u00f4nico de Informa\u00e7\u00f5es (SEI)"},"content":{"rendered":"<p><strong>Modalidade<\/strong><strong>:<\/strong>\u00a0<em>on line<\/em>\u00a0(plataforma Webconf UFPel)<\/p>\n<p><strong>Carga Hor\u00e1ria<\/strong>: 2h 30min<\/p>\n<p><strong>Facilitadores<\/strong>: Membros da Comiss\u00e3o de Acompanhamento e Gest\u00e3o do SEI<\/p>\n<p><strong>Objetivos:<\/strong> Capacitar os servidores no uso do\u00a0Sistema Eletr\u00f4nico de Informa\u00e7\u00f5es (SEI).<\/p>\n<p><strong>Ementa<\/strong>:<br \/>\n<u>Recursos do SEI<\/u>: Bloco de assinatura; Acompanhamento especial; Busca e uso da base de conhecimento; Andamento do processo; Relacionamento e anexa\u00e7\u00e3o de processos; Sobrestamento de processos; Uso do recurso de pesquisa e estat\u00edsticas; Uso do grupo de envio (e-mail, envio e contatos); \u00a0Envio de e-mail; Cadastro de usu\u00e1rio externo e disponibiliza\u00e7\u00e3o de documentos para usu\u00e1rio externo; Texto padr\u00e3o; Documento modelo; SEI++;Uso aplicativo.<br \/>\n<u>Boas Pr\u00e1ticas no uso do SEI<\/u>: Uso do SEI: qual finalidade; A import\u00e2ncia da classifica\u00e7\u00e3o de processos; A import\u00e2ncia da especifica\u00e7\u00e3o do processo; Interessado no processo\/documento; Retorno de bloco de assinatura; N\u00e3o utilizar o retorno programado; Problema de processo abertos em unidades sem necessidade; Quest\u00f5es de seguran\u00e7a; Link de documentos no SEI; D\u00ea prefer\u00eancia ao editor do SEI; N\u00e3o reinserir um arquivo nativo SEI novamente<b>;\u00a0<\/b>Uso da atualiza\u00e7\u00e3o de andamento para registro de informa\u00e7\u00f5es relevantes.<\/p>\n<p><strong>P\u00fablico alvo<\/strong>: Servidores docentes e TAE\u2019s ativos*<\/p>\n<hr \/>\n<p><span style=\"color: #ff6600\"><strong>TURMA A<\/strong><\/span><\/p>\n<p><strong>Data:<\/strong> 16 de novembro de 2021 (ter\u00e7a-feira)<\/p>\n<p><strong>Hor\u00e1rio:\u00a0<\/strong>14h \u00e0s 16h30<\/p>\n<p><strong>N\u00famero de Vagas:<\/strong> 50<\/p>\n<p><strong>Per\u00edodo de Inscri\u00e7\u00f5es:<\/strong> 05 de novembro\u00a0 a 11 de novembro\u00a0 de 2021<\/p>\n<p><strong>Divulga\u00e7\u00e3o das inscri\u00e7\u00f5es homologadas:<\/strong> 12 de novembro\u00a0 de 2021**, nesta p\u00e1gina.<\/p>\n<p><strong><span style=\"color: #ff6600\"><a style=\"color: #ff6600\" href=\"https:\/\/wp.ufpel.edu.br\/progep\/files\/2021\/11\/Roda-de-Conversa-Boas-praticas-e-uso-de-recursos-avancados-no-Sistema-Eletronico-de-Informacoes-SEI-Turma-A.pdf\">INSCRI\u00c7\u00d5ES HOMOLOGADAS<\/a><\/span><\/strong><\/p>\n<hr \/>\n<p><span style=\"color: #ff6600\"><strong>TURMA B<\/strong><\/span><\/p>\n<p><strong>Data:<\/strong> 17 de novembro de 2021 (quarta-feira)<\/p>\n<p><strong>Hor\u00e1rio:\u00a0<\/strong>14h \u00e0s 16h30<\/p>\n<p><strong>N\u00famero de Vagas:<\/strong> 50<\/p>\n<p><strong>Per\u00edodo de Inscri\u00e7\u00f5es:<\/strong> 05 de novembro\u00a0 a 15 de novembro\u00a0 de 2021<\/p>\n<p><strong>Divulga\u00e7\u00e3o das inscri\u00e7\u00f5es homologadas:<\/strong> 16 de novembro\u00a0 de 2021**, nesta p\u00e1gina.<\/p>\n<p><strong><span style=\"color: #ff6600\"><a style=\"color: #ff6600\" href=\"https:\/\/wp.ufpel.edu.br\/progep\/files\/2021\/11\/Roda-de-Conversa-Boas-praticas-e-uso-de-recursos-avancados-no-Sistema-Eletronico-de-Informacoes-SEI-Turma-B.pdf\">INSCRI\u00c7\u00d5ES HOMOLOGADAS<\/a><\/span><\/strong><\/p>\n<hr \/>\n<p>&nbsp;<\/p>\n<p>*Considerando a Pol\u00edtica Nacional de Desenvolvimento de Pessoas, conforme Decreto n\u00ba 9.991\/19, somente ser\u00e3o certificados os servidores p\u00fablicos pertencentes ao Quadro Efetivo da UFPel.<\/p>\n<p>**Quando homologadas as inscri\u00e7\u00f5es, os selecionados receber\u00e3o e-mail com instru\u00e7\u00f5es de acesso \u00e0 sala de Webconf da UFPel.<\/p>\n","protected":false},"excerpt":{"rendered":"<p>Modalidade:\u00a0on line\u00a0(plataforma Webconf UFPel) Carga Hor\u00e1ria: 2h 30min Facilitadores: Membros da Comiss\u00e3o de Acompanhamento e Gest\u00e3o do SEI Objetivos: Capacitar os servidores no uso do\u00a0Sistema Eletr\u00f4nico de Informa\u00e7\u00f5es (SEI). Ementa: Recursos do SEI: Bloco de assinatura; Acompanhamento especial; Busca e uso da base de conhecimento; Andamento do processo; Relacionamento e anexa\u00e7\u00e3o de processos; Sobrestamento de [&hellip;]<\/p>\n","protected":false},"author":21,"featured_media":0,"parent":0,"menu_order":0,"comment_status":"closed","ping_status":"closed","template":"","meta":{"footnotes":""},"class_list":["post-19030","page","type-page","status-publish","hentry"],"_links":{"self":[{"href":"https:\/\/wp.ufpel.edu.br\/progep\/wp-json\/wp\/v2\/pages\/19030","targetHints":{"allow":["GET"]}}],"collection":[{"href":"https:\/\/wp.ufpel.edu.br\/progep\/wp-json\/wp\/v2\/pages"}],"about":[{"href":"https:\/\/wp.ufpel.edu.br\/progep\/wp-json\/wp\/v2\/types\/page"}],"author":[{"embeddable":true,"href":"https:\/\/wp.ufpel.edu.br\/progep\/wp-json\/wp\/v2\/users\/21"}],"replies":[{"embeddable":true,"href":"https:\/\/wp.ufpel.edu.br\/progep\/wp-json\/wp\/v2\/comments?post=19030"}],"version-history":[{"count":10,"href":"https:\/\/wp.ufpel.edu.br\/progep\/wp-json\/wp\/v2\/pages\/19030\/revisions"}],"predecessor-version":[{"id":33994,"href":"https:\/\/wp.ufpel.edu.br\/progep\/wp-json\/wp\/v2\/pages\/19030\/revisions\/33994"}],"wp:attachment":[{"href":"https:\/\/wp.ufpel.edu.br\/progep\/wp-json\/wp\/v2\/media?parent=19030"}],"curies":[{"name":"wp","href":"https:\/\/api.w.org\/{rel}","templated":true}]}}